{"id":22359,"date":"2022-11-08T11:50:11","date_gmt":"2022-11-08T10:50:11","guid":{"rendered":"https:\/\/d3w57dy8lxq74n.cloudfront.net\/?post_type=product&#038;p=22359"},"modified":"2022-11-21T10:40:13","modified_gmt":"2022-11-21T09:40:13","slug":"whse-whap","status":"publish","type":"product","link":"https:\/\/d3w57dy8lxq74n.cloudfront.net\/fr\/produit\/whse-whap\/","title":{"rendered":"WHSE\/WHAP"},"content":{"rendered":"<p>WHSE &amp; WHAP est un compteur m\u00e9canique con\u00e7u pour les eaux difficiles avec des temp\u00e9ratures jusqu\u2019\u00e0 130 \u00b0C. Ce compteur Woltmann est l\u2019\u00e9l\u00e9ment primaire id\u00e9al pour un calorim\u00e8tre s\u00e9par\u00e9, associ\u00e9 \u00e0 une unit\u00e9 \u00e9lectronique s\u00e9par\u00e9e et \u00e0 une paire de sondes. Disponibilit\u00e9 d\u2019une gamme compl\u00e8te de compteurs \u00e0 h\u00e9lice, du DN 50 au DN 200.<\/p>\n","protected":false},"excerpt":{"rendered":"<p>COMPTEUR WOLTMANN \u00c0 AXE HORIZONTAL POUR EAU \u00c0 130 \u00b0C<\/p>\n","protected":false},"featured_media":22379,"menu_order":40,"template":"","meta":{"_lmt_disableupdate":"no","_lmt_disable":""},"product_category":[89],"acf":[],"yoast_head":"<!-- This site is optimized with the Yoast SEO plugin v20.7 - https:\/\/yoast.com\/wordpress\/plugins\/seo\/ -->\n<title>WHSE\/WHAP - Maddalena S.p.A.<\/title>\n<meta name=\"robots\" content=\"noindex, follow, max-snippet:-1, max-image-preview:large, max-video-preview:-1\" \/>\n<meta property=\"og:locale\" content=\"fr_FR\" \/>\n<meta property=\"og:type\" content=\"article\" \/>\n<meta property=\"og:title\" content=\"WHSE\/WHAP - Maddalena S.p.A.\" \/>\n<meta property=\"og:description\" content=\"COMPTEUR WOLTMANN \u00c0 AXE HORIZONTAL POUR EAU \u00c0 130 \u00b0C\" \/>\n<meta property=\"og:url\" content=\"https:\/\/d3w57dy8lxq74n.cloudfront.net\/fr\/produit\/whse-whap\/\" \/>\n<meta property=\"og:site_name\" content=\"Maddalena S.p.A.\" \/>\n<meta property=\"article:modified_time\" content=\"2022-11-21T09:40:13+00:00\" \/>\n<meta property=\"og:image\" content=\"https:\/\/d3w57dy8lxq74n.cloudfront.net\/wp-content\/uploads\/catalog-image\/whap.png\" \/>\n\t<meta property=\"og:image:width\" content=\"1600\" \/>\n\t<meta property=\"og:image:height\" content=\"1066\" \/>\n\t<meta property=\"og:image:type\" content=\"image\/png\" \/>\n<meta name=\"twitter:card\" content=\"summary_large_image\" \/>\n<script type=\"application\/ld+json\" class=\"yoast-schema-graph\">{\"@context\":\"https:\/\/schema.org\",\"@graph\":[{\"@type\":\"WebPage\",\"@id\":\"https:\/\/d3w57dy8lxq74n.cloudfront.net\/fr\/produit\/whse-whap\/\",\"url\":\"https:\/\/d3w57dy8lxq74n.cloudfront.net\/fr\/produit\/whse-whap\/\",\"name\":\"WHSE\/WHAP - Maddalena S.p.A.\",\"isPartOf\":{\"@id\":\"https:\/\/d3w57dy8lxq74n.cloudfront.net\/fr\/#website\"},\"datePublished\":\"2022-11-08T10:50:11+00:00\",\"dateModified\":\"2022-11-21T09:40:13+00:00\",\"breadcrumb\":{\"@id\":\"https:\/\/d3w57dy8lxq74n.cloudfront.net\/fr\/produit\/whse-whap\/#breadcrumb\"},\"inLanguage\":\"fr-FR\",\"potentialAction\":[{\"@type\":\"ReadAction\",\"target\":[\"https:\/\/d3w57dy8lxq74n.cloudfront.net\/fr\/produit\/whse-whap\/\"]}]},{\"@type\":\"BreadcrumbList\",\"@id\":\"https:\/\/d3w57dy8lxq74n.cloudfront.net\/fr\/produit\/whse-whap\/#breadcrumb\",\"itemListElement\":[{\"@type\":\"ListItem\",\"position\":1,\"name\":\"Home\",\"item\":\"https:\/\/d3w57dy8lxq74n.cloudfront.net\/fr\/\"},{\"@type\":\"ListItem\",\"position\":2,\"name\":\"Produits\",\"item\":\"https:\/\/d3w57dy8lxq74n.cloudfront.net\/fr\/produit\/\"},{\"@type\":\"ListItem\",\"position\":3,\"name\":\"\u00c9nergie thermique\",\"item\":\"https:\/\/d3w57dy8lxq74n.cloudfront.net\/fr\/produits\/energie-thermique\/\"},{\"@type\":\"ListItem\",\"position\":4,\"name\":\"S\u00e9par\u00e9\",\"item\":\"https:\/\/d3w57dy8lxq74n.cloudfront.net\/fr\/produits\/compteurs-separe\/\"},{\"@type\":\"ListItem\",\"position\":5,\"name\":\"WHSE\/WHAP\"}]},{\"@type\":\"WebSite\",\"@id\":\"https:\/\/d3w57dy8lxq74n.cloudfront.net\/fr\/#website\",\"url\":\"https:\/\/d3w57dy8lxq74n.cloudfront.net\/fr\/\",\"name\":\"Maddalena S.p.A.\",\"description\":\"Metering Expertise\",\"potentialAction\":[{\"@type\":\"SearchAction\",\"target\":{\"@type\":\"EntryPoint\",\"urlTemplate\":\"https:\/\/d3w57dy8lxq74n.cloudfront.net\/fr\/?s={search_term_string}\"},\"query-input\":\"required name=search_term_string\"}],\"inLanguage\":\"fr-FR\"}]}<\/script>\n<!-- \/ Yoast SEO plugin. -->","yoast_head_json":{"title":"WHSE\/WHAP - Maddalena S.p.A.","robots":{"index":"noindex","follow":"follow","max-snippet":"max-snippet:-1","max-image-preview":"max-image-preview:large","max-video-preview":"max-video-preview:-1"},"og_locale":"fr_FR","og_type":"article","og_title":"WHSE\/WHAP - Maddalena S.p.A.","og_description":"COMPTEUR WOLTMANN \u00c0 AXE HORIZONTAL POUR EAU \u00c0 130 \u00b0C","og_url":"https:\/\/d3w57dy8lxq74n.cloudfront.net\/fr\/produit\/whse-whap\/","og_site_name":"Maddalena S.p.A.","article_modified_time":"2022-11-21T09:40:13+00:00","og_image":[{"width":1600,"height":1066,"url":"https:\/\/d3w57dy8lxq74n.cloudfront.net\/wp-content\/uploads\/catalog-image\/whap.png","type":"image\/png"}],"twitter_card":"summary_large_image","schema":{"@context":"https:\/\/schema.org","@graph":[{"@type":"WebPage","@id":"https:\/\/d3w57dy8lxq74n.cloudfront.net\/fr\/produit\/whse-whap\/","url":"https:\/\/d3w57dy8lxq74n.cloudfront.net\/fr\/produit\/whse-whap\/","name":"WHSE\/WHAP - Maddalena S.p.A.","isPartOf":{"@id":"https:\/\/d3w57dy8lxq74n.cloudfront.net\/fr\/#website"},"datePublished":"2022-11-08T10:50:11+00:00","dateModified":"2022-11-21T09:40:13+00:00","breadcrumb":{"@id":"https:\/\/d3w57dy8lxq74n.cloudfront.net\/fr\/produit\/whse-whap\/#breadcrumb"},"inLanguage":"fr-FR","potentialAction":[{"@type":"ReadAction","target":["https:\/\/d3w57dy8lxq74n.cloudfront.net\/fr\/produit\/whse-whap\/"]}]},{"@type":"BreadcrumbList","@id":"https:\/\/d3w57dy8lxq74n.cloudfront.net\/fr\/produit\/whse-whap\/#breadcrumb","itemListElement":[{"@type":"ListItem","position":1,"name":"Home","item":"https:\/\/d3w57dy8lxq74n.cloudfront.net\/fr\/"},{"@type":"ListItem","position":2,"name":"Produits","item":"https:\/\/d3w57dy8lxq74n.cloudfront.net\/fr\/produit\/"},{"@type":"ListItem","position":3,"name":"\u00c9nergie thermique","item":"https:\/\/d3w57dy8lxq74n.cloudfront.net\/fr\/produits\/energie-thermique\/"},{"@type":"ListItem","position":4,"name":"S\u00e9par\u00e9","item":"https:\/\/d3w57dy8lxq74n.cloudfront.net\/fr\/produits\/compteurs-separe\/"},{"@type":"ListItem","position":5,"name":"WHSE\/WHAP"}]},{"@type":"WebSite","@id":"https:\/\/d3w57dy8lxq74n.cloudfront.net\/fr\/#website","url":"https:\/\/d3w57dy8lxq74n.cloudfront.net\/fr\/","name":"Maddalena S.p.A.","description":"Metering Expertise","potentialAction":[{"@type":"SearchAction","target":{"@type":"EntryPoint","urlTemplate":"https:\/\/d3w57dy8lxq74n.cloudfront.net\/fr\/?s={search_term_string}"},"query-input":"required name=search_term_string"}],"inLanguage":"fr-FR"}]}},"_links":{"self":[{"href":"https:\/\/d3w57dy8lxq74n.cloudfront.net\/fr\/wp-json\/wp\/v2\/product\/22359"}],"collection":[{"href":"https:\/\/d3w57dy8lxq74n.cloudfront.net\/fr\/wp-json\/wp\/v2\/product"}],"about":[{"href":"https:\/\/d3w57dy8lxq74n.cloudfront.net\/fr\/wp-json\/wp\/v2\/types\/product"}],"wp:featuredmedia":[{"embeddable":true,"href":"https:\/\/d3w57dy8lxq74n.cloudfront.net\/fr\/wp-json\/wp\/v2\/media\/22379"}],"wp:attachment":[{"href":"https:\/\/d3w57dy8lxq74n.cloudfront.net\/fr\/wp-json\/wp\/v2\/media?parent=22359"}],"wp:term":[{"taxonomy":"product_category","embeddable":true,"href":"https:\/\/d3w57dy8lxq74n.cloudfront.net\/fr\/wp-json\/wp\/v2\/product_category?post=22359"}],"curies":[{"name":"wp","href":"https:\/\/api.w.org\/{rel}","templated":true}]}}