{"id":22343,"date":"2022-11-07T08:56:10","date_gmt":"2022-11-07T07:56:10","guid":{"rendered":"https:\/\/d3w57dy8lxq74n.cloudfront.net\/?post_type=product&#038;p=22343"},"modified":"2023-04-06T17:00:30","modified_gmt":"2023-04-06T15:00:30","slug":"electo-sonic","status":"publish","type":"product","link":"https:\/\/d3w57dy8lxq74n.cloudfront.net\/fr\/produit\/electo-sonic\/","title":{"rendered":"ELECTO SONIC"},"content":{"rendered":"<p>ElecTo SONIC est un compteur \u00e0 ultrasons qui offre une communication de donn\u00e9es int\u00e9gr\u00e9e gr\u00e2ce \u00e0 l\u2019innovante horlogerie \u00e9lectronique avec radio multiprotocole. Il assure d\u2019excellentes performances dans toutes les conditions d\u2019installation et est insensible aux caract\u00e9ristiques chimico-physiques de l\u2019eau. Il repr\u00e9sente donc la solution id\u00e9ale pour les installations dans le secteur Utility. Le grand afficheur \u00e0 9 chiffres et symboles en simplifie la lecture et peut fournir des informations suppl\u00e9mentaires pour les utilisateurs et les gestionnaires. ElecTo SONIC permet le relev\u00e9 des donn\u00e9es \u00e0 distance avec des syst\u00e8mes mobiles et fixes offrant le maximum d\u2019interop\u00e9rabilit\u00e9.<\/p>\n","protected":false},"excerpt":{"rendered":"<p>COMPTEUR \u00c0 ULTRASONS \u00c9LECTRONIQUE<\/p>\n","protected":false},"featured_media":22192,"menu_order":10,"template":"","meta":{"_lmt_disableupdate":"","_lmt_disable":""},"product_category":[73],"acf":[],"yoast_head":"<!-- This site is optimized with the Yoast SEO plugin v20.7 - https:\/\/yoast.com\/wordpress\/plugins\/seo\/ -->\n<title>ELECTO SONIC - COMPTEUR \u00c0 ULTRASONS \u00c9LECTRONIQUE<\/title>\n<meta name=\"description\" content=\"ElecTo SONIC est un compteur \u00e0 ultrasons qui offre une communication de donn\u00e9es int\u00e9gr\u00e9e gr\u00e2ce \u00e0 l\u2019innovante horlogerie \u00e9lectronique avec radio multipr\" \/>\n<meta name=\"robots\" content=\"noindex, follow, max-snippet:-1, max-image-preview:large, max-video-preview:-1\" \/>\n<meta property=\"og:locale\" content=\"fr_FR\" \/>\n<meta property=\"og:type\" content=\"article\" \/>\n<meta property=\"og:title\" content=\"ELECTO SONIC - COMPTEUR \u00c0 ULTRASONS \u00c9LECTRONIQUE\" \/>\n<meta property=\"og:description\" content=\"ElecTo SONIC est un compteur \u00e0 ultrasons qui offre une communication de donn\u00e9es int\u00e9gr\u00e9e gr\u00e2ce \u00e0 l\u2019innovante horlogerie \u00e9lectronique avec radio multipr\" \/>\n<meta property=\"og:url\" content=\"https:\/\/d3w57dy8lxq74n.cloudfront.net\/fr\/produit\/electo-sonic\/\" \/>\n<meta property=\"og:site_name\" content=\"Maddalena S.p.A.\" \/>\n<meta property=\"article:modified_time\" content=\"2023-04-06T15:00:30+00:00\" \/>\n<meta property=\"og:image\" content=\"https:\/\/d3w57dy8lxq74n.cloudfront.net\/wp-content\/uploads\/catalog-image\/electo-sonic-3q.png\" \/>\n\t<meta property=\"og:image:width\" content=\"640\" \/>\n\t<meta property=\"og:image:height\" content=\"480\" \/>\n\t<meta property=\"og:image:type\" content=\"image\/png\" \/>\n<meta name=\"twitter:card\" content=\"summary_large_image\" \/>\n<meta name=\"twitter:label1\" content=\"Est. reading time\" \/>\n\t<meta name=\"twitter:data1\" content=\"1 minute\" \/>\n<script type=\"application\/ld+json\" class=\"yoast-schema-graph\">{\"@context\":\"https:\/\/schema.org\",\"@graph\":[{\"@type\":\"WebPage\",\"@id\":\"https:\/\/d3w57dy8lxq74n.cloudfront.net\/fr\/produit\/electo-sonic\/\",\"url\":\"https:\/\/d3w57dy8lxq74n.cloudfront.net\/fr\/produit\/electo-sonic\/\",\"name\":\"ELECTO SONIC - COMPTEUR \u00c0 ULTRASONS \u00c9LECTRONIQUE\",\"isPartOf\":{\"@id\":\"https:\/\/d3w57dy8lxq74n.cloudfront.net\/fr\/#website\"},\"datePublished\":\"2022-11-07T07:56:10+00:00\",\"dateModified\":\"2023-04-06T15:00:30+00:00\",\"description\":\"ElecTo SONIC est un compteur \u00e0 ultrasons qui offre une communication de donn\u00e9es int\u00e9gr\u00e9e gr\u00e2ce \u00e0 l\u2019innovante horlogerie \u00e9lectronique avec radio multipr\",\"breadcrumb\":{\"@id\":\"https:\/\/d3w57dy8lxq74n.cloudfront.net\/fr\/produit\/electo-sonic\/#breadcrumb\"},\"inLanguage\":\"fr-FR\",\"potentialAction\":[{\"@type\":\"ReadAction\",\"target\":[\"https:\/\/d3w57dy8lxq74n.cloudfront.net\/fr\/produit\/electo-sonic\/\"]}]},{\"@type\":\"BreadcrumbList\",\"@id\":\"https:\/\/d3w57dy8lxq74n.cloudfront.net\/fr\/produit\/electo-sonic\/#breadcrumb\",\"itemListElement\":[{\"@type\":\"ListItem\",\"position\":1,\"name\":\"Home\",\"item\":\"https:\/\/d3w57dy8lxq74n.cloudfront.net\/fr\/\"},{\"@type\":\"ListItem\",\"position\":2,\"name\":\"Produits\",\"item\":\"https:\/\/d3w57dy8lxq74n.cloudfront.net\/fr\/produit\/\"},{\"@type\":\"ListItem\",\"position\":3,\"name\":\"Eau\",\"item\":\"https:\/\/d3w57dy8lxq74n.cloudfront.net\/fr\/produits\/eau\/\"},{\"@type\":\"ListItem\",\"position\":4,\"name\":\"ElecTo\",\"item\":\"https:\/\/d3w57dy8lxq74n.cloudfront.net\/fr\/produits\/electo-fr\/\"},{\"@type\":\"ListItem\",\"position\":5,\"name\":\"ELECTO SONIC\"}]},{\"@type\":\"WebSite\",\"@id\":\"https:\/\/d3w57dy8lxq74n.cloudfront.net\/fr\/#website\",\"url\":\"https:\/\/d3w57dy8lxq74n.cloudfront.net\/fr\/\",\"name\":\"Maddalena S.p.A.\",\"description\":\"Metering Expertise\",\"potentialAction\":[{\"@type\":\"SearchAction\",\"target\":{\"@type\":\"EntryPoint\",\"urlTemplate\":\"https:\/\/d3w57dy8lxq74n.cloudfront.net\/fr\/?s={search_term_string}\"},\"query-input\":\"required name=search_term_string\"}],\"inLanguage\":\"fr-FR\"}]}<\/script>\n<!-- \/ Yoast SEO plugin. -->","yoast_head_json":{"title":"ELECTO SONIC - COMPTEUR \u00c0 ULTRASONS \u00c9LECTRONIQUE","description":"ElecTo SONIC est un compteur \u00e0 ultrasons qui offre une communication de donn\u00e9es int\u00e9gr\u00e9e gr\u00e2ce \u00e0 l\u2019innovante horlogerie \u00e9lectronique avec radio multipr","robots":{"index":"noindex","follow":"follow","max-snippet":"max-snippet:-1","max-image-preview":"max-image-preview:large","max-video-preview":"max-video-preview:-1"},"og_locale":"fr_FR","og_type":"article","og_title":"ELECTO SONIC - COMPTEUR \u00c0 ULTRASONS \u00c9LECTRONIQUE","og_description":"ElecTo SONIC est un compteur \u00e0 ultrasons qui offre une communication de donn\u00e9es int\u00e9gr\u00e9e gr\u00e2ce \u00e0 l\u2019innovante horlogerie \u00e9lectronique avec radio multipr","og_url":"https:\/\/d3w57dy8lxq74n.cloudfront.net\/fr\/produit\/electo-sonic\/","og_site_name":"Maddalena S.p.A.","article_modified_time":"2023-04-06T15:00:30+00:00","og_image":[{"width":640,"height":480,"url":"https:\/\/d3w57dy8lxq74n.cloudfront.net\/wp-content\/uploads\/catalog-image\/electo-sonic-3q.png","type":"image\/png"}],"twitter_card":"summary_large_image","twitter_misc":{"Est. reading time":"1 minute"},"schema":{"@context":"https:\/\/schema.org","@graph":[{"@type":"WebPage","@id":"https:\/\/d3w57dy8lxq74n.cloudfront.net\/fr\/produit\/electo-sonic\/","url":"https:\/\/d3w57dy8lxq74n.cloudfront.net\/fr\/produit\/electo-sonic\/","name":"ELECTO SONIC - COMPTEUR \u00c0 ULTRASONS \u00c9LECTRONIQUE","isPartOf":{"@id":"https:\/\/d3w57dy8lxq74n.cloudfront.net\/fr\/#website"},"datePublished":"2022-11-07T07:56:10+00:00","dateModified":"2023-04-06T15:00:30+00:00","description":"ElecTo SONIC est un compteur \u00e0 ultrasons qui offre une communication de donn\u00e9es int\u00e9gr\u00e9e gr\u00e2ce \u00e0 l\u2019innovante horlogerie \u00e9lectronique avec radio multipr","breadcrumb":{"@id":"https:\/\/d3w57dy8lxq74n.cloudfront.net\/fr\/produit\/electo-sonic\/#breadcrumb"},"inLanguage":"fr-FR","potentialAction":[{"@type":"ReadAction","target":["https:\/\/d3w57dy8lxq74n.cloudfront.net\/fr\/produit\/electo-sonic\/"]}]},{"@type":"BreadcrumbList","@id":"https:\/\/d3w57dy8lxq74n.cloudfront.net\/fr\/produit\/electo-sonic\/#breadcrumb","itemListElement":[{"@type":"ListItem","position":1,"name":"Home","item":"https:\/\/d3w57dy8lxq74n.cloudfront.net\/fr\/"},{"@type":"ListItem","position":2,"name":"Produits","item":"https:\/\/d3w57dy8lxq74n.cloudfront.net\/fr\/produit\/"},{"@type":"ListItem","position":3,"name":"Eau","item":"https:\/\/d3w57dy8lxq74n.cloudfront.net\/fr\/produits\/eau\/"},{"@type":"ListItem","position":4,"name":"ElecTo","item":"https:\/\/d3w57dy8lxq74n.cloudfront.net\/fr\/produits\/electo-fr\/"},{"@type":"ListItem","position":5,"name":"ELECTO SONIC"}]},{"@type":"WebSite","@id":"https:\/\/d3w57dy8lxq74n.cloudfront.net\/fr\/#website","url":"https:\/\/d3w57dy8lxq74n.cloudfront.net\/fr\/","name":"Maddalena S.p.A.","description":"Metering Expertise","potentialAction":[{"@type":"SearchAction","target":{"@type":"EntryPoint","urlTemplate":"https:\/\/d3w57dy8lxq74n.cloudfront.net\/fr\/?s={search_term_string}"},"query-input":"required name=search_term_string"}],"inLanguage":"fr-FR"}]}},"_links":{"self":[{"href":"https:\/\/d3w57dy8lxq74n.cloudfront.net\/fr\/wp-json\/wp\/v2\/product\/22343"}],"collection":[{"href":"https:\/\/d3w57dy8lxq74n.cloudfront.net\/fr\/wp-json\/wp\/v2\/product"}],"about":[{"href":"https:\/\/d3w57dy8lxq74n.cloudfront.net\/fr\/wp-json\/wp\/v2\/types\/product"}],"wp:featuredmedia":[{"embeddable":true,"href":"https:\/\/d3w57dy8lxq74n.cloudfront.net\/fr\/wp-json\/wp\/v2\/media\/22192"}],"wp:attachment":[{"href":"https:\/\/d3w57dy8lxq74n.cloudfront.net\/fr\/wp-json\/wp\/v2\/media?parent=22343"}],"wp:term":[{"taxonomy":"product_category","embeddable":true,"href":"https:\/\/d3w57dy8lxq74n.cloudfront.net\/fr\/wp-json\/wp\/v2\/product_category?post=22343"}],"curies":[{"name":"wp","href":"https:\/\/api.w.org\/{rel}","templated":true}]}}