{"id":18572,"date":"2022-08-03T14:29:08","date_gmt":"2022-08-03T12:29:08","guid":{"rendered":"http:\/\/d3w57dy8lxq74n.cloudfront.net\/?post_type=product&#038;p=18572"},"modified":"2023-04-04T17:39:56","modified_gmt":"2023-04-04T15:39:56","slug":"reed-switch","status":"publish","type":"product","link":"https:\/\/d3w57dy8lxq74n.cloudfront.net\/fr\/produit\/reed-switch\/","title":{"rendered":"REED SWITCH"},"content":{"rendered":"<p>\u00c9metteur d\u2019impulsions reed switch, peut \u00eatre install\u00e9 dans un second temps sur des compteurs pr\u00e9-\u00e9quip\u00e9s permettant ainsi la communication avec les modules radio s\u00e9par\u00e9s.<\/p>\n","protected":false},"excerpt":{"rendered":"<p>\u00c9METTEUR D\u2019IMPULSIONS<\/p>\n","protected":false},"featured_media":2840,"menu_order":31,"template":"","meta":{"_lmt_disableupdate":"","_lmt_disable":""},"product_category":[97],"acf":[],"yoast_head":"<!-- This site is optimized with the Yoast SEO plugin v20.7 - https:\/\/yoast.com\/wordpress\/plugins\/seo\/ -->\n<title>REED SWITCH - \u00c9METTEUR D\u2019IMPULSIONS<\/title>\n<meta name=\"description\" content=\"\u00c9metteur d\u2019impulsions reed switch, peut \u00eatre install\u00e9 dans un second temps sur des compteurs pr\u00e9-\u00e9quip\u00e9s permettant ainsi la communication avec les modu\" \/>\n<meta name=\"robots\" content=\"noindex, follow, max-snippet:-1, max-image-preview:large, max-video-preview:-1\" \/>\n<meta property=\"og:locale\" content=\"fr_FR\" \/>\n<meta property=\"og:type\" content=\"article\" \/>\n<meta property=\"og:title\" content=\"REED SWITCH - \u00c9METTEUR D\u2019IMPULSIONS\" \/>\n<meta property=\"og:description\" content=\"\u00c9metteur d\u2019impulsions reed switch, peut \u00eatre install\u00e9 dans un second temps sur des compteurs pr\u00e9-\u00e9quip\u00e9s permettant ainsi la communication avec les modu\" \/>\n<meta property=\"og:url\" content=\"https:\/\/d3w57dy8lxq74n.cloudfront.net\/fr\/produit\/reed-switch\/\" \/>\n<meta property=\"og:site_name\" content=\"Maddalena S.p.A.\" \/>\n<meta property=\"article:modified_time\" content=\"2023-04-04T15:39:56+00:00\" \/>\n<meta property=\"og:image\" content=\"https:\/\/d3w57dy8lxq74n.cloudfront.net\/wp-content\/uploads\/catalog-image\/mdc-reedswitch-sjplus.png\" \/>\n\t<meta property=\"og:image:width\" content=\"1600\" \/>\n\t<meta property=\"og:image:height\" content=\"1600\" \/>\n\t<meta property=\"og:image:type\" content=\"image\/png\" \/>\n<meta name=\"twitter:card\" content=\"summary_large_image\" \/>\n<script type=\"application\/ld+json\" class=\"yoast-schema-graph\">{\"@context\":\"https:\/\/schema.org\",\"@graph\":[{\"@type\":\"WebPage\",\"@id\":\"https:\/\/d3w57dy8lxq74n.cloudfront.net\/fr\/produit\/reed-switch\/\",\"url\":\"https:\/\/d3w57dy8lxq74n.cloudfront.net\/fr\/produit\/reed-switch\/\",\"name\":\"REED SWITCH - \u00c9METTEUR D\u2019IMPULSIONS\",\"isPartOf\":{\"@id\":\"https:\/\/d3w57dy8lxq74n.cloudfront.net\/fr\/#website\"},\"datePublished\":\"2022-08-03T12:29:08+00:00\",\"dateModified\":\"2023-04-04T15:39:56+00:00\",\"description\":\"\u00c9metteur d\u2019impulsions reed switch, peut \u00eatre install\u00e9 dans un second temps sur des compteurs pr\u00e9-\u00e9quip\u00e9s permettant ainsi la communication avec les modu\",\"breadcrumb\":{\"@id\":\"https:\/\/d3w57dy8lxq74n.cloudfront.net\/fr\/produit\/reed-switch\/#breadcrumb\"},\"inLanguage\":\"fr-FR\",\"potentialAction\":[{\"@type\":\"ReadAction\",\"target\":[\"https:\/\/d3w57dy8lxq74n.cloudfront.net\/fr\/produit\/reed-switch\/\"]}]},{\"@type\":\"BreadcrumbList\",\"@id\":\"https:\/\/d3w57dy8lxq74n.cloudfront.net\/fr\/produit\/reed-switch\/#breadcrumb\",\"itemListElement\":[{\"@type\":\"ListItem\",\"position\":1,\"name\":\"Home\",\"item\":\"https:\/\/d3w57dy8lxq74n.cloudfront.net\/fr\/\"},{\"@type\":\"ListItem\",\"position\":2,\"name\":\"Produits\",\"item\":\"https:\/\/d3w57dy8lxq74n.cloudfront.net\/fr\/produit\/\"},{\"@type\":\"ListItem\",\"position\":3,\"name\":\"Modules de communication\",\"item\":\"https:\/\/d3w57dy8lxq74n.cloudfront.net\/fr\/produits\/modules-de-communication\/\"},{\"@type\":\"ListItem\",\"position\":4,\"name\":\"C\u00e2ble\",\"item\":\"https:\/\/d3w57dy8lxq74n.cloudfront.net\/fr\/produits\/cable-fr\/\"},{\"@type\":\"ListItem\",\"position\":5,\"name\":\"REED SWITCH\"}]},{\"@type\":\"WebSite\",\"@id\":\"https:\/\/d3w57dy8lxq74n.cloudfront.net\/fr\/#website\",\"url\":\"https:\/\/d3w57dy8lxq74n.cloudfront.net\/fr\/\",\"name\":\"Maddalena S.p.A.\",\"description\":\"Metering Expertise\",\"potentialAction\":[{\"@type\":\"SearchAction\",\"target\":{\"@type\":\"EntryPoint\",\"urlTemplate\":\"https:\/\/d3w57dy8lxq74n.cloudfront.net\/fr\/?s={search_term_string}\"},\"query-input\":\"required name=search_term_string\"}],\"inLanguage\":\"fr-FR\"}]}<\/script>\n<!-- \/ Yoast SEO plugin. -->","yoast_head_json":{"title":"REED SWITCH - \u00c9METTEUR D\u2019IMPULSIONS","description":"\u00c9metteur d\u2019impulsions reed switch, peut \u00eatre install\u00e9 dans un second temps sur des compteurs pr\u00e9-\u00e9quip\u00e9s permettant ainsi la communication avec les modu","robots":{"index":"noindex","follow":"follow","max-snippet":"max-snippet:-1","max-image-preview":"max-image-preview:large","max-video-preview":"max-video-preview:-1"},"og_locale":"fr_FR","og_type":"article","og_title":"REED SWITCH - \u00c9METTEUR D\u2019IMPULSIONS","og_description":"\u00c9metteur d\u2019impulsions reed switch, peut \u00eatre install\u00e9 dans un second temps sur des compteurs pr\u00e9-\u00e9quip\u00e9s permettant ainsi la communication avec les modu","og_url":"https:\/\/d3w57dy8lxq74n.cloudfront.net\/fr\/produit\/reed-switch\/","og_site_name":"Maddalena S.p.A.","article_modified_time":"2023-04-04T15:39:56+00:00","og_image":[{"width":1600,"height":1600,"url":"https:\/\/d3w57dy8lxq74n.cloudfront.net\/wp-content\/uploads\/catalog-image\/mdc-reedswitch-sjplus.png","type":"image\/png"}],"twitter_card":"summary_large_image","schema":{"@context":"https:\/\/schema.org","@graph":[{"@type":"WebPage","@id":"https:\/\/d3w57dy8lxq74n.cloudfront.net\/fr\/produit\/reed-switch\/","url":"https:\/\/d3w57dy8lxq74n.cloudfront.net\/fr\/produit\/reed-switch\/","name":"REED SWITCH - \u00c9METTEUR D\u2019IMPULSIONS","isPartOf":{"@id":"https:\/\/d3w57dy8lxq74n.cloudfront.net\/fr\/#website"},"datePublished":"2022-08-03T12:29:08+00:00","dateModified":"2023-04-04T15:39:56+00:00","description":"\u00c9metteur d\u2019impulsions reed switch, peut \u00eatre install\u00e9 dans un second temps sur des compteurs pr\u00e9-\u00e9quip\u00e9s permettant ainsi la communication avec les modu","breadcrumb":{"@id":"https:\/\/d3w57dy8lxq74n.cloudfront.net\/fr\/produit\/reed-switch\/#breadcrumb"},"inLanguage":"fr-FR","potentialAction":[{"@type":"ReadAction","target":["https:\/\/d3w57dy8lxq74n.cloudfront.net\/fr\/produit\/reed-switch\/"]}]},{"@type":"BreadcrumbList","@id":"https:\/\/d3w57dy8lxq74n.cloudfront.net\/fr\/produit\/reed-switch\/#breadcrumb","itemListElement":[{"@type":"ListItem","position":1,"name":"Home","item":"https:\/\/d3w57dy8lxq74n.cloudfront.net\/fr\/"},{"@type":"ListItem","position":2,"name":"Produits","item":"https:\/\/d3w57dy8lxq74n.cloudfront.net\/fr\/produit\/"},{"@type":"ListItem","position":3,"name":"Modules de communication","item":"https:\/\/d3w57dy8lxq74n.cloudfront.net\/fr\/produits\/modules-de-communication\/"},{"@type":"ListItem","position":4,"name":"C\u00e2ble","item":"https:\/\/d3w57dy8lxq74n.cloudfront.net\/fr\/produits\/cable-fr\/"},{"@type":"ListItem","position":5,"name":"REED SWITCH"}]},{"@type":"WebSite","@id":"https:\/\/d3w57dy8lxq74n.cloudfront.net\/fr\/#website","url":"https:\/\/d3w57dy8lxq74n.cloudfront.net\/fr\/","name":"Maddalena S.p.A.","description":"Metering Expertise","potentialAction":[{"@type":"SearchAction","target":{"@type":"EntryPoint","urlTemplate":"https:\/\/d3w57dy8lxq74n.cloudfront.net\/fr\/?s={search_term_string}"},"query-input":"required name=search_term_string"}],"inLanguage":"fr-FR"}]}},"_links":{"self":[{"href":"https:\/\/d3w57dy8lxq74n.cloudfront.net\/fr\/wp-json\/wp\/v2\/product\/18572"}],"collection":[{"href":"https:\/\/d3w57dy8lxq74n.cloudfront.net\/fr\/wp-json\/wp\/v2\/product"}],"about":[{"href":"https:\/\/d3w57dy8lxq74n.cloudfront.net\/fr\/wp-json\/wp\/v2\/types\/product"}],"wp:featuredmedia":[{"embeddable":true,"href":"https:\/\/d3w57dy8lxq74n.cloudfront.net\/fr\/wp-json\/wp\/v2\/media\/2840"}],"wp:attachment":[{"href":"https:\/\/d3w57dy8lxq74n.cloudfront.net\/fr\/wp-json\/wp\/v2\/media?parent=18572"}],"wp:term":[{"taxonomy":"product_category","embeddable":true,"href":"https:\/\/d3w57dy8lxq74n.cloudfront.net\/fr\/wp-json\/wp\/v2\/product_category?post=18572"}],"curies":[{"name":"wp","href":"https:\/\/api.w.org\/{rel}","templated":true}]}}