{"id":18523,"date":"2022-08-03T14:29:12","date_gmt":"2022-08-03T12:29:12","guid":{"rendered":"http:\/\/d3w57dy8lxq74n.cloudfront.net\/?post_type=product&#038;p=18523"},"modified":"2023-04-19T17:00:17","modified_gmt":"2023-04-19T15:00:17","slug":"radio-evo","status":"publish","type":"product","link":"https:\/\/d3w57dy8lxq74n.cloudfront.net\/fr\/produit\/radio-evo\/","title":{"rendered":"RADIO EVO"},"content":{"rendered":"<p>Module radio compact wM-Bus qui permet le relev\u00e9 des donn\u00e9es en mode fixe et mobile. La configuration du module radio peut \u00eatre modifi\u00e9e en utilisant le kit de configuration sp\u00e9cifique (en option) et l\u2019application Android. Radio EVO est compatible \u00e9galement avec des compteurs pr\u00e9-\u00e9quip\u00e9s d\u2019autres marques.<\/p>\n","protected":false},"excerpt":{"rendered":"<p>MODULE RADIO wM-BUS 868 MHz<\/p>\n","protected":false},"featured_media":192,"menu_order":14,"template":"","meta":{"_lmt_disableupdate":"","_lmt_disable":""},"product_category":[101],"acf":[],"yoast_head":"<!-- This site is optimized with the Yoast SEO plugin v20.7 - https:\/\/yoast.com\/wordpress\/plugins\/seo\/ -->\n<title>RADIO EVO - MODULE RADIO wM-BUS 868 MHz<\/title>\n<meta name=\"description\" content=\"Module radio compact wM-Bus qui permet le relev\u00e9 des donn\u00e9es en mode fixe et mobile. La configuration du module radio peut \u00eatre modifi\u00e9e en utilisant le kit\" \/>\n<meta name=\"robots\" content=\"noindex, follow, max-snippet:-1, max-image-preview:large, max-video-preview:-1\" \/>\n<meta property=\"og:locale\" content=\"fr_FR\" \/>\n<meta property=\"og:type\" content=\"article\" \/>\n<meta property=\"og:title\" content=\"RADIO EVO - MODULE RADIO wM-BUS 868 MHz\" \/>\n<meta property=\"og:description\" content=\"Module radio compact wM-Bus qui permet le relev\u00e9 des donn\u00e9es en mode fixe et mobile. La configuration du module radio peut \u00eatre modifi\u00e9e en utilisant le kit\" \/>\n<meta property=\"og:url\" content=\"https:\/\/d3w57dy8lxq74n.cloudfront.net\/fr\/produit\/radio-evo\/\" \/>\n<meta property=\"og:site_name\" content=\"Maddalena S.p.A.\" \/>\n<meta property=\"article:modified_time\" content=\"2023-04-19T15:00:17+00:00\" \/>\n<meta property=\"og:image\" content=\"https:\/\/d3w57dy8lxq74n.cloudfront.net\/wp-content\/uploads\/catalog-image\/mdc-radioevo-z.png\" \/>\n\t<meta property=\"og:image:width\" content=\"1600\" \/>\n\t<meta property=\"og:image:height\" content=\"1143\" \/>\n\t<meta property=\"og:image:type\" content=\"image\/png\" \/>\n<meta name=\"twitter:card\" content=\"summary_large_image\" \/>\n<script type=\"application\/ld+json\" class=\"yoast-schema-graph\">{\"@context\":\"https:\/\/schema.org\",\"@graph\":[{\"@type\":\"WebPage\",\"@id\":\"https:\/\/d3w57dy8lxq74n.cloudfront.net\/fr\/produit\/radio-evo\/\",\"url\":\"https:\/\/d3w57dy8lxq74n.cloudfront.net\/fr\/produit\/radio-evo\/\",\"name\":\"RADIO EVO - MODULE RADIO wM-BUS 868 MHz\",\"isPartOf\":{\"@id\":\"https:\/\/d3w57dy8lxq74n.cloudfront.net\/fr\/#website\"},\"datePublished\":\"2022-08-03T12:29:12+00:00\",\"dateModified\":\"2023-04-19T15:00:17+00:00\",\"description\":\"Module radio compact wM-Bus qui permet le relev\u00e9 des donn\u00e9es en mode fixe et mobile. La configuration du module radio peut \u00eatre modifi\u00e9e en utilisant le kit\",\"breadcrumb\":{\"@id\":\"https:\/\/d3w57dy8lxq74n.cloudfront.net\/fr\/produit\/radio-evo\/#breadcrumb\"},\"inLanguage\":\"fr-FR\",\"potentialAction\":[{\"@type\":\"ReadAction\",\"target\":[\"https:\/\/d3w57dy8lxq74n.cloudfront.net\/fr\/produit\/radio-evo\/\"]}]},{\"@type\":\"BreadcrumbList\",\"@id\":\"https:\/\/d3w57dy8lxq74n.cloudfront.net\/fr\/produit\/radio-evo\/#breadcrumb\",\"itemListElement\":[{\"@type\":\"ListItem\",\"position\":1,\"name\":\"Home\",\"item\":\"https:\/\/d3w57dy8lxq74n.cloudfront.net\/fr\/\"},{\"@type\":\"ListItem\",\"position\":2,\"name\":\"Produits\",\"item\":\"https:\/\/d3w57dy8lxq74n.cloudfront.net\/fr\/produit\/\"},{\"@type\":\"ListItem\",\"position\":3,\"name\":\"Modules de communication\",\"item\":\"https:\/\/d3w57dy8lxq74n.cloudfront.net\/fr\/produits\/modules-de-communication\/\"},{\"@type\":\"ListItem\",\"position\":4,\"name\":\"Radio\",\"item\":\"https:\/\/d3w57dy8lxq74n.cloudfront.net\/fr\/produits\/radio-fr\/\"},{\"@type\":\"ListItem\",\"position\":5,\"name\":\"RADIO EVO\"}]},{\"@type\":\"WebSite\",\"@id\":\"https:\/\/d3w57dy8lxq74n.cloudfront.net\/fr\/#website\",\"url\":\"https:\/\/d3w57dy8lxq74n.cloudfront.net\/fr\/\",\"name\":\"Maddalena S.p.A.\",\"description\":\"Metering Expertise\",\"potentialAction\":[{\"@type\":\"SearchAction\",\"target\":{\"@type\":\"EntryPoint\",\"urlTemplate\":\"https:\/\/d3w57dy8lxq74n.cloudfront.net\/fr\/?s={search_term_string}\"},\"query-input\":\"required name=search_term_string\"}],\"inLanguage\":\"fr-FR\"}]}<\/script>\n<!-- \/ Yoast SEO plugin. -->","yoast_head_json":{"title":"RADIO EVO - MODULE RADIO wM-BUS 868 MHz","description":"Module radio compact wM-Bus qui permet le relev\u00e9 des donn\u00e9es en mode fixe et mobile. La configuration du module radio peut \u00eatre modifi\u00e9e en utilisant le kit","robots":{"index":"noindex","follow":"follow","max-snippet":"max-snippet:-1","max-image-preview":"max-image-preview:large","max-video-preview":"max-video-preview:-1"},"og_locale":"fr_FR","og_type":"article","og_title":"RADIO EVO - MODULE RADIO wM-BUS 868 MHz","og_description":"Module radio compact wM-Bus qui permet le relev\u00e9 des donn\u00e9es en mode fixe et mobile. La configuration du module radio peut \u00eatre modifi\u00e9e en utilisant le kit","og_url":"https:\/\/d3w57dy8lxq74n.cloudfront.net\/fr\/produit\/radio-evo\/","og_site_name":"Maddalena S.p.A.","article_modified_time":"2023-04-19T15:00:17+00:00","og_image":[{"width":1600,"height":1143,"url":"https:\/\/d3w57dy8lxq74n.cloudfront.net\/wp-content\/uploads\/catalog-image\/mdc-radioevo-z.png","type":"image\/png"}],"twitter_card":"summary_large_image","schema":{"@context":"https:\/\/schema.org","@graph":[{"@type":"WebPage","@id":"https:\/\/d3w57dy8lxq74n.cloudfront.net\/fr\/produit\/radio-evo\/","url":"https:\/\/d3w57dy8lxq74n.cloudfront.net\/fr\/produit\/radio-evo\/","name":"RADIO EVO - MODULE RADIO wM-BUS 868 MHz","isPartOf":{"@id":"https:\/\/d3w57dy8lxq74n.cloudfront.net\/fr\/#website"},"datePublished":"2022-08-03T12:29:12+00:00","dateModified":"2023-04-19T15:00:17+00:00","description":"Module radio compact wM-Bus qui permet le relev\u00e9 des donn\u00e9es en mode fixe et mobile. La configuration du module radio peut \u00eatre modifi\u00e9e en utilisant le kit","breadcrumb":{"@id":"https:\/\/d3w57dy8lxq74n.cloudfront.net\/fr\/produit\/radio-evo\/#breadcrumb"},"inLanguage":"fr-FR","potentialAction":[{"@type":"ReadAction","target":["https:\/\/d3w57dy8lxq74n.cloudfront.net\/fr\/produit\/radio-evo\/"]}]},{"@type":"BreadcrumbList","@id":"https:\/\/d3w57dy8lxq74n.cloudfront.net\/fr\/produit\/radio-evo\/#breadcrumb","itemListElement":[{"@type":"ListItem","position":1,"name":"Home","item":"https:\/\/d3w57dy8lxq74n.cloudfront.net\/fr\/"},{"@type":"ListItem","position":2,"name":"Produits","item":"https:\/\/d3w57dy8lxq74n.cloudfront.net\/fr\/produit\/"},{"@type":"ListItem","position":3,"name":"Modules de communication","item":"https:\/\/d3w57dy8lxq74n.cloudfront.net\/fr\/produits\/modules-de-communication\/"},{"@type":"ListItem","position":4,"name":"Radio","item":"https:\/\/d3w57dy8lxq74n.cloudfront.net\/fr\/produits\/radio-fr\/"},{"@type":"ListItem","position":5,"name":"RADIO EVO"}]},{"@type":"WebSite","@id":"https:\/\/d3w57dy8lxq74n.cloudfront.net\/fr\/#website","url":"https:\/\/d3w57dy8lxq74n.cloudfront.net\/fr\/","name":"Maddalena S.p.A.","description":"Metering Expertise","potentialAction":[{"@type":"SearchAction","target":{"@type":"EntryPoint","urlTemplate":"https:\/\/d3w57dy8lxq74n.cloudfront.net\/fr\/?s={search_term_string}"},"query-input":"required name=search_term_string"}],"inLanguage":"fr-FR"}]}},"_links":{"self":[{"href":"https:\/\/d3w57dy8lxq74n.cloudfront.net\/fr\/wp-json\/wp\/v2\/product\/18523"}],"collection":[{"href":"https:\/\/d3w57dy8lxq74n.cloudfront.net\/fr\/wp-json\/wp\/v2\/product"}],"about":[{"href":"https:\/\/d3w57dy8lxq74n.cloudfront.net\/fr\/wp-json\/wp\/v2\/types\/product"}],"wp:featuredmedia":[{"embeddable":true,"href":"https:\/\/d3w57dy8lxq74n.cloudfront.net\/fr\/wp-json\/wp\/v2\/media\/192"}],"wp:attachment":[{"href":"https:\/\/d3w57dy8lxq74n.cloudfront.net\/fr\/wp-json\/wp\/v2\/media?parent=18523"}],"wp:term":[{"taxonomy":"product_category","embeddable":true,"href":"https:\/\/d3w57dy8lxq74n.cloudfront.net\/fr\/wp-json\/wp\/v2\/product_category?post=18523"}],"curies":[{"name":"wp","href":"https:\/\/api.w.org\/{rel}","templated":true}]}}