{"id":18507,"date":"2022-08-03T14:29:14","date_gmt":"2022-08-03T12:29:14","guid":{"rendered":"http:\/\/d3w57dy8lxq74n.cloudfront.net\/?post_type=product&#038;p=18507"},"modified":"2022-09-13T16:41:57","modified_gmt":"2022-09-13T14:41:57","slug":"smart-kit-datalogger","status":"publish","type":"product","link":"https:\/\/d3w57dy8lxq74n.cloudfront.net\/fr\/produit\/smart-kit-datalogger\/","title":{"rendered":"SMART KIT &#8211; DATALOGGER"},"content":{"rendered":"<p>Datalogger RTU EVO \u00e0 alimentation externe pour compteurs M-Bus et wM-Bus 868 MHz. Permet le relev\u00e9 automatique et p\u00e9riodique des dispositifs connect\u00e9s par voie filaire (sans convertisseur de niveau M-Bus d\u00e9di\u00e9, jusqu\u2019\u00e0 un maximum de 20 dispositifs). Pour la connexion wM-Bus, un convertisseur de niveau radio est n\u00e9cessaire. Les donn\u00e9es peuvent \u00eatre relev\u00e9es localement ou transmises \u00e0 distance.<\/p>\n","protected":false},"excerpt":{"rendered":"<p>DATALOGGER M-BUS \/ wM-BUS<\/p>\n","protected":false},"featured_media":2150,"menu_order":46,"template":"","meta":{"_lmt_disableupdate":"","_lmt_disable":""},"product_category":[113],"acf":[],"yoast_head":"<!-- This site is optimized with the Yoast SEO plugin v20.7 - https:\/\/yoast.com\/wordpress\/plugins\/seo\/ -->\n<title>SMART KIT - DATALOGGER - Maddalena S.p.A.<\/title>\n<meta name=\"robots\" content=\"noindex, follow, max-snippet:-1, max-image-preview:large, max-video-preview:-1\" \/>\n<meta property=\"og:locale\" content=\"fr_FR\" \/>\n<meta property=\"og:type\" content=\"article\" \/>\n<meta property=\"og:title\" content=\"SMART KIT - DATALOGGER - Maddalena S.p.A.\" \/>\n<meta property=\"og:description\" content=\"DATALOGGER M-BUS \/ wM-BUS\" \/>\n<meta property=\"og:url\" content=\"https:\/\/d3w57dy8lxq74n.cloudfront.net\/fr\/produit\/smart-kit-datalogger\/\" \/>\n<meta property=\"og:site_name\" content=\"Maddalena S.p.A.\" \/>\n<meta property=\"article:modified_time\" content=\"2022-09-13T14:41:57+00:00\" \/>\n<meta property=\"og:image\" content=\"https:\/\/d3w57dy8lxq74n.cloudfront.net\/wp-content\/uploads\/catalog-image\/datalogger-3q.png\" \/>\n\t<meta property=\"og:image:width\" content=\"1600\" \/>\n\t<meta property=\"og:image:height\" content=\"1068\" \/>\n\t<meta property=\"og:image:type\" content=\"image\/png\" \/>\n<meta name=\"twitter:card\" content=\"summary_large_image\" \/>\n<script type=\"application\/ld+json\" class=\"yoast-schema-graph\">{\"@context\":\"https:\/\/schema.org\",\"@graph\":[{\"@type\":\"WebPage\",\"@id\":\"https:\/\/d3w57dy8lxq74n.cloudfront.net\/fr\/produit\/smart-kit-datalogger\/\",\"url\":\"https:\/\/d3w57dy8lxq74n.cloudfront.net\/fr\/produit\/smart-kit-datalogger\/\",\"name\":\"SMART KIT - DATALOGGER - Maddalena S.p.A.\",\"isPartOf\":{\"@id\":\"https:\/\/d3w57dy8lxq74n.cloudfront.net\/fr\/#website\"},\"datePublished\":\"2022-08-03T12:29:14+00:00\",\"dateModified\":\"2022-09-13T14:41:57+00:00\",\"breadcrumb\":{\"@id\":\"https:\/\/d3w57dy8lxq74n.cloudfront.net\/fr\/produit\/smart-kit-datalogger\/#breadcrumb\"},\"inLanguage\":\"fr-FR\",\"potentialAction\":[{\"@type\":\"ReadAction\",\"target\":[\"https:\/\/d3w57dy8lxq74n.cloudfront.net\/fr\/produit\/smart-kit-datalogger\/\"]}]},{\"@type\":\"BreadcrumbList\",\"@id\":\"https:\/\/d3w57dy8lxq74n.cloudfront.net\/fr\/produit\/smart-kit-datalogger\/#breadcrumb\",\"itemListElement\":[{\"@type\":\"ListItem\",\"position\":1,\"name\":\"Home\",\"item\":\"https:\/\/d3w57dy8lxq74n.cloudfront.net\/fr\/\"},{\"@type\":\"ListItem\",\"position\":2,\"name\":\"Produits\",\"item\":\"https:\/\/d3w57dy8lxq74n.cloudfront.net\/fr\/produit\/\"},{\"@type\":\"ListItem\",\"position\":3,\"name\":\"Syst\u00e8mes\",\"item\":\"https:\/\/d3w57dy8lxq74n.cloudfront.net\/fr\/produits\/systemes\/\"},{\"@type\":\"ListItem\",\"position\":4,\"name\":\"Lecture fixe\",\"item\":\"https:\/\/d3w57dy8lxq74n.cloudfront.net\/fr\/produits\/lecture-fixe\/\"},{\"@type\":\"ListItem\",\"position\":5,\"name\":\"SMART KIT &#8211; DATALOGGER\"}]},{\"@type\":\"WebSite\",\"@id\":\"https:\/\/d3w57dy8lxq74n.cloudfront.net\/fr\/#website\",\"url\":\"https:\/\/d3w57dy8lxq74n.cloudfront.net\/fr\/\",\"name\":\"Maddalena S.p.A.\",\"description\":\"Metering Expertise\",\"potentialAction\":[{\"@type\":\"SearchAction\",\"target\":{\"@type\":\"EntryPoint\",\"urlTemplate\":\"https:\/\/d3w57dy8lxq74n.cloudfront.net\/fr\/?s={search_term_string}\"},\"query-input\":\"required name=search_term_string\"}],\"inLanguage\":\"fr-FR\"}]}<\/script>\n<!-- \/ Yoast SEO plugin. -->","yoast_head_json":{"title":"SMART KIT - DATALOGGER - Maddalena S.p.A.","robots":{"index":"noindex","follow":"follow","max-snippet":"max-snippet:-1","max-image-preview":"max-image-preview:large","max-video-preview":"max-video-preview:-1"},"og_locale":"fr_FR","og_type":"article","og_title":"SMART KIT - DATALOGGER - Maddalena S.p.A.","og_description":"DATALOGGER M-BUS \/ wM-BUS","og_url":"https:\/\/d3w57dy8lxq74n.cloudfront.net\/fr\/produit\/smart-kit-datalogger\/","og_site_name":"Maddalena S.p.A.","article_modified_time":"2022-09-13T14:41:57+00:00","og_image":[{"width":1600,"height":1068,"url":"https:\/\/d3w57dy8lxq74n.cloudfront.net\/wp-content\/uploads\/catalog-image\/datalogger-3q.png","type":"image\/png"}],"twitter_card":"summary_large_image","schema":{"@context":"https:\/\/schema.org","@graph":[{"@type":"WebPage","@id":"https:\/\/d3w57dy8lxq74n.cloudfront.net\/fr\/produit\/smart-kit-datalogger\/","url":"https:\/\/d3w57dy8lxq74n.cloudfront.net\/fr\/produit\/smart-kit-datalogger\/","name":"SMART KIT - DATALOGGER - Maddalena S.p.A.","isPartOf":{"@id":"https:\/\/d3w57dy8lxq74n.cloudfront.net\/fr\/#website"},"datePublished":"2022-08-03T12:29:14+00:00","dateModified":"2022-09-13T14:41:57+00:00","breadcrumb":{"@id":"https:\/\/d3w57dy8lxq74n.cloudfront.net\/fr\/produit\/smart-kit-datalogger\/#breadcrumb"},"inLanguage":"fr-FR","potentialAction":[{"@type":"ReadAction","target":["https:\/\/d3w57dy8lxq74n.cloudfront.net\/fr\/produit\/smart-kit-datalogger\/"]}]},{"@type":"BreadcrumbList","@id":"https:\/\/d3w57dy8lxq74n.cloudfront.net\/fr\/produit\/smart-kit-datalogger\/#breadcrumb","itemListElement":[{"@type":"ListItem","position":1,"name":"Home","item":"https:\/\/d3w57dy8lxq74n.cloudfront.net\/fr\/"},{"@type":"ListItem","position":2,"name":"Produits","item":"https:\/\/d3w57dy8lxq74n.cloudfront.net\/fr\/produit\/"},{"@type":"ListItem","position":3,"name":"Syst\u00e8mes","item":"https:\/\/d3w57dy8lxq74n.cloudfront.net\/fr\/produits\/systemes\/"},{"@type":"ListItem","position":4,"name":"Lecture fixe","item":"https:\/\/d3w57dy8lxq74n.cloudfront.net\/fr\/produits\/lecture-fixe\/"},{"@type":"ListItem","position":5,"name":"SMART KIT &#8211; DATALOGGER"}]},{"@type":"WebSite","@id":"https:\/\/d3w57dy8lxq74n.cloudfront.net\/fr\/#website","url":"https:\/\/d3w57dy8lxq74n.cloudfront.net\/fr\/","name":"Maddalena S.p.A.","description":"Metering Expertise","potentialAction":[{"@type":"SearchAction","target":{"@type":"EntryPoint","urlTemplate":"https:\/\/d3w57dy8lxq74n.cloudfront.net\/fr\/?s={search_term_string}"},"query-input":"required name=search_term_string"}],"inLanguage":"fr-FR"}]}},"_links":{"self":[{"href":"https:\/\/d3w57dy8lxq74n.cloudfront.net\/fr\/wp-json\/wp\/v2\/product\/18507"}],"collection":[{"href":"https:\/\/d3w57dy8lxq74n.cloudfront.net\/fr\/wp-json\/wp\/v2\/product"}],"about":[{"href":"https:\/\/d3w57dy8lxq74n.cloudfront.net\/fr\/wp-json\/wp\/v2\/types\/product"}],"wp:featuredmedia":[{"embeddable":true,"href":"https:\/\/d3w57dy8lxq74n.cloudfront.net\/fr\/wp-json\/wp\/v2\/media\/2150"}],"wp:attachment":[{"href":"https:\/\/d3w57dy8lxq74n.cloudfront.net\/fr\/wp-json\/wp\/v2\/media?parent=18507"}],"wp:term":[{"taxonomy":"product_category","embeddable":true,"href":"https:\/\/d3w57dy8lxq74n.cloudfront.net\/fr\/wp-json\/wp\/v2\/product_category?post=18507"}],"curies":[{"name":"wp","href":"https:\/\/api.w.org\/{rel}","templated":true}]}}