{"id":18485,"date":"2022-08-03T14:29:16","date_gmt":"2022-08-03T12:29:16","guid":{"rendered":"http:\/\/d3w57dy8lxq74n.cloudfront.net\/?post_type=product&#038;p=18485"},"modified":"2023-04-04T17:51:12","modified_gmt":"2023-04-04T15:51:12","slug":"mvm","status":"publish","type":"product","link":"https:\/\/d3w57dy8lxq74n.cloudfront.net\/fr\/produit\/mvm\/","title":{"rendered":"MVM"},"content":{"rendered":"<p>MVM est le compteur d\u2019eau qui, dans le domaine des applications utility, garantit dans le temps le maximum de pr\u00e9cision et de fiabilit\u00e9 dans toutes les conditions d\u2019installation. Le d\u00e9bit de d\u00e9marrage extr\u00eamement bas et le large champ de mesure permettent la comptabilisation de la totalit\u00e9 des consommations, en facilitant l\u2019identification d\u2019\u00e9ventuelles fuites. Le tout gr\u00e2ce \u00e0 la combinaison entre la technologie \u00e0 piston rotatif et le totalisateur innovant en verre-m\u00e9tal IP68. Robuste, durable, adapt\u00e9 aux environnements et aux types d\u2019installation les plus difficiles. Il peut \u00eatre \u00e9quip\u00e9 avec les technologies de transmission des donn\u00e9es \u00e0 distance les plus modernes.<\/p>\n","protected":false},"excerpt":{"rendered":"<p>COMPTEUR VOLUM\u00c9TRIQUE \u00c0 PISTON ROTATIF<\/p>\n","protected":false},"featured_media":319,"menu_order":7,"template":"","meta":{"_lmt_disableupdate":"","_lmt_disable":""},"product_category":[77],"acf":[],"yoast_head":"<!-- This site is optimized with the Yoast SEO plugin v20.7 - https:\/\/yoast.com\/wordpress\/plugins\/seo\/ -->\n<title>MVM - COMPTEUR VOLUM\u00c9TRIQUE \u00c0 PISTON ROTATIF<\/title>\n<meta name=\"description\" content=\"MVM est le compteur d\u2019eau qui, dans le domaine des applications utility, garantit dans le temps le maximum de pr\u00e9cision et de fiabilit\u00e9 dans toutes les cond\" \/>\n<meta name=\"robots\" content=\"noindex, follow, max-snippet:-1, max-image-preview:large, max-video-preview:-1\" \/>\n<meta property=\"og:locale\" content=\"fr_FR\" \/>\n<meta property=\"og:type\" content=\"article\" \/>\n<meta property=\"og:title\" content=\"MVM - COMPTEUR VOLUM\u00c9TRIQUE \u00c0 PISTON ROTATIF\" \/>\n<meta property=\"og:description\" content=\"MVM est le compteur d\u2019eau qui, dans le domaine des applications utility, garantit dans le temps le maximum de pr\u00e9cision et de fiabilit\u00e9 dans toutes les cond\" \/>\n<meta property=\"og:url\" content=\"https:\/\/d3w57dy8lxq74n.cloudfront.net\/fr\/produit\/mvm\/\" \/>\n<meta property=\"og:site_name\" content=\"Maddalena S.p.A.\" \/>\n<meta property=\"article:modified_time\" content=\"2023-04-04T15:51:12+00:00\" \/>\n<meta property=\"og:image\" content=\"https:\/\/d3w57dy8lxq74n.cloudfront.net\/wp-content\/uploads\/catalog-image\/mecto-mvm-3q.png\" \/>\n\t<meta property=\"og:image:width\" content=\"1600\" \/>\n\t<meta property=\"og:image:height\" content=\"1201\" \/>\n\t<meta property=\"og:image:type\" content=\"image\/png\" \/>\n<meta name=\"twitter:card\" content=\"summary_large_image\" \/>\n<meta name=\"twitter:label1\" content=\"Est. reading time\" \/>\n\t<meta name=\"twitter:data1\" content=\"1 minute\" \/>\n<script type=\"application\/ld+json\" class=\"yoast-schema-graph\">{\"@context\":\"https:\/\/schema.org\",\"@graph\":[{\"@type\":\"WebPage\",\"@id\":\"https:\/\/d3w57dy8lxq74n.cloudfront.net\/fr\/produit\/mvm\/\",\"url\":\"https:\/\/d3w57dy8lxq74n.cloudfront.net\/fr\/produit\/mvm\/\",\"name\":\"MVM - COMPTEUR VOLUM\u00c9TRIQUE \u00c0 PISTON ROTATIF\",\"isPartOf\":{\"@id\":\"https:\/\/d3w57dy8lxq74n.cloudfront.net\/fr\/#website\"},\"datePublished\":\"2022-08-03T12:29:16+00:00\",\"dateModified\":\"2023-04-04T15:51:12+00:00\",\"description\":\"MVM est le compteur d\u2019eau qui, dans le domaine des applications utility, garantit dans le temps le maximum de pr\u00e9cision et de fiabilit\u00e9 dans toutes les cond\",\"breadcrumb\":{\"@id\":\"https:\/\/d3w57dy8lxq74n.cloudfront.net\/fr\/produit\/mvm\/#breadcrumb\"},\"inLanguage\":\"fr-FR\",\"potentialAction\":[{\"@type\":\"ReadAction\",\"target\":[\"https:\/\/d3w57dy8lxq74n.cloudfront.net\/fr\/produit\/mvm\/\"]}]},{\"@type\":\"BreadcrumbList\",\"@id\":\"https:\/\/d3w57dy8lxq74n.cloudfront.net\/fr\/produit\/mvm\/#breadcrumb\",\"itemListElement\":[{\"@type\":\"ListItem\",\"position\":1,\"name\":\"Home\",\"item\":\"https:\/\/d3w57dy8lxq74n.cloudfront.net\/fr\/\"},{\"@type\":\"ListItem\",\"position\":2,\"name\":\"Produits\",\"item\":\"https:\/\/d3w57dy8lxq74n.cloudfront.net\/fr\/produit\/\"},{\"@type\":\"ListItem\",\"position\":3,\"name\":\"Eau\",\"item\":\"https:\/\/d3w57dy8lxq74n.cloudfront.net\/fr\/produits\/eau\/\"},{\"@type\":\"ListItem\",\"position\":4,\"name\":\"MecTo\",\"item\":\"https:\/\/d3w57dy8lxq74n.cloudfront.net\/fr\/produits\/mecto-fr\/\"},{\"@type\":\"ListItem\",\"position\":5,\"name\":\"MVM\"}]},{\"@type\":\"WebSite\",\"@id\":\"https:\/\/d3w57dy8lxq74n.cloudfront.net\/fr\/#website\",\"url\":\"https:\/\/d3w57dy8lxq74n.cloudfront.net\/fr\/\",\"name\":\"Maddalena S.p.A.\",\"description\":\"Metering Expertise\",\"potentialAction\":[{\"@type\":\"SearchAction\",\"target\":{\"@type\":\"EntryPoint\",\"urlTemplate\":\"https:\/\/d3w57dy8lxq74n.cloudfront.net\/fr\/?s={search_term_string}\"},\"query-input\":\"required name=search_term_string\"}],\"inLanguage\":\"fr-FR\"}]}<\/script>\n<!-- \/ Yoast SEO plugin. -->","yoast_head_json":{"title":"MVM - COMPTEUR VOLUM\u00c9TRIQUE \u00c0 PISTON ROTATIF","description":"MVM est le compteur d\u2019eau qui, dans le domaine des applications utility, garantit dans le temps le maximum de pr\u00e9cision et de fiabilit\u00e9 dans toutes les cond","robots":{"index":"noindex","follow":"follow","max-snippet":"max-snippet:-1","max-image-preview":"max-image-preview:large","max-video-preview":"max-video-preview:-1"},"og_locale":"fr_FR","og_type":"article","og_title":"MVM - COMPTEUR VOLUM\u00c9TRIQUE \u00c0 PISTON ROTATIF","og_description":"MVM est le compteur d\u2019eau qui, dans le domaine des applications utility, garantit dans le temps le maximum de pr\u00e9cision et de fiabilit\u00e9 dans toutes les cond","og_url":"https:\/\/d3w57dy8lxq74n.cloudfront.net\/fr\/produit\/mvm\/","og_site_name":"Maddalena S.p.A.","article_modified_time":"2023-04-04T15:51:12+00:00","og_image":[{"width":1600,"height":1201,"url":"https:\/\/d3w57dy8lxq74n.cloudfront.net\/wp-content\/uploads\/catalog-image\/mecto-mvm-3q.png","type":"image\/png"}],"twitter_card":"summary_large_image","twitter_misc":{"Est. reading time":"1 minute"},"schema":{"@context":"https:\/\/schema.org","@graph":[{"@type":"WebPage","@id":"https:\/\/d3w57dy8lxq74n.cloudfront.net\/fr\/produit\/mvm\/","url":"https:\/\/d3w57dy8lxq74n.cloudfront.net\/fr\/produit\/mvm\/","name":"MVM - COMPTEUR VOLUM\u00c9TRIQUE \u00c0 PISTON ROTATIF","isPartOf":{"@id":"https:\/\/d3w57dy8lxq74n.cloudfront.net\/fr\/#website"},"datePublished":"2022-08-03T12:29:16+00:00","dateModified":"2023-04-04T15:51:12+00:00","description":"MVM est le compteur d\u2019eau qui, dans le domaine des applications utility, garantit dans le temps le maximum de pr\u00e9cision et de fiabilit\u00e9 dans toutes les cond","breadcrumb":{"@id":"https:\/\/d3w57dy8lxq74n.cloudfront.net\/fr\/produit\/mvm\/#breadcrumb"},"inLanguage":"fr-FR","potentialAction":[{"@type":"ReadAction","target":["https:\/\/d3w57dy8lxq74n.cloudfront.net\/fr\/produit\/mvm\/"]}]},{"@type":"BreadcrumbList","@id":"https:\/\/d3w57dy8lxq74n.cloudfront.net\/fr\/produit\/mvm\/#breadcrumb","itemListElement":[{"@type":"ListItem","position":1,"name":"Home","item":"https:\/\/d3w57dy8lxq74n.cloudfront.net\/fr\/"},{"@type":"ListItem","position":2,"name":"Produits","item":"https:\/\/d3w57dy8lxq74n.cloudfront.net\/fr\/produit\/"},{"@type":"ListItem","position":3,"name":"Eau","item":"https:\/\/d3w57dy8lxq74n.cloudfront.net\/fr\/produits\/eau\/"},{"@type":"ListItem","position":4,"name":"MecTo","item":"https:\/\/d3w57dy8lxq74n.cloudfront.net\/fr\/produits\/mecto-fr\/"},{"@type":"ListItem","position":5,"name":"MVM"}]},{"@type":"WebSite","@id":"https:\/\/d3w57dy8lxq74n.cloudfront.net\/fr\/#website","url":"https:\/\/d3w57dy8lxq74n.cloudfront.net\/fr\/","name":"Maddalena S.p.A.","description":"Metering Expertise","potentialAction":[{"@type":"SearchAction","target":{"@type":"EntryPoint","urlTemplate":"https:\/\/d3w57dy8lxq74n.cloudfront.net\/fr\/?s={search_term_string}"},"query-input":"required name=search_term_string"}],"inLanguage":"fr-FR"}]}},"_links":{"self":[{"href":"https:\/\/d3w57dy8lxq74n.cloudfront.net\/fr\/wp-json\/wp\/v2\/product\/18485"}],"collection":[{"href":"https:\/\/d3w57dy8lxq74n.cloudfront.net\/fr\/wp-json\/wp\/v2\/product"}],"about":[{"href":"https:\/\/d3w57dy8lxq74n.cloudfront.net\/fr\/wp-json\/wp\/v2\/types\/product"}],"wp:featuredmedia":[{"embeddable":true,"href":"https:\/\/d3w57dy8lxq74n.cloudfront.net\/fr\/wp-json\/wp\/v2\/media\/319"}],"wp:attachment":[{"href":"https:\/\/d3w57dy8lxq74n.cloudfront.net\/fr\/wp-json\/wp\/v2\/media?parent=18485"}],"wp:term":[{"taxonomy":"product_category","embeddable":true,"href":"https:\/\/d3w57dy8lxq74n.cloudfront.net\/fr\/wp-json\/wp\/v2\/product_category?post=18485"}],"curies":[{"name":"wp","href":"https:\/\/api.w.org\/{rel}","templated":true}]}}