{"id":18445,"date":"2022-08-03T14:29:18","date_gmt":"2022-08-03T12:29:18","guid":{"rendered":"http:\/\/d3w57dy8lxq74n.cloudfront.net\/?post_type=product&#038;p=18445"},"modified":"2022-09-06T14:50:21","modified_gmt":"2022-09-06T12:50:21","slug":"arrow-wan-169","status":"publish","type":"product","link":"https:\/\/d3w57dy8lxq74n.cloudfront.net\/fr\/produit\/arrow-wan-169\/","title":{"rendered":"ARROW WAN 169"},"content":{"rendered":"<p>Module radio compact avec protocole de communication wM-Bus en combinaison avec la modulation LoRa\u2122 (en option). Il garantit une transmission longue port\u00e9e en dual mode (mobile et fixe). Arrow WAN 169 est indiqu\u00e9 \u00e9galement pour les installations difficiles dans le secteur Utility (IP68). La proc\u00e9dure d\u2019activation et de configuration est effectu\u00e9e \u00e0 travers l\u2019interface locale NFC et l\u2019application Android correspondante.<\/p>\n","protected":false},"excerpt":{"rendered":"<p>MODULE RADIO COMPACT wM-BUS AVEC BANDE ISM 169 MHz<\/p>\n","protected":false},"featured_media":1708,"menu_order":18,"template":"","meta":{"_lmt_disableupdate":"","_lmt_disable":""},"product_category":[101],"acf":[],"yoast_head":"<!-- This site is optimized with the Yoast SEO plugin v20.7 - https:\/\/yoast.com\/wordpress\/plugins\/seo\/ -->\n<title>ARROW WAN 169 - Maddalena S.p.A.<\/title>\n<meta name=\"robots\" content=\"noindex, follow, max-snippet:-1, max-image-preview:large, max-video-preview:-1\" \/>\n<meta property=\"og:locale\" content=\"fr_FR\" \/>\n<meta property=\"og:type\" content=\"article\" \/>\n<meta property=\"og:title\" content=\"ARROW WAN 169 - Maddalena S.p.A.\" \/>\n<meta property=\"og:description\" content=\"MODULE RADIO COMPACT wM-BUS AVEC BANDE ISM 169 MHz\" \/>\n<meta property=\"og:url\" content=\"https:\/\/d3w57dy8lxq74n.cloudfront.net\/fr\/produit\/arrow-wan-169\/\" \/>\n<meta property=\"og:site_name\" content=\"Maddalena S.p.A.\" \/>\n<meta property=\"article:modified_time\" content=\"2022-09-06T12:50:21+00:00\" \/>\n<meta property=\"og:image\" content=\"https:\/\/d3w57dy8lxq74n.cloudfront.net\/wp-content\/uploads\/catalog-image\/mdc-arrowwan-mvm-169.png\" \/>\n\t<meta property=\"og:image:width\" content=\"1600\" \/>\n\t<meta property=\"og:image:height\" content=\"1201\" \/>\n\t<meta property=\"og:image:type\" content=\"image\/png\" \/>\n<meta name=\"twitter:card\" content=\"summary_large_image\" \/>\n<script type=\"application\/ld+json\" class=\"yoast-schema-graph\">{\"@context\":\"https:\/\/schema.org\",\"@graph\":[{\"@type\":\"WebPage\",\"@id\":\"https:\/\/d3w57dy8lxq74n.cloudfront.net\/fr\/produit\/arrow-wan-169\/\",\"url\":\"https:\/\/d3w57dy8lxq74n.cloudfront.net\/fr\/produit\/arrow-wan-169\/\",\"name\":\"ARROW WAN 169 - Maddalena S.p.A.\",\"isPartOf\":{\"@id\":\"https:\/\/d3w57dy8lxq74n.cloudfront.net\/fr\/#website\"},\"datePublished\":\"2022-08-03T12:29:18+00:00\",\"dateModified\":\"2022-09-06T12:50:21+00:00\",\"breadcrumb\":{\"@id\":\"https:\/\/d3w57dy8lxq74n.cloudfront.net\/fr\/produit\/arrow-wan-169\/#breadcrumb\"},\"inLanguage\":\"fr-FR\",\"potentialAction\":[{\"@type\":\"ReadAction\",\"target\":[\"https:\/\/d3w57dy8lxq74n.cloudfront.net\/fr\/produit\/arrow-wan-169\/\"]}]},{\"@type\":\"BreadcrumbList\",\"@id\":\"https:\/\/d3w57dy8lxq74n.cloudfront.net\/fr\/produit\/arrow-wan-169\/#breadcrumb\",\"itemListElement\":[{\"@type\":\"ListItem\",\"position\":1,\"name\":\"Home\",\"item\":\"https:\/\/d3w57dy8lxq74n.cloudfront.net\/fr\/\"},{\"@type\":\"ListItem\",\"position\":2,\"name\":\"Produits\",\"item\":\"https:\/\/d3w57dy8lxq74n.cloudfront.net\/fr\/produit\/\"},{\"@type\":\"ListItem\",\"position\":3,\"name\":\"Modules de communication\",\"item\":\"https:\/\/d3w57dy8lxq74n.cloudfront.net\/fr\/produits\/modules-de-communication\/\"},{\"@type\":\"ListItem\",\"position\":4,\"name\":\"Radio\",\"item\":\"https:\/\/d3w57dy8lxq74n.cloudfront.net\/fr\/produits\/radio-fr\/\"},{\"@type\":\"ListItem\",\"position\":5,\"name\":\"ARROW WAN 169\"}]},{\"@type\":\"WebSite\",\"@id\":\"https:\/\/d3w57dy8lxq74n.cloudfront.net\/fr\/#website\",\"url\":\"https:\/\/d3w57dy8lxq74n.cloudfront.net\/fr\/\",\"name\":\"Maddalena S.p.A.\",\"description\":\"Metering Expertise\",\"potentialAction\":[{\"@type\":\"SearchAction\",\"target\":{\"@type\":\"EntryPoint\",\"urlTemplate\":\"https:\/\/d3w57dy8lxq74n.cloudfront.net\/fr\/?s={search_term_string}\"},\"query-input\":\"required name=search_term_string\"}],\"inLanguage\":\"fr-FR\"}]}<\/script>\n<!-- \/ Yoast SEO plugin. -->","yoast_head_json":{"title":"ARROW WAN 169 - Maddalena S.p.A.","robots":{"index":"noindex","follow":"follow","max-snippet":"max-snippet:-1","max-image-preview":"max-image-preview:large","max-video-preview":"max-video-preview:-1"},"og_locale":"fr_FR","og_type":"article","og_title":"ARROW WAN 169 - Maddalena S.p.A.","og_description":"MODULE RADIO COMPACT wM-BUS AVEC BANDE ISM 169 MHz","og_url":"https:\/\/d3w57dy8lxq74n.cloudfront.net\/fr\/produit\/arrow-wan-169\/","og_site_name":"Maddalena S.p.A.","article_modified_time":"2022-09-06T12:50:21+00:00","og_image":[{"width":1600,"height":1201,"url":"https:\/\/d3w57dy8lxq74n.cloudfront.net\/wp-content\/uploads\/catalog-image\/mdc-arrowwan-mvm-169.png","type":"image\/png"}],"twitter_card":"summary_large_image","schema":{"@context":"https:\/\/schema.org","@graph":[{"@type":"WebPage","@id":"https:\/\/d3w57dy8lxq74n.cloudfront.net\/fr\/produit\/arrow-wan-169\/","url":"https:\/\/d3w57dy8lxq74n.cloudfront.net\/fr\/produit\/arrow-wan-169\/","name":"ARROW WAN 169 - Maddalena S.p.A.","isPartOf":{"@id":"https:\/\/d3w57dy8lxq74n.cloudfront.net\/fr\/#website"},"datePublished":"2022-08-03T12:29:18+00:00","dateModified":"2022-09-06T12:50:21+00:00","breadcrumb":{"@id":"https:\/\/d3w57dy8lxq74n.cloudfront.net\/fr\/produit\/arrow-wan-169\/#breadcrumb"},"inLanguage":"fr-FR","potentialAction":[{"@type":"ReadAction","target":["https:\/\/d3w57dy8lxq74n.cloudfront.net\/fr\/produit\/arrow-wan-169\/"]}]},{"@type":"BreadcrumbList","@id":"https:\/\/d3w57dy8lxq74n.cloudfront.net\/fr\/produit\/arrow-wan-169\/#breadcrumb","itemListElement":[{"@type":"ListItem","position":1,"name":"Home","item":"https:\/\/d3w57dy8lxq74n.cloudfront.net\/fr\/"},{"@type":"ListItem","position":2,"name":"Produits","item":"https:\/\/d3w57dy8lxq74n.cloudfront.net\/fr\/produit\/"},{"@type":"ListItem","position":3,"name":"Modules de communication","item":"https:\/\/d3w57dy8lxq74n.cloudfront.net\/fr\/produits\/modules-de-communication\/"},{"@type":"ListItem","position":4,"name":"Radio","item":"https:\/\/d3w57dy8lxq74n.cloudfront.net\/fr\/produits\/radio-fr\/"},{"@type":"ListItem","position":5,"name":"ARROW WAN 169"}]},{"@type":"WebSite","@id":"https:\/\/d3w57dy8lxq74n.cloudfront.net\/fr\/#website","url":"https:\/\/d3w57dy8lxq74n.cloudfront.net\/fr\/","name":"Maddalena S.p.A.","description":"Metering Expertise","potentialAction":[{"@type":"SearchAction","target":{"@type":"EntryPoint","urlTemplate":"https:\/\/d3w57dy8lxq74n.cloudfront.net\/fr\/?s={search_term_string}"},"query-input":"required name=search_term_string"}],"inLanguage":"fr-FR"}]}},"_links":{"self":[{"href":"https:\/\/d3w57dy8lxq74n.cloudfront.net\/fr\/wp-json\/wp\/v2\/product\/18445"}],"collection":[{"href":"https:\/\/d3w57dy8lxq74n.cloudfront.net\/fr\/wp-json\/wp\/v2\/product"}],"about":[{"href":"https:\/\/d3w57dy8lxq74n.cloudfront.net\/fr\/wp-json\/wp\/v2\/types\/product"}],"wp:featuredmedia":[{"embeddable":true,"href":"https:\/\/d3w57dy8lxq74n.cloudfront.net\/fr\/wp-json\/wp\/v2\/media\/1708"}],"wp:attachment":[{"href":"https:\/\/d3w57dy8lxq74n.cloudfront.net\/fr\/wp-json\/wp\/v2\/media?parent=18445"}],"wp:term":[{"taxonomy":"product_category","embeddable":true,"href":"https:\/\/d3w57dy8lxq74n.cloudfront.net\/fr\/wp-json\/wp\/v2\/product_category?post=18445"}],"curies":[{"name":"wp","href":"https:\/\/api.w.org\/{rel}","templated":true}]}}