{"id":18433,"date":"2022-08-03T14:29:19","date_gmt":"2022-08-03T12:29:19","guid":{"rendered":"http:\/\/d3w57dy8lxq74n.cloudfront.net\/?post_type=product&#038;p=18433"},"modified":"2022-11-09T10:10:12","modified_gmt":"2022-11-09T09:10:12","slug":"microclima-evo","status":"publish","type":"product","link":"https:\/\/d3w57dy8lxq74n.cloudfront.net\/fr\/produit\/microclima-evo\/","title":{"rendered":"MICROCLIMA EVO"},"content":{"rendered":"<p>MicroClima EVO est un instrument compact pour la comptabilisation de l\u2019\u00e9nergie thermique fournie aux utilisations qui emploient l\u2019eau comme \u00e9l\u00e9ment de transport de l\u2019\u00e9nergie. Tenant compte de la diff\u00e9rence de temp\u00e9rature entre l\u2019entr\u00e9e et la sortie et du volume d\u2019eau \u00e9coul\u00e9, le compteur de chaleur MicroClima EVO calcule, affiche et transmet la quantit\u00e9 d\u2019\u00e9nergie consomm\u00e9e par l\u2019utilisateur. Calibres disponibles\u00a0: du DN 15 au DN 20.<\/p>\n","protected":false},"excerpt":{"rendered":"<p>COMPTEUR D\u2019\u00c9NERGIE THERMIQUE COMPACT \u2013 JET UNIQUE M\u00c9CANIQUE<\/p>\n","protected":false},"featured_media":151,"menu_order":34,"template":"","meta":{"_lmt_disableupdate":"","_lmt_disable":""},"product_category":[85],"acf":[],"yoast_head":"<!-- This site is optimized with the Yoast SEO plugin v20.7 - https:\/\/yoast.com\/wordpress\/plugins\/seo\/ -->\n<title>MICROCLIMA EVO - Maddalena S.p.A.<\/title>\n<meta name=\"robots\" content=\"noindex, follow, max-snippet:-1, max-image-preview:large, max-video-preview:-1\" \/>\n<meta property=\"og:locale\" content=\"fr_FR\" \/>\n<meta property=\"og:type\" content=\"article\" \/>\n<meta property=\"og:title\" content=\"MICROCLIMA EVO - Maddalena S.p.A.\" \/>\n<meta property=\"og:description\" content=\"COMPTEUR D\u2019\u00c9NERGIE THERMIQUE COMPACT \u2013 JET UNIQUE M\u00c9CANIQUE\" \/>\n<meta property=\"og:url\" content=\"https:\/\/d3w57dy8lxq74n.cloudfront.net\/fr\/produit\/microclima-evo\/\" \/>\n<meta property=\"og:site_name\" content=\"Maddalena S.p.A.\" \/>\n<meta property=\"article:modified_time\" content=\"2022-11-09T09:10:12+00:00\" \/>\n<meta property=\"og:image\" content=\"https:\/\/d3w57dy8lxq74n.cloudfront.net\/wp-content\/uploads\/catalog-image\/20143-micro-evo.jpg\" \/>\n\t<meta property=\"og:image:width\" content=\"1600\" \/>\n\t<meta property=\"og:image:height\" content=\"1201\" \/>\n\t<meta property=\"og:image:type\" content=\"image\/jpeg\" \/>\n<meta name=\"twitter:card\" content=\"summary_large_image\" \/>\n<script type=\"application\/ld+json\" class=\"yoast-schema-graph\">{\"@context\":\"https:\/\/schema.org\",\"@graph\":[{\"@type\":\"WebPage\",\"@id\":\"https:\/\/d3w57dy8lxq74n.cloudfront.net\/fr\/produit\/microclima-evo\/\",\"url\":\"https:\/\/d3w57dy8lxq74n.cloudfront.net\/fr\/produit\/microclima-evo\/\",\"name\":\"MICROCLIMA EVO - Maddalena S.p.A.\",\"isPartOf\":{\"@id\":\"https:\/\/d3w57dy8lxq74n.cloudfront.net\/fr\/#website\"},\"datePublished\":\"2022-08-03T12:29:19+00:00\",\"dateModified\":\"2022-11-09T09:10:12+00:00\",\"breadcrumb\":{\"@id\":\"https:\/\/d3w57dy8lxq74n.cloudfront.net\/fr\/produit\/microclima-evo\/#breadcrumb\"},\"inLanguage\":\"fr-FR\",\"potentialAction\":[{\"@type\":\"ReadAction\",\"target\":[\"https:\/\/d3w57dy8lxq74n.cloudfront.net\/fr\/produit\/microclima-evo\/\"]}]},{\"@type\":\"BreadcrumbList\",\"@id\":\"https:\/\/d3w57dy8lxq74n.cloudfront.net\/fr\/produit\/microclima-evo\/#breadcrumb\",\"itemListElement\":[{\"@type\":\"ListItem\",\"position\":1,\"name\":\"Home\",\"item\":\"https:\/\/d3w57dy8lxq74n.cloudfront.net\/fr\/\"},{\"@type\":\"ListItem\",\"position\":2,\"name\":\"Produits\",\"item\":\"https:\/\/d3w57dy8lxq74n.cloudfront.net\/fr\/produit\/\"},{\"@type\":\"ListItem\",\"position\":3,\"name\":\"\u00c9nergie thermique\",\"item\":\"https:\/\/d3w57dy8lxq74n.cloudfront.net\/fr\/produits\/energie-thermique\/\"},{\"@type\":\"ListItem\",\"position\":4,\"name\":\"Compact\",\"item\":\"https:\/\/d3w57dy8lxq74n.cloudfront.net\/fr\/produits\/compteurs-compacts\/\"},{\"@type\":\"ListItem\",\"position\":5,\"name\":\"MICROCLIMA EVO\"}]},{\"@type\":\"WebSite\",\"@id\":\"https:\/\/d3w57dy8lxq74n.cloudfront.net\/fr\/#website\",\"url\":\"https:\/\/d3w57dy8lxq74n.cloudfront.net\/fr\/\",\"name\":\"Maddalena S.p.A.\",\"description\":\"Metering Expertise\",\"potentialAction\":[{\"@type\":\"SearchAction\",\"target\":{\"@type\":\"EntryPoint\",\"urlTemplate\":\"https:\/\/d3w57dy8lxq74n.cloudfront.net\/fr\/?s={search_term_string}\"},\"query-input\":\"required name=search_term_string\"}],\"inLanguage\":\"fr-FR\"}]}<\/script>\n<!-- \/ Yoast SEO plugin. -->","yoast_head_json":{"title":"MICROCLIMA EVO - Maddalena S.p.A.","robots":{"index":"noindex","follow":"follow","max-snippet":"max-snippet:-1","max-image-preview":"max-image-preview:large","max-video-preview":"max-video-preview:-1"},"og_locale":"fr_FR","og_type":"article","og_title":"MICROCLIMA EVO - Maddalena S.p.A.","og_description":"COMPTEUR D\u2019\u00c9NERGIE THERMIQUE COMPACT \u2013 JET UNIQUE M\u00c9CANIQUE","og_url":"https:\/\/d3w57dy8lxq74n.cloudfront.net\/fr\/produit\/microclima-evo\/","og_site_name":"Maddalena S.p.A.","article_modified_time":"2022-11-09T09:10:12+00:00","og_image":[{"width":1600,"height":1201,"url":"https:\/\/d3w57dy8lxq74n.cloudfront.net\/wp-content\/uploads\/catalog-image\/20143-micro-evo.jpg","type":"image\/jpeg"}],"twitter_card":"summary_large_image","schema":{"@context":"https:\/\/schema.org","@graph":[{"@type":"WebPage","@id":"https:\/\/d3w57dy8lxq74n.cloudfront.net\/fr\/produit\/microclima-evo\/","url":"https:\/\/d3w57dy8lxq74n.cloudfront.net\/fr\/produit\/microclima-evo\/","name":"MICROCLIMA EVO - Maddalena S.p.A.","isPartOf":{"@id":"https:\/\/d3w57dy8lxq74n.cloudfront.net\/fr\/#website"},"datePublished":"2022-08-03T12:29:19+00:00","dateModified":"2022-11-09T09:10:12+00:00","breadcrumb":{"@id":"https:\/\/d3w57dy8lxq74n.cloudfront.net\/fr\/produit\/microclima-evo\/#breadcrumb"},"inLanguage":"fr-FR","potentialAction":[{"@type":"ReadAction","target":["https:\/\/d3w57dy8lxq74n.cloudfront.net\/fr\/produit\/microclima-evo\/"]}]},{"@type":"BreadcrumbList","@id":"https:\/\/d3w57dy8lxq74n.cloudfront.net\/fr\/produit\/microclima-evo\/#breadcrumb","itemListElement":[{"@type":"ListItem","position":1,"name":"Home","item":"https:\/\/d3w57dy8lxq74n.cloudfront.net\/fr\/"},{"@type":"ListItem","position":2,"name":"Produits","item":"https:\/\/d3w57dy8lxq74n.cloudfront.net\/fr\/produit\/"},{"@type":"ListItem","position":3,"name":"\u00c9nergie thermique","item":"https:\/\/d3w57dy8lxq74n.cloudfront.net\/fr\/produits\/energie-thermique\/"},{"@type":"ListItem","position":4,"name":"Compact","item":"https:\/\/d3w57dy8lxq74n.cloudfront.net\/fr\/produits\/compteurs-compacts\/"},{"@type":"ListItem","position":5,"name":"MICROCLIMA EVO"}]},{"@type":"WebSite","@id":"https:\/\/d3w57dy8lxq74n.cloudfront.net\/fr\/#website","url":"https:\/\/d3w57dy8lxq74n.cloudfront.net\/fr\/","name":"Maddalena S.p.A.","description":"Metering Expertise","potentialAction":[{"@type":"SearchAction","target":{"@type":"EntryPoint","urlTemplate":"https:\/\/d3w57dy8lxq74n.cloudfront.net\/fr\/?s={search_term_string}"},"query-input":"required name=search_term_string"}],"inLanguage":"fr-FR"}]}},"_links":{"self":[{"href":"https:\/\/d3w57dy8lxq74n.cloudfront.net\/fr\/wp-json\/wp\/v2\/product\/18433"}],"collection":[{"href":"https:\/\/d3w57dy8lxq74n.cloudfront.net\/fr\/wp-json\/wp\/v2\/product"}],"about":[{"href":"https:\/\/d3w57dy8lxq74n.cloudfront.net\/fr\/wp-json\/wp\/v2\/types\/product"}],"wp:featuredmedia":[{"embeddable":true,"href":"https:\/\/d3w57dy8lxq74n.cloudfront.net\/fr\/wp-json\/wp\/v2\/media\/151"}],"wp:attachment":[{"href":"https:\/\/d3w57dy8lxq74n.cloudfront.net\/fr\/wp-json\/wp\/v2\/media?parent=18433"}],"wp:term":[{"taxonomy":"product_category","embeddable":true,"href":"https:\/\/d3w57dy8lxq74n.cloudfront.net\/fr\/wp-json\/wp\/v2\/product_category?post=18433"}],"curies":[{"name":"wp","href":"https:\/\/api.w.org\/{rel}","templated":true}]}}