{"id":18346,"date":"2022-08-03T14:29:24","date_gmt":"2022-08-03T12:29:24","guid":{"rendered":"http:\/\/d3w57dy8lxq74n.cloudfront.net\/?post_type=product&#038;p=18346"},"modified":"2023-04-04T17:49:15","modified_gmt":"2023-04-04T15:49:15","slug":"cd-one-trp","status":"publish","type":"product","link":"https:\/\/d3w57dy8lxq74n.cloudfront.net\/fr\/produit\/cd-one-trp\/","title":{"rendered":"CD ONE TRP"},"content":{"rendered":"<p>CD ONE TRP est la plus haute expression de compteur \u00e0 jet unique. Gr\u00e2ce \u00e0 la transmission m\u00e9canique, il offre de hautes performances m\u00e9trologiques, il est insensible aux champs magn\u00e9tiques ext\u00e9rieurs et permet une lisibilit\u00e9 parfaite dans le temps gr\u00e2ce \u00e0 la solution \u00e0 \u00ab\u00a0rouleaux prot\u00e9g\u00e9s\u00a0\u00bb que Maddalena a \u00e9t\u00e9 la premi\u00e8re \u00e0 d\u00e9velopper. Compact, robuste et adapt\u00e9 aux environnements les plus difficiles, il est compatible avec tous les types d\u2019eau. Il peut \u00eatre \u00e9quip\u00e9 avec les technologies de transmission des donn\u00e9es \u00e0 distance les plus modernes.<\/p>\n","protected":false},"excerpt":{"rendered":"<p>COMPTEUR \u00c0 JET UNIQUE \u00c0 ROULEAUX PROT\u00c9G\u00c9S<\/p>\n","protected":false},"featured_media":388,"menu_order":3,"template":"","meta":{"_lmt_disableupdate":"","_lmt_disable":""},"product_category":[77],"acf":[],"yoast_head":"<!-- This site is optimized with the Yoast SEO plugin v20.7 - https:\/\/yoast.com\/wordpress\/plugins\/seo\/ -->\n<title>CD ONE TRP - COMPTEUR \u00c0 JET UNIQUE \u00c0 ROULEAUX PROT\u00c9G\u00c9S<\/title>\n<meta name=\"description\" content=\"CD ONE TRP est la plus haute expression de compteur \u00e0 jet unique. Gr\u00e2ce \u00e0 la transmission m\u00e9canique, il offre de hautes performances m\u00e9trologiques, il est\" \/>\n<meta name=\"robots\" content=\"noindex, follow, max-snippet:-1, max-image-preview:large, max-video-preview:-1\" \/>\n<meta property=\"og:locale\" content=\"fr_FR\" \/>\n<meta property=\"og:type\" content=\"article\" \/>\n<meta property=\"og:title\" content=\"CD ONE TRP - COMPTEUR \u00c0 JET UNIQUE \u00c0 ROULEAUX PROT\u00c9G\u00c9S\" \/>\n<meta property=\"og:description\" content=\"CD ONE TRP est la plus haute expression de compteur \u00e0 jet unique. Gr\u00e2ce \u00e0 la transmission m\u00e9canique, il offre de hautes performances m\u00e9trologiques, il est\" \/>\n<meta property=\"og:url\" content=\"https:\/\/d3w57dy8lxq74n.cloudfront.net\/fr\/produit\/cd-one-trp\/\" \/>\n<meta property=\"og:site_name\" content=\"Maddalena S.p.A.\" \/>\n<meta property=\"article:modified_time\" content=\"2023-04-04T15:49:15+00:00\" \/>\n<meta property=\"og:image\" content=\"https:\/\/d3w57dy8lxq74n.cloudfront.net\/wp-content\/uploads\/catalog-image\/mecto-cd-one-trp-3q.png\" \/>\n\t<meta property=\"og:image:width\" content=\"1600\" \/>\n\t<meta property=\"og:image:height\" content=\"1201\" \/>\n\t<meta property=\"og:image:type\" content=\"image\/png\" \/>\n<meta name=\"twitter:card\" content=\"summary_large_image\" \/>\n<script type=\"application\/ld+json\" class=\"yoast-schema-graph\">{\"@context\":\"https:\/\/schema.org\",\"@graph\":[{\"@type\":\"WebPage\",\"@id\":\"https:\/\/d3w57dy8lxq74n.cloudfront.net\/fr\/produit\/cd-one-trp\/\",\"url\":\"https:\/\/d3w57dy8lxq74n.cloudfront.net\/fr\/produit\/cd-one-trp\/\",\"name\":\"CD ONE TRP - COMPTEUR \u00c0 JET UNIQUE \u00c0 ROULEAUX PROT\u00c9G\u00c9S\",\"isPartOf\":{\"@id\":\"https:\/\/d3w57dy8lxq74n.cloudfront.net\/fr\/#website\"},\"datePublished\":\"2022-08-03T12:29:24+00:00\",\"dateModified\":\"2023-04-04T15:49:15+00:00\",\"description\":\"CD ONE TRP est la plus haute expression de compteur \u00e0 jet unique. Gr\u00e2ce \u00e0 la transmission m\u00e9canique, il offre de hautes performances m\u00e9trologiques, il est\",\"breadcrumb\":{\"@id\":\"https:\/\/d3w57dy8lxq74n.cloudfront.net\/fr\/produit\/cd-one-trp\/#breadcrumb\"},\"inLanguage\":\"fr-FR\",\"potentialAction\":[{\"@type\":\"ReadAction\",\"target\":[\"https:\/\/d3w57dy8lxq74n.cloudfront.net\/fr\/produit\/cd-one-trp\/\"]}]},{\"@type\":\"BreadcrumbList\",\"@id\":\"https:\/\/d3w57dy8lxq74n.cloudfront.net\/fr\/produit\/cd-one-trp\/#breadcrumb\",\"itemListElement\":[{\"@type\":\"ListItem\",\"position\":1,\"name\":\"Home\",\"item\":\"https:\/\/d3w57dy8lxq74n.cloudfront.net\/fr\/\"},{\"@type\":\"ListItem\",\"position\":2,\"name\":\"Produits\",\"item\":\"https:\/\/d3w57dy8lxq74n.cloudfront.net\/fr\/produit\/\"},{\"@type\":\"ListItem\",\"position\":3,\"name\":\"Eau\",\"item\":\"https:\/\/d3w57dy8lxq74n.cloudfront.net\/fr\/produits\/eau\/\"},{\"@type\":\"ListItem\",\"position\":4,\"name\":\"MecTo\",\"item\":\"https:\/\/d3w57dy8lxq74n.cloudfront.net\/fr\/produits\/mecto-fr\/\"},{\"@type\":\"ListItem\",\"position\":5,\"name\":\"CD ONE TRP\"}]},{\"@type\":\"WebSite\",\"@id\":\"https:\/\/d3w57dy8lxq74n.cloudfront.net\/fr\/#website\",\"url\":\"https:\/\/d3w57dy8lxq74n.cloudfront.net\/fr\/\",\"name\":\"Maddalena S.p.A.\",\"description\":\"Metering Expertise\",\"potentialAction\":[{\"@type\":\"SearchAction\",\"target\":{\"@type\":\"EntryPoint\",\"urlTemplate\":\"https:\/\/d3w57dy8lxq74n.cloudfront.net\/fr\/?s={search_term_string}\"},\"query-input\":\"required name=search_term_string\"}],\"inLanguage\":\"fr-FR\"}]}<\/script>\n<!-- \/ Yoast SEO plugin. -->","yoast_head_json":{"title":"CD ONE TRP - COMPTEUR \u00c0 JET UNIQUE \u00c0 ROULEAUX PROT\u00c9G\u00c9S","description":"CD ONE TRP est la plus haute expression de compteur \u00e0 jet unique. Gr\u00e2ce \u00e0 la transmission m\u00e9canique, il offre de hautes performances m\u00e9trologiques, il est","robots":{"index":"noindex","follow":"follow","max-snippet":"max-snippet:-1","max-image-preview":"max-image-preview:large","max-video-preview":"max-video-preview:-1"},"og_locale":"fr_FR","og_type":"article","og_title":"CD ONE TRP - COMPTEUR \u00c0 JET UNIQUE \u00c0 ROULEAUX PROT\u00c9G\u00c9S","og_description":"CD ONE TRP est la plus haute expression de compteur \u00e0 jet unique. Gr\u00e2ce \u00e0 la transmission m\u00e9canique, il offre de hautes performances m\u00e9trologiques, il est","og_url":"https:\/\/d3w57dy8lxq74n.cloudfront.net\/fr\/produit\/cd-one-trp\/","og_site_name":"Maddalena S.p.A.","article_modified_time":"2023-04-04T15:49:15+00:00","og_image":[{"width":1600,"height":1201,"url":"https:\/\/d3w57dy8lxq74n.cloudfront.net\/wp-content\/uploads\/catalog-image\/mecto-cd-one-trp-3q.png","type":"image\/png"}],"twitter_card":"summary_large_image","schema":{"@context":"https:\/\/schema.org","@graph":[{"@type":"WebPage","@id":"https:\/\/d3w57dy8lxq74n.cloudfront.net\/fr\/produit\/cd-one-trp\/","url":"https:\/\/d3w57dy8lxq74n.cloudfront.net\/fr\/produit\/cd-one-trp\/","name":"CD ONE TRP - COMPTEUR \u00c0 JET UNIQUE \u00c0 ROULEAUX PROT\u00c9G\u00c9S","isPartOf":{"@id":"https:\/\/d3w57dy8lxq74n.cloudfront.net\/fr\/#website"},"datePublished":"2022-08-03T12:29:24+00:00","dateModified":"2023-04-04T15:49:15+00:00","description":"CD ONE TRP est la plus haute expression de compteur \u00e0 jet unique. Gr\u00e2ce \u00e0 la transmission m\u00e9canique, il offre de hautes performances m\u00e9trologiques, il est","breadcrumb":{"@id":"https:\/\/d3w57dy8lxq74n.cloudfront.net\/fr\/produit\/cd-one-trp\/#breadcrumb"},"inLanguage":"fr-FR","potentialAction":[{"@type":"ReadAction","target":["https:\/\/d3w57dy8lxq74n.cloudfront.net\/fr\/produit\/cd-one-trp\/"]}]},{"@type":"BreadcrumbList","@id":"https:\/\/d3w57dy8lxq74n.cloudfront.net\/fr\/produit\/cd-one-trp\/#breadcrumb","itemListElement":[{"@type":"ListItem","position":1,"name":"Home","item":"https:\/\/d3w57dy8lxq74n.cloudfront.net\/fr\/"},{"@type":"ListItem","position":2,"name":"Produits","item":"https:\/\/d3w57dy8lxq74n.cloudfront.net\/fr\/produit\/"},{"@type":"ListItem","position":3,"name":"Eau","item":"https:\/\/d3w57dy8lxq74n.cloudfront.net\/fr\/produits\/eau\/"},{"@type":"ListItem","position":4,"name":"MecTo","item":"https:\/\/d3w57dy8lxq74n.cloudfront.net\/fr\/produits\/mecto-fr\/"},{"@type":"ListItem","position":5,"name":"CD ONE TRP"}]},{"@type":"WebSite","@id":"https:\/\/d3w57dy8lxq74n.cloudfront.net\/fr\/#website","url":"https:\/\/d3w57dy8lxq74n.cloudfront.net\/fr\/","name":"Maddalena S.p.A.","description":"Metering Expertise","potentialAction":[{"@type":"SearchAction","target":{"@type":"EntryPoint","urlTemplate":"https:\/\/d3w57dy8lxq74n.cloudfront.net\/fr\/?s={search_term_string}"},"query-input":"required name=search_term_string"}],"inLanguage":"fr-FR"}]}},"_links":{"self":[{"href":"https:\/\/d3w57dy8lxq74n.cloudfront.net\/fr\/wp-json\/wp\/v2\/product\/18346"}],"collection":[{"href":"https:\/\/d3w57dy8lxq74n.cloudfront.net\/fr\/wp-json\/wp\/v2\/product"}],"about":[{"href":"https:\/\/d3w57dy8lxq74n.cloudfront.net\/fr\/wp-json\/wp\/v2\/types\/product"}],"wp:featuredmedia":[{"embeddable":true,"href":"https:\/\/d3w57dy8lxq74n.cloudfront.net\/fr\/wp-json\/wp\/v2\/media\/388"}],"wp:attachment":[{"href":"https:\/\/d3w57dy8lxq74n.cloudfront.net\/fr\/wp-json\/wp\/v2\/media?parent=18346"}],"wp:term":[{"taxonomy":"product_category","embeddable":true,"href":"https:\/\/d3w57dy8lxq74n.cloudfront.net\/fr\/wp-json\/wp\/v2\/product_category?post=18346"}],"curies":[{"name":"wp","href":"https:\/\/api.w.org\/{rel}","templated":true}]}}