{"id":18304,"date":"2022-08-03T14:29:24","date_gmt":"2022-08-03T12:29:24","guid":{"rendered":"http:\/\/d3w57dy8lxq74n.cloudfront.net\/?post_type=product&#038;p=18304"},"modified":"2023-04-04T18:00:42","modified_gmt":"2023-04-04T16:00:42","slug":"upz-evo","status":"publish","type":"product","link":"https:\/\/d3w57dy8lxq74n.cloudfront.net\/fr\/produit\/upz-evo\/","title":{"rendered":"UPZ EVO"},"content":{"rendered":"<p>Compteur coaxial, \u00e0 cadran sec et \u00e0 transmission magn\u00e9tique super dry avec raccord filet\u00e9 de 2\u201d et horlogerie Modularis. MecTo UPZ est la solution id\u00e9ale pour les applications divisionnaires domestiques internes (submetering) dans des installations \u00e0 colonnes montantes.<\/p>\n","protected":false},"excerpt":{"rendered":"<p>COMPTEUR \u00c0 CARTOUCHE COAXIALE<\/p>\n","protected":false},"featured_media":2508,"menu_order":2,"template":"","meta":{"_lmt_disableupdate":"","_lmt_disable":""},"product_category":[77],"acf":[],"yoast_head":"<!-- This site is optimized with the Yoast SEO plugin v20.7 - https:\/\/yoast.com\/wordpress\/plugins\/seo\/ -->\n<title>UPZ EVO - COMPTEUR \u00c0 CARTOUCHE COAXIALE<\/title>\n<meta name=\"description\" content=\"Compteur coaxial, \u00e0 cadran sec et \u00e0 transmission magn\u00e9tique super dry avec raccord filet\u00e9 de 2\u201d et horlogerie Modularis. MecTo UPZ est la solution id\u00e9ale\" \/>\n<meta name=\"robots\" content=\"noindex, follow, max-snippet:-1, max-image-preview:large, max-video-preview:-1\" \/>\n<meta property=\"og:locale\" content=\"fr_FR\" \/>\n<meta property=\"og:type\" content=\"article\" \/>\n<meta property=\"og:title\" content=\"UPZ EVO - COMPTEUR \u00c0 CARTOUCHE COAXIALE\" \/>\n<meta property=\"og:description\" content=\"Compteur coaxial, \u00e0 cadran sec et \u00e0 transmission magn\u00e9tique super dry avec raccord filet\u00e9 de 2\u201d et horlogerie Modularis. MecTo UPZ est la solution id\u00e9ale\" \/>\n<meta property=\"og:url\" content=\"https:\/\/d3w57dy8lxq74n.cloudfront.net\/fr\/produit\/upz-evo\/\" \/>\n<meta property=\"og:site_name\" content=\"Maddalena S.p.A.\" \/>\n<meta property=\"article:modified_time\" content=\"2023-04-04T16:00:42+00:00\" \/>\n<meta property=\"og:image\" content=\"https:\/\/d3w57dy8lxq74n.cloudfront.net\/wp-content\/uploads\/catalog-image\/mecto-upz-evo-blu-3q.png\" \/>\n\t<meta property=\"og:image:width\" content=\"1600\" \/>\n\t<meta property=\"og:image:height\" content=\"1600\" \/>\n\t<meta property=\"og:image:type\" content=\"image\/png\" \/>\n<meta name=\"twitter:card\" content=\"summary_large_image\" \/>\n<script type=\"application\/ld+json\" class=\"yoast-schema-graph\">{\"@context\":\"https:\/\/schema.org\",\"@graph\":[{\"@type\":\"WebPage\",\"@id\":\"https:\/\/d3w57dy8lxq74n.cloudfront.net\/fr\/produit\/upz-evo\/\",\"url\":\"https:\/\/d3w57dy8lxq74n.cloudfront.net\/fr\/produit\/upz-evo\/\",\"name\":\"UPZ EVO - COMPTEUR \u00c0 CARTOUCHE COAXIALE\",\"isPartOf\":{\"@id\":\"https:\/\/d3w57dy8lxq74n.cloudfront.net\/fr\/#website\"},\"datePublished\":\"2022-08-03T12:29:24+00:00\",\"dateModified\":\"2023-04-04T16:00:42+00:00\",\"description\":\"Compteur coaxial, \u00e0 cadran sec et \u00e0 transmission magn\u00e9tique super dry avec raccord filet\u00e9 de 2\u201d et horlogerie Modularis. MecTo UPZ est la solution id\u00e9ale\",\"breadcrumb\":{\"@id\":\"https:\/\/d3w57dy8lxq74n.cloudfront.net\/fr\/produit\/upz-evo\/#breadcrumb\"},\"inLanguage\":\"fr-FR\",\"potentialAction\":[{\"@type\":\"ReadAction\",\"target\":[\"https:\/\/d3w57dy8lxq74n.cloudfront.net\/fr\/produit\/upz-evo\/\"]}]},{\"@type\":\"BreadcrumbList\",\"@id\":\"https:\/\/d3w57dy8lxq74n.cloudfront.net\/fr\/produit\/upz-evo\/#breadcrumb\",\"itemListElement\":[{\"@type\":\"ListItem\",\"position\":1,\"name\":\"Home\",\"item\":\"https:\/\/d3w57dy8lxq74n.cloudfront.net\/fr\/\"},{\"@type\":\"ListItem\",\"position\":2,\"name\":\"Produits\",\"item\":\"https:\/\/d3w57dy8lxq74n.cloudfront.net\/fr\/produit\/\"},{\"@type\":\"ListItem\",\"position\":3,\"name\":\"Eau\",\"item\":\"https:\/\/d3w57dy8lxq74n.cloudfront.net\/fr\/produits\/eau\/\"},{\"@type\":\"ListItem\",\"position\":4,\"name\":\"MecTo\",\"item\":\"https:\/\/d3w57dy8lxq74n.cloudfront.net\/fr\/produits\/mecto-fr\/\"},{\"@type\":\"ListItem\",\"position\":5,\"name\":\"UPZ EVO\"}]},{\"@type\":\"WebSite\",\"@id\":\"https:\/\/d3w57dy8lxq74n.cloudfront.net\/fr\/#website\",\"url\":\"https:\/\/d3w57dy8lxq74n.cloudfront.net\/fr\/\",\"name\":\"Maddalena S.p.A.\",\"description\":\"Metering Expertise\",\"potentialAction\":[{\"@type\":\"SearchAction\",\"target\":{\"@type\":\"EntryPoint\",\"urlTemplate\":\"https:\/\/d3w57dy8lxq74n.cloudfront.net\/fr\/?s={search_term_string}\"},\"query-input\":\"required name=search_term_string\"}],\"inLanguage\":\"fr-FR\"}]}<\/script>\n<!-- \/ Yoast SEO plugin. -->","yoast_head_json":{"title":"UPZ EVO - COMPTEUR \u00c0 CARTOUCHE COAXIALE","description":"Compteur coaxial, \u00e0 cadran sec et \u00e0 transmission magn\u00e9tique super dry avec raccord filet\u00e9 de 2\u201d et horlogerie Modularis. MecTo UPZ est la solution id\u00e9ale","robots":{"index":"noindex","follow":"follow","max-snippet":"max-snippet:-1","max-image-preview":"max-image-preview:large","max-video-preview":"max-video-preview:-1"},"og_locale":"fr_FR","og_type":"article","og_title":"UPZ EVO - COMPTEUR \u00c0 CARTOUCHE COAXIALE","og_description":"Compteur coaxial, \u00e0 cadran sec et \u00e0 transmission magn\u00e9tique super dry avec raccord filet\u00e9 de 2\u201d et horlogerie Modularis. MecTo UPZ est la solution id\u00e9ale","og_url":"https:\/\/d3w57dy8lxq74n.cloudfront.net\/fr\/produit\/upz-evo\/","og_site_name":"Maddalena S.p.A.","article_modified_time":"2023-04-04T16:00:42+00:00","og_image":[{"width":1600,"height":1600,"url":"https:\/\/d3w57dy8lxq74n.cloudfront.net\/wp-content\/uploads\/catalog-image\/mecto-upz-evo-blu-3q.png","type":"image\/png"}],"twitter_card":"summary_large_image","schema":{"@context":"https:\/\/schema.org","@graph":[{"@type":"WebPage","@id":"https:\/\/d3w57dy8lxq74n.cloudfront.net\/fr\/produit\/upz-evo\/","url":"https:\/\/d3w57dy8lxq74n.cloudfront.net\/fr\/produit\/upz-evo\/","name":"UPZ EVO - COMPTEUR \u00c0 CARTOUCHE COAXIALE","isPartOf":{"@id":"https:\/\/d3w57dy8lxq74n.cloudfront.net\/fr\/#website"},"datePublished":"2022-08-03T12:29:24+00:00","dateModified":"2023-04-04T16:00:42+00:00","description":"Compteur coaxial, \u00e0 cadran sec et \u00e0 transmission magn\u00e9tique super dry avec raccord filet\u00e9 de 2\u201d et horlogerie Modularis. MecTo UPZ est la solution id\u00e9ale","breadcrumb":{"@id":"https:\/\/d3w57dy8lxq74n.cloudfront.net\/fr\/produit\/upz-evo\/#breadcrumb"},"inLanguage":"fr-FR","potentialAction":[{"@type":"ReadAction","target":["https:\/\/d3w57dy8lxq74n.cloudfront.net\/fr\/produit\/upz-evo\/"]}]},{"@type":"BreadcrumbList","@id":"https:\/\/d3w57dy8lxq74n.cloudfront.net\/fr\/produit\/upz-evo\/#breadcrumb","itemListElement":[{"@type":"ListItem","position":1,"name":"Home","item":"https:\/\/d3w57dy8lxq74n.cloudfront.net\/fr\/"},{"@type":"ListItem","position":2,"name":"Produits","item":"https:\/\/d3w57dy8lxq74n.cloudfront.net\/fr\/produit\/"},{"@type":"ListItem","position":3,"name":"Eau","item":"https:\/\/d3w57dy8lxq74n.cloudfront.net\/fr\/produits\/eau\/"},{"@type":"ListItem","position":4,"name":"MecTo","item":"https:\/\/d3w57dy8lxq74n.cloudfront.net\/fr\/produits\/mecto-fr\/"},{"@type":"ListItem","position":5,"name":"UPZ EVO"}]},{"@type":"WebSite","@id":"https:\/\/d3w57dy8lxq74n.cloudfront.net\/fr\/#website","url":"https:\/\/d3w57dy8lxq74n.cloudfront.net\/fr\/","name":"Maddalena S.p.A.","description":"Metering Expertise","potentialAction":[{"@type":"SearchAction","target":{"@type":"EntryPoint","urlTemplate":"https:\/\/d3w57dy8lxq74n.cloudfront.net\/fr\/?s={search_term_string}"},"query-input":"required name=search_term_string"}],"inLanguage":"fr-FR"}]}},"_links":{"self":[{"href":"https:\/\/d3w57dy8lxq74n.cloudfront.net\/fr\/wp-json\/wp\/v2\/product\/18304"}],"collection":[{"href":"https:\/\/d3w57dy8lxq74n.cloudfront.net\/fr\/wp-json\/wp\/v2\/product"}],"about":[{"href":"https:\/\/d3w57dy8lxq74n.cloudfront.net\/fr\/wp-json\/wp\/v2\/types\/product"}],"wp:featuredmedia":[{"embeddable":true,"href":"https:\/\/d3w57dy8lxq74n.cloudfront.net\/fr\/wp-json\/wp\/v2\/media\/2508"}],"wp:attachment":[{"href":"https:\/\/d3w57dy8lxq74n.cloudfront.net\/fr\/wp-json\/wp\/v2\/media?parent=18304"}],"wp:term":[{"taxonomy":"product_category","embeddable":true,"href":"https:\/\/d3w57dy8lxq74n.cloudfront.net\/fr\/wp-json\/wp\/v2\/product_category?post=18304"}],"curies":[{"name":"wp","href":"https:\/\/api.w.org\/{rel}","templated":true}]}}