{"id":18235,"date":"2022-08-03T14:29:05","date_gmt":"2022-08-03T12:29:05","guid":{"rendered":"http:\/\/d3w57dy8lxq74n.cloudfront.net\/?post_type=product&#038;p=18235"},"modified":"2023-04-06T17:02:51","modified_gmt":"2023-04-06T15:02:51","slug":"electo-sj","status":"publish","type":"product","link":"https:\/\/d3w57dy8lxq74n.cloudfront.net\/fr\/produit\/electo-sj\/","title":{"rendered":"ELECTO SJ"},"content":{"rendered":"<p>ElecTo SJ est un compteur \u00e0 jet unique qui offre la communication de donn\u00e9es int\u00e9gr\u00e9e gr\u00e2ce \u00e0 l\u2019innovante horlogerie \u00e9lectronique radio. Con\u00e7u tout sp\u00e9cialement pour les applications r\u00e9sidentielles, il est disponible tant pour l\u2019eau froide que pour l\u2019eau chaude. Le grand afficheur LCD en simplifie la lecture et rend disponibles des informations suppl\u00e9mentaires pour les utilisateurs et les g\u00e9rants de r\u00e9seaux. Il permet le t\u00e9l\u00e9relev\u00e9 des donn\u00e9es avec des syst\u00e8mes mobiles et fixes et satisfait toutes les exigences de la Directive Europ\u00e9enne sur l\u2019efficacit\u00e9 \u00e9nerg\u00e9tique.<\/p>\n","protected":false},"excerpt":{"rendered":"<p>COMPTEUR \u00c0 JET UNIQUE \u00c9LECTRONIQUE<\/p>\n","protected":false},"featured_media":482,"menu_order":1,"template":"","meta":{"_lmt_disableupdate":"","_lmt_disable":""},"product_category":[73],"acf":[],"yoast_head":"<!-- This site is optimized with the Yoast SEO plugin v20.7 - https:\/\/yoast.com\/wordpress\/plugins\/seo\/ -->\n<title>ELECTO SJ - COMPTEUR \u00c0 JET UNIQUE \u00c9LECTRONIQUE<\/title>\n<meta name=\"description\" content=\"ElecTo SJ est un compteur \u00e0 jet unique qui offre la communication de donn\u00e9es int\u00e9gr\u00e9e gr\u00e2ce \u00e0 l\u2019innovante horlogerie \u00e9lectronique radio. Con\u00e7u tout sp\" \/>\n<meta name=\"robots\" content=\"noindex, follow, max-snippet:-1, max-image-preview:large, max-video-preview:-1\" \/>\n<meta property=\"og:locale\" content=\"fr_FR\" \/>\n<meta property=\"og:type\" content=\"article\" \/>\n<meta property=\"og:title\" content=\"ELECTO SJ - COMPTEUR \u00c0 JET UNIQUE \u00c9LECTRONIQUE\" \/>\n<meta property=\"og:description\" content=\"ElecTo SJ est un compteur \u00e0 jet unique qui offre la communication de donn\u00e9es int\u00e9gr\u00e9e gr\u00e2ce \u00e0 l\u2019innovante horlogerie \u00e9lectronique radio. Con\u00e7u tout sp\" \/>\n<meta property=\"og:url\" content=\"https:\/\/d3w57dy8lxq74n.cloudfront.net\/fr\/produit\/electo-sj\/\" \/>\n<meta property=\"og:site_name\" content=\"Maddalena S.p.A.\" \/>\n<meta property=\"article:modified_time\" content=\"2023-04-06T15:02:51+00:00\" \/>\n<meta property=\"og:image\" content=\"https:\/\/d3w57dy8lxq74n.cloudfront.net\/wp-content\/uploads\/catalog-image\/22068-electo-sj-3q.png\" \/>\n\t<meta property=\"og:image:width\" content=\"1600\" \/>\n\t<meta property=\"og:image:height\" content=\"1200\" \/>\n\t<meta property=\"og:image:type\" content=\"image\/png\" \/>\n<meta name=\"twitter:card\" content=\"summary_large_image\" \/>\n<meta name=\"twitter:label1\" content=\"Est. reading time\" \/>\n\t<meta name=\"twitter:data1\" content=\"1 minute\" \/>\n<script type=\"application\/ld+json\" class=\"yoast-schema-graph\">{\"@context\":\"https:\/\/schema.org\",\"@graph\":[{\"@type\":\"WebPage\",\"@id\":\"https:\/\/d3w57dy8lxq74n.cloudfront.net\/fr\/produit\/electo-sj\/\",\"url\":\"https:\/\/d3w57dy8lxq74n.cloudfront.net\/fr\/produit\/electo-sj\/\",\"name\":\"ELECTO SJ - COMPTEUR \u00c0 JET UNIQUE \u00c9LECTRONIQUE\",\"isPartOf\":{\"@id\":\"https:\/\/d3w57dy8lxq74n.cloudfront.net\/fr\/#website\"},\"datePublished\":\"2022-08-03T12:29:05+00:00\",\"dateModified\":\"2023-04-06T15:02:51+00:00\",\"description\":\"ElecTo SJ est un compteur \u00e0 jet unique qui offre la communication de donn\u00e9es int\u00e9gr\u00e9e gr\u00e2ce \u00e0 l\u2019innovante horlogerie \u00e9lectronique radio. Con\u00e7u tout sp\",\"breadcrumb\":{\"@id\":\"https:\/\/d3w57dy8lxq74n.cloudfront.net\/fr\/produit\/electo-sj\/#breadcrumb\"},\"inLanguage\":\"fr-FR\",\"potentialAction\":[{\"@type\":\"ReadAction\",\"target\":[\"https:\/\/d3w57dy8lxq74n.cloudfront.net\/fr\/produit\/electo-sj\/\"]}]},{\"@type\":\"BreadcrumbList\",\"@id\":\"https:\/\/d3w57dy8lxq74n.cloudfront.net\/fr\/produit\/electo-sj\/#breadcrumb\",\"itemListElement\":[{\"@type\":\"ListItem\",\"position\":1,\"name\":\"Home\",\"item\":\"https:\/\/d3w57dy8lxq74n.cloudfront.net\/fr\/\"},{\"@type\":\"ListItem\",\"position\":2,\"name\":\"Produits\",\"item\":\"https:\/\/d3w57dy8lxq74n.cloudfront.net\/fr\/produit\/\"},{\"@type\":\"ListItem\",\"position\":3,\"name\":\"Eau\",\"item\":\"https:\/\/d3w57dy8lxq74n.cloudfront.net\/fr\/produits\/eau\/\"},{\"@type\":\"ListItem\",\"position\":4,\"name\":\"ElecTo\",\"item\":\"https:\/\/d3w57dy8lxq74n.cloudfront.net\/fr\/produits\/electo-fr\/\"},{\"@type\":\"ListItem\",\"position\":5,\"name\":\"ELECTO SJ\"}]},{\"@type\":\"WebSite\",\"@id\":\"https:\/\/d3w57dy8lxq74n.cloudfront.net\/fr\/#website\",\"url\":\"https:\/\/d3w57dy8lxq74n.cloudfront.net\/fr\/\",\"name\":\"Maddalena S.p.A.\",\"description\":\"Metering Expertise\",\"potentialAction\":[{\"@type\":\"SearchAction\",\"target\":{\"@type\":\"EntryPoint\",\"urlTemplate\":\"https:\/\/d3w57dy8lxq74n.cloudfront.net\/fr\/?s={search_term_string}\"},\"query-input\":\"required name=search_term_string\"}],\"inLanguage\":\"fr-FR\"}]}<\/script>\n<!-- \/ Yoast SEO plugin. -->","yoast_head_json":{"title":"ELECTO SJ - COMPTEUR \u00c0 JET UNIQUE \u00c9LECTRONIQUE","description":"ElecTo SJ est un compteur \u00e0 jet unique qui offre la communication de donn\u00e9es int\u00e9gr\u00e9e gr\u00e2ce \u00e0 l\u2019innovante horlogerie \u00e9lectronique radio. Con\u00e7u tout sp","robots":{"index":"noindex","follow":"follow","max-snippet":"max-snippet:-1","max-image-preview":"max-image-preview:large","max-video-preview":"max-video-preview:-1"},"og_locale":"fr_FR","og_type":"article","og_title":"ELECTO SJ - COMPTEUR \u00c0 JET UNIQUE \u00c9LECTRONIQUE","og_description":"ElecTo SJ est un compteur \u00e0 jet unique qui offre la communication de donn\u00e9es int\u00e9gr\u00e9e gr\u00e2ce \u00e0 l\u2019innovante horlogerie \u00e9lectronique radio. Con\u00e7u tout sp","og_url":"https:\/\/d3w57dy8lxq74n.cloudfront.net\/fr\/produit\/electo-sj\/","og_site_name":"Maddalena S.p.A.","article_modified_time":"2023-04-06T15:02:51+00:00","og_image":[{"width":1600,"height":1200,"url":"https:\/\/d3w57dy8lxq74n.cloudfront.net\/wp-content\/uploads\/catalog-image\/22068-electo-sj-3q.png","type":"image\/png"}],"twitter_card":"summary_large_image","twitter_misc":{"Est. reading time":"1 minute"},"schema":{"@context":"https:\/\/schema.org","@graph":[{"@type":"WebPage","@id":"https:\/\/d3w57dy8lxq74n.cloudfront.net\/fr\/produit\/electo-sj\/","url":"https:\/\/d3w57dy8lxq74n.cloudfront.net\/fr\/produit\/electo-sj\/","name":"ELECTO SJ - COMPTEUR \u00c0 JET UNIQUE \u00c9LECTRONIQUE","isPartOf":{"@id":"https:\/\/d3w57dy8lxq74n.cloudfront.net\/fr\/#website"},"datePublished":"2022-08-03T12:29:05+00:00","dateModified":"2023-04-06T15:02:51+00:00","description":"ElecTo SJ est un compteur \u00e0 jet unique qui offre la communication de donn\u00e9es int\u00e9gr\u00e9e gr\u00e2ce \u00e0 l\u2019innovante horlogerie \u00e9lectronique radio. Con\u00e7u tout sp","breadcrumb":{"@id":"https:\/\/d3w57dy8lxq74n.cloudfront.net\/fr\/produit\/electo-sj\/#breadcrumb"},"inLanguage":"fr-FR","potentialAction":[{"@type":"ReadAction","target":["https:\/\/d3w57dy8lxq74n.cloudfront.net\/fr\/produit\/electo-sj\/"]}]},{"@type":"BreadcrumbList","@id":"https:\/\/d3w57dy8lxq74n.cloudfront.net\/fr\/produit\/electo-sj\/#breadcrumb","itemListElement":[{"@type":"ListItem","position":1,"name":"Home","item":"https:\/\/d3w57dy8lxq74n.cloudfront.net\/fr\/"},{"@type":"ListItem","position":2,"name":"Produits","item":"https:\/\/d3w57dy8lxq74n.cloudfront.net\/fr\/produit\/"},{"@type":"ListItem","position":3,"name":"Eau","item":"https:\/\/d3w57dy8lxq74n.cloudfront.net\/fr\/produits\/eau\/"},{"@type":"ListItem","position":4,"name":"ElecTo","item":"https:\/\/d3w57dy8lxq74n.cloudfront.net\/fr\/produits\/electo-fr\/"},{"@type":"ListItem","position":5,"name":"ELECTO SJ"}]},{"@type":"WebSite","@id":"https:\/\/d3w57dy8lxq74n.cloudfront.net\/fr\/#website","url":"https:\/\/d3w57dy8lxq74n.cloudfront.net\/fr\/","name":"Maddalena S.p.A.","description":"Metering Expertise","potentialAction":[{"@type":"SearchAction","target":{"@type":"EntryPoint","urlTemplate":"https:\/\/d3w57dy8lxq74n.cloudfront.net\/fr\/?s={search_term_string}"},"query-input":"required name=search_term_string"}],"inLanguage":"fr-FR"}]}},"_links":{"self":[{"href":"https:\/\/d3w57dy8lxq74n.cloudfront.net\/fr\/wp-json\/wp\/v2\/product\/18235"}],"collection":[{"href":"https:\/\/d3w57dy8lxq74n.cloudfront.net\/fr\/wp-json\/wp\/v2\/product"}],"about":[{"href":"https:\/\/d3w57dy8lxq74n.cloudfront.net\/fr\/wp-json\/wp\/v2\/types\/product"}],"wp:featuredmedia":[{"embeddable":true,"href":"https:\/\/d3w57dy8lxq74n.cloudfront.net\/fr\/wp-json\/wp\/v2\/media\/482"}],"wp:attachment":[{"href":"https:\/\/d3w57dy8lxq74n.cloudfront.net\/fr\/wp-json\/wp\/v2\/media?parent=18235"}],"wp:term":[{"taxonomy":"product_category","embeddable":true,"href":"https:\/\/d3w57dy8lxq74n.cloudfront.net\/fr\/wp-json\/wp\/v2\/product_category?post=18235"}],"curies":[{"name":"wp","href":"https:\/\/api.w.org\/{rel}","templated":true}]}}