{"id":20447,"date":"2022-07-22T16:57:13","date_gmt":"2022-07-22T14:57:13","guid":{"rendered":"http:\/\/d3w57dy8lxq74n.cloudfront.net\/durabilite-notre-parcours\/sa8000\/"},"modified":"2023-04-07T16:54:19","modified_gmt":"2023-04-07T14:54:19","slug":"sa8000","status":"publish","type":"page","link":"https:\/\/d3w57dy8lxq74n.cloudfront.net\/fr\/durabilite\/sa8000\/","title":{"rendered":"SA8000"},"content":{"rendered":"\n<p><p>La certification \u00e9thique\u00a0<strong>SA8000<\/strong> &#8211; <strong>Social Accountability<\/strong> &#8211; est la premi\u00e8re norme appliqu\u00e9e \u00e0 l\u2019\u00e9chelle internationale qui certifie la responsabilit\u00e9 sociale d\u2019une entreprise. SA8000\u00a0est un<strong> mod\u00e8le de gestion<\/strong> qui se propose de valoriser et e prot\u00e9ger les personnes des organisations qui l\u2019adoptent.<\/p><\/p>\n\n<p><p>C\u2019est une <strong>norme volontaire<\/strong> pr\u00e9sente dans tous les principaux pays producteurs et qui d\u00e9finit les crit\u00e8res \u00e0 satisfaire pour garantir la qualit\u00e9 des conditions de travail des personnes.<\/p><\/p>\n\n<p><p><strong>L\u2019obtention de la certification<\/strong> est un r\u00e9sultat important que Maddalena S.p.A. est fi\u00e8re d\u2019avoir atteint et qui t\u00e9moigne de l\u2019engagement de l\u2019entreprise en mati\u00e8re de Responsabilit\u00e9 Sociale d\u2019Entreprise.<\/p><\/p>\n","protected":false},"excerpt":{"rendered":"<p>La certification \u00e9thique\u00a0SA8000 &#8211; Social Accountability &#8211; est la premi\u00e8re norme appliqu\u00e9e \u00e0 l\u2019\u00e9chelle internationale qui certifie la responsabilit\u00e9 sociale d\u2019une entreprise. SA8000\u00a0est un mod\u00e8le de gestion qui se propose de valoriser et e prot\u00e9ger les personnes des organisations qui l\u2019adoptent. C\u2019est une norme volontaire pr\u00e9sente dans tous les principaux pays producteurs et qui d\u00e9finit [&hellip;]<\/p>\n","protected":false},"author":3,"featured_media":0,"parent":20147,"menu_order":0,"comment_status":"closed","ping_status":"closed","template":"","meta":{"_lmt_disableupdate":"","_lmt_disable":""},"acf":[],"yoast_head":"<!-- This site is optimized with the Yoast SEO plugin v20.7 - https:\/\/yoast.com\/wordpress\/plugins\/seo\/ -->\n<title>SA8000 - Maddalena S.p.A.<\/title>\n<meta name=\"description\" content=\"L\u2019obtention de la certification SA8000 est un r\u00e9sultat qui t\u00e9moigne de l\u2019engagement de l\u2019entreprise en mati\u00e8re de responsabilit\u00e9 sociale.\" \/>\n<meta name=\"robots\" content=\"noindex, follow, max-snippet:-1, max-image-preview:large, max-video-preview:-1\" \/>\n<meta property=\"og:locale\" content=\"fr_FR\" \/>\n<meta property=\"og:type\" content=\"article\" \/>\n<meta property=\"og:title\" content=\"SA8000 - Maddalena S.p.A.\" \/>\n<meta property=\"og:description\" content=\"L\u2019obtention de la certification SA8000 est un r\u00e9sultat qui t\u00e9moigne de l\u2019engagement de l\u2019entreprise en mati\u00e8re de responsabilit\u00e9 sociale.\" \/>\n<meta property=\"og:url\" content=\"https:\/\/d3w57dy8lxq74n.cloudfront.net\/fr\/durabilite\/sa8000\/\" \/>\n<meta property=\"og:site_name\" content=\"Maddalena S.p.A.\" \/>\n<meta property=\"article:modified_time\" content=\"2023-04-07T14:54:19+00:00\" \/>\n<meta name=\"twitter:card\" content=\"summary_large_image\" \/>\n<meta name=\"twitter:label1\" content=\"Est. reading time\" \/>\n\t<meta name=\"twitter:data1\" content=\"1 minute\" \/>\n<script type=\"application\/ld+json\" class=\"yoast-schema-graph\">{\"@context\":\"https:\/\/schema.org\",\"@graph\":[{\"@type\":\"WebPage\",\"@id\":\"https:\/\/d3w57dy8lxq74n.cloudfront.net\/fr\/durabilite\/sa8000\/\",\"url\":\"https:\/\/d3w57dy8lxq74n.cloudfront.net\/fr\/durabilite\/sa8000\/\",\"name\":\"SA8000 - Maddalena S.p.A.\",\"isPartOf\":{\"@id\":\"https:\/\/d3w57dy8lxq74n.cloudfront.net\/fr\/#website\"},\"datePublished\":\"2022-07-22T14:57:13+00:00\",\"dateModified\":\"2023-04-07T14:54:19+00:00\",\"description\":\"L\u2019obtention de la certification SA8000 est un r\u00e9sultat qui t\u00e9moigne de l\u2019engagement de l\u2019entreprise en mati\u00e8re de responsabilit\u00e9 sociale.\",\"breadcrumb\":{\"@id\":\"https:\/\/d3w57dy8lxq74n.cloudfront.net\/fr\/durabilite\/sa8000\/#breadcrumb\"},\"inLanguage\":\"fr-FR\",\"potentialAction\":[{\"@type\":\"ReadAction\",\"target\":[\"https:\/\/d3w57dy8lxq74n.cloudfront.net\/fr\/durabilite\/sa8000\/\"]}]},{\"@type\":\"BreadcrumbList\",\"@id\":\"https:\/\/d3w57dy8lxq74n.cloudfront.net\/fr\/durabilite\/sa8000\/#breadcrumb\",\"itemListElement\":[{\"@type\":\"ListItem\",\"position\":1,\"name\":\"Home\",\"item\":\"https:\/\/d3w57dy8lxq74n.cloudfront.net\/fr\/\"},{\"@type\":\"ListItem\",\"position\":2,\"name\":\"Durabilit\u00e9\u00a0: notre parcours\",\"item\":\"https:\/\/d3w57dy8lxq74n.cloudfront.net\/fr\/durabilite\/\"},{\"@type\":\"ListItem\",\"position\":3,\"name\":\"SA8000\"}]},{\"@type\":\"WebSite\",\"@id\":\"https:\/\/d3w57dy8lxq74n.cloudfront.net\/fr\/#website\",\"url\":\"https:\/\/d3w57dy8lxq74n.cloudfront.net\/fr\/\",\"name\":\"Maddalena S.p.A.\",\"description\":\"Metering Expertise\",\"potentialAction\":[{\"@type\":\"SearchAction\",\"target\":{\"@type\":\"EntryPoint\",\"urlTemplate\":\"https:\/\/d3w57dy8lxq74n.cloudfront.net\/fr\/?s={search_term_string}\"},\"query-input\":\"required name=search_term_string\"}],\"inLanguage\":\"fr-FR\"}]}<\/script>\n<!-- \/ Yoast SEO plugin. -->","yoast_head_json":{"title":"SA8000 - Maddalena S.p.A.","description":"L\u2019obtention de la certification SA8000 est un r\u00e9sultat qui t\u00e9moigne de l\u2019engagement de l\u2019entreprise en mati\u00e8re de responsabilit\u00e9 sociale.","robots":{"index":"noindex","follow":"follow","max-snippet":"max-snippet:-1","max-image-preview":"max-image-preview:large","max-video-preview":"max-video-preview:-1"},"og_locale":"fr_FR","og_type":"article","og_title":"SA8000 - Maddalena S.p.A.","og_description":"L\u2019obtention de la certification SA8000 est un r\u00e9sultat qui t\u00e9moigne de l\u2019engagement de l\u2019entreprise en mati\u00e8re de responsabilit\u00e9 sociale.","og_url":"https:\/\/d3w57dy8lxq74n.cloudfront.net\/fr\/durabilite\/sa8000\/","og_site_name":"Maddalena S.p.A.","article_modified_time":"2023-04-07T14:54:19+00:00","twitter_card":"summary_large_image","twitter_misc":{"Est. reading time":"1 minute"},"schema":{"@context":"https:\/\/schema.org","@graph":[{"@type":"WebPage","@id":"https:\/\/d3w57dy8lxq74n.cloudfront.net\/fr\/durabilite\/sa8000\/","url":"https:\/\/d3w57dy8lxq74n.cloudfront.net\/fr\/durabilite\/sa8000\/","name":"SA8000 - Maddalena S.p.A.","isPartOf":{"@id":"https:\/\/d3w57dy8lxq74n.cloudfront.net\/fr\/#website"},"datePublished":"2022-07-22T14:57:13+00:00","dateModified":"2023-04-07T14:54:19+00:00","description":"L\u2019obtention de la certification SA8000 est un r\u00e9sultat qui t\u00e9moigne de l\u2019engagement de l\u2019entreprise en mati\u00e8re de responsabilit\u00e9 sociale.","breadcrumb":{"@id":"https:\/\/d3w57dy8lxq74n.cloudfront.net\/fr\/durabilite\/sa8000\/#breadcrumb"},"inLanguage":"fr-FR","potentialAction":[{"@type":"ReadAction","target":["https:\/\/d3w57dy8lxq74n.cloudfront.net\/fr\/durabilite\/sa8000\/"]}]},{"@type":"BreadcrumbList","@id":"https:\/\/d3w57dy8lxq74n.cloudfront.net\/fr\/durabilite\/sa8000\/#breadcrumb","itemListElement":[{"@type":"ListItem","position":1,"name":"Home","item":"https:\/\/d3w57dy8lxq74n.cloudfront.net\/fr\/"},{"@type":"ListItem","position":2,"name":"Durabilit\u00e9\u00a0: notre parcours","item":"https:\/\/d3w57dy8lxq74n.cloudfront.net\/fr\/durabilite\/"},{"@type":"ListItem","position":3,"name":"SA8000"}]},{"@type":"WebSite","@id":"https:\/\/d3w57dy8lxq74n.cloudfront.net\/fr\/#website","url":"https:\/\/d3w57dy8lxq74n.cloudfront.net\/fr\/","name":"Maddalena S.p.A.","description":"Metering Expertise","potentialAction":[{"@type":"SearchAction","target":{"@type":"EntryPoint","urlTemplate":"https:\/\/d3w57dy8lxq74n.cloudfront.net\/fr\/?s={search_term_string}"},"query-input":"required name=search_term_string"}],"inLanguage":"fr-FR"}]}},"_links":{"self":[{"href":"https:\/\/d3w57dy8lxq74n.cloudfront.net\/fr\/wp-json\/wp\/v2\/pages\/20447"}],"collection":[{"href":"https:\/\/d3w57dy8lxq74n.cloudfront.net\/fr\/wp-json\/wp\/v2\/pages"}],"about":[{"href":"https:\/\/d3w57dy8lxq74n.cloudfront.net\/fr\/wp-json\/wp\/v2\/types\/page"}],"author":[{"embeddable":true,"href":"https:\/\/d3w57dy8lxq74n.cloudfront.net\/fr\/wp-json\/wp\/v2\/users\/3"}],"replies":[{"embeddable":true,"href":"https:\/\/d3w57dy8lxq74n.cloudfront.net\/fr\/wp-json\/wp\/v2\/comments?post=20447"}],"version-history":[{"count":5,"href":"https:\/\/d3w57dy8lxq74n.cloudfront.net\/fr\/wp-json\/wp\/v2\/pages\/20447\/revisions"}],"predecessor-version":[{"id":21957,"href":"https:\/\/d3w57dy8lxq74n.cloudfront.net\/fr\/wp-json\/wp\/v2\/pages\/20447\/revisions\/21957"}],"up":[{"embeddable":true,"href":"https:\/\/d3w57dy8lxq74n.cloudfront.net\/fr\/wp-json\/wp\/v2\/pages\/20147"}],"wp:attachment":[{"href":"https:\/\/d3w57dy8lxq74n.cloudfront.net\/fr\/wp-json\/wp\/v2\/media?parent=20447"}],"curies":[{"name":"wp","href":"https:\/\/api.w.org\/{rel}","templated":true}]}}