{"id":20445,"date":"2022-06-28T12:45:28","date_gmt":"2022-06-28T10:45:28","guid":{"rendered":"http:\/\/d3w57dy8lxq74n.cloudfront.net\/durabilite-notre-parcours\/esg\/"},"modified":"2023-04-14T10:00:12","modified_gmt":"2023-04-14T08:00:12","slug":"esg","status":"publish","type":"page","link":"https:\/\/d3w57dy8lxq74n.cloudfront.net\/fr\/durabilite\/esg\/","title":{"rendered":"ESG : les actes avant la parole"},"content":{"rendered":"\n<p><strong>L\u2019acronyme ESG signifie Environnement, Social et Gouvernance <\/strong> et se rapporte aux trois principaux facteurs permettant d\u2019\u00e9valuer le caract\u00e8re durable d&#8217;un investissement. Dans l\u2019analyse des actions mises en \u0153uvre, en termes de durabilit\u00e9, par Maddalena S.p.A., nous voulons aller au c\u0153ur du sujet, car pour nous les actions comptent beaucoup plus que les mots. Les activit\u00e9s illustr\u00e9es ici tiennent compte non seulement des facteurs \u00e9conomiques et financiers mais pr\u00e9cis\u00e9ment aussi de ces crit\u00e8res\u00a0:<\/p>\n\n<ul>\n<li><strong>Environnement<\/strong> r\u00e9unit les activit\u00e9s qui ont un impact sur la gestion environnementale<\/li>\n\n\n\n<li><strong>Social<\/strong> comprend les initiatives ayant un impact social pour les parties prenantes internes ou externes de l\u2019entreprise.<\/li>\n\n\n\n<li><strong>Gouvernance<\/strong> porte sur la mani\u00e8re dont l\u2019entreprise est dirig\u00e9e et administr\u00e9e<\/li>\n<\/ul>\n\n<div class=\"wp-block-buttons is-content-justification-left is-layout-flex wp-container-1\">\n<div class=\"wp-block-button is-style-outline\"><a class=\"wp-block-button__link has-white-color has-vivid-red-background-color has-text-color has-background wp-element-button\" href=\"https:\/\/d3w57dy8lxq74n.cloudfront.net\/wp-content\/uploads\/2022\/06\/Maddalena_ESG_FR_.pdf\" style=\"border-radius:100px\" target=\"_blank\" rel=\"noreferrer noopener\"><strong>T\u00c9L\u00c9CHARGEZ L\u2019INFOGRAPHIE<\/strong><\/a><\/div>\n<\/div>\n","protected":false},"excerpt":{"rendered":"<p>L\u2019acronyme ESG signifie Environnement, Social et Gouvernance et se rapporte aux trois principaux facteurs permettant d\u2019\u00e9valuer le caract\u00e8re durable d&#8217;un investissement. Dans l\u2019analyse des actions mises en \u0153uvre, en termes de durabilit\u00e9, par Maddalena S.p.A., nous voulons aller au c\u0153ur du sujet, car pour nous les actions comptent beaucoup plus que les mots. Les activit\u00e9s [&hellip;]<\/p>\n","protected":false},"author":2,"featured_media":0,"parent":20147,"menu_order":61,"comment_status":"closed","ping_status":"closed","template":"","meta":{"_lmt_disableupdate":"no","_lmt_disable":""},"acf":[],"yoast_head":"<!-- This site is optimized with the Yoast SEO plugin v20.7 - https:\/\/yoast.com\/wordpress\/plugins\/seo\/ -->\n<title>ESG : les actes avant la parole - Maddalena S.p.A.<\/title>\n<meta name=\"description\" content=\"Maddalena S.p.A. s\u2019engage concr\u00e8tement sur le plan environnemental, social et de gouvernance (ESG) pour un avenir plus durable.\" \/>\n<meta name=\"robots\" content=\"noindex, follow, max-snippet:-1, max-image-preview:large, max-video-preview:-1\" \/>\n<meta property=\"og:locale\" content=\"fr_FR\" \/>\n<meta property=\"og:type\" content=\"article\" \/>\n<meta property=\"og:title\" content=\"ESG : les actes avant la parole - Maddalena S.p.A.\" \/>\n<meta property=\"og:description\" content=\"Maddalena S.p.A. s\u2019engage concr\u00e8tement sur le plan environnemental, social et de gouvernance (ESG) pour un avenir plus durable.\" \/>\n<meta property=\"og:url\" content=\"https:\/\/d3w57dy8lxq74n.cloudfront.net\/fr\/durabilite\/esg\/\" \/>\n<meta property=\"og:site_name\" content=\"Maddalena S.p.A.\" \/>\n<meta property=\"article:modified_time\" content=\"2023-04-14T08:00:12+00:00\" \/>\n<meta name=\"twitter:card\" content=\"summary_large_image\" \/>\n<meta name=\"twitter:label1\" content=\"Est. reading time\" \/>\n\t<meta name=\"twitter:data1\" content=\"1 minute\" \/>\n<script type=\"application\/ld+json\" class=\"yoast-schema-graph\">{\"@context\":\"https:\/\/schema.org\",\"@graph\":[{\"@type\":\"WebPage\",\"@id\":\"https:\/\/d3w57dy8lxq74n.cloudfront.net\/fr\/durabilite\/esg\/\",\"url\":\"https:\/\/d3w57dy8lxq74n.cloudfront.net\/fr\/durabilite\/esg\/\",\"name\":\"ESG : les actes avant la parole - Maddalena S.p.A.\",\"isPartOf\":{\"@id\":\"https:\/\/d3w57dy8lxq74n.cloudfront.net\/fr\/#website\"},\"datePublished\":\"2022-06-28T10:45:28+00:00\",\"dateModified\":\"2023-04-14T08:00:12+00:00\",\"description\":\"Maddalena S.p.A. s\u2019engage concr\u00e8tement sur le plan environnemental, social et de gouvernance (ESG) pour un avenir plus durable.\",\"breadcrumb\":{\"@id\":\"https:\/\/d3w57dy8lxq74n.cloudfront.net\/fr\/durabilite\/esg\/#breadcrumb\"},\"inLanguage\":\"fr-FR\",\"potentialAction\":[{\"@type\":\"ReadAction\",\"target\":[\"https:\/\/d3w57dy8lxq74n.cloudfront.net\/fr\/durabilite\/esg\/\"]}]},{\"@type\":\"BreadcrumbList\",\"@id\":\"https:\/\/d3w57dy8lxq74n.cloudfront.net\/fr\/durabilite\/esg\/#breadcrumb\",\"itemListElement\":[{\"@type\":\"ListItem\",\"position\":1,\"name\":\"Home\",\"item\":\"https:\/\/d3w57dy8lxq74n.cloudfront.net\/fr\/\"},{\"@type\":\"ListItem\",\"position\":2,\"name\":\"Durabilit\u00e9\u00a0: notre parcours\",\"item\":\"https:\/\/d3w57dy8lxq74n.cloudfront.net\/fr\/durabilite\/\"},{\"@type\":\"ListItem\",\"position\":3,\"name\":\"ESG : les actes avant la parole\"}]},{\"@type\":\"WebSite\",\"@id\":\"https:\/\/d3w57dy8lxq74n.cloudfront.net\/fr\/#website\",\"url\":\"https:\/\/d3w57dy8lxq74n.cloudfront.net\/fr\/\",\"name\":\"Maddalena S.p.A.\",\"description\":\"Metering Expertise\",\"potentialAction\":[{\"@type\":\"SearchAction\",\"target\":{\"@type\":\"EntryPoint\",\"urlTemplate\":\"https:\/\/d3w57dy8lxq74n.cloudfront.net\/fr\/?s={search_term_string}\"},\"query-input\":\"required name=search_term_string\"}],\"inLanguage\":\"fr-FR\"}]}<\/script>\n<!-- \/ Yoast SEO plugin. -->","yoast_head_json":{"title":"ESG : les actes avant la parole - Maddalena S.p.A.","description":"Maddalena S.p.A. s\u2019engage concr\u00e8tement sur le plan environnemental, social et de gouvernance (ESG) pour un avenir plus durable.","robots":{"index":"noindex","follow":"follow","max-snippet":"max-snippet:-1","max-image-preview":"max-image-preview:large","max-video-preview":"max-video-preview:-1"},"og_locale":"fr_FR","og_type":"article","og_title":"ESG : les actes avant la parole - Maddalena S.p.A.","og_description":"Maddalena S.p.A. s\u2019engage concr\u00e8tement sur le plan environnemental, social et de gouvernance (ESG) pour un avenir plus durable.","og_url":"https:\/\/d3w57dy8lxq74n.cloudfront.net\/fr\/durabilite\/esg\/","og_site_name":"Maddalena S.p.A.","article_modified_time":"2023-04-14T08:00:12+00:00","twitter_card":"summary_large_image","twitter_misc":{"Est. reading time":"1 minute"},"schema":{"@context":"https:\/\/schema.org","@graph":[{"@type":"WebPage","@id":"https:\/\/d3w57dy8lxq74n.cloudfront.net\/fr\/durabilite\/esg\/","url":"https:\/\/d3w57dy8lxq74n.cloudfront.net\/fr\/durabilite\/esg\/","name":"ESG : les actes avant la parole - Maddalena S.p.A.","isPartOf":{"@id":"https:\/\/d3w57dy8lxq74n.cloudfront.net\/fr\/#website"},"datePublished":"2022-06-28T10:45:28+00:00","dateModified":"2023-04-14T08:00:12+00:00","description":"Maddalena S.p.A. s\u2019engage concr\u00e8tement sur le plan environnemental, social et de gouvernance (ESG) pour un avenir plus durable.","breadcrumb":{"@id":"https:\/\/d3w57dy8lxq74n.cloudfront.net\/fr\/durabilite\/esg\/#breadcrumb"},"inLanguage":"fr-FR","potentialAction":[{"@type":"ReadAction","target":["https:\/\/d3w57dy8lxq74n.cloudfront.net\/fr\/durabilite\/esg\/"]}]},{"@type":"BreadcrumbList","@id":"https:\/\/d3w57dy8lxq74n.cloudfront.net\/fr\/durabilite\/esg\/#breadcrumb","itemListElement":[{"@type":"ListItem","position":1,"name":"Home","item":"https:\/\/d3w57dy8lxq74n.cloudfront.net\/fr\/"},{"@type":"ListItem","position":2,"name":"Durabilit\u00e9\u00a0: notre parcours","item":"https:\/\/d3w57dy8lxq74n.cloudfront.net\/fr\/durabilite\/"},{"@type":"ListItem","position":3,"name":"ESG : les actes avant la parole"}]},{"@type":"WebSite","@id":"https:\/\/d3w57dy8lxq74n.cloudfront.net\/fr\/#website","url":"https:\/\/d3w57dy8lxq74n.cloudfront.net\/fr\/","name":"Maddalena S.p.A.","description":"Metering Expertise","potentialAction":[{"@type":"SearchAction","target":{"@type":"EntryPoint","urlTemplate":"https:\/\/d3w57dy8lxq74n.cloudfront.net\/fr\/?s={search_term_string}"},"query-input":"required name=search_term_string"}],"inLanguage":"fr-FR"}]}},"_links":{"self":[{"href":"https:\/\/d3w57dy8lxq74n.cloudfront.net\/fr\/wp-json\/wp\/v2\/pages\/20445"}],"collection":[{"href":"https:\/\/d3w57dy8lxq74n.cloudfront.net\/fr\/wp-json\/wp\/v2\/pages"}],"about":[{"href":"https:\/\/d3w57dy8lxq74n.cloudfront.net\/fr\/wp-json\/wp\/v2\/types\/page"}],"author":[{"embeddable":true,"href":"https:\/\/d3w57dy8lxq74n.cloudfront.net\/fr\/wp-json\/wp\/v2\/users\/2"}],"replies":[{"embeddable":true,"href":"https:\/\/d3w57dy8lxq74n.cloudfront.net\/fr\/wp-json\/wp\/v2\/comments?post=20445"}],"version-history":[{"count":5,"href":"https:\/\/d3w57dy8lxq74n.cloudfront.net\/fr\/wp-json\/wp\/v2\/pages\/20445\/revisions"}],"predecessor-version":[{"id":25040,"href":"https:\/\/d3w57dy8lxq74n.cloudfront.net\/fr\/wp-json\/wp\/v2\/pages\/20445\/revisions\/25040"}],"up":[{"embeddable":true,"href":"https:\/\/d3w57dy8lxq74n.cloudfront.net\/fr\/wp-json\/wp\/v2\/pages\/20147"}],"wp:attachment":[{"href":"https:\/\/d3w57dy8lxq74n.cloudfront.net\/fr\/wp-json\/wp\/v2\/media?parent=20445"}],"curies":[{"name":"wp","href":"https:\/\/api.w.org\/{rel}","templated":true}]}}