{"id":20443,"date":"2022-07-08T09:50:38","date_gmt":"2022-07-08T07:50:38","guid":{"rendered":"http:\/\/d3w57dy8lxq74n.cloudfront.net\/durabilite-notre-parcours\/agenda-2030\/"},"modified":"2023-02-15T14:44:31","modified_gmt":"2023-02-15T13:44:31","slug":"agenda-2030","status":"publish","type":"page","link":"https:\/\/d3w57dy8lxq74n.cloudfront.net\/fr\/durabilite\/agenda-2030\/","title":{"rendered":"Agenda 2030"},"content":{"rendered":"\n<p><strong>L\u2019Agenda 2030 est un plan d\u2019action pour l\u2019humanit\u00e9, la plan\u00e8te et la prosp\u00e9rit\u00e9 <\/strong>adopt\u00e9 le 25 septembre 2015 par les gouvernements des 193 \u00c9tats membres de l\u2019ONU.<\/p>\n\n<p>Les entreprises sont appel\u00e9es \u00e0 contribuer de mani\u00e8re concr\u00e8te, par leurs actions, \u00e0 la r\u00e9alisation des <strong><a href=\"https:\/\/www.un.org\/sustainabledevelopment\/fr\/objectifs-de-developpement-durable\/\">17 Objectifs pour le d\u00e9veloppement durable<\/a> \u2013 Sustainable Development Goals, SDGs \u2013<\/strong> d\u00e9compos\u00e9s en 169 cibles plus pr\u00e9cises, d\u2019ici 2030.<\/p>\n\n<p>L\u2019Agenda 2030 met l\u2019accent sur la <strong>non-durabilit\u00e9 du mod\u00e8le de d\u00e9veloppement actuel<\/strong>, non seulement d\u2019un point de vue environnemental, mais aussi \u00e9conomique et social,\u00a0affirmant finalement une <strong>vision int\u00e9gr\u00e9e <\/strong>des diff\u00e9rentes dimensions de la durabilit\u00e9.<\/p>\n","protected":false},"excerpt":{"rendered":"<p>L\u2019Agenda 2030 est un plan d\u2019action pour l\u2019humanit\u00e9, la plan\u00e8te et la prosp\u00e9rit\u00e9 adopt\u00e9 le 25 septembre 2015 par les gouvernements des 193 \u00c9tats membres de l\u2019ONU. Les entreprises sont appel\u00e9es \u00e0 contribuer de mani\u00e8re concr\u00e8te, par leurs actions, \u00e0 la r\u00e9alisation des 17 Objectifs pour le d\u00e9veloppement durable \u2013 Sustainable Development Goals, SDGs \u2013 [&hellip;]<\/p>\n","protected":false},"author":3,"featured_media":0,"parent":20147,"menu_order":48,"comment_status":"closed","ping_status":"closed","template":"","meta":{"_lmt_disableupdate":"","_lmt_disable":""},"acf":[],"yoast_head":"<!-- This site is optimized with the Yoast SEO plugin v20.7 - https:\/\/yoast.com\/wordpress\/plugins\/seo\/ -->\n<title>Agenda 2030 - Maddalena S.p.A.<\/title>\n<meta name=\"description\" content=\"Maddalena S.p.A. travaille sur 12 des 17 objectifs pour le d\u00e9veloppement durable de l\u2019Agenda 2030 \u00e0 travers de nombreuses activit\u00e9s.\" \/>\n<meta name=\"robots\" content=\"noindex, follow, max-snippet:-1, max-image-preview:large, max-video-preview:-1\" \/>\n<meta property=\"og:locale\" content=\"fr_FR\" \/>\n<meta property=\"og:type\" content=\"article\" \/>\n<meta property=\"og:title\" content=\"Agenda 2030 - Maddalena S.p.A.\" \/>\n<meta property=\"og:description\" content=\"Maddalena S.p.A. travaille sur 12 des 17 objectifs pour le d\u00e9veloppement durable de l\u2019Agenda 2030 \u00e0 travers de nombreuses activit\u00e9s.\" \/>\n<meta property=\"og:url\" content=\"https:\/\/d3w57dy8lxq74n.cloudfront.net\/fr\/durabilite\/agenda-2030\/\" \/>\n<meta property=\"og:site_name\" content=\"Maddalena S.p.A.\" \/>\n<meta property=\"article:modified_time\" content=\"2023-02-15T13:44:31+00:00\" \/>\n<meta name=\"twitter:card\" content=\"summary_large_image\" \/>\n<meta name=\"twitter:label1\" content=\"Est. reading time\" \/>\n\t<meta name=\"twitter:data1\" content=\"1 minute\" \/>\n<script type=\"application\/ld+json\" class=\"yoast-schema-graph\">{\"@context\":\"https:\/\/schema.org\",\"@graph\":[{\"@type\":\"WebPage\",\"@id\":\"https:\/\/d3w57dy8lxq74n.cloudfront.net\/fr\/durabilite\/agenda-2030\/\",\"url\":\"https:\/\/d3w57dy8lxq74n.cloudfront.net\/fr\/durabilite\/agenda-2030\/\",\"name\":\"Agenda 2030 - Maddalena S.p.A.\",\"isPartOf\":{\"@id\":\"https:\/\/d3w57dy8lxq74n.cloudfront.net\/fr\/#website\"},\"datePublished\":\"2022-07-08T07:50:38+00:00\",\"dateModified\":\"2023-02-15T13:44:31+00:00\",\"description\":\"Maddalena S.p.A. travaille sur 12 des 17 objectifs pour le d\u00e9veloppement durable de l\u2019Agenda 2030 \u00e0 travers de nombreuses activit\u00e9s.\",\"breadcrumb\":{\"@id\":\"https:\/\/d3w57dy8lxq74n.cloudfront.net\/fr\/durabilite\/agenda-2030\/#breadcrumb\"},\"inLanguage\":\"fr-FR\",\"potentialAction\":[{\"@type\":\"ReadAction\",\"target\":[\"https:\/\/d3w57dy8lxq74n.cloudfront.net\/fr\/durabilite\/agenda-2030\/\"]}]},{\"@type\":\"BreadcrumbList\",\"@id\":\"https:\/\/d3w57dy8lxq74n.cloudfront.net\/fr\/durabilite\/agenda-2030\/#breadcrumb\",\"itemListElement\":[{\"@type\":\"ListItem\",\"position\":1,\"name\":\"Home\",\"item\":\"https:\/\/d3w57dy8lxq74n.cloudfront.net\/fr\/\"},{\"@type\":\"ListItem\",\"position\":2,\"name\":\"Durabilit\u00e9\u00a0: notre parcours\",\"item\":\"https:\/\/d3w57dy8lxq74n.cloudfront.net\/fr\/durabilite\/\"},{\"@type\":\"ListItem\",\"position\":3,\"name\":\"Agenda 2030\"}]},{\"@type\":\"WebSite\",\"@id\":\"https:\/\/d3w57dy8lxq74n.cloudfront.net\/fr\/#website\",\"url\":\"https:\/\/d3w57dy8lxq74n.cloudfront.net\/fr\/\",\"name\":\"Maddalena S.p.A.\",\"description\":\"Metering Expertise\",\"potentialAction\":[{\"@type\":\"SearchAction\",\"target\":{\"@type\":\"EntryPoint\",\"urlTemplate\":\"https:\/\/d3w57dy8lxq74n.cloudfront.net\/fr\/?s={search_term_string}\"},\"query-input\":\"required name=search_term_string\"}],\"inLanguage\":\"fr-FR\"}]}<\/script>\n<!-- \/ Yoast SEO plugin. -->","yoast_head_json":{"title":"Agenda 2030 - Maddalena S.p.A.","description":"Maddalena S.p.A. travaille sur 12 des 17 objectifs pour le d\u00e9veloppement durable de l\u2019Agenda 2030 \u00e0 travers de nombreuses activit\u00e9s.","robots":{"index":"noindex","follow":"follow","max-snippet":"max-snippet:-1","max-image-preview":"max-image-preview:large","max-video-preview":"max-video-preview:-1"},"og_locale":"fr_FR","og_type":"article","og_title":"Agenda 2030 - Maddalena S.p.A.","og_description":"Maddalena S.p.A. travaille sur 12 des 17 objectifs pour le d\u00e9veloppement durable de l\u2019Agenda 2030 \u00e0 travers de nombreuses activit\u00e9s.","og_url":"https:\/\/d3w57dy8lxq74n.cloudfront.net\/fr\/durabilite\/agenda-2030\/","og_site_name":"Maddalena S.p.A.","article_modified_time":"2023-02-15T13:44:31+00:00","twitter_card":"summary_large_image","twitter_misc":{"Est. reading time":"1 minute"},"schema":{"@context":"https:\/\/schema.org","@graph":[{"@type":"WebPage","@id":"https:\/\/d3w57dy8lxq74n.cloudfront.net\/fr\/durabilite\/agenda-2030\/","url":"https:\/\/d3w57dy8lxq74n.cloudfront.net\/fr\/durabilite\/agenda-2030\/","name":"Agenda 2030 - Maddalena S.p.A.","isPartOf":{"@id":"https:\/\/d3w57dy8lxq74n.cloudfront.net\/fr\/#website"},"datePublished":"2022-07-08T07:50:38+00:00","dateModified":"2023-02-15T13:44:31+00:00","description":"Maddalena S.p.A. travaille sur 12 des 17 objectifs pour le d\u00e9veloppement durable de l\u2019Agenda 2030 \u00e0 travers de nombreuses activit\u00e9s.","breadcrumb":{"@id":"https:\/\/d3w57dy8lxq74n.cloudfront.net\/fr\/durabilite\/agenda-2030\/#breadcrumb"},"inLanguage":"fr-FR","potentialAction":[{"@type":"ReadAction","target":["https:\/\/d3w57dy8lxq74n.cloudfront.net\/fr\/durabilite\/agenda-2030\/"]}]},{"@type":"BreadcrumbList","@id":"https:\/\/d3w57dy8lxq74n.cloudfront.net\/fr\/durabilite\/agenda-2030\/#breadcrumb","itemListElement":[{"@type":"ListItem","position":1,"name":"Home","item":"https:\/\/d3w57dy8lxq74n.cloudfront.net\/fr\/"},{"@type":"ListItem","position":2,"name":"Durabilit\u00e9\u00a0: notre parcours","item":"https:\/\/d3w57dy8lxq74n.cloudfront.net\/fr\/durabilite\/"},{"@type":"ListItem","position":3,"name":"Agenda 2030"}]},{"@type":"WebSite","@id":"https:\/\/d3w57dy8lxq74n.cloudfront.net\/fr\/#website","url":"https:\/\/d3w57dy8lxq74n.cloudfront.net\/fr\/","name":"Maddalena S.p.A.","description":"Metering Expertise","potentialAction":[{"@type":"SearchAction","target":{"@type":"EntryPoint","urlTemplate":"https:\/\/d3w57dy8lxq74n.cloudfront.net\/fr\/?s={search_term_string}"},"query-input":"required name=search_term_string"}],"inLanguage":"fr-FR"}]}},"_links":{"self":[{"href":"https:\/\/d3w57dy8lxq74n.cloudfront.net\/fr\/wp-json\/wp\/v2\/pages\/20443"}],"collection":[{"href":"https:\/\/d3w57dy8lxq74n.cloudfront.net\/fr\/wp-json\/wp\/v2\/pages"}],"about":[{"href":"https:\/\/d3w57dy8lxq74n.cloudfront.net\/fr\/wp-json\/wp\/v2\/types\/page"}],"author":[{"embeddable":true,"href":"https:\/\/d3w57dy8lxq74n.cloudfront.net\/fr\/wp-json\/wp\/v2\/users\/3"}],"replies":[{"embeddable":true,"href":"https:\/\/d3w57dy8lxq74n.cloudfront.net\/fr\/wp-json\/wp\/v2\/comments?post=20443"}],"version-history":[{"count":5,"href":"https:\/\/d3w57dy8lxq74n.cloudfront.net\/fr\/wp-json\/wp\/v2\/pages\/20443\/revisions"}],"predecessor-version":[{"id":21764,"href":"https:\/\/d3w57dy8lxq74n.cloudfront.net\/fr\/wp-json\/wp\/v2\/pages\/20443\/revisions\/21764"}],"up":[{"embeddable":true,"href":"https:\/\/d3w57dy8lxq74n.cloudfront.net\/fr\/wp-json\/wp\/v2\/pages\/20147"}],"wp:attachment":[{"href":"https:\/\/d3w57dy8lxq74n.cloudfront.net\/fr\/wp-json\/wp\/v2\/media?parent=20443"}],"curies":[{"name":"wp","href":"https:\/\/api.w.org\/{rel}","templated":true}]}}