{"id":20147,"date":"2022-04-21T15:13:54","date_gmt":"2022-04-21T13:13:54","guid":{"rendered":"http:\/\/d3w57dy8lxq74n.cloudfront.net\/durabilite-notre-parcours\/"},"modified":"2023-04-14T08:52:07","modified_gmt":"2023-04-14T06:52:07","slug":"durabilite","status":"publish","type":"page","link":"https:\/\/d3w57dy8lxq74n.cloudfront.net\/fr\/durabilite\/","title":{"rendered":"Durabilit\u00e9\u00a0: notre parcours"},"content":{"rendered":"\n<p>Le principal objectif de Maddalena S.p.A., lorsqu\u2019on parle de durabilit\u00e9, est <strong>de mesurer et de r\u00e9duire <\/strong>le gaspillage de la ressource la plus pr\u00e9cieuse que poss\u00e8de notre plan\u00e8te&nbsp;: l\u2019<strong>eau.<\/strong><\/p>\n\n\n\n<p>Aborder les th\u00e8mes li\u00e9s au <strong><a href=\"https:\/\/asvis.it\/who-we-are\/\" target=\"_blank\" rel=\"noreferrer noopener\">D\u00e9veloppement durable<\/a><\/strong> implique aujourd\u2019hui de r\u00e9fl\u00e9chir dans une perspective large en adoptant des <strong>comportements responsables <\/strong>non plus seulement d\u2019un point de vue environnemental, mais aussi en \u00e9tendant notre regard aux domaines de la durabilit\u00e9 sociale et de la gouvernance d\u2019entreprise. Ce n\u2019est qu\u2019en agissant de cette mani\u00e8re qu\u2019il est possible de contribuer \u00e0 la <strong>cr\u00e9ation de valeur durable et de g\u00e9n\u00e9rer un avantage<\/strong> pour notre entreprise et toutes ses parties prenantes.<\/p>\n\n\n\n<p>La durabilit\u00e9 fait partie de notre <strong>DNA<\/strong>, en orientant les strat\u00e9gies et les choix de l\u2019entreprise.<\/p>\n","protected":false},"excerpt":{"rendered":"<p>Le principal objectif de Maddalena S.p.A., lorsqu\u2019on parle de durabilit\u00e9, est de mesurer et de r\u00e9duire le gaspillage de la ressource la plus pr\u00e9cieuse que poss\u00e8de notre plan\u00e8te&nbsp;: l\u2019eau. Aborder les th\u00e8mes li\u00e9s au D\u00e9veloppement durable implique aujourd\u2019hui de r\u00e9fl\u00e9chir dans une perspective large en adoptant des comportements responsables non plus seulement d\u2019un point de [&hellip;]<\/p>\n","protected":false},"author":1,"featured_media":0,"parent":0,"menu_order":43,"comment_status":"closed","ping_status":"closed","template":"","meta":{"_lmt_disableupdate":"","_lmt_disable":""},"acf":[],"yoast_head":"<!-- This site is optimized with the Yoast SEO plugin v20.7 - https:\/\/yoast.com\/wordpress\/plugins\/seo\/ -->\n<title>Durabilit\u00e9\u00a0: notre parcours - Maddalena S.p.A.<\/title>\n<meta name=\"description\" content=\"Maddalena a obtenu des r\u00e9sultats importants qui t\u00e9moignent de son engagement pour la durabilit\u00e9\u00a0: Agenda 2030, actions ESG, SA8000, Reporting Environnemental\" \/>\n<meta name=\"robots\" content=\"noindex, follow, max-snippet:-1, max-image-preview:large, max-video-preview:-1\" \/>\n<meta property=\"og:locale\" content=\"fr_FR\" \/>\n<meta property=\"og:type\" content=\"article\" \/>\n<meta property=\"og:title\" content=\"Durabilit\u00e9\u00a0: notre parcours - Maddalena S.p.A.\" \/>\n<meta property=\"og:description\" content=\"Maddalena a obtenu des r\u00e9sultats importants qui t\u00e9moignent de son engagement pour la durabilit\u00e9\u00a0: Agenda 2030, actions ESG, SA8000, Reporting Environnemental\" \/>\n<meta property=\"og:url\" content=\"https:\/\/d3w57dy8lxq74n.cloudfront.net\/fr\/durabilite\/\" \/>\n<meta property=\"og:site_name\" content=\"Maddalena S.p.A.\" \/>\n<meta property=\"article:modified_time\" content=\"2023-04-14T06:52:07+00:00\" \/>\n<meta name=\"twitter:card\" content=\"summary_large_image\" \/>\n<meta name=\"twitter:label1\" content=\"Est. reading time\" \/>\n\t<meta name=\"twitter:data1\" content=\"1 minute\" \/>\n<script type=\"application\/ld+json\" class=\"yoast-schema-graph\">{\"@context\":\"https:\/\/schema.org\",\"@graph\":[{\"@type\":\"WebPage\",\"@id\":\"https:\/\/d3w57dy8lxq74n.cloudfront.net\/fr\/durabilite\/\",\"url\":\"https:\/\/d3w57dy8lxq74n.cloudfront.net\/fr\/durabilite\/\",\"name\":\"Durabilit\u00e9\u00a0: notre parcours - Maddalena S.p.A.\",\"isPartOf\":{\"@id\":\"https:\/\/d3w57dy8lxq74n.cloudfront.net\/fr\/#website\"},\"datePublished\":\"2022-04-21T13:13:54+00:00\",\"dateModified\":\"2023-04-14T06:52:07+00:00\",\"description\":\"Maddalena a obtenu des r\u00e9sultats importants qui t\u00e9moignent de son engagement pour la durabilit\u00e9\u00a0: Agenda 2030, actions ESG, SA8000, Reporting Environnemental\",\"breadcrumb\":{\"@id\":\"https:\/\/d3w57dy8lxq74n.cloudfront.net\/fr\/durabilite\/#breadcrumb\"},\"inLanguage\":\"fr-FR\",\"potentialAction\":[{\"@type\":\"ReadAction\",\"target\":[\"https:\/\/d3w57dy8lxq74n.cloudfront.net\/fr\/durabilite\/\"]}]},{\"@type\":\"BreadcrumbList\",\"@id\":\"https:\/\/d3w57dy8lxq74n.cloudfront.net\/fr\/durabilite\/#breadcrumb\",\"itemListElement\":[{\"@type\":\"ListItem\",\"position\":1,\"name\":\"Home\",\"item\":\"https:\/\/d3w57dy8lxq74n.cloudfront.net\/fr\/\"},{\"@type\":\"ListItem\",\"position\":2,\"name\":\"Durabilit\u00e9\u00a0: notre parcours\"}]},{\"@type\":\"WebSite\",\"@id\":\"https:\/\/d3w57dy8lxq74n.cloudfront.net\/fr\/#website\",\"url\":\"https:\/\/d3w57dy8lxq74n.cloudfront.net\/fr\/\",\"name\":\"Maddalena S.p.A.\",\"description\":\"Metering Expertise\",\"potentialAction\":[{\"@type\":\"SearchAction\",\"target\":{\"@type\":\"EntryPoint\",\"urlTemplate\":\"https:\/\/d3w57dy8lxq74n.cloudfront.net\/fr\/?s={search_term_string}\"},\"query-input\":\"required name=search_term_string\"}],\"inLanguage\":\"fr-FR\"}]}<\/script>\n<!-- \/ Yoast SEO plugin. -->","yoast_head_json":{"title":"Durabilit\u00e9\u00a0: notre parcours - Maddalena S.p.A.","description":"Maddalena a obtenu des r\u00e9sultats importants qui t\u00e9moignent de son engagement pour la durabilit\u00e9\u00a0: Agenda 2030, actions ESG, SA8000, Reporting Environnemental","robots":{"index":"noindex","follow":"follow","max-snippet":"max-snippet:-1","max-image-preview":"max-image-preview:large","max-video-preview":"max-video-preview:-1"},"og_locale":"fr_FR","og_type":"article","og_title":"Durabilit\u00e9\u00a0: notre parcours - Maddalena S.p.A.","og_description":"Maddalena a obtenu des r\u00e9sultats importants qui t\u00e9moignent de son engagement pour la durabilit\u00e9\u00a0: Agenda 2030, actions ESG, SA8000, Reporting Environnemental","og_url":"https:\/\/d3w57dy8lxq74n.cloudfront.net\/fr\/durabilite\/","og_site_name":"Maddalena S.p.A.","article_modified_time":"2023-04-14T06:52:07+00:00","twitter_card":"summary_large_image","twitter_misc":{"Est. reading time":"1 minute"},"schema":{"@context":"https:\/\/schema.org","@graph":[{"@type":"WebPage","@id":"https:\/\/d3w57dy8lxq74n.cloudfront.net\/fr\/durabilite\/","url":"https:\/\/d3w57dy8lxq74n.cloudfront.net\/fr\/durabilite\/","name":"Durabilit\u00e9\u00a0: notre parcours - Maddalena S.p.A.","isPartOf":{"@id":"https:\/\/d3w57dy8lxq74n.cloudfront.net\/fr\/#website"},"datePublished":"2022-04-21T13:13:54+00:00","dateModified":"2023-04-14T06:52:07+00:00","description":"Maddalena a obtenu des r\u00e9sultats importants qui t\u00e9moignent de son engagement pour la durabilit\u00e9\u00a0: Agenda 2030, actions ESG, SA8000, Reporting Environnemental","breadcrumb":{"@id":"https:\/\/d3w57dy8lxq74n.cloudfront.net\/fr\/durabilite\/#breadcrumb"},"inLanguage":"fr-FR","potentialAction":[{"@type":"ReadAction","target":["https:\/\/d3w57dy8lxq74n.cloudfront.net\/fr\/durabilite\/"]}]},{"@type":"BreadcrumbList","@id":"https:\/\/d3w57dy8lxq74n.cloudfront.net\/fr\/durabilite\/#breadcrumb","itemListElement":[{"@type":"ListItem","position":1,"name":"Home","item":"https:\/\/d3w57dy8lxq74n.cloudfront.net\/fr\/"},{"@type":"ListItem","position":2,"name":"Durabilit\u00e9\u00a0: notre parcours"}]},{"@type":"WebSite","@id":"https:\/\/d3w57dy8lxq74n.cloudfront.net\/fr\/#website","url":"https:\/\/d3w57dy8lxq74n.cloudfront.net\/fr\/","name":"Maddalena S.p.A.","description":"Metering Expertise","potentialAction":[{"@type":"SearchAction","target":{"@type":"EntryPoint","urlTemplate":"https:\/\/d3w57dy8lxq74n.cloudfront.net\/fr\/?s={search_term_string}"},"query-input":"required name=search_term_string"}],"inLanguage":"fr-FR"}]}},"_links":{"self":[{"href":"https:\/\/d3w57dy8lxq74n.cloudfront.net\/fr\/wp-json\/wp\/v2\/pages\/20147"}],"collection":[{"href":"https:\/\/d3w57dy8lxq74n.cloudfront.net\/fr\/wp-json\/wp\/v2\/pages"}],"about":[{"href":"https:\/\/d3w57dy8lxq74n.cloudfront.net\/fr\/wp-json\/wp\/v2\/types\/page"}],"author":[{"embeddable":true,"href":"https:\/\/d3w57dy8lxq74n.cloudfront.net\/fr\/wp-json\/wp\/v2\/users\/1"}],"replies":[{"embeddable":true,"href":"https:\/\/d3w57dy8lxq74n.cloudfront.net\/fr\/wp-json\/wp\/v2\/comments?post=20147"}],"version-history":[{"count":5,"href":"https:\/\/d3w57dy8lxq74n.cloudfront.net\/fr\/wp-json\/wp\/v2\/pages\/20147\/revisions"}],"predecessor-version":[{"id":25031,"href":"https:\/\/d3w57dy8lxq74n.cloudfront.net\/fr\/wp-json\/wp\/v2\/pages\/20147\/revisions\/25031"}],"wp:attachment":[{"href":"https:\/\/d3w57dy8lxq74n.cloudfront.net\/fr\/wp-json\/wp\/v2\/media?parent=20147"}],"curies":[{"name":"wp","href":"https:\/\/api.w.org\/{rel}","templated":true}]}}