{"id":17823,"date":"2022-04-21T15:12:34","date_gmt":"2022-04-21T13:12:34","guid":{"rendered":"http:\/\/d3w57dy8lxq74n.cloudfront.net\/qui-sommes-nous\/"},"modified":"2023-02-03T14:34:30","modified_gmt":"2023-02-03T13:34:30","slug":"qui-sommes-nous","status":"publish","type":"page","link":"https:\/\/d3w57dy8lxq74n.cloudfront.net\/fr\/qui-sommes-nous\/","title":{"rendered":"Qui sommes-nous"},"content":{"rendered":"\n<p><strong>Maddalena S.p.A. est l\u2019une des plus grandes industries internationales dans le secteur des instruments de mesure de l\u2019eau et de l\u2019\u00e9nergie thermique.<\/strong> Fond\u00e9e en 1919, elle a constamment fait \u00e9voluer la structure de l\u2019entreprise et son offre de compteurs pour les particuliers et les gros utilisateurs. Les produits Maddalena r\u00e9pondent aujourd\u2019hui aux besoins des grandes entreprises de services publics du monde entier.<\/p>\n\n<p><span lang=\"FR\">\u00a0L\u2019usine de Povoletto (Udine) a la plus grande capacit\u00e9 de production en Europe sous le m\u00eame toit et produit plus de 3 millions d\u2019instruments par an.\u00a0<\/span><strong><span lang=\"FR\">\u00c0 l\u2019usine principale du Frioul s\u2019ajoute le site de production en Allemagne, <a href=\"http:\/\/d3w57dy8lxq74n.cloudfront.net\/de\/maddalena-gmbh\/\">Maddalena GmbH<\/a>, inaugur\u00e9 en 2018.<\/span><\/strong><\/p>\n\n<p>Avec le regard tourn\u00e9 depuis toujours vers l\u2019innovation, <strong>Maddalena S.p.A. offre une gamme compl\u00e8te de compteurs intelligents, avec horlogerie m\u00e9canique et \u00e9lectronique<\/strong>, conform\u00e9ment aux exigences de la Directive Europ\u00e9enne sur l\u2019efficacit\u00e9 \u00e9nerg\u00e9tique.<\/p>\n","protected":false},"excerpt":{"rendered":"<p>Maddalena S.p.A. est l\u2019une des plus grandes industries internationales dans le secteur des instruments de mesure de l\u2019eau et de l\u2019\u00e9nergie thermique. Fond\u00e9e en 1919, elle a constamment fait \u00e9voluer la structure de l\u2019entreprise et son offre de compteurs pour les particuliers et les gros utilisateurs. Les produits Maddalena r\u00e9pondent aujourd\u2019hui aux besoins des grandes [&hellip;]<\/p>\n","protected":false},"author":1,"featured_media":0,"parent":0,"menu_order":1,"comment_status":"closed","ping_status":"closed","template":"","meta":{"_lmt_disableupdate":"","_lmt_disable":""},"acf":[],"yoast_head":"<!-- This site is optimized with the Yoast SEO plugin v20.7 - https:\/\/yoast.com\/wordpress\/plugins\/seo\/ -->\n<title>Qui sommes-nous - Maddalena S.p.A.<\/title>\n<meta name=\"description\" content=\"Maddalena S.p.A. est l\u2019une des plus grandes industries internationales dans le secteur des instruments de mesure de l\u2019eau et de l\u2019\u00e9nergie thermique.\" \/>\n<meta name=\"robots\" content=\"noindex, follow, max-snippet:-1, max-image-preview:large, max-video-preview:-1\" \/>\n<meta property=\"og:locale\" content=\"fr_FR\" \/>\n<meta property=\"og:type\" content=\"article\" \/>\n<meta property=\"og:title\" content=\"Qui sommes-nous - Maddalena S.p.A.\" \/>\n<meta property=\"og:description\" content=\"Maddalena S.p.A. est l\u2019une des plus grandes industries internationales dans le secteur des instruments de mesure de l\u2019eau et de l\u2019\u00e9nergie thermique.\" \/>\n<meta property=\"og:url\" content=\"https:\/\/d3w57dy8lxq74n.cloudfront.net\/fr\/qui-sommes-nous\/\" \/>\n<meta property=\"og:site_name\" content=\"Maddalena S.p.A.\" \/>\n<meta property=\"article:modified_time\" content=\"2023-02-03T13:34:30+00:00\" \/>\n<meta name=\"twitter:card\" content=\"summary_large_image\" \/>\n<meta name=\"twitter:label1\" content=\"Est. reading time\" \/>\n\t<meta name=\"twitter:data1\" content=\"1 minute\" \/>\n<script type=\"application\/ld+json\" class=\"yoast-schema-graph\">{\"@context\":\"https:\/\/schema.org\",\"@graph\":[{\"@type\":\"WebPage\",\"@id\":\"https:\/\/d3w57dy8lxq74n.cloudfront.net\/fr\/qui-sommes-nous\/\",\"url\":\"https:\/\/d3w57dy8lxq74n.cloudfront.net\/fr\/qui-sommes-nous\/\",\"name\":\"Qui sommes-nous - Maddalena S.p.A.\",\"isPartOf\":{\"@id\":\"https:\/\/d3w57dy8lxq74n.cloudfront.net\/fr\/#website\"},\"datePublished\":\"2022-04-21T13:12:34+00:00\",\"dateModified\":\"2023-02-03T13:34:30+00:00\",\"description\":\"Maddalena S.p.A. est l\u2019une des plus grandes industries internationales dans le secteur des instruments de mesure de l\u2019eau et de l\u2019\u00e9nergie thermique.\",\"breadcrumb\":{\"@id\":\"https:\/\/d3w57dy8lxq74n.cloudfront.net\/fr\/qui-sommes-nous\/#breadcrumb\"},\"inLanguage\":\"fr-FR\",\"potentialAction\":[{\"@type\":\"ReadAction\",\"target\":[\"https:\/\/d3w57dy8lxq74n.cloudfront.net\/fr\/qui-sommes-nous\/\"]}]},{\"@type\":\"BreadcrumbList\",\"@id\":\"https:\/\/d3w57dy8lxq74n.cloudfront.net\/fr\/qui-sommes-nous\/#breadcrumb\",\"itemListElement\":[{\"@type\":\"ListItem\",\"position\":1,\"name\":\"Home\",\"item\":\"https:\/\/d3w57dy8lxq74n.cloudfront.net\/fr\/\"},{\"@type\":\"ListItem\",\"position\":2,\"name\":\"Qui sommes-nous\"}]},{\"@type\":\"WebSite\",\"@id\":\"https:\/\/d3w57dy8lxq74n.cloudfront.net\/fr\/#website\",\"url\":\"https:\/\/d3w57dy8lxq74n.cloudfront.net\/fr\/\",\"name\":\"Maddalena S.p.A.\",\"description\":\"Metering Expertise\",\"potentialAction\":[{\"@type\":\"SearchAction\",\"target\":{\"@type\":\"EntryPoint\",\"urlTemplate\":\"https:\/\/d3w57dy8lxq74n.cloudfront.net\/fr\/?s={search_term_string}\"},\"query-input\":\"required name=search_term_string\"}],\"inLanguage\":\"fr-FR\"}]}<\/script>\n<!-- \/ Yoast SEO plugin. -->","yoast_head_json":{"title":"Qui sommes-nous - Maddalena S.p.A.","description":"Maddalena S.p.A. est l\u2019une des plus grandes industries internationales dans le secteur des instruments de mesure de l\u2019eau et de l\u2019\u00e9nergie thermique.","robots":{"index":"noindex","follow":"follow","max-snippet":"max-snippet:-1","max-image-preview":"max-image-preview:large","max-video-preview":"max-video-preview:-1"},"og_locale":"fr_FR","og_type":"article","og_title":"Qui sommes-nous - Maddalena S.p.A.","og_description":"Maddalena S.p.A. est l\u2019une des plus grandes industries internationales dans le secteur des instruments de mesure de l\u2019eau et de l\u2019\u00e9nergie thermique.","og_url":"https:\/\/d3w57dy8lxq74n.cloudfront.net\/fr\/qui-sommes-nous\/","og_site_name":"Maddalena S.p.A.","article_modified_time":"2023-02-03T13:34:30+00:00","twitter_card":"summary_large_image","twitter_misc":{"Est. reading time":"1 minute"},"schema":{"@context":"https:\/\/schema.org","@graph":[{"@type":"WebPage","@id":"https:\/\/d3w57dy8lxq74n.cloudfront.net\/fr\/qui-sommes-nous\/","url":"https:\/\/d3w57dy8lxq74n.cloudfront.net\/fr\/qui-sommes-nous\/","name":"Qui sommes-nous - Maddalena S.p.A.","isPartOf":{"@id":"https:\/\/d3w57dy8lxq74n.cloudfront.net\/fr\/#website"},"datePublished":"2022-04-21T13:12:34+00:00","dateModified":"2023-02-03T13:34:30+00:00","description":"Maddalena S.p.A. est l\u2019une des plus grandes industries internationales dans le secteur des instruments de mesure de l\u2019eau et de l\u2019\u00e9nergie thermique.","breadcrumb":{"@id":"https:\/\/d3w57dy8lxq74n.cloudfront.net\/fr\/qui-sommes-nous\/#breadcrumb"},"inLanguage":"fr-FR","potentialAction":[{"@type":"ReadAction","target":["https:\/\/d3w57dy8lxq74n.cloudfront.net\/fr\/qui-sommes-nous\/"]}]},{"@type":"BreadcrumbList","@id":"https:\/\/d3w57dy8lxq74n.cloudfront.net\/fr\/qui-sommes-nous\/#breadcrumb","itemListElement":[{"@type":"ListItem","position":1,"name":"Home","item":"https:\/\/d3w57dy8lxq74n.cloudfront.net\/fr\/"},{"@type":"ListItem","position":2,"name":"Qui sommes-nous"}]},{"@type":"WebSite","@id":"https:\/\/d3w57dy8lxq74n.cloudfront.net\/fr\/#website","url":"https:\/\/d3w57dy8lxq74n.cloudfront.net\/fr\/","name":"Maddalena S.p.A.","description":"Metering Expertise","potentialAction":[{"@type":"SearchAction","target":{"@type":"EntryPoint","urlTemplate":"https:\/\/d3w57dy8lxq74n.cloudfront.net\/fr\/?s={search_term_string}"},"query-input":"required name=search_term_string"}],"inLanguage":"fr-FR"}]}},"_links":{"self":[{"href":"https:\/\/d3w57dy8lxq74n.cloudfront.net\/fr\/wp-json\/wp\/v2\/pages\/17823"}],"collection":[{"href":"https:\/\/d3w57dy8lxq74n.cloudfront.net\/fr\/wp-json\/wp\/v2\/pages"}],"about":[{"href":"https:\/\/d3w57dy8lxq74n.cloudfront.net\/fr\/wp-json\/wp\/v2\/types\/page"}],"author":[{"embeddable":true,"href":"https:\/\/d3w57dy8lxq74n.cloudfront.net\/fr\/wp-json\/wp\/v2\/users\/1"}],"replies":[{"embeddable":true,"href":"https:\/\/d3w57dy8lxq74n.cloudfront.net\/fr\/wp-json\/wp\/v2\/comments?post=17823"}],"version-history":[{"count":5,"href":"https:\/\/d3w57dy8lxq74n.cloudfront.net\/fr\/wp-json\/wp\/v2\/pages\/17823\/revisions"}],"predecessor-version":[{"id":22902,"href":"https:\/\/d3w57dy8lxq74n.cloudfront.net\/fr\/wp-json\/wp\/v2\/pages\/17823\/revisions\/22902"}],"wp:attachment":[{"href":"https:\/\/d3w57dy8lxq74n.cloudfront.net\/fr\/wp-json\/wp\/v2\/media?parent=17823"}],"curies":[{"name":"wp","href":"https:\/\/api.w.org\/{rel}","templated":true}]}}