{"id":16195,"date":"2022-06-23T15:49:16","date_gmt":"2022-06-23T13:49:16","guid":{"rendered":"http:\/\/d3w57dy8lxq74n.cloudfront.net\/laboratoire-accredite\/"},"modified":"2022-11-15T07:58:26","modified_gmt":"2022-11-15T06:58:26","slug":"laboratoire-accredite","status":"publish","type":"page","link":"https:\/\/d3w57dy8lxq74n.cloudfront.net\/fr\/laboratoire-accredite\/","title":{"rendered":"Laboratoire accr\u00e9dit\u00e9"},"content":{"rendered":"","protected":false},"excerpt":{"rendered":"","protected":false},"author":2,"featured_media":0,"parent":0,"menu_order":38,"comment_status":"closed","ping_status":"closed","template":"","meta":{"_lmt_disableupdate":"","_lmt_disable":""},"acf":[],"yoast_head":"<!-- This site is optimized with the Yoast SEO plugin v20.7 - https:\/\/yoast.com\/wordpress\/plugins\/seo\/ -->\n<title>Laboratoire accr\u00e9dit\u00e9 - Maddalena S.p.A.<\/title>\n<meta name=\"description\" content=\"Le Laboratoire Maddalena\u00a0est depuis 2016 un Laboratoire d\u2019\u00e9talonnage accr\u00e9dit\u00e9 par Accredia avec le num\u00e9ro d\u2019accr\u00e9ditation 250T.\" \/>\n<meta name=\"robots\" content=\"noindex, follow, max-snippet:-1, max-image-preview:large, max-video-preview:-1\" \/>\n<meta property=\"og:locale\" content=\"fr_FR\" \/>\n<meta property=\"og:type\" content=\"article\" \/>\n<meta property=\"og:title\" content=\"Laboratoire accr\u00e9dit\u00e9 - Maddalena S.p.A.\" \/>\n<meta property=\"og:description\" content=\"Le Laboratoire Maddalena\u00a0est depuis 2016 un Laboratoire d\u2019\u00e9talonnage accr\u00e9dit\u00e9 par Accredia avec le num\u00e9ro d\u2019accr\u00e9ditation 250T.\" \/>\n<meta property=\"og:url\" content=\"https:\/\/d3w57dy8lxq74n.cloudfront.net\/fr\/laboratoire-accredite\/\" \/>\n<meta property=\"og:site_name\" content=\"Maddalena S.p.A.\" \/>\n<meta property=\"article:modified_time\" content=\"2022-11-15T06:58:26+00:00\" \/>\n<meta name=\"twitter:card\" content=\"summary_large_image\" \/>\n<script type=\"application\/ld+json\" class=\"yoast-schema-graph\">{\"@context\":\"https:\/\/schema.org\",\"@graph\":[{\"@type\":\"WebPage\",\"@id\":\"https:\/\/d3w57dy8lxq74n.cloudfront.net\/fr\/laboratoire-accredite\/\",\"url\":\"https:\/\/d3w57dy8lxq74n.cloudfront.net\/fr\/laboratoire-accredite\/\",\"name\":\"Laboratoire accr\u00e9dit\u00e9 - Maddalena S.p.A.\",\"isPartOf\":{\"@id\":\"https:\/\/d3w57dy8lxq74n.cloudfront.net\/fr\/#website\"},\"datePublished\":\"2022-06-23T13:49:16+00:00\",\"dateModified\":\"2022-11-15T06:58:26+00:00\",\"description\":\"Le Laboratoire Maddalena\u00a0est depuis 2016 un Laboratoire d\u2019\u00e9talonnage accr\u00e9dit\u00e9 par Accredia avec le num\u00e9ro d\u2019accr\u00e9ditation 250T.\",\"breadcrumb\":{\"@id\":\"https:\/\/d3w57dy8lxq74n.cloudfront.net\/fr\/laboratoire-accredite\/#breadcrumb\"},\"inLanguage\":\"fr-FR\",\"potentialAction\":[{\"@type\":\"ReadAction\",\"target\":[\"https:\/\/d3w57dy8lxq74n.cloudfront.net\/fr\/laboratoire-accredite\/\"]}]},{\"@type\":\"BreadcrumbList\",\"@id\":\"https:\/\/d3w57dy8lxq74n.cloudfront.net\/fr\/laboratoire-accredite\/#breadcrumb\",\"itemListElement\":[{\"@type\":\"ListItem\",\"position\":1,\"name\":\"Home\",\"item\":\"https:\/\/d3w57dy8lxq74n.cloudfront.net\/fr\/\"},{\"@type\":\"ListItem\",\"position\":2,\"name\":\"Laboratoire accr\u00e9dit\u00e9\"}]},{\"@type\":\"WebSite\",\"@id\":\"https:\/\/d3w57dy8lxq74n.cloudfront.net\/fr\/#website\",\"url\":\"https:\/\/d3w57dy8lxq74n.cloudfront.net\/fr\/\",\"name\":\"Maddalena S.p.A.\",\"description\":\"Metering Expertise\",\"potentialAction\":[{\"@type\":\"SearchAction\",\"target\":{\"@type\":\"EntryPoint\",\"urlTemplate\":\"https:\/\/d3w57dy8lxq74n.cloudfront.net\/fr\/?s={search_term_string}\"},\"query-input\":\"required name=search_term_string\"}],\"inLanguage\":\"fr-FR\"}]}<\/script>\n<!-- \/ Yoast SEO plugin. -->","yoast_head_json":{"title":"Laboratoire accr\u00e9dit\u00e9 - Maddalena S.p.A.","description":"Le Laboratoire Maddalena\u00a0est depuis 2016 un Laboratoire d\u2019\u00e9talonnage accr\u00e9dit\u00e9 par Accredia avec le num\u00e9ro d\u2019accr\u00e9ditation 250T.","robots":{"index":"noindex","follow":"follow","max-snippet":"max-snippet:-1","max-image-preview":"max-image-preview:large","max-video-preview":"max-video-preview:-1"},"og_locale":"fr_FR","og_type":"article","og_title":"Laboratoire accr\u00e9dit\u00e9 - Maddalena S.p.A.","og_description":"Le Laboratoire Maddalena\u00a0est depuis 2016 un Laboratoire d\u2019\u00e9talonnage accr\u00e9dit\u00e9 par Accredia avec le num\u00e9ro d\u2019accr\u00e9ditation 250T.","og_url":"https:\/\/d3w57dy8lxq74n.cloudfront.net\/fr\/laboratoire-accredite\/","og_site_name":"Maddalena S.p.A.","article_modified_time":"2022-11-15T06:58:26+00:00","twitter_card":"summary_large_image","schema":{"@context":"https:\/\/schema.org","@graph":[{"@type":"WebPage","@id":"https:\/\/d3w57dy8lxq74n.cloudfront.net\/fr\/laboratoire-accredite\/","url":"https:\/\/d3w57dy8lxq74n.cloudfront.net\/fr\/laboratoire-accredite\/","name":"Laboratoire accr\u00e9dit\u00e9 - Maddalena S.p.A.","isPartOf":{"@id":"https:\/\/d3w57dy8lxq74n.cloudfront.net\/fr\/#website"},"datePublished":"2022-06-23T13:49:16+00:00","dateModified":"2022-11-15T06:58:26+00:00","description":"Le Laboratoire Maddalena\u00a0est depuis 2016 un Laboratoire d\u2019\u00e9talonnage accr\u00e9dit\u00e9 par Accredia avec le num\u00e9ro d\u2019accr\u00e9ditation 250T.","breadcrumb":{"@id":"https:\/\/d3w57dy8lxq74n.cloudfront.net\/fr\/laboratoire-accredite\/#breadcrumb"},"inLanguage":"fr-FR","potentialAction":[{"@type":"ReadAction","target":["https:\/\/d3w57dy8lxq74n.cloudfront.net\/fr\/laboratoire-accredite\/"]}]},{"@type":"BreadcrumbList","@id":"https:\/\/d3w57dy8lxq74n.cloudfront.net\/fr\/laboratoire-accredite\/#breadcrumb","itemListElement":[{"@type":"ListItem","position":1,"name":"Home","item":"https:\/\/d3w57dy8lxq74n.cloudfront.net\/fr\/"},{"@type":"ListItem","position":2,"name":"Laboratoire accr\u00e9dit\u00e9"}]},{"@type":"WebSite","@id":"https:\/\/d3w57dy8lxq74n.cloudfront.net\/fr\/#website","url":"https:\/\/d3w57dy8lxq74n.cloudfront.net\/fr\/","name":"Maddalena S.p.A.","description":"Metering Expertise","potentialAction":[{"@type":"SearchAction","target":{"@type":"EntryPoint","urlTemplate":"https:\/\/d3w57dy8lxq74n.cloudfront.net\/fr\/?s={search_term_string}"},"query-input":"required name=search_term_string"}],"inLanguage":"fr-FR"}]}},"_links":{"self":[{"href":"https:\/\/d3w57dy8lxq74n.cloudfront.net\/fr\/wp-json\/wp\/v2\/pages\/16195"}],"collection":[{"href":"https:\/\/d3w57dy8lxq74n.cloudfront.net\/fr\/wp-json\/wp\/v2\/pages"}],"about":[{"href":"https:\/\/d3w57dy8lxq74n.cloudfront.net\/fr\/wp-json\/wp\/v2\/types\/page"}],"author":[{"embeddable":true,"href":"https:\/\/d3w57dy8lxq74n.cloudfront.net\/fr\/wp-json\/wp\/v2\/users\/2"}],"replies":[{"embeddable":true,"href":"https:\/\/d3w57dy8lxq74n.cloudfront.net\/fr\/wp-json\/wp\/v2\/comments?post=16195"}],"version-history":[{"count":5,"href":"https:\/\/d3w57dy8lxq74n.cloudfront.net\/fr\/wp-json\/wp\/v2\/pages\/16195\/revisions"}],"predecessor-version":[{"id":21531,"href":"https:\/\/d3w57dy8lxq74n.cloudfront.net\/fr\/wp-json\/wp\/v2\/pages\/16195\/revisions\/21531"}],"wp:attachment":[{"href":"https:\/\/d3w57dy8lxq74n.cloudfront.net\/fr\/wp-json\/wp\/v2\/media?parent=16195"}],"curies":[{"name":"wp","href":"https:\/\/api.w.org\/{rel}","templated":true}]}}