{"id":22360,"date":"2022-11-08T11:50:11","date_gmt":"2022-11-08T10:50:11","guid":{"rendered":"https:\/\/d3w57dy8lxq74n.cloudfront.net\/?post_type=product&#038;p=22360"},"modified":"2022-11-21T10:40:13","modified_gmt":"2022-11-21T09:40:13","slug":"whse-whap","status":"publish","type":"product","link":"https:\/\/d3w57dy8lxq74n.cloudfront.net\/es\/producto\/whse-whap\/","title":{"rendered":"WHSE\/WHAP"},"content":{"rendered":"<p>El WHSE &amp; WHAP es un contador mec\u00e1nico dise\u00f1ado para su uso en aguas dif\u00edciles con temperaturas de hasta 130 \u00b0C. Este contador Woltmann es el elemento primario ideal para un calor\u00edmetro independiente, en combinaci\u00f3n con una unidad electr\u00f3nica independiente y un par de sondas. Disponible la gama completa de contadores de molinete de DN 50 a DN 200.<\/p>\n","protected":false},"excerpt":{"rendered":"<p>CONTADOR WOLTMANN DE EJE HORIZONTAL PARA AGUA A 130 \u00b0C<\/p>\n","protected":false},"featured_media":22381,"menu_order":40,"template":"","meta":{"_lmt_disableupdate":"no","_lmt_disable":""},"product_category":[91],"acf":[],"yoast_head":"<!-- This site is optimized with the Yoast SEO plugin v20.7 - https:\/\/yoast.com\/wordpress\/plugins\/seo\/ -->\n<title>WHSE\/WHAP - Maddalena S.p.A.<\/title>\n<meta name=\"robots\" content=\"noindex, follow, max-snippet:-1, max-image-preview:large, max-video-preview:-1\" \/>\n<meta property=\"og:locale\" content=\"es_ES\" \/>\n<meta property=\"og:type\" content=\"article\" \/>\n<meta property=\"og:title\" content=\"WHSE\/WHAP - Maddalena S.p.A.\" \/>\n<meta property=\"og:description\" content=\"CONTADOR WOLTMANN DE EJE HORIZONTAL PARA AGUA A 130 \u00b0C\" \/>\n<meta property=\"og:url\" content=\"https:\/\/d3w57dy8lxq74n.cloudfront.net\/es\/producto\/whse-whap\/\" \/>\n<meta property=\"og:site_name\" content=\"Maddalena S.p.A.\" \/>\n<meta property=\"article:modified_time\" content=\"2022-11-21T09:40:13+00:00\" \/>\n<meta property=\"og:image\" content=\"https:\/\/d3w57dy8lxq74n.cloudfront.net\/wp-content\/uploads\/catalog-image\/whap.png\" \/>\n\t<meta property=\"og:image:width\" content=\"1600\" \/>\n\t<meta property=\"og:image:height\" content=\"1066\" \/>\n\t<meta property=\"og:image:type\" content=\"image\/png\" \/>\n<meta name=\"twitter:card\" content=\"summary_large_image\" \/>\n<script type=\"application\/ld+json\" class=\"yoast-schema-graph\">{\"@context\":\"https:\/\/schema.org\",\"@graph\":[{\"@type\":\"WebPage\",\"@id\":\"https:\/\/d3w57dy8lxq74n.cloudfront.net\/es\/producto\/whse-whap\/\",\"url\":\"https:\/\/d3w57dy8lxq74n.cloudfront.net\/es\/producto\/whse-whap\/\",\"name\":\"WHSE\/WHAP - Maddalena S.p.A.\",\"isPartOf\":{\"@id\":\"https:\/\/d3w57dy8lxq74n.cloudfront.net\/es\/#website\"},\"datePublished\":\"2022-11-08T10:50:11+00:00\",\"dateModified\":\"2022-11-21T09:40:13+00:00\",\"breadcrumb\":{\"@id\":\"https:\/\/d3w57dy8lxq74n.cloudfront.net\/es\/producto\/whse-whap\/#breadcrumb\"},\"inLanguage\":\"es-ES\",\"potentialAction\":[{\"@type\":\"ReadAction\",\"target\":[\"https:\/\/d3w57dy8lxq74n.cloudfront.net\/es\/producto\/whse-whap\/\"]}]},{\"@type\":\"BreadcrumbList\",\"@id\":\"https:\/\/d3w57dy8lxq74n.cloudfront.net\/es\/producto\/whse-whap\/#breadcrumb\",\"itemListElement\":[{\"@type\":\"ListItem\",\"position\":1,\"name\":\"Home\",\"item\":\"https:\/\/d3w57dy8lxq74n.cloudfront.net\/es\/\"},{\"@type\":\"ListItem\",\"position\":2,\"name\":\"Productos\",\"item\":\"https:\/\/d3w57dy8lxq74n.cloudfront.net\/es\/producto\/\"},{\"@type\":\"ListItem\",\"position\":3,\"name\":\"Energ\u00eda t\u00e9rmica\",\"item\":\"https:\/\/d3w57dy8lxq74n.cloudfront.net\/es\/productos\/energia-termica-es\/\"},{\"@type\":\"ListItem\",\"position\":4,\"name\":\"Separado\",\"item\":\"https:\/\/d3w57dy8lxq74n.cloudfront.net\/es\/productos\/medidores-separado\/\"},{\"@type\":\"ListItem\",\"position\":5,\"name\":\"WHSE\/WHAP\"}]},{\"@type\":\"WebSite\",\"@id\":\"https:\/\/d3w57dy8lxq74n.cloudfront.net\/es\/#website\",\"url\":\"https:\/\/d3w57dy8lxq74n.cloudfront.net\/es\/\",\"name\":\"Maddalena S.p.A.\",\"description\":\"Metering Expertise\",\"potentialAction\":[{\"@type\":\"SearchAction\",\"target\":{\"@type\":\"EntryPoint\",\"urlTemplate\":\"https:\/\/d3w57dy8lxq74n.cloudfront.net\/es\/?s={search_term_string}\"},\"query-input\":\"required name=search_term_string\"}],\"inLanguage\":\"es-ES\"}]}<\/script>\n<!-- \/ Yoast SEO plugin. -->","yoast_head_json":{"title":"WHSE\/WHAP - Maddalena S.p.A.","robots":{"index":"noindex","follow":"follow","max-snippet":"max-snippet:-1","max-image-preview":"max-image-preview:large","max-video-preview":"max-video-preview:-1"},"og_locale":"es_ES","og_type":"article","og_title":"WHSE\/WHAP - Maddalena S.p.A.","og_description":"CONTADOR WOLTMANN DE EJE HORIZONTAL PARA AGUA A 130 \u00b0C","og_url":"https:\/\/d3w57dy8lxq74n.cloudfront.net\/es\/producto\/whse-whap\/","og_site_name":"Maddalena S.p.A.","article_modified_time":"2022-11-21T09:40:13+00:00","og_image":[{"width":1600,"height":1066,"url":"https:\/\/d3w57dy8lxq74n.cloudfront.net\/wp-content\/uploads\/catalog-image\/whap.png","type":"image\/png"}],"twitter_card":"summary_large_image","schema":{"@context":"https:\/\/schema.org","@graph":[{"@type":"WebPage","@id":"https:\/\/d3w57dy8lxq74n.cloudfront.net\/es\/producto\/whse-whap\/","url":"https:\/\/d3w57dy8lxq74n.cloudfront.net\/es\/producto\/whse-whap\/","name":"WHSE\/WHAP - Maddalena S.p.A.","isPartOf":{"@id":"https:\/\/d3w57dy8lxq74n.cloudfront.net\/es\/#website"},"datePublished":"2022-11-08T10:50:11+00:00","dateModified":"2022-11-21T09:40:13+00:00","breadcrumb":{"@id":"https:\/\/d3w57dy8lxq74n.cloudfront.net\/es\/producto\/whse-whap\/#breadcrumb"},"inLanguage":"es-ES","potentialAction":[{"@type":"ReadAction","target":["https:\/\/d3w57dy8lxq74n.cloudfront.net\/es\/producto\/whse-whap\/"]}]},{"@type":"BreadcrumbList","@id":"https:\/\/d3w57dy8lxq74n.cloudfront.net\/es\/producto\/whse-whap\/#breadcrumb","itemListElement":[{"@type":"ListItem","position":1,"name":"Home","item":"https:\/\/d3w57dy8lxq74n.cloudfront.net\/es\/"},{"@type":"ListItem","position":2,"name":"Productos","item":"https:\/\/d3w57dy8lxq74n.cloudfront.net\/es\/producto\/"},{"@type":"ListItem","position":3,"name":"Energ\u00eda t\u00e9rmica","item":"https:\/\/d3w57dy8lxq74n.cloudfront.net\/es\/productos\/energia-termica-es\/"},{"@type":"ListItem","position":4,"name":"Separado","item":"https:\/\/d3w57dy8lxq74n.cloudfront.net\/es\/productos\/medidores-separado\/"},{"@type":"ListItem","position":5,"name":"WHSE\/WHAP"}]},{"@type":"WebSite","@id":"https:\/\/d3w57dy8lxq74n.cloudfront.net\/es\/#website","url":"https:\/\/d3w57dy8lxq74n.cloudfront.net\/es\/","name":"Maddalena S.p.A.","description":"Metering Expertise","potentialAction":[{"@type":"SearchAction","target":{"@type":"EntryPoint","urlTemplate":"https:\/\/d3w57dy8lxq74n.cloudfront.net\/es\/?s={search_term_string}"},"query-input":"required name=search_term_string"}],"inLanguage":"es-ES"}]}},"_links":{"self":[{"href":"https:\/\/d3w57dy8lxq74n.cloudfront.net\/es\/wp-json\/wp\/v2\/product\/22360"}],"collection":[{"href":"https:\/\/d3w57dy8lxq74n.cloudfront.net\/es\/wp-json\/wp\/v2\/product"}],"about":[{"href":"https:\/\/d3w57dy8lxq74n.cloudfront.net\/es\/wp-json\/wp\/v2\/types\/product"}],"wp:featuredmedia":[{"embeddable":true,"href":"https:\/\/d3w57dy8lxq74n.cloudfront.net\/es\/wp-json\/wp\/v2\/media\/22381"}],"wp:attachment":[{"href":"https:\/\/d3w57dy8lxq74n.cloudfront.net\/es\/wp-json\/wp\/v2\/media?parent=22360"}],"wp:term":[{"taxonomy":"product_category","embeddable":true,"href":"https:\/\/d3w57dy8lxq74n.cloudfront.net\/es\/wp-json\/wp\/v2\/product_category?post=22360"}],"curies":[{"name":"wp","href":"https:\/\/api.w.org\/{rel}","templated":true}]}}