{"id":22344,"date":"2022-11-07T08:56:10","date_gmt":"2022-11-07T07:56:10","guid":{"rendered":"https:\/\/d3w57dy8lxq74n.cloudfront.net\/?post_type=product&#038;p=22344"},"modified":"2023-04-06T17:00:31","modified_gmt":"2023-04-06T15:00:31","slug":"electo-sonic","status":"publish","type":"product","link":"https:\/\/d3w57dy8lxq74n.cloudfront.net\/es\/producto\/electo-sonic\/","title":{"rendered":"ELECTO SONIC"},"content":{"rendered":"<p>ElecTo SONIC es el contador de ultrasonidos que ofrece una comunicaci\u00f3n de datos integrada gracias a su innovador mecanismo de relojer\u00eda electr\u00f3nica con radio multiprotocolo. Asegura un excelente rendimiento en todas las condiciones de instalaci\u00f3n y la insensibilidad a las caracter\u00edsticas f\u00edsicas y qu\u00edmicas del agua. Por tanto, es la soluci\u00f3n ideal para las instalaciones en el mundo de los servicios p\u00fablicos. La gran pantalla con 9 d\u00edgitos y s\u00edmbolos facilita la lectura y proporciona informaci\u00f3n adicional a los usuarios y operadores. ElecTo SONIC permite la posibilidad de lectura de datos a distancia con sistemas m\u00f3viles y fijos ofreciendo la m\u00e1xima interoperabilidad.<\/p>\n","protected":false},"excerpt":{"rendered":"<p>CONTADOR ELECTR\u00d3NICO DE ULTRASONIDOS<\/p>\n","protected":false},"featured_media":22194,"menu_order":10,"template":"","meta":{"_lmt_disableupdate":"","_lmt_disable":""},"product_category":[75],"acf":[],"yoast_head":"<!-- This site is optimized with the Yoast SEO plugin v20.7 - https:\/\/yoast.com\/wordpress\/plugins\/seo\/ -->\n<title>ELECTO SONIC - CONTADOR ELECTR\u00d3NICO DE ULTRASONIDOS<\/title>\n<meta name=\"description\" content=\"ElecTo SONIC es el contador de ultrasonidos que ofrece una comunicaci\u00f3n de datos integrada gracias a su innovador mecanismo de relojer\u00eda electr\u00f3nica con radi\" \/>\n<meta name=\"robots\" content=\"noindex, follow, max-snippet:-1, max-image-preview:large, max-video-preview:-1\" \/>\n<meta property=\"og:locale\" content=\"es_ES\" \/>\n<meta property=\"og:type\" content=\"article\" \/>\n<meta property=\"og:title\" content=\"ELECTO SONIC - CONTADOR ELECTR\u00d3NICO DE ULTRASONIDOS\" \/>\n<meta property=\"og:description\" content=\"ElecTo SONIC es el contador de ultrasonidos que ofrece una comunicaci\u00f3n de datos integrada gracias a su innovador mecanismo de relojer\u00eda electr\u00f3nica con radi\" \/>\n<meta property=\"og:url\" content=\"https:\/\/d3w57dy8lxq74n.cloudfront.net\/es\/producto\/electo-sonic\/\" \/>\n<meta property=\"og:site_name\" content=\"Maddalena S.p.A.\" \/>\n<meta property=\"article:modified_time\" content=\"2023-04-06T15:00:31+00:00\" \/>\n<meta property=\"og:image\" content=\"https:\/\/d3w57dy8lxq74n.cloudfront.net\/wp-content\/uploads\/catalog-image\/electo-sonic-3q.png\" \/>\n\t<meta property=\"og:image:width\" content=\"640\" \/>\n\t<meta property=\"og:image:height\" content=\"480\" \/>\n\t<meta property=\"og:image:type\" content=\"image\/png\" \/>\n<meta name=\"twitter:card\" content=\"summary_large_image\" \/>\n<meta name=\"twitter:label1\" content=\"Est. reading time\" \/>\n\t<meta name=\"twitter:data1\" content=\"1 minute\" \/>\n<script type=\"application\/ld+json\" class=\"yoast-schema-graph\">{\"@context\":\"https:\/\/schema.org\",\"@graph\":[{\"@type\":\"WebPage\",\"@id\":\"https:\/\/d3w57dy8lxq74n.cloudfront.net\/es\/producto\/electo-sonic\/\",\"url\":\"https:\/\/d3w57dy8lxq74n.cloudfront.net\/es\/producto\/electo-sonic\/\",\"name\":\"ELECTO SONIC - CONTADOR ELECTR\u00d3NICO DE ULTRASONIDOS\",\"isPartOf\":{\"@id\":\"https:\/\/d3w57dy8lxq74n.cloudfront.net\/es\/#website\"},\"datePublished\":\"2022-11-07T07:56:10+00:00\",\"dateModified\":\"2023-04-06T15:00:31+00:00\",\"description\":\"ElecTo SONIC es el contador de ultrasonidos que ofrece una comunicaci\u00f3n de datos integrada gracias a su innovador mecanismo de relojer\u00eda electr\u00f3nica con radi\",\"breadcrumb\":{\"@id\":\"https:\/\/d3w57dy8lxq74n.cloudfront.net\/es\/producto\/electo-sonic\/#breadcrumb\"},\"inLanguage\":\"es-ES\",\"potentialAction\":[{\"@type\":\"ReadAction\",\"target\":[\"https:\/\/d3w57dy8lxq74n.cloudfront.net\/es\/producto\/electo-sonic\/\"]}]},{\"@type\":\"BreadcrumbList\",\"@id\":\"https:\/\/d3w57dy8lxq74n.cloudfront.net\/es\/producto\/electo-sonic\/#breadcrumb\",\"itemListElement\":[{\"@type\":\"ListItem\",\"position\":1,\"name\":\"Home\",\"item\":\"https:\/\/d3w57dy8lxq74n.cloudfront.net\/es\/\"},{\"@type\":\"ListItem\",\"position\":2,\"name\":\"Productos\",\"item\":\"https:\/\/d3w57dy8lxq74n.cloudfront.net\/es\/producto\/\"},{\"@type\":\"ListItem\",\"position\":3,\"name\":\"Agua\",\"item\":\"https:\/\/d3w57dy8lxq74n.cloudfront.net\/es\/productos\/contadores-agua\/\"},{\"@type\":\"ListItem\",\"position\":4,\"name\":\"ElecTo\",\"item\":\"https:\/\/d3w57dy8lxq74n.cloudfront.net\/es\/productos\/electo-es\/\"},{\"@type\":\"ListItem\",\"position\":5,\"name\":\"ELECTO SONIC\"}]},{\"@type\":\"WebSite\",\"@id\":\"https:\/\/d3w57dy8lxq74n.cloudfront.net\/es\/#website\",\"url\":\"https:\/\/d3w57dy8lxq74n.cloudfront.net\/es\/\",\"name\":\"Maddalena S.p.A.\",\"description\":\"Metering Expertise\",\"potentialAction\":[{\"@type\":\"SearchAction\",\"target\":{\"@type\":\"EntryPoint\",\"urlTemplate\":\"https:\/\/d3w57dy8lxq74n.cloudfront.net\/es\/?s={search_term_string}\"},\"query-input\":\"required name=search_term_string\"}],\"inLanguage\":\"es-ES\"}]}<\/script>\n<!-- \/ Yoast SEO plugin. -->","yoast_head_json":{"title":"ELECTO SONIC - CONTADOR ELECTR\u00d3NICO DE ULTRASONIDOS","description":"ElecTo SONIC es el contador de ultrasonidos que ofrece una comunicaci\u00f3n de datos integrada gracias a su innovador mecanismo de relojer\u00eda electr\u00f3nica con radi","robots":{"index":"noindex","follow":"follow","max-snippet":"max-snippet:-1","max-image-preview":"max-image-preview:large","max-video-preview":"max-video-preview:-1"},"og_locale":"es_ES","og_type":"article","og_title":"ELECTO SONIC - CONTADOR ELECTR\u00d3NICO DE ULTRASONIDOS","og_description":"ElecTo SONIC es el contador de ultrasonidos que ofrece una comunicaci\u00f3n de datos integrada gracias a su innovador mecanismo de relojer\u00eda electr\u00f3nica con radi","og_url":"https:\/\/d3w57dy8lxq74n.cloudfront.net\/es\/producto\/electo-sonic\/","og_site_name":"Maddalena S.p.A.","article_modified_time":"2023-04-06T15:00:31+00:00","og_image":[{"width":640,"height":480,"url":"https:\/\/d3w57dy8lxq74n.cloudfront.net\/wp-content\/uploads\/catalog-image\/electo-sonic-3q.png","type":"image\/png"}],"twitter_card":"summary_large_image","twitter_misc":{"Est. reading time":"1 minute"},"schema":{"@context":"https:\/\/schema.org","@graph":[{"@type":"WebPage","@id":"https:\/\/d3w57dy8lxq74n.cloudfront.net\/es\/producto\/electo-sonic\/","url":"https:\/\/d3w57dy8lxq74n.cloudfront.net\/es\/producto\/electo-sonic\/","name":"ELECTO SONIC - CONTADOR ELECTR\u00d3NICO DE ULTRASONIDOS","isPartOf":{"@id":"https:\/\/d3w57dy8lxq74n.cloudfront.net\/es\/#website"},"datePublished":"2022-11-07T07:56:10+00:00","dateModified":"2023-04-06T15:00:31+00:00","description":"ElecTo SONIC es el contador de ultrasonidos que ofrece una comunicaci\u00f3n de datos integrada gracias a su innovador mecanismo de relojer\u00eda electr\u00f3nica con radi","breadcrumb":{"@id":"https:\/\/d3w57dy8lxq74n.cloudfront.net\/es\/producto\/electo-sonic\/#breadcrumb"},"inLanguage":"es-ES","potentialAction":[{"@type":"ReadAction","target":["https:\/\/d3w57dy8lxq74n.cloudfront.net\/es\/producto\/electo-sonic\/"]}]},{"@type":"BreadcrumbList","@id":"https:\/\/d3w57dy8lxq74n.cloudfront.net\/es\/producto\/electo-sonic\/#breadcrumb","itemListElement":[{"@type":"ListItem","position":1,"name":"Home","item":"https:\/\/d3w57dy8lxq74n.cloudfront.net\/es\/"},{"@type":"ListItem","position":2,"name":"Productos","item":"https:\/\/d3w57dy8lxq74n.cloudfront.net\/es\/producto\/"},{"@type":"ListItem","position":3,"name":"Agua","item":"https:\/\/d3w57dy8lxq74n.cloudfront.net\/es\/productos\/contadores-agua\/"},{"@type":"ListItem","position":4,"name":"ElecTo","item":"https:\/\/d3w57dy8lxq74n.cloudfront.net\/es\/productos\/electo-es\/"},{"@type":"ListItem","position":5,"name":"ELECTO SONIC"}]},{"@type":"WebSite","@id":"https:\/\/d3w57dy8lxq74n.cloudfront.net\/es\/#website","url":"https:\/\/d3w57dy8lxq74n.cloudfront.net\/es\/","name":"Maddalena S.p.A.","description":"Metering Expertise","potentialAction":[{"@type":"SearchAction","target":{"@type":"EntryPoint","urlTemplate":"https:\/\/d3w57dy8lxq74n.cloudfront.net\/es\/?s={search_term_string}"},"query-input":"required name=search_term_string"}],"inLanguage":"es-ES"}]}},"_links":{"self":[{"href":"https:\/\/d3w57dy8lxq74n.cloudfront.net\/es\/wp-json\/wp\/v2\/product\/22344"}],"collection":[{"href":"https:\/\/d3w57dy8lxq74n.cloudfront.net\/es\/wp-json\/wp\/v2\/product"}],"about":[{"href":"https:\/\/d3w57dy8lxq74n.cloudfront.net\/es\/wp-json\/wp\/v2\/types\/product"}],"wp:featuredmedia":[{"embeddable":true,"href":"https:\/\/d3w57dy8lxq74n.cloudfront.net\/es\/wp-json\/wp\/v2\/media\/22194"}],"wp:attachment":[{"href":"https:\/\/d3w57dy8lxq74n.cloudfront.net\/es\/wp-json\/wp\/v2\/media?parent=22344"}],"wp:term":[{"taxonomy":"product_category","embeddable":true,"href":"https:\/\/d3w57dy8lxq74n.cloudfront.net\/es\/wp-json\/wp\/v2\/product_category?post=22344"}],"curies":[{"name":"wp","href":"https:\/\/api.w.org\/{rel}","templated":true}]}}