{"id":18606,"date":"2022-08-03T14:29:06","date_gmt":"2022-08-03T12:29:06","guid":{"rendered":"http:\/\/d3w57dy8lxq74n.cloudfront.net\/?post_type=product&#038;p=18606"},"modified":"2022-10-24T17:51:32","modified_gmt":"2022-10-24T15:51:32","slug":"irrimatic","status":"publish","type":"product","link":"https:\/\/d3w57dy8lxq74n.cloudfront.net\/es\/producto\/irrimatic\/","title":{"rendered":"IRRIMATIC"},"content":{"rendered":"<p>Grupo de suministro en l\u00ednea automatizada para riego, que integra la simplicidad y la sofisticaci\u00f3n en un solo producto. Irrimatic est\u00e1 dise\u00f1ado para la automatizaci\u00f3n de las utilizaciones y para la lectura a distancia. Consta de un contador tangencial Woltmann de dise\u00f1o desmontable, una v\u00e1lvula de accionamiento hidr\u00e1ulico de membrana y una centralita electr\u00f3nica. Tambi\u00e9n est\u00e1 equipado con un codo giratorio preparado para la inserci\u00f3n de una uni\u00f3n r\u00e1pida con un medio acoplamiento esf\u00e9rico.<\/p>\n<p>DOCUMENTACI\u00d3N DISPONIBLE BAJO DEMANDA<\/p>\n","protected":false},"excerpt":{"rendered":"<p>GRUPO DE DISTRIBUCI\u00d3N EN L\u00cdNEA AUTOMATIZADO<\/p>\n","protected":false},"featured_media":1266,"menu_order":56,"template":"","meta":{"_lmt_disableupdate":"","_lmt_disable":""},"product_category":[131],"acf":[],"yoast_head":"<!-- This site is optimized with the Yoast SEO plugin v20.7 - https:\/\/yoast.com\/wordpress\/plugins\/seo\/ -->\n<title>IRRIMATIC - Maddalena S.p.A.<\/title>\n<meta name=\"robots\" content=\"noindex, follow, max-snippet:-1, max-image-preview:large, max-video-preview:-1\" \/>\n<meta property=\"og:locale\" content=\"es_ES\" \/>\n<meta property=\"og:type\" content=\"article\" \/>\n<meta property=\"og:title\" content=\"IRRIMATIC - Maddalena S.p.A.\" \/>\n<meta property=\"og:description\" content=\"GRUPO DE DISTRIBUCI\u00d3N EN L\u00cdNEA AUTOMATIZADO\" \/>\n<meta property=\"og:url\" content=\"https:\/\/d3w57dy8lxq74n.cloudfront.net\/es\/producto\/irrimatic\/\" \/>\n<meta property=\"og:site_name\" content=\"Maddalena S.p.A.\" \/>\n<meta property=\"article:modified_time\" content=\"2022-10-24T15:51:32+00:00\" \/>\n<meta property=\"og:image\" content=\"https:\/\/d3w57dy8lxq74n.cloudfront.net\/wp-content\/uploads\/catalog-image\/irrimatic-3q.png\" \/>\n\t<meta property=\"og:image:width\" content=\"1067\" \/>\n\t<meta property=\"og:image:height\" content=\"1600\" \/>\n\t<meta property=\"og:image:type\" content=\"image\/png\" \/>\n<meta name=\"twitter:card\" content=\"summary_large_image\" \/>\n<script type=\"application\/ld+json\" class=\"yoast-schema-graph\">{\"@context\":\"https:\/\/schema.org\",\"@graph\":[{\"@type\":\"WebPage\",\"@id\":\"https:\/\/d3w57dy8lxq74n.cloudfront.net\/es\/producto\/irrimatic\/\",\"url\":\"https:\/\/d3w57dy8lxq74n.cloudfront.net\/es\/producto\/irrimatic\/\",\"name\":\"IRRIMATIC - Maddalena S.p.A.\",\"isPartOf\":{\"@id\":\"https:\/\/d3w57dy8lxq74n.cloudfront.net\/es\/#website\"},\"datePublished\":\"2022-08-03T12:29:06+00:00\",\"dateModified\":\"2022-10-24T15:51:32+00:00\",\"breadcrumb\":{\"@id\":\"https:\/\/d3w57dy8lxq74n.cloudfront.net\/es\/producto\/irrimatic\/#breadcrumb\"},\"inLanguage\":\"es-ES\",\"potentialAction\":[{\"@type\":\"ReadAction\",\"target\":[\"https:\/\/d3w57dy8lxq74n.cloudfront.net\/es\/producto\/irrimatic\/\"]}]},{\"@type\":\"BreadcrumbList\",\"@id\":\"https:\/\/d3w57dy8lxq74n.cloudfront.net\/es\/producto\/irrimatic\/#breadcrumb\",\"itemListElement\":[{\"@type\":\"ListItem\",\"position\":1,\"name\":\"Home\",\"item\":\"https:\/\/d3w57dy8lxq74n.cloudfront.net\/es\/\"},{\"@type\":\"ListItem\",\"position\":2,\"name\":\"Productos\",\"item\":\"https:\/\/d3w57dy8lxq74n.cloudfront.net\/es\/producto\/\"},{\"@type\":\"ListItem\",\"position\":3,\"name\":\"Instrumentaci\u00f3n\",\"item\":\"https:\/\/d3w57dy8lxq74n.cloudfront.net\/es\/productos\/instrumentacion\/\"},{\"@type\":\"ListItem\",\"position\":4,\"name\":\"Riego\",\"item\":\"https:\/\/d3w57dy8lxq74n.cloudfront.net\/es\/productos\/riego\/\"},{\"@type\":\"ListItem\",\"position\":5,\"name\":\"IRRIMATIC\"}]},{\"@type\":\"WebSite\",\"@id\":\"https:\/\/d3w57dy8lxq74n.cloudfront.net\/es\/#website\",\"url\":\"https:\/\/d3w57dy8lxq74n.cloudfront.net\/es\/\",\"name\":\"Maddalena S.p.A.\",\"description\":\"Metering Expertise\",\"potentialAction\":[{\"@type\":\"SearchAction\",\"target\":{\"@type\":\"EntryPoint\",\"urlTemplate\":\"https:\/\/d3w57dy8lxq74n.cloudfront.net\/es\/?s={search_term_string}\"},\"query-input\":\"required name=search_term_string\"}],\"inLanguage\":\"es-ES\"}]}<\/script>\n<!-- \/ Yoast SEO plugin. -->","yoast_head_json":{"title":"IRRIMATIC - Maddalena S.p.A.","robots":{"index":"noindex","follow":"follow","max-snippet":"max-snippet:-1","max-image-preview":"max-image-preview:large","max-video-preview":"max-video-preview:-1"},"og_locale":"es_ES","og_type":"article","og_title":"IRRIMATIC - Maddalena S.p.A.","og_description":"GRUPO DE DISTRIBUCI\u00d3N EN L\u00cdNEA AUTOMATIZADO","og_url":"https:\/\/d3w57dy8lxq74n.cloudfront.net\/es\/producto\/irrimatic\/","og_site_name":"Maddalena S.p.A.","article_modified_time":"2022-10-24T15:51:32+00:00","og_image":[{"width":1067,"height":1600,"url":"https:\/\/d3w57dy8lxq74n.cloudfront.net\/wp-content\/uploads\/catalog-image\/irrimatic-3q.png","type":"image\/png"}],"twitter_card":"summary_large_image","schema":{"@context":"https:\/\/schema.org","@graph":[{"@type":"WebPage","@id":"https:\/\/d3w57dy8lxq74n.cloudfront.net\/es\/producto\/irrimatic\/","url":"https:\/\/d3w57dy8lxq74n.cloudfront.net\/es\/producto\/irrimatic\/","name":"IRRIMATIC - Maddalena S.p.A.","isPartOf":{"@id":"https:\/\/d3w57dy8lxq74n.cloudfront.net\/es\/#website"},"datePublished":"2022-08-03T12:29:06+00:00","dateModified":"2022-10-24T15:51:32+00:00","breadcrumb":{"@id":"https:\/\/d3w57dy8lxq74n.cloudfront.net\/es\/producto\/irrimatic\/#breadcrumb"},"inLanguage":"es-ES","potentialAction":[{"@type":"ReadAction","target":["https:\/\/d3w57dy8lxq74n.cloudfront.net\/es\/producto\/irrimatic\/"]}]},{"@type":"BreadcrumbList","@id":"https:\/\/d3w57dy8lxq74n.cloudfront.net\/es\/producto\/irrimatic\/#breadcrumb","itemListElement":[{"@type":"ListItem","position":1,"name":"Home","item":"https:\/\/d3w57dy8lxq74n.cloudfront.net\/es\/"},{"@type":"ListItem","position":2,"name":"Productos","item":"https:\/\/d3w57dy8lxq74n.cloudfront.net\/es\/producto\/"},{"@type":"ListItem","position":3,"name":"Instrumentaci\u00f3n","item":"https:\/\/d3w57dy8lxq74n.cloudfront.net\/es\/productos\/instrumentacion\/"},{"@type":"ListItem","position":4,"name":"Riego","item":"https:\/\/d3w57dy8lxq74n.cloudfront.net\/es\/productos\/riego\/"},{"@type":"ListItem","position":5,"name":"IRRIMATIC"}]},{"@type":"WebSite","@id":"https:\/\/d3w57dy8lxq74n.cloudfront.net\/es\/#website","url":"https:\/\/d3w57dy8lxq74n.cloudfront.net\/es\/","name":"Maddalena S.p.A.","description":"Metering Expertise","potentialAction":[{"@type":"SearchAction","target":{"@type":"EntryPoint","urlTemplate":"https:\/\/d3w57dy8lxq74n.cloudfront.net\/es\/?s={search_term_string}"},"query-input":"required name=search_term_string"}],"inLanguage":"es-ES"}]}},"_links":{"self":[{"href":"https:\/\/d3w57dy8lxq74n.cloudfront.net\/es\/wp-json\/wp\/v2\/product\/18606"}],"collection":[{"href":"https:\/\/d3w57dy8lxq74n.cloudfront.net\/es\/wp-json\/wp\/v2\/product"}],"about":[{"href":"https:\/\/d3w57dy8lxq74n.cloudfront.net\/es\/wp-json\/wp\/v2\/types\/product"}],"wp:featuredmedia":[{"embeddable":true,"href":"https:\/\/d3w57dy8lxq74n.cloudfront.net\/es\/wp-json\/wp\/v2\/media\/1266"}],"wp:attachment":[{"href":"https:\/\/d3w57dy8lxq74n.cloudfront.net\/es\/wp-json\/wp\/v2\/media?parent=18606"}],"wp:term":[{"taxonomy":"product_category","embeddable":true,"href":"https:\/\/d3w57dy8lxq74n.cloudfront.net\/es\/wp-json\/wp\/v2\/product_category?post=18606"}],"curies":[{"name":"wp","href":"https:\/\/api.w.org\/{rel}","templated":true}]}}