{"id":18586,"date":"2022-08-03T14:29:07","date_gmt":"2022-08-03T12:29:07","guid":{"rendered":"http:\/\/d3w57dy8lxq74n.cloudfront.net\/?post_type=product&#038;p=18586"},"modified":"2023-04-06T17:02:16","modified_gmt":"2023-04-06T15:02:16","slug":"sj-plus-evo","status":"publish","type":"product","link":"https:\/\/d3w57dy8lxq74n.cloudfront.net\/es\/producto\/sj-plus-evo\/","title":{"rendered":"SJ PLUS-EVO"},"content":{"rendered":"<p>SJ Plus\/Evo representa la nueva generaci\u00f3n de medidores de chorro \u00fanico para uso dom\u00e9stico. La innovadora l\u00ednea de producci\u00f3n automatizada combina una gran capacidad de producci\u00f3n con la m\u00e1s alta calidad. El SJ Plus\/Evo alcanza el mayor rendimiento metrol\u00f3gico de su categor\u00eda. Puede ser equipado con las tecnolog\u00edas m\u00e1s modernas de transmisi\u00f3n de datos a distancia.<\/p>\n","protected":false},"excerpt":{"rendered":"<p>CONTADOR DE CHORRO \u00daNICO SUPERSECO<\/p>\n","protected":false},"featured_media":15807,"menu_order":0,"template":"","meta":{"_lmt_disableupdate":"","_lmt_disable":""},"product_category":[79],"acf":[],"yoast_head":"<!-- This site is optimized with the Yoast SEO plugin v20.7 - https:\/\/yoast.com\/wordpress\/plugins\/seo\/ -->\n<title>SJ PLUS-EVO - CONTADOR DE CHORRO \u00daNICO SUPERSECO<\/title>\n<meta name=\"description\" content=\"SJ Plus\/Evo representa la nueva generaci\u00f3n de medidores de chorro \u00fanico para uso dom\u00e9stico. La innovadora l\u00ednea de producci\u00f3n automatizada combina una gran\" \/>\n<meta name=\"robots\" content=\"noindex, follow, max-snippet:-1, max-image-preview:large, max-video-preview:-1\" \/>\n<meta property=\"og:locale\" content=\"es_ES\" \/>\n<meta property=\"og:type\" content=\"article\" \/>\n<meta property=\"og:title\" content=\"SJ PLUS-EVO - CONTADOR DE CHORRO \u00daNICO SUPERSECO\" \/>\n<meta property=\"og:description\" content=\"SJ Plus\/Evo representa la nueva generaci\u00f3n de medidores de chorro \u00fanico para uso dom\u00e9stico. La innovadora l\u00ednea de producci\u00f3n automatizada combina una gran\" \/>\n<meta property=\"og:url\" content=\"https:\/\/d3w57dy8lxq74n.cloudfront.net\/es\/producto\/sj-plus-evo\/\" \/>\n<meta property=\"og:site_name\" content=\"Maddalena S.p.A.\" \/>\n<meta property=\"article:modified_time\" content=\"2023-04-06T15:02:16+00:00\" \/>\n<meta property=\"og:image\" content=\"https:\/\/d3w57dy8lxq74n.cloudfront.net\/wp-content\/uploads\/catalog-image\/mecto-sj-evo-blu-3q.png\" \/>\n\t<meta property=\"og:image:width\" content=\"1600\" \/>\n\t<meta property=\"og:image:height\" content=\"1354\" \/>\n\t<meta property=\"og:image:type\" content=\"image\/png\" \/>\n<meta name=\"twitter:card\" content=\"summary_large_image\" \/>\n<script type=\"application\/ld+json\" class=\"yoast-schema-graph\">{\"@context\":\"https:\/\/schema.org\",\"@graph\":[{\"@type\":\"WebPage\",\"@id\":\"https:\/\/d3w57dy8lxq74n.cloudfront.net\/es\/producto\/sj-plus-evo\/\",\"url\":\"https:\/\/d3w57dy8lxq74n.cloudfront.net\/es\/producto\/sj-plus-evo\/\",\"name\":\"SJ PLUS-EVO - CONTADOR DE CHORRO \u00daNICO SUPERSECO\",\"isPartOf\":{\"@id\":\"https:\/\/d3w57dy8lxq74n.cloudfront.net\/es\/#website\"},\"datePublished\":\"2022-08-03T12:29:07+00:00\",\"dateModified\":\"2023-04-06T15:02:16+00:00\",\"description\":\"SJ Plus\/Evo representa la nueva generaci\u00f3n de medidores de chorro \u00fanico para uso dom\u00e9stico. La innovadora l\u00ednea de producci\u00f3n automatizada combina una gran\",\"breadcrumb\":{\"@id\":\"https:\/\/d3w57dy8lxq74n.cloudfront.net\/es\/producto\/sj-plus-evo\/#breadcrumb\"},\"inLanguage\":\"es-ES\",\"potentialAction\":[{\"@type\":\"ReadAction\",\"target\":[\"https:\/\/d3w57dy8lxq74n.cloudfront.net\/es\/producto\/sj-plus-evo\/\"]}]},{\"@type\":\"BreadcrumbList\",\"@id\":\"https:\/\/d3w57dy8lxq74n.cloudfront.net\/es\/producto\/sj-plus-evo\/#breadcrumb\",\"itemListElement\":[{\"@type\":\"ListItem\",\"position\":1,\"name\":\"Home\",\"item\":\"https:\/\/d3w57dy8lxq74n.cloudfront.net\/es\/\"},{\"@type\":\"ListItem\",\"position\":2,\"name\":\"Productos\",\"item\":\"https:\/\/d3w57dy8lxq74n.cloudfront.net\/es\/producto\/\"},{\"@type\":\"ListItem\",\"position\":3,\"name\":\"Agua\",\"item\":\"https:\/\/d3w57dy8lxq74n.cloudfront.net\/es\/productos\/contadores-agua\/\"},{\"@type\":\"ListItem\",\"position\":4,\"name\":\"MecTo\",\"item\":\"https:\/\/d3w57dy8lxq74n.cloudfront.net\/es\/productos\/mecto-es\/\"},{\"@type\":\"ListItem\",\"position\":5,\"name\":\"SJ PLUS-EVO\"}]},{\"@type\":\"WebSite\",\"@id\":\"https:\/\/d3w57dy8lxq74n.cloudfront.net\/es\/#website\",\"url\":\"https:\/\/d3w57dy8lxq74n.cloudfront.net\/es\/\",\"name\":\"Maddalena S.p.A.\",\"description\":\"Metering Expertise\",\"potentialAction\":[{\"@type\":\"SearchAction\",\"target\":{\"@type\":\"EntryPoint\",\"urlTemplate\":\"https:\/\/d3w57dy8lxq74n.cloudfront.net\/es\/?s={search_term_string}\"},\"query-input\":\"required name=search_term_string\"}],\"inLanguage\":\"es-ES\"}]}<\/script>\n<!-- \/ Yoast SEO plugin. -->","yoast_head_json":{"title":"SJ PLUS-EVO - CONTADOR DE CHORRO \u00daNICO SUPERSECO","description":"SJ Plus\/Evo representa la nueva generaci\u00f3n de medidores de chorro \u00fanico para uso dom\u00e9stico. La innovadora l\u00ednea de producci\u00f3n automatizada combina una gran","robots":{"index":"noindex","follow":"follow","max-snippet":"max-snippet:-1","max-image-preview":"max-image-preview:large","max-video-preview":"max-video-preview:-1"},"og_locale":"es_ES","og_type":"article","og_title":"SJ PLUS-EVO - CONTADOR DE CHORRO \u00daNICO SUPERSECO","og_description":"SJ Plus\/Evo representa la nueva generaci\u00f3n de medidores de chorro \u00fanico para uso dom\u00e9stico. La innovadora l\u00ednea de producci\u00f3n automatizada combina una gran","og_url":"https:\/\/d3w57dy8lxq74n.cloudfront.net\/es\/producto\/sj-plus-evo\/","og_site_name":"Maddalena S.p.A.","article_modified_time":"2023-04-06T15:02:16+00:00","og_image":[{"width":1600,"height":1354,"url":"https:\/\/d3w57dy8lxq74n.cloudfront.net\/wp-content\/uploads\/catalog-image\/mecto-sj-evo-blu-3q.png","type":"image\/png"}],"twitter_card":"summary_large_image","schema":{"@context":"https:\/\/schema.org","@graph":[{"@type":"WebPage","@id":"https:\/\/d3w57dy8lxq74n.cloudfront.net\/es\/producto\/sj-plus-evo\/","url":"https:\/\/d3w57dy8lxq74n.cloudfront.net\/es\/producto\/sj-plus-evo\/","name":"SJ PLUS-EVO - CONTADOR DE CHORRO \u00daNICO SUPERSECO","isPartOf":{"@id":"https:\/\/d3w57dy8lxq74n.cloudfront.net\/es\/#website"},"datePublished":"2022-08-03T12:29:07+00:00","dateModified":"2023-04-06T15:02:16+00:00","description":"SJ Plus\/Evo representa la nueva generaci\u00f3n de medidores de chorro \u00fanico para uso dom\u00e9stico. La innovadora l\u00ednea de producci\u00f3n automatizada combina una gran","breadcrumb":{"@id":"https:\/\/d3w57dy8lxq74n.cloudfront.net\/es\/producto\/sj-plus-evo\/#breadcrumb"},"inLanguage":"es-ES","potentialAction":[{"@type":"ReadAction","target":["https:\/\/d3w57dy8lxq74n.cloudfront.net\/es\/producto\/sj-plus-evo\/"]}]},{"@type":"BreadcrumbList","@id":"https:\/\/d3w57dy8lxq74n.cloudfront.net\/es\/producto\/sj-plus-evo\/#breadcrumb","itemListElement":[{"@type":"ListItem","position":1,"name":"Home","item":"https:\/\/d3w57dy8lxq74n.cloudfront.net\/es\/"},{"@type":"ListItem","position":2,"name":"Productos","item":"https:\/\/d3w57dy8lxq74n.cloudfront.net\/es\/producto\/"},{"@type":"ListItem","position":3,"name":"Agua","item":"https:\/\/d3w57dy8lxq74n.cloudfront.net\/es\/productos\/contadores-agua\/"},{"@type":"ListItem","position":4,"name":"MecTo","item":"https:\/\/d3w57dy8lxq74n.cloudfront.net\/es\/productos\/mecto-es\/"},{"@type":"ListItem","position":5,"name":"SJ PLUS-EVO"}]},{"@type":"WebSite","@id":"https:\/\/d3w57dy8lxq74n.cloudfront.net\/es\/#website","url":"https:\/\/d3w57dy8lxq74n.cloudfront.net\/es\/","name":"Maddalena S.p.A.","description":"Metering Expertise","potentialAction":[{"@type":"SearchAction","target":{"@type":"EntryPoint","urlTemplate":"https:\/\/d3w57dy8lxq74n.cloudfront.net\/es\/?s={search_term_string}"},"query-input":"required name=search_term_string"}],"inLanguage":"es-ES"}]}},"_links":{"self":[{"href":"https:\/\/d3w57dy8lxq74n.cloudfront.net\/es\/wp-json\/wp\/v2\/product\/18586"}],"collection":[{"href":"https:\/\/d3w57dy8lxq74n.cloudfront.net\/es\/wp-json\/wp\/v2\/product"}],"about":[{"href":"https:\/\/d3w57dy8lxq74n.cloudfront.net\/es\/wp-json\/wp\/v2\/types\/product"}],"wp:featuredmedia":[{"embeddable":true,"href":"https:\/\/d3w57dy8lxq74n.cloudfront.net\/es\/wp-json\/wp\/v2\/media\/15807"}],"wp:attachment":[{"href":"https:\/\/d3w57dy8lxq74n.cloudfront.net\/es\/wp-json\/wp\/v2\/media?parent=18586"}],"wp:term":[{"taxonomy":"product_category","embeddable":true,"href":"https:\/\/d3w57dy8lxq74n.cloudfront.net\/es\/wp-json\/wp\/v2\/product_category?post=18586"}],"curies":[{"name":"wp","href":"https:\/\/api.w.org\/{rel}","templated":true}]}}