{"id":18524,"date":"2022-08-03T14:29:12","date_gmt":"2022-08-03T12:29:12","guid":{"rendered":"http:\/\/d3w57dy8lxq74n.cloudfront.net\/?post_type=product&#038;p=18524"},"modified":"2023-04-19T17:00:17","modified_gmt":"2023-04-19T15:00:17","slug":"radio-evo","status":"publish","type":"product","link":"https:\/\/d3w57dy8lxq74n.cloudfront.net\/es\/producto\/radio-evo\/","title":{"rendered":"RADIO EVO"},"content":{"rendered":"<p>M\u00f3dulo de radio compacto wM-Bus que permite la lectura de datos tanto en modo fijo como m\u00f3vil. La configuraci\u00f3n del m\u00f3dulo de radio puede modificarse mediante el kit de configuraci\u00f3n (opcional) y la aplicaci\u00f3n Android correspondiente. Radio EVO tambi\u00e9n es compatible con contadores preparados de otras marcas.<\/p>\n","protected":false},"excerpt":{"rendered":"<p>M\u00d3DULO RADIO INAL\u00c1MBRICO wM-BUS 868 MHz<\/p>\n","protected":false},"featured_media":682,"menu_order":14,"template":"","meta":{"_lmt_disableupdate":"","_lmt_disable":""},"product_category":[103],"acf":[],"yoast_head":"<!-- This site is optimized with the Yoast SEO plugin v20.7 - https:\/\/yoast.com\/wordpress\/plugins\/seo\/ -->\n<title>RADIO EVO - M\u00d3DULO RADIO INAL\u00c1MBRICO wM-BUS 868 MHz<\/title>\n<meta name=\"description\" content=\"M\u00f3dulo de radio compacto wM-Bus que permite la lectura de datos tanto en modo fijo como m\u00f3vil. La configuraci\u00f3n del m\u00f3dulo de radio puede modificarse median\" \/>\n<meta name=\"robots\" content=\"noindex, follow, max-snippet:-1, max-image-preview:large, max-video-preview:-1\" \/>\n<meta property=\"og:locale\" content=\"es_ES\" \/>\n<meta property=\"og:type\" content=\"article\" \/>\n<meta property=\"og:title\" content=\"RADIO EVO - M\u00d3DULO RADIO INAL\u00c1MBRICO wM-BUS 868 MHz\" \/>\n<meta property=\"og:description\" content=\"M\u00f3dulo de radio compacto wM-Bus que permite la lectura de datos tanto en modo fijo como m\u00f3vil. La configuraci\u00f3n del m\u00f3dulo de radio puede modificarse median\" \/>\n<meta property=\"og:url\" content=\"https:\/\/d3w57dy8lxq74n.cloudfront.net\/es\/producto\/radio-evo\/\" \/>\n<meta property=\"og:site_name\" content=\"Maddalena S.p.A.\" \/>\n<meta property=\"article:modified_time\" content=\"2023-04-19T15:00:17+00:00\" \/>\n<meta property=\"og:image\" content=\"https:\/\/d3w57dy8lxq74n.cloudfront.net\/wp-content\/uploads\/catalog-image\/mdc-radioevo-z.png\" \/>\n\t<meta property=\"og:image:width\" content=\"1600\" \/>\n\t<meta property=\"og:image:height\" content=\"1143\" \/>\n\t<meta property=\"og:image:type\" content=\"image\/png\" \/>\n<meta name=\"twitter:card\" content=\"summary_large_image\" \/>\n<script type=\"application\/ld+json\" class=\"yoast-schema-graph\">{\"@context\":\"https:\/\/schema.org\",\"@graph\":[{\"@type\":\"WebPage\",\"@id\":\"https:\/\/d3w57dy8lxq74n.cloudfront.net\/es\/producto\/radio-evo\/\",\"url\":\"https:\/\/d3w57dy8lxq74n.cloudfront.net\/es\/producto\/radio-evo\/\",\"name\":\"RADIO EVO - M\u00d3DULO RADIO INAL\u00c1MBRICO wM-BUS 868 MHz\",\"isPartOf\":{\"@id\":\"https:\/\/d3w57dy8lxq74n.cloudfront.net\/es\/#website\"},\"datePublished\":\"2022-08-03T12:29:12+00:00\",\"dateModified\":\"2023-04-19T15:00:17+00:00\",\"description\":\"M\u00f3dulo de radio compacto wM-Bus que permite la lectura de datos tanto en modo fijo como m\u00f3vil. La configuraci\u00f3n del m\u00f3dulo de radio puede modificarse median\",\"breadcrumb\":{\"@id\":\"https:\/\/d3w57dy8lxq74n.cloudfront.net\/es\/producto\/radio-evo\/#breadcrumb\"},\"inLanguage\":\"es-ES\",\"potentialAction\":[{\"@type\":\"ReadAction\",\"target\":[\"https:\/\/d3w57dy8lxq74n.cloudfront.net\/es\/producto\/radio-evo\/\"]}]},{\"@type\":\"BreadcrumbList\",\"@id\":\"https:\/\/d3w57dy8lxq74n.cloudfront.net\/es\/producto\/radio-evo\/#breadcrumb\",\"itemListElement\":[{\"@type\":\"ListItem\",\"position\":1,\"name\":\"Home\",\"item\":\"https:\/\/d3w57dy8lxq74n.cloudfront.net\/es\/\"},{\"@type\":\"ListItem\",\"position\":2,\"name\":\"Productos\",\"item\":\"https:\/\/d3w57dy8lxq74n.cloudfront.net\/es\/producto\/\"},{\"@type\":\"ListItem\",\"position\":3,\"name\":\"M\u00f3dulos de comunicaci\u00f3n\",\"item\":\"https:\/\/d3w57dy8lxq74n.cloudfront.net\/es\/productos\/modulos-de-comunicacion\/\"},{\"@type\":\"ListItem\",\"position\":4,\"name\":\"Radio\",\"item\":\"https:\/\/d3w57dy8lxq74n.cloudfront.net\/es\/productos\/modulos-de-comunication-radio-es\/\"},{\"@type\":\"ListItem\",\"position\":5,\"name\":\"RADIO EVO\"}]},{\"@type\":\"WebSite\",\"@id\":\"https:\/\/d3w57dy8lxq74n.cloudfront.net\/es\/#website\",\"url\":\"https:\/\/d3w57dy8lxq74n.cloudfront.net\/es\/\",\"name\":\"Maddalena S.p.A.\",\"description\":\"Metering Expertise\",\"potentialAction\":[{\"@type\":\"SearchAction\",\"target\":{\"@type\":\"EntryPoint\",\"urlTemplate\":\"https:\/\/d3w57dy8lxq74n.cloudfront.net\/es\/?s={search_term_string}\"},\"query-input\":\"required name=search_term_string\"}],\"inLanguage\":\"es-ES\"}]}<\/script>\n<!-- \/ Yoast SEO plugin. -->","yoast_head_json":{"title":"RADIO EVO - M\u00d3DULO RADIO INAL\u00c1MBRICO wM-BUS 868 MHz","description":"M\u00f3dulo de radio compacto wM-Bus que permite la lectura de datos tanto en modo fijo como m\u00f3vil. La configuraci\u00f3n del m\u00f3dulo de radio puede modificarse median","robots":{"index":"noindex","follow":"follow","max-snippet":"max-snippet:-1","max-image-preview":"max-image-preview:large","max-video-preview":"max-video-preview:-1"},"og_locale":"es_ES","og_type":"article","og_title":"RADIO EVO - M\u00d3DULO RADIO INAL\u00c1MBRICO wM-BUS 868 MHz","og_description":"M\u00f3dulo de radio compacto wM-Bus que permite la lectura de datos tanto en modo fijo como m\u00f3vil. La configuraci\u00f3n del m\u00f3dulo de radio puede modificarse median","og_url":"https:\/\/d3w57dy8lxq74n.cloudfront.net\/es\/producto\/radio-evo\/","og_site_name":"Maddalena S.p.A.","article_modified_time":"2023-04-19T15:00:17+00:00","og_image":[{"width":1600,"height":1143,"url":"https:\/\/d3w57dy8lxq74n.cloudfront.net\/wp-content\/uploads\/catalog-image\/mdc-radioevo-z.png","type":"image\/png"}],"twitter_card":"summary_large_image","schema":{"@context":"https:\/\/schema.org","@graph":[{"@type":"WebPage","@id":"https:\/\/d3w57dy8lxq74n.cloudfront.net\/es\/producto\/radio-evo\/","url":"https:\/\/d3w57dy8lxq74n.cloudfront.net\/es\/producto\/radio-evo\/","name":"RADIO EVO - M\u00d3DULO RADIO INAL\u00c1MBRICO wM-BUS 868 MHz","isPartOf":{"@id":"https:\/\/d3w57dy8lxq74n.cloudfront.net\/es\/#website"},"datePublished":"2022-08-03T12:29:12+00:00","dateModified":"2023-04-19T15:00:17+00:00","description":"M\u00f3dulo de radio compacto wM-Bus que permite la lectura de datos tanto en modo fijo como m\u00f3vil. La configuraci\u00f3n del m\u00f3dulo de radio puede modificarse median","breadcrumb":{"@id":"https:\/\/d3w57dy8lxq74n.cloudfront.net\/es\/producto\/radio-evo\/#breadcrumb"},"inLanguage":"es-ES","potentialAction":[{"@type":"ReadAction","target":["https:\/\/d3w57dy8lxq74n.cloudfront.net\/es\/producto\/radio-evo\/"]}]},{"@type":"BreadcrumbList","@id":"https:\/\/d3w57dy8lxq74n.cloudfront.net\/es\/producto\/radio-evo\/#breadcrumb","itemListElement":[{"@type":"ListItem","position":1,"name":"Home","item":"https:\/\/d3w57dy8lxq74n.cloudfront.net\/es\/"},{"@type":"ListItem","position":2,"name":"Productos","item":"https:\/\/d3w57dy8lxq74n.cloudfront.net\/es\/producto\/"},{"@type":"ListItem","position":3,"name":"M\u00f3dulos de comunicaci\u00f3n","item":"https:\/\/d3w57dy8lxq74n.cloudfront.net\/es\/productos\/modulos-de-comunicacion\/"},{"@type":"ListItem","position":4,"name":"Radio","item":"https:\/\/d3w57dy8lxq74n.cloudfront.net\/es\/productos\/modulos-de-comunication-radio-es\/"},{"@type":"ListItem","position":5,"name":"RADIO EVO"}]},{"@type":"WebSite","@id":"https:\/\/d3w57dy8lxq74n.cloudfront.net\/es\/#website","url":"https:\/\/d3w57dy8lxq74n.cloudfront.net\/es\/","name":"Maddalena S.p.A.","description":"Metering Expertise","potentialAction":[{"@type":"SearchAction","target":{"@type":"EntryPoint","urlTemplate":"https:\/\/d3w57dy8lxq74n.cloudfront.net\/es\/?s={search_term_string}"},"query-input":"required name=search_term_string"}],"inLanguage":"es-ES"}]}},"_links":{"self":[{"href":"https:\/\/d3w57dy8lxq74n.cloudfront.net\/es\/wp-json\/wp\/v2\/product\/18524"}],"collection":[{"href":"https:\/\/d3w57dy8lxq74n.cloudfront.net\/es\/wp-json\/wp\/v2\/product"}],"about":[{"href":"https:\/\/d3w57dy8lxq74n.cloudfront.net\/es\/wp-json\/wp\/v2\/types\/product"}],"wp:featuredmedia":[{"embeddable":true,"href":"https:\/\/d3w57dy8lxq74n.cloudfront.net\/es\/wp-json\/wp\/v2\/media\/682"}],"wp:attachment":[{"href":"https:\/\/d3w57dy8lxq74n.cloudfront.net\/es\/wp-json\/wp\/v2\/media?parent=18524"}],"wp:term":[{"taxonomy":"product_category","embeddable":true,"href":"https:\/\/d3w57dy8lxq74n.cloudfront.net\/es\/wp-json\/wp\/v2\/product_category?post=18524"}],"curies":[{"name":"wp","href":"https:\/\/api.w.org\/{rel}","templated":true}]}}