{"id":18503,"date":"2022-08-03T14:29:14","date_gmt":"2022-08-03T12:29:14","guid":{"rendered":"http:\/\/d3w57dy8lxq74n.cloudfront.net\/?post_type=product&#038;p=18503"},"modified":"2023-04-06T17:01:33","modified_gmt":"2023-04-06T15:01:33","slug":"wmap-evo","status":"publish","type":"product","link":"https:\/\/d3w57dy8lxq74n.cloudfront.net\/es\/producto\/wmap-evo\/","title":{"rendered":"WMAP EVO"},"content":{"rendered":"<p>WMAP Evo representa una excelente soluci\u00f3n para la medici\u00f3n de grandes vol\u00famenes en los sectores de servicios p\u00fablicos, industrial y comercial. Ofrece un buen rendimiento metrol\u00f3gico y un amplio intervalo de medici\u00f3n, permitiendo una perfecta legibilidad a lo largo del tiempo gracias a la relojer\u00eda de cobre-vidrio IP68. Robusto, duradero, apto para los entornos m\u00e1s dif\u00edciles, es compatible con todos los tipos de agua. Puede estar equipado con las tecnolog\u00edas m\u00e1s modernas de transmisi\u00f3n de datos a distancia.<\/p>\n","protected":false},"excerpt":{"rendered":"<p>CONTADOR WOLTMANN AXIAL<\/p>\n","protected":false},"featured_media":715,"menu_order":11,"template":"","meta":{"_lmt_disableupdate":"","_lmt_disable":""},"product_category":[79],"acf":[],"yoast_head":"<!-- This site is optimized with the Yoast SEO plugin v20.7 - https:\/\/yoast.com\/wordpress\/plugins\/seo\/ -->\n<title>WMAP EVO - CONTADOR WOLTMANN AXIAL<\/title>\n<meta name=\"description\" content=\"WMAP Evo representa una excelente soluci\u00f3n para la medici\u00f3n de grandes vol\u00famenes en los sectores de servicios p\u00fablicos, industrial y comercial. Ofrece un bu\" \/>\n<meta name=\"robots\" content=\"noindex, follow, max-snippet:-1, max-image-preview:large, max-video-preview:-1\" \/>\n<meta property=\"og:locale\" content=\"es_ES\" \/>\n<meta property=\"og:type\" content=\"article\" \/>\n<meta property=\"og:title\" content=\"WMAP EVO - CONTADOR WOLTMANN AXIAL\" \/>\n<meta property=\"og:description\" content=\"WMAP Evo representa una excelente soluci\u00f3n para la medici\u00f3n de grandes vol\u00famenes en los sectores de servicios p\u00fablicos, industrial y comercial. Ofrece un bu\" \/>\n<meta property=\"og:url\" content=\"https:\/\/d3w57dy8lxq74n.cloudfront.net\/es\/producto\/wmap-evo\/\" \/>\n<meta property=\"og:site_name\" content=\"Maddalena S.p.A.\" \/>\n<meta property=\"article:modified_time\" content=\"2023-04-06T15:01:33+00:00\" \/>\n<meta property=\"og:image\" content=\"https:\/\/d3w57dy8lxq74n.cloudfront.net\/wp-content\/uploads\/catalog-image\/wmap-evo.jpg\" \/>\n\t<meta property=\"og:image:width\" content=\"1600\" \/>\n\t<meta property=\"og:image:height\" content=\"1229\" \/>\n\t<meta property=\"og:image:type\" content=\"image\/jpeg\" \/>\n<meta name=\"twitter:card\" content=\"summary_large_image\" \/>\n<script type=\"application\/ld+json\" class=\"yoast-schema-graph\">{\"@context\":\"https:\/\/schema.org\",\"@graph\":[{\"@type\":\"WebPage\",\"@id\":\"https:\/\/d3w57dy8lxq74n.cloudfront.net\/es\/producto\/wmap-evo\/\",\"url\":\"https:\/\/d3w57dy8lxq74n.cloudfront.net\/es\/producto\/wmap-evo\/\",\"name\":\"WMAP EVO - CONTADOR WOLTMANN AXIAL\",\"isPartOf\":{\"@id\":\"https:\/\/d3w57dy8lxq74n.cloudfront.net\/es\/#website\"},\"datePublished\":\"2022-08-03T12:29:14+00:00\",\"dateModified\":\"2023-04-06T15:01:33+00:00\",\"description\":\"WMAP Evo representa una excelente soluci\u00f3n para la medici\u00f3n de grandes vol\u00famenes en los sectores de servicios p\u00fablicos, industrial y comercial. Ofrece un bu\",\"breadcrumb\":{\"@id\":\"https:\/\/d3w57dy8lxq74n.cloudfront.net\/es\/producto\/wmap-evo\/#breadcrumb\"},\"inLanguage\":\"es-ES\",\"potentialAction\":[{\"@type\":\"ReadAction\",\"target\":[\"https:\/\/d3w57dy8lxq74n.cloudfront.net\/es\/producto\/wmap-evo\/\"]}]},{\"@type\":\"BreadcrumbList\",\"@id\":\"https:\/\/d3w57dy8lxq74n.cloudfront.net\/es\/producto\/wmap-evo\/#breadcrumb\",\"itemListElement\":[{\"@type\":\"ListItem\",\"position\":1,\"name\":\"Home\",\"item\":\"https:\/\/d3w57dy8lxq74n.cloudfront.net\/es\/\"},{\"@type\":\"ListItem\",\"position\":2,\"name\":\"Productos\",\"item\":\"https:\/\/d3w57dy8lxq74n.cloudfront.net\/es\/producto\/\"},{\"@type\":\"ListItem\",\"position\":3,\"name\":\"Agua\",\"item\":\"https:\/\/d3w57dy8lxq74n.cloudfront.net\/es\/productos\/contadores-agua\/\"},{\"@type\":\"ListItem\",\"position\":4,\"name\":\"MecTo\",\"item\":\"https:\/\/d3w57dy8lxq74n.cloudfront.net\/es\/productos\/mecto-es\/\"},{\"@type\":\"ListItem\",\"position\":5,\"name\":\"WMAP EVO\"}]},{\"@type\":\"WebSite\",\"@id\":\"https:\/\/d3w57dy8lxq74n.cloudfront.net\/es\/#website\",\"url\":\"https:\/\/d3w57dy8lxq74n.cloudfront.net\/es\/\",\"name\":\"Maddalena S.p.A.\",\"description\":\"Metering Expertise\",\"potentialAction\":[{\"@type\":\"SearchAction\",\"target\":{\"@type\":\"EntryPoint\",\"urlTemplate\":\"https:\/\/d3w57dy8lxq74n.cloudfront.net\/es\/?s={search_term_string}\"},\"query-input\":\"required name=search_term_string\"}],\"inLanguage\":\"es-ES\"}]}<\/script>\n<!-- \/ Yoast SEO plugin. -->","yoast_head_json":{"title":"WMAP EVO - CONTADOR WOLTMANN AXIAL","description":"WMAP Evo representa una excelente soluci\u00f3n para la medici\u00f3n de grandes vol\u00famenes en los sectores de servicios p\u00fablicos, industrial y comercial. Ofrece un bu","robots":{"index":"noindex","follow":"follow","max-snippet":"max-snippet:-1","max-image-preview":"max-image-preview:large","max-video-preview":"max-video-preview:-1"},"og_locale":"es_ES","og_type":"article","og_title":"WMAP EVO - CONTADOR WOLTMANN AXIAL","og_description":"WMAP Evo representa una excelente soluci\u00f3n para la medici\u00f3n de grandes vol\u00famenes en los sectores de servicios p\u00fablicos, industrial y comercial. Ofrece un bu","og_url":"https:\/\/d3w57dy8lxq74n.cloudfront.net\/es\/producto\/wmap-evo\/","og_site_name":"Maddalena S.p.A.","article_modified_time":"2023-04-06T15:01:33+00:00","og_image":[{"width":1600,"height":1229,"url":"https:\/\/d3w57dy8lxq74n.cloudfront.net\/wp-content\/uploads\/catalog-image\/wmap-evo.jpg","type":"image\/jpeg"}],"twitter_card":"summary_large_image","schema":{"@context":"https:\/\/schema.org","@graph":[{"@type":"WebPage","@id":"https:\/\/d3w57dy8lxq74n.cloudfront.net\/es\/producto\/wmap-evo\/","url":"https:\/\/d3w57dy8lxq74n.cloudfront.net\/es\/producto\/wmap-evo\/","name":"WMAP EVO - CONTADOR WOLTMANN AXIAL","isPartOf":{"@id":"https:\/\/d3w57dy8lxq74n.cloudfront.net\/es\/#website"},"datePublished":"2022-08-03T12:29:14+00:00","dateModified":"2023-04-06T15:01:33+00:00","description":"WMAP Evo representa una excelente soluci\u00f3n para la medici\u00f3n de grandes vol\u00famenes en los sectores de servicios p\u00fablicos, industrial y comercial. Ofrece un bu","breadcrumb":{"@id":"https:\/\/d3w57dy8lxq74n.cloudfront.net\/es\/producto\/wmap-evo\/#breadcrumb"},"inLanguage":"es-ES","potentialAction":[{"@type":"ReadAction","target":["https:\/\/d3w57dy8lxq74n.cloudfront.net\/es\/producto\/wmap-evo\/"]}]},{"@type":"BreadcrumbList","@id":"https:\/\/d3w57dy8lxq74n.cloudfront.net\/es\/producto\/wmap-evo\/#breadcrumb","itemListElement":[{"@type":"ListItem","position":1,"name":"Home","item":"https:\/\/d3w57dy8lxq74n.cloudfront.net\/es\/"},{"@type":"ListItem","position":2,"name":"Productos","item":"https:\/\/d3w57dy8lxq74n.cloudfront.net\/es\/producto\/"},{"@type":"ListItem","position":3,"name":"Agua","item":"https:\/\/d3w57dy8lxq74n.cloudfront.net\/es\/productos\/contadores-agua\/"},{"@type":"ListItem","position":4,"name":"MecTo","item":"https:\/\/d3w57dy8lxq74n.cloudfront.net\/es\/productos\/mecto-es\/"},{"@type":"ListItem","position":5,"name":"WMAP EVO"}]},{"@type":"WebSite","@id":"https:\/\/d3w57dy8lxq74n.cloudfront.net\/es\/#website","url":"https:\/\/d3w57dy8lxq74n.cloudfront.net\/es\/","name":"Maddalena S.p.A.","description":"Metering Expertise","potentialAction":[{"@type":"SearchAction","target":{"@type":"EntryPoint","urlTemplate":"https:\/\/d3w57dy8lxq74n.cloudfront.net\/es\/?s={search_term_string}"},"query-input":"required name=search_term_string"}],"inLanguage":"es-ES"}]}},"_links":{"self":[{"href":"https:\/\/d3w57dy8lxq74n.cloudfront.net\/es\/wp-json\/wp\/v2\/product\/18503"}],"collection":[{"href":"https:\/\/d3w57dy8lxq74n.cloudfront.net\/es\/wp-json\/wp\/v2\/product"}],"about":[{"href":"https:\/\/d3w57dy8lxq74n.cloudfront.net\/es\/wp-json\/wp\/v2\/types\/product"}],"wp:featuredmedia":[{"embeddable":true,"href":"https:\/\/d3w57dy8lxq74n.cloudfront.net\/es\/wp-json\/wp\/v2\/media\/715"}],"wp:attachment":[{"href":"https:\/\/d3w57dy8lxq74n.cloudfront.net\/es\/wp-json\/wp\/v2\/media?parent=18503"}],"wp:term":[{"taxonomy":"product_category","embeddable":true,"href":"https:\/\/d3w57dy8lxq74n.cloudfront.net\/es\/wp-json\/wp\/v2\/product_category?post=18503"}],"curies":[{"name":"wp","href":"https:\/\/api.w.org\/{rel}","templated":true}]}}