{"id":18486,"date":"2022-08-03T14:29:16","date_gmt":"2022-08-03T12:29:16","guid":{"rendered":"http:\/\/d3w57dy8lxq74n.cloudfront.net\/?post_type=product&#038;p=18486"},"modified":"2023-04-04T17:51:12","modified_gmt":"2023-04-04T15:51:12","slug":"mvm","status":"publish","type":"product","link":"https:\/\/d3w57dy8lxq74n.cloudfront.net\/es\/producto\/mvm\/","title":{"rendered":"MVM"},"content":{"rendered":"<p>MVM es el contador de agua para aplicaciones de servicios p\u00fablicos que garantiza la m\u00e1xima precisi\u00f3n y fiabilidad en todas las condiciones de instalaci\u00f3n. El caudal de arranque extremadamente bajo y el amplio intervalo de medici\u00f3n permiten la contabilizaci\u00f3n de la totalidad del consumo, facilitando la detecci\u00f3n de cualquier fuga. Todo gracias a la combinaci\u00f3n entre la tecnolog\u00eda de pist\u00f3n rotativo y la innovadora relojer\u00eda de cobre-vidrio IP68. Robusto, duradero, adecuado para los entornos y tipos de instalaci\u00f3n m\u00e1s dif\u00edciles. Puede estar equipado con las tecnolog\u00edas m\u00e1s modernas de transmisi\u00f3n de datos a distancia.<\/p>\n","protected":false},"excerpt":{"rendered":"<p>CONTADOR VOLUM\u00c9TRICO DE PIST\u00d3N ROTATIVO<\/p>\n","protected":false},"featured_media":707,"menu_order":7,"template":"","meta":{"_lmt_disableupdate":"","_lmt_disable":""},"product_category":[79],"acf":[],"yoast_head":"<!-- This site is optimized with the Yoast SEO plugin v20.7 - https:\/\/yoast.com\/wordpress\/plugins\/seo\/ -->\n<title>MVM - CONTADOR VOLUM\u00c9TRICO DE PIST\u00d3N ROTATIVO<\/title>\n<meta name=\"description\" content=\"MVM es el contador de agua para aplicaciones de servicios p\u00fablicos que garantiza la m\u00e1xima precisi\u00f3n y fiabilidad en todas las condiciones de instalaci\u00f3n. E\" \/>\n<meta name=\"robots\" content=\"noindex, follow, max-snippet:-1, max-image-preview:large, max-video-preview:-1\" \/>\n<meta property=\"og:locale\" content=\"es_ES\" \/>\n<meta property=\"og:type\" content=\"article\" \/>\n<meta property=\"og:title\" content=\"MVM - CONTADOR VOLUM\u00c9TRICO DE PIST\u00d3N ROTATIVO\" \/>\n<meta property=\"og:description\" content=\"MVM es el contador de agua para aplicaciones de servicios p\u00fablicos que garantiza la m\u00e1xima precisi\u00f3n y fiabilidad en todas las condiciones de instalaci\u00f3n. E\" \/>\n<meta property=\"og:url\" content=\"https:\/\/d3w57dy8lxq74n.cloudfront.net\/es\/producto\/mvm\/\" \/>\n<meta property=\"og:site_name\" content=\"Maddalena S.p.A.\" \/>\n<meta property=\"article:modified_time\" content=\"2023-04-04T15:51:12+00:00\" \/>\n<meta property=\"og:image\" content=\"https:\/\/d3w57dy8lxq74n.cloudfront.net\/wp-content\/uploads\/catalog-image\/mecto-mvm-3q.png\" \/>\n\t<meta property=\"og:image:width\" content=\"1600\" \/>\n\t<meta property=\"og:image:height\" content=\"1201\" \/>\n\t<meta property=\"og:image:type\" content=\"image\/png\" \/>\n<meta name=\"twitter:card\" content=\"summary_large_image\" \/>\n<meta name=\"twitter:label1\" content=\"Est. reading time\" \/>\n\t<meta name=\"twitter:data1\" content=\"1 minute\" \/>\n<script type=\"application\/ld+json\" class=\"yoast-schema-graph\">{\"@context\":\"https:\/\/schema.org\",\"@graph\":[{\"@type\":\"WebPage\",\"@id\":\"https:\/\/d3w57dy8lxq74n.cloudfront.net\/es\/producto\/mvm\/\",\"url\":\"https:\/\/d3w57dy8lxq74n.cloudfront.net\/es\/producto\/mvm\/\",\"name\":\"MVM - CONTADOR VOLUM\u00c9TRICO DE PIST\u00d3N ROTATIVO\",\"isPartOf\":{\"@id\":\"https:\/\/d3w57dy8lxq74n.cloudfront.net\/es\/#website\"},\"datePublished\":\"2022-08-03T12:29:16+00:00\",\"dateModified\":\"2023-04-04T15:51:12+00:00\",\"description\":\"MVM es el contador de agua para aplicaciones de servicios p\u00fablicos que garantiza la m\u00e1xima precisi\u00f3n y fiabilidad en todas las condiciones de instalaci\u00f3n. E\",\"breadcrumb\":{\"@id\":\"https:\/\/d3w57dy8lxq74n.cloudfront.net\/es\/producto\/mvm\/#breadcrumb\"},\"inLanguage\":\"es-ES\",\"potentialAction\":[{\"@type\":\"ReadAction\",\"target\":[\"https:\/\/d3w57dy8lxq74n.cloudfront.net\/es\/producto\/mvm\/\"]}]},{\"@type\":\"BreadcrumbList\",\"@id\":\"https:\/\/d3w57dy8lxq74n.cloudfront.net\/es\/producto\/mvm\/#breadcrumb\",\"itemListElement\":[{\"@type\":\"ListItem\",\"position\":1,\"name\":\"Home\",\"item\":\"https:\/\/d3w57dy8lxq74n.cloudfront.net\/es\/\"},{\"@type\":\"ListItem\",\"position\":2,\"name\":\"Productos\",\"item\":\"https:\/\/d3w57dy8lxq74n.cloudfront.net\/es\/producto\/\"},{\"@type\":\"ListItem\",\"position\":3,\"name\":\"Agua\",\"item\":\"https:\/\/d3w57dy8lxq74n.cloudfront.net\/es\/productos\/contadores-agua\/\"},{\"@type\":\"ListItem\",\"position\":4,\"name\":\"MecTo\",\"item\":\"https:\/\/d3w57dy8lxq74n.cloudfront.net\/es\/productos\/mecto-es\/\"},{\"@type\":\"ListItem\",\"position\":5,\"name\":\"MVM\"}]},{\"@type\":\"WebSite\",\"@id\":\"https:\/\/d3w57dy8lxq74n.cloudfront.net\/es\/#website\",\"url\":\"https:\/\/d3w57dy8lxq74n.cloudfront.net\/es\/\",\"name\":\"Maddalena S.p.A.\",\"description\":\"Metering Expertise\",\"potentialAction\":[{\"@type\":\"SearchAction\",\"target\":{\"@type\":\"EntryPoint\",\"urlTemplate\":\"https:\/\/d3w57dy8lxq74n.cloudfront.net\/es\/?s={search_term_string}\"},\"query-input\":\"required name=search_term_string\"}],\"inLanguage\":\"es-ES\"}]}<\/script>\n<!-- \/ Yoast SEO plugin. -->","yoast_head_json":{"title":"MVM - CONTADOR VOLUM\u00c9TRICO DE PIST\u00d3N ROTATIVO","description":"MVM es el contador de agua para aplicaciones de servicios p\u00fablicos que garantiza la m\u00e1xima precisi\u00f3n y fiabilidad en todas las condiciones de instalaci\u00f3n. E","robots":{"index":"noindex","follow":"follow","max-snippet":"max-snippet:-1","max-image-preview":"max-image-preview:large","max-video-preview":"max-video-preview:-1"},"og_locale":"es_ES","og_type":"article","og_title":"MVM - CONTADOR VOLUM\u00c9TRICO DE PIST\u00d3N ROTATIVO","og_description":"MVM es el contador de agua para aplicaciones de servicios p\u00fablicos que garantiza la m\u00e1xima precisi\u00f3n y fiabilidad en todas las condiciones de instalaci\u00f3n. E","og_url":"https:\/\/d3w57dy8lxq74n.cloudfront.net\/es\/producto\/mvm\/","og_site_name":"Maddalena S.p.A.","article_modified_time":"2023-04-04T15:51:12+00:00","og_image":[{"width":1600,"height":1201,"url":"https:\/\/d3w57dy8lxq74n.cloudfront.net\/wp-content\/uploads\/catalog-image\/mecto-mvm-3q.png","type":"image\/png"}],"twitter_card":"summary_large_image","twitter_misc":{"Est. reading time":"1 minute"},"schema":{"@context":"https:\/\/schema.org","@graph":[{"@type":"WebPage","@id":"https:\/\/d3w57dy8lxq74n.cloudfront.net\/es\/producto\/mvm\/","url":"https:\/\/d3w57dy8lxq74n.cloudfront.net\/es\/producto\/mvm\/","name":"MVM - CONTADOR VOLUM\u00c9TRICO DE PIST\u00d3N ROTATIVO","isPartOf":{"@id":"https:\/\/d3w57dy8lxq74n.cloudfront.net\/es\/#website"},"datePublished":"2022-08-03T12:29:16+00:00","dateModified":"2023-04-04T15:51:12+00:00","description":"MVM es el contador de agua para aplicaciones de servicios p\u00fablicos que garantiza la m\u00e1xima precisi\u00f3n y fiabilidad en todas las condiciones de instalaci\u00f3n. E","breadcrumb":{"@id":"https:\/\/d3w57dy8lxq74n.cloudfront.net\/es\/producto\/mvm\/#breadcrumb"},"inLanguage":"es-ES","potentialAction":[{"@type":"ReadAction","target":["https:\/\/d3w57dy8lxq74n.cloudfront.net\/es\/producto\/mvm\/"]}]},{"@type":"BreadcrumbList","@id":"https:\/\/d3w57dy8lxq74n.cloudfront.net\/es\/producto\/mvm\/#breadcrumb","itemListElement":[{"@type":"ListItem","position":1,"name":"Home","item":"https:\/\/d3w57dy8lxq74n.cloudfront.net\/es\/"},{"@type":"ListItem","position":2,"name":"Productos","item":"https:\/\/d3w57dy8lxq74n.cloudfront.net\/es\/producto\/"},{"@type":"ListItem","position":3,"name":"Agua","item":"https:\/\/d3w57dy8lxq74n.cloudfront.net\/es\/productos\/contadores-agua\/"},{"@type":"ListItem","position":4,"name":"MecTo","item":"https:\/\/d3w57dy8lxq74n.cloudfront.net\/es\/productos\/mecto-es\/"},{"@type":"ListItem","position":5,"name":"MVM"}]},{"@type":"WebSite","@id":"https:\/\/d3w57dy8lxq74n.cloudfront.net\/es\/#website","url":"https:\/\/d3w57dy8lxq74n.cloudfront.net\/es\/","name":"Maddalena S.p.A.","description":"Metering Expertise","potentialAction":[{"@type":"SearchAction","target":{"@type":"EntryPoint","urlTemplate":"https:\/\/d3w57dy8lxq74n.cloudfront.net\/es\/?s={search_term_string}"},"query-input":"required name=search_term_string"}],"inLanguage":"es-ES"}]}},"_links":{"self":[{"href":"https:\/\/d3w57dy8lxq74n.cloudfront.net\/es\/wp-json\/wp\/v2\/product\/18486"}],"collection":[{"href":"https:\/\/d3w57dy8lxq74n.cloudfront.net\/es\/wp-json\/wp\/v2\/product"}],"about":[{"href":"https:\/\/d3w57dy8lxq74n.cloudfront.net\/es\/wp-json\/wp\/v2\/types\/product"}],"wp:featuredmedia":[{"embeddable":true,"href":"https:\/\/d3w57dy8lxq74n.cloudfront.net\/es\/wp-json\/wp\/v2\/media\/707"}],"wp:attachment":[{"href":"https:\/\/d3w57dy8lxq74n.cloudfront.net\/es\/wp-json\/wp\/v2\/media?parent=18486"}],"wp:term":[{"taxonomy":"product_category","embeddable":true,"href":"https:\/\/d3w57dy8lxq74n.cloudfront.net\/es\/wp-json\/wp\/v2\/product_category?post=18486"}],"curies":[{"name":"wp","href":"https:\/\/api.w.org\/{rel}","templated":true}]}}