{"id":18385,"date":"2022-08-03T14:29:21","date_gmt":"2022-08-03T12:29:21","guid":{"rendered":"http:\/\/d3w57dy8lxq74n.cloudfront.net\/?post_type=product&#038;p=18385"},"modified":"2023-04-04T17:48:46","modified_gmt":"2023-04-04T15:48:46","slug":"e-bulk","status":"publish","type":"product","link":"https:\/\/d3w57dy8lxq74n.cloudfront.net\/es\/producto\/e-bulk\/","title":{"rendered":"E-BULK"},"content":{"rendered":"<p>E-Bulk representa la soluci\u00f3n moderna para la medici\u00f3n de grandes vol\u00famenes en los sectores de servicios p\u00fablicos, industrial y comercial. Gracias a la facilidad de uso de la tecnolog\u00eda de ultrasonidos en estas \u00e1reas, E-Bulk asegura un excelente rendimiento en todas las condiciones de instalaci\u00f3n. El caudal de arranque extremadamente bajo, el amplio intervalo de medici\u00f3n y la ausencia de partes en movimiento permiten la contabilizaci\u00f3n de la totalidad del consumo, facilitando la detecci\u00f3n de cualquier fuga. El uso de los contadores mec\u00e1nicos es obsoleto respecto a las funciones del E-Bulk, especialmente para las combinadas. Robusto, duradero, adecuado para los entornos m\u00e1s dif\u00edciles. Puede ser equipado con las tecnolog\u00edas m\u00e1s modernas de transmisi\u00f3n de datos a distancia.<\/p>\n","protected":false},"excerpt":{"rendered":"<p>CONTADOR EST\u00c1TICO<\/p>\n","protected":false},"featured_media":700,"menu_order":12,"template":"","meta":{"_lmt_disableupdate":"","_lmt_disable":""},"product_category":[75],"acf":[],"yoast_head":"<!-- This site is optimized with the Yoast SEO plugin v20.7 - https:\/\/yoast.com\/wordpress\/plugins\/seo\/ -->\n<title>E-BULK - CONTADOR EST\u00c1TICO<\/title>\n<meta name=\"description\" content=\"E-Bulk representa la soluci\u00f3n moderna para la medici\u00f3n de grandes vol\u00famenes en los sectores de servicios p\u00fablicos, industrial y comercial. Gracias a la faci\" \/>\n<meta name=\"robots\" content=\"noindex, follow, max-snippet:-1, max-image-preview:large, max-video-preview:-1\" \/>\n<meta property=\"og:locale\" content=\"es_ES\" \/>\n<meta property=\"og:type\" content=\"article\" \/>\n<meta property=\"og:title\" content=\"E-BULK - CONTADOR EST\u00c1TICO\" \/>\n<meta property=\"og:description\" content=\"E-Bulk representa la soluci\u00f3n moderna para la medici\u00f3n de grandes vol\u00famenes en los sectores de servicios p\u00fablicos, industrial y comercial. Gracias a la faci\" \/>\n<meta property=\"og:url\" content=\"https:\/\/d3w57dy8lxq74n.cloudfront.net\/es\/producto\/e-bulk\/\" \/>\n<meta property=\"og:site_name\" content=\"Maddalena S.p.A.\" \/>\n<meta property=\"article:modified_time\" content=\"2023-04-04T15:48:46+00:00\" \/>\n<meta property=\"og:image\" content=\"https:\/\/d3w57dy8lxq74n.cloudfront.net\/wp-content\/uploads\/catalog-image\/e-bulk-3q.png\" \/>\n\t<meta property=\"og:image:width\" content=\"1600\" \/>\n\t<meta property=\"og:image:height\" content=\"1201\" \/>\n\t<meta property=\"og:image:type\" content=\"image\/png\" \/>\n<meta name=\"twitter:card\" content=\"summary_large_image\" \/>\n<meta name=\"twitter:label1\" content=\"Est. reading time\" \/>\n\t<meta name=\"twitter:data1\" content=\"1 minute\" \/>\n<script type=\"application\/ld+json\" class=\"yoast-schema-graph\">{\"@context\":\"https:\/\/schema.org\",\"@graph\":[{\"@type\":\"WebPage\",\"@id\":\"https:\/\/d3w57dy8lxq74n.cloudfront.net\/es\/producto\/e-bulk\/\",\"url\":\"https:\/\/d3w57dy8lxq74n.cloudfront.net\/es\/producto\/e-bulk\/\",\"name\":\"E-BULK - CONTADOR EST\u00c1TICO\",\"isPartOf\":{\"@id\":\"https:\/\/d3w57dy8lxq74n.cloudfront.net\/es\/#website\"},\"datePublished\":\"2022-08-03T12:29:21+00:00\",\"dateModified\":\"2023-04-04T15:48:46+00:00\",\"description\":\"E-Bulk representa la soluci\u00f3n moderna para la medici\u00f3n de grandes vol\u00famenes en los sectores de servicios p\u00fablicos, industrial y comercial. Gracias a la faci\",\"breadcrumb\":{\"@id\":\"https:\/\/d3w57dy8lxq74n.cloudfront.net\/es\/producto\/e-bulk\/#breadcrumb\"},\"inLanguage\":\"es-ES\",\"potentialAction\":[{\"@type\":\"ReadAction\",\"target\":[\"https:\/\/d3w57dy8lxq74n.cloudfront.net\/es\/producto\/e-bulk\/\"]}]},{\"@type\":\"BreadcrumbList\",\"@id\":\"https:\/\/d3w57dy8lxq74n.cloudfront.net\/es\/producto\/e-bulk\/#breadcrumb\",\"itemListElement\":[{\"@type\":\"ListItem\",\"position\":1,\"name\":\"Home\",\"item\":\"https:\/\/d3w57dy8lxq74n.cloudfront.net\/es\/\"},{\"@type\":\"ListItem\",\"position\":2,\"name\":\"Productos\",\"item\":\"https:\/\/d3w57dy8lxq74n.cloudfront.net\/es\/producto\/\"},{\"@type\":\"ListItem\",\"position\":3,\"name\":\"Agua\",\"item\":\"https:\/\/d3w57dy8lxq74n.cloudfront.net\/es\/productos\/contadores-agua\/\"},{\"@type\":\"ListItem\",\"position\":4,\"name\":\"ElecTo\",\"item\":\"https:\/\/d3w57dy8lxq74n.cloudfront.net\/es\/productos\/electo-es\/\"},{\"@type\":\"ListItem\",\"position\":5,\"name\":\"E-BULK\"}]},{\"@type\":\"WebSite\",\"@id\":\"https:\/\/d3w57dy8lxq74n.cloudfront.net\/es\/#website\",\"url\":\"https:\/\/d3w57dy8lxq74n.cloudfront.net\/es\/\",\"name\":\"Maddalena S.p.A.\",\"description\":\"Metering Expertise\",\"potentialAction\":[{\"@type\":\"SearchAction\",\"target\":{\"@type\":\"EntryPoint\",\"urlTemplate\":\"https:\/\/d3w57dy8lxq74n.cloudfront.net\/es\/?s={search_term_string}\"},\"query-input\":\"required name=search_term_string\"}],\"inLanguage\":\"es-ES\"}]}<\/script>\n<!-- \/ Yoast SEO plugin. -->","yoast_head_json":{"title":"E-BULK - CONTADOR EST\u00c1TICO","description":"E-Bulk representa la soluci\u00f3n moderna para la medici\u00f3n de grandes vol\u00famenes en los sectores de servicios p\u00fablicos, industrial y comercial. Gracias a la faci","robots":{"index":"noindex","follow":"follow","max-snippet":"max-snippet:-1","max-image-preview":"max-image-preview:large","max-video-preview":"max-video-preview:-1"},"og_locale":"es_ES","og_type":"article","og_title":"E-BULK - CONTADOR EST\u00c1TICO","og_description":"E-Bulk representa la soluci\u00f3n moderna para la medici\u00f3n de grandes vol\u00famenes en los sectores de servicios p\u00fablicos, industrial y comercial. Gracias a la faci","og_url":"https:\/\/d3w57dy8lxq74n.cloudfront.net\/es\/producto\/e-bulk\/","og_site_name":"Maddalena S.p.A.","article_modified_time":"2023-04-04T15:48:46+00:00","og_image":[{"width":1600,"height":1201,"url":"https:\/\/d3w57dy8lxq74n.cloudfront.net\/wp-content\/uploads\/catalog-image\/e-bulk-3q.png","type":"image\/png"}],"twitter_card":"summary_large_image","twitter_misc":{"Est. reading time":"1 minute"},"schema":{"@context":"https:\/\/schema.org","@graph":[{"@type":"WebPage","@id":"https:\/\/d3w57dy8lxq74n.cloudfront.net\/es\/producto\/e-bulk\/","url":"https:\/\/d3w57dy8lxq74n.cloudfront.net\/es\/producto\/e-bulk\/","name":"E-BULK - CONTADOR EST\u00c1TICO","isPartOf":{"@id":"https:\/\/d3w57dy8lxq74n.cloudfront.net\/es\/#website"},"datePublished":"2022-08-03T12:29:21+00:00","dateModified":"2023-04-04T15:48:46+00:00","description":"E-Bulk representa la soluci\u00f3n moderna para la medici\u00f3n de grandes vol\u00famenes en los sectores de servicios p\u00fablicos, industrial y comercial. Gracias a la faci","breadcrumb":{"@id":"https:\/\/d3w57dy8lxq74n.cloudfront.net\/es\/producto\/e-bulk\/#breadcrumb"},"inLanguage":"es-ES","potentialAction":[{"@type":"ReadAction","target":["https:\/\/d3w57dy8lxq74n.cloudfront.net\/es\/producto\/e-bulk\/"]}]},{"@type":"BreadcrumbList","@id":"https:\/\/d3w57dy8lxq74n.cloudfront.net\/es\/producto\/e-bulk\/#breadcrumb","itemListElement":[{"@type":"ListItem","position":1,"name":"Home","item":"https:\/\/d3w57dy8lxq74n.cloudfront.net\/es\/"},{"@type":"ListItem","position":2,"name":"Productos","item":"https:\/\/d3w57dy8lxq74n.cloudfront.net\/es\/producto\/"},{"@type":"ListItem","position":3,"name":"Agua","item":"https:\/\/d3w57dy8lxq74n.cloudfront.net\/es\/productos\/contadores-agua\/"},{"@type":"ListItem","position":4,"name":"ElecTo","item":"https:\/\/d3w57dy8lxq74n.cloudfront.net\/es\/productos\/electo-es\/"},{"@type":"ListItem","position":5,"name":"E-BULK"}]},{"@type":"WebSite","@id":"https:\/\/d3w57dy8lxq74n.cloudfront.net\/es\/#website","url":"https:\/\/d3w57dy8lxq74n.cloudfront.net\/es\/","name":"Maddalena S.p.A.","description":"Metering Expertise","potentialAction":[{"@type":"SearchAction","target":{"@type":"EntryPoint","urlTemplate":"https:\/\/d3w57dy8lxq74n.cloudfront.net\/es\/?s={search_term_string}"},"query-input":"required name=search_term_string"}],"inLanguage":"es-ES"}]}},"_links":{"self":[{"href":"https:\/\/d3w57dy8lxq74n.cloudfront.net\/es\/wp-json\/wp\/v2\/product\/18385"}],"collection":[{"href":"https:\/\/d3w57dy8lxq74n.cloudfront.net\/es\/wp-json\/wp\/v2\/product"}],"about":[{"href":"https:\/\/d3w57dy8lxq74n.cloudfront.net\/es\/wp-json\/wp\/v2\/types\/product"}],"wp:featuredmedia":[{"embeddable":true,"href":"https:\/\/d3w57dy8lxq74n.cloudfront.net\/es\/wp-json\/wp\/v2\/media\/700"}],"wp:attachment":[{"href":"https:\/\/d3w57dy8lxq74n.cloudfront.net\/es\/wp-json\/wp\/v2\/media?parent=18385"}],"wp:term":[{"taxonomy":"product_category","embeddable":true,"href":"https:\/\/d3w57dy8lxq74n.cloudfront.net\/es\/wp-json\/wp\/v2\/product_category?post=18385"}],"curies":[{"name":"wp","href":"https:\/\/api.w.org\/{rel}","templated":true}]}}