{"id":18370,"date":"2022-08-03T14:29:22","date_gmt":"2022-08-03T12:29:22","guid":{"rendered":"http:\/\/d3w57dy8lxq74n.cloudfront.net\/?post_type=product&#038;p=18370"},"modified":"2023-04-06T17:01:52","modified_gmt":"2023-04-06T15:01:52","slug":"wt-2","status":"publish","type":"product","link":"https:\/\/d3w57dy8lxq74n.cloudfront.net\/es\/producto\/wt-2\/","title":{"rendered":"WT"},"content":{"rendered":"<p>WT es una soluci\u00f3n excelente para las mediciones de gran volumen en el riego. Gracias a la h\u00e9lice tangencial, ofrece un buen rendimiento metrol\u00f3gico, un amplio rango de medici\u00f3n y una excelente resistencia en el tiempo, incluso en contacto con el agua de riego. La legibilidad est\u00e1 garantizada por el mecanismo de relojer\u00eda de cobre-vidrio IP68. Robusto, duradero, apto para los entornos m\u00e1s duros y compatible con el agua potable y de riego. Puede ser equipado con las tecnolog\u00edas m\u00e1s modernas de transmisi\u00f3n de datos a distancia.<\/p>\n","protected":false},"excerpt":{"rendered":"<p>CONTADOR DE H\u00c9LICE TANGENCIAL<\/p>\n","protected":false},"featured_media":2837,"menu_order":13,"template":"","meta":{"_lmt_disableupdate":"","_lmt_disable":""},"product_category":[79],"acf":[],"yoast_head":"<!-- This site is optimized with the Yoast SEO plugin v20.7 - https:\/\/yoast.com\/wordpress\/plugins\/seo\/ -->\n<title>WT - CONTADOR DE H\u00c9LICE TANGENCIAL<\/title>\n<meta name=\"description\" content=\"WT es una soluci\u00f3n excelente para las mediciones de gran volumen en el riego. Gracias a la h\u00e9lice tangencial, ofrece un buen rendimiento metrol\u00f3gico, un ampl\" \/>\n<meta name=\"robots\" content=\"noindex, follow, max-snippet:-1, max-image-preview:large, max-video-preview:-1\" \/>\n<meta property=\"og:locale\" content=\"es_ES\" \/>\n<meta property=\"og:type\" content=\"article\" \/>\n<meta property=\"og:title\" content=\"WT - CONTADOR DE H\u00c9LICE TANGENCIAL\" \/>\n<meta property=\"og:description\" content=\"WT es una soluci\u00f3n excelente para las mediciones de gran volumen en el riego. Gracias a la h\u00e9lice tangencial, ofrece un buen rendimiento metrol\u00f3gico, un ampl\" \/>\n<meta property=\"og:url\" content=\"https:\/\/d3w57dy8lxq74n.cloudfront.net\/es\/producto\/wt-2\/\" \/>\n<meta property=\"og:site_name\" content=\"Maddalena S.p.A.\" \/>\n<meta property=\"article:modified_time\" content=\"2023-04-06T15:01:52+00:00\" \/>\n<meta property=\"og:image\" content=\"https:\/\/d3w57dy8lxq74n.cloudfront.net\/wp-content\/uploads\/catalog-image\/wt1.png\" \/>\n\t<meta property=\"og:image:width\" content=\"1600\" \/>\n\t<meta property=\"og:image:height\" content=\"1600\" \/>\n\t<meta property=\"og:image:type\" content=\"image\/png\" \/>\n<meta name=\"twitter:card\" content=\"summary_large_image\" \/>\n<script type=\"application\/ld+json\" class=\"yoast-schema-graph\">{\"@context\":\"https:\/\/schema.org\",\"@graph\":[{\"@type\":\"WebPage\",\"@id\":\"https:\/\/d3w57dy8lxq74n.cloudfront.net\/es\/producto\/wt-2\/\",\"url\":\"https:\/\/d3w57dy8lxq74n.cloudfront.net\/es\/producto\/wt-2\/\",\"name\":\"WT - CONTADOR DE H\u00c9LICE TANGENCIAL\",\"isPartOf\":{\"@id\":\"https:\/\/d3w57dy8lxq74n.cloudfront.net\/es\/#website\"},\"datePublished\":\"2022-08-03T12:29:22+00:00\",\"dateModified\":\"2023-04-06T15:01:52+00:00\",\"description\":\"WT es una soluci\u00f3n excelente para las mediciones de gran volumen en el riego. Gracias a la h\u00e9lice tangencial, ofrece un buen rendimiento metrol\u00f3gico, un ampl\",\"breadcrumb\":{\"@id\":\"https:\/\/d3w57dy8lxq74n.cloudfront.net\/es\/producto\/wt-2\/#breadcrumb\"},\"inLanguage\":\"es-ES\",\"potentialAction\":[{\"@type\":\"ReadAction\",\"target\":[\"https:\/\/d3w57dy8lxq74n.cloudfront.net\/es\/producto\/wt-2\/\"]}]},{\"@type\":\"BreadcrumbList\",\"@id\":\"https:\/\/d3w57dy8lxq74n.cloudfront.net\/es\/producto\/wt-2\/#breadcrumb\",\"itemListElement\":[{\"@type\":\"ListItem\",\"position\":1,\"name\":\"Home\",\"item\":\"https:\/\/d3w57dy8lxq74n.cloudfront.net\/es\/\"},{\"@type\":\"ListItem\",\"position\":2,\"name\":\"Productos\",\"item\":\"https:\/\/d3w57dy8lxq74n.cloudfront.net\/es\/producto\/\"},{\"@type\":\"ListItem\",\"position\":3,\"name\":\"Agua\",\"item\":\"https:\/\/d3w57dy8lxq74n.cloudfront.net\/es\/productos\/contadores-agua\/\"},{\"@type\":\"ListItem\",\"position\":4,\"name\":\"MecTo\",\"item\":\"https:\/\/d3w57dy8lxq74n.cloudfront.net\/es\/productos\/mecto-es\/\"},{\"@type\":\"ListItem\",\"position\":5,\"name\":\"WT\"}]},{\"@type\":\"WebSite\",\"@id\":\"https:\/\/d3w57dy8lxq74n.cloudfront.net\/es\/#website\",\"url\":\"https:\/\/d3w57dy8lxq74n.cloudfront.net\/es\/\",\"name\":\"Maddalena S.p.A.\",\"description\":\"Metering Expertise\",\"potentialAction\":[{\"@type\":\"SearchAction\",\"target\":{\"@type\":\"EntryPoint\",\"urlTemplate\":\"https:\/\/d3w57dy8lxq74n.cloudfront.net\/es\/?s={search_term_string}\"},\"query-input\":\"required name=search_term_string\"}],\"inLanguage\":\"es-ES\"}]}<\/script>\n<!-- \/ Yoast SEO plugin. -->","yoast_head_json":{"title":"WT - CONTADOR DE H\u00c9LICE TANGENCIAL","description":"WT es una soluci\u00f3n excelente para las mediciones de gran volumen en el riego. Gracias a la h\u00e9lice tangencial, ofrece un buen rendimiento metrol\u00f3gico, un ampl","robots":{"index":"noindex","follow":"follow","max-snippet":"max-snippet:-1","max-image-preview":"max-image-preview:large","max-video-preview":"max-video-preview:-1"},"og_locale":"es_ES","og_type":"article","og_title":"WT - CONTADOR DE H\u00c9LICE TANGENCIAL","og_description":"WT es una soluci\u00f3n excelente para las mediciones de gran volumen en el riego. Gracias a la h\u00e9lice tangencial, ofrece un buen rendimiento metrol\u00f3gico, un ampl","og_url":"https:\/\/d3w57dy8lxq74n.cloudfront.net\/es\/producto\/wt-2\/","og_site_name":"Maddalena S.p.A.","article_modified_time":"2023-04-06T15:01:52+00:00","og_image":[{"width":1600,"height":1600,"url":"https:\/\/d3w57dy8lxq74n.cloudfront.net\/wp-content\/uploads\/catalog-image\/wt1.png","type":"image\/png"}],"twitter_card":"summary_large_image","schema":{"@context":"https:\/\/schema.org","@graph":[{"@type":"WebPage","@id":"https:\/\/d3w57dy8lxq74n.cloudfront.net\/es\/producto\/wt-2\/","url":"https:\/\/d3w57dy8lxq74n.cloudfront.net\/es\/producto\/wt-2\/","name":"WT - CONTADOR DE H\u00c9LICE TANGENCIAL","isPartOf":{"@id":"https:\/\/d3w57dy8lxq74n.cloudfront.net\/es\/#website"},"datePublished":"2022-08-03T12:29:22+00:00","dateModified":"2023-04-06T15:01:52+00:00","description":"WT es una soluci\u00f3n excelente para las mediciones de gran volumen en el riego. Gracias a la h\u00e9lice tangencial, ofrece un buen rendimiento metrol\u00f3gico, un ampl","breadcrumb":{"@id":"https:\/\/d3w57dy8lxq74n.cloudfront.net\/es\/producto\/wt-2\/#breadcrumb"},"inLanguage":"es-ES","potentialAction":[{"@type":"ReadAction","target":["https:\/\/d3w57dy8lxq74n.cloudfront.net\/es\/producto\/wt-2\/"]}]},{"@type":"BreadcrumbList","@id":"https:\/\/d3w57dy8lxq74n.cloudfront.net\/es\/producto\/wt-2\/#breadcrumb","itemListElement":[{"@type":"ListItem","position":1,"name":"Home","item":"https:\/\/d3w57dy8lxq74n.cloudfront.net\/es\/"},{"@type":"ListItem","position":2,"name":"Productos","item":"https:\/\/d3w57dy8lxq74n.cloudfront.net\/es\/producto\/"},{"@type":"ListItem","position":3,"name":"Agua","item":"https:\/\/d3w57dy8lxq74n.cloudfront.net\/es\/productos\/contadores-agua\/"},{"@type":"ListItem","position":4,"name":"MecTo","item":"https:\/\/d3w57dy8lxq74n.cloudfront.net\/es\/productos\/mecto-es\/"},{"@type":"ListItem","position":5,"name":"WT"}]},{"@type":"WebSite","@id":"https:\/\/d3w57dy8lxq74n.cloudfront.net\/es\/#website","url":"https:\/\/d3w57dy8lxq74n.cloudfront.net\/es\/","name":"Maddalena S.p.A.","description":"Metering Expertise","potentialAction":[{"@type":"SearchAction","target":{"@type":"EntryPoint","urlTemplate":"https:\/\/d3w57dy8lxq74n.cloudfront.net\/es\/?s={search_term_string}"},"query-input":"required name=search_term_string"}],"inLanguage":"es-ES"}]}},"_links":{"self":[{"href":"https:\/\/d3w57dy8lxq74n.cloudfront.net\/es\/wp-json\/wp\/v2\/product\/18370"}],"collection":[{"href":"https:\/\/d3w57dy8lxq74n.cloudfront.net\/es\/wp-json\/wp\/v2\/product"}],"about":[{"href":"https:\/\/d3w57dy8lxq74n.cloudfront.net\/es\/wp-json\/wp\/v2\/types\/product"}],"wp:featuredmedia":[{"embeddable":true,"href":"https:\/\/d3w57dy8lxq74n.cloudfront.net\/es\/wp-json\/wp\/v2\/media\/2837"}],"wp:attachment":[{"href":"https:\/\/d3w57dy8lxq74n.cloudfront.net\/es\/wp-json\/wp\/v2\/media?parent=18370"}],"wp:term":[{"taxonomy":"product_category","embeddable":true,"href":"https:\/\/d3w57dy8lxq74n.cloudfront.net\/es\/wp-json\/wp\/v2\/product_category?post=18370"}],"curies":[{"name":"wp","href":"https:\/\/api.w.org\/{rel}","templated":true}]}}