{"id":18355,"date":"2022-08-03T14:29:23","date_gmt":"2022-08-03T12:29:23","guid":{"rendered":"http:\/\/d3w57dy8lxq74n.cloudfront.net\/?post_type=product&#038;p=18355"},"modified":"2023-04-04T17:50:58","modified_gmt":"2023-04-04T15:50:58","slug":"ds-sd","status":"publish","type":"product","link":"https:\/\/d3w57dy8lxq74n.cloudfront.net\/es\/producto\/ds-sd\/","title":{"rendered":"DS SD"},"content":{"rendered":"<p>DS SD representa la cl\u00e1sica soluci\u00f3n de contador de chorro m\u00faltiple con transmisi\u00f3n magn\u00e9tica. Combina un buen rendimiento metrol\u00f3gico con una alta protecci\u00f3n de los campos magn\u00e9ticos externos. Robusto, duradero, adecuado para los entornos m\u00e1s dif\u00edciles, es compatible con todos los tipos de agua. Puede ser equipado con las tecnolog\u00edas m\u00e1s modernas de transmisi\u00f3n de datos a distancia.<\/p>\n","protected":false},"excerpt":{"rendered":"<p>CONTADOR DE CHORRO M\u00daLTIPLE SUPERSECO<\/p>\n","protected":false},"featured_media":711,"menu_order":6,"template":"","meta":{"_lmt_disableupdate":"","_lmt_disable":""},"product_category":[79],"acf":[],"yoast_head":"<!-- This site is optimized with the Yoast SEO plugin v20.7 - https:\/\/yoast.com\/wordpress\/plugins\/seo\/ -->\n<title>DS SD - CONTADOR DE CHORRO M\u00daLTIPLE SUPERSECO<\/title>\n<meta name=\"description\" content=\"DS SD representa la cl\u00e1sica soluci\u00f3n de contador de chorro m\u00faltiple con transmisi\u00f3n magn\u00e9tica. Combina un buen rendimiento metrol\u00f3gico con una alta protec\" \/>\n<meta name=\"robots\" content=\"noindex, follow, max-snippet:-1, max-image-preview:large, max-video-preview:-1\" \/>\n<meta property=\"og:locale\" content=\"es_ES\" \/>\n<meta property=\"og:type\" content=\"article\" \/>\n<meta property=\"og:title\" content=\"DS SD - CONTADOR DE CHORRO M\u00daLTIPLE SUPERSECO\" \/>\n<meta property=\"og:description\" content=\"DS SD representa la cl\u00e1sica soluci\u00f3n de contador de chorro m\u00faltiple con transmisi\u00f3n magn\u00e9tica. Combina un buen rendimiento metrol\u00f3gico con una alta protec\" \/>\n<meta property=\"og:url\" content=\"https:\/\/d3w57dy8lxq74n.cloudfront.net\/es\/producto\/ds-sd\/\" \/>\n<meta property=\"og:site_name\" content=\"Maddalena S.p.A.\" \/>\n<meta property=\"article:modified_time\" content=\"2023-04-04T15:50:58+00:00\" \/>\n<meta property=\"og:image\" content=\"https:\/\/d3w57dy8lxq74n.cloudfront.net\/wp-content\/uploads\/catalog-image\/mecto-ds-sd-blu-3q.png\" \/>\n\t<meta property=\"og:image:width\" content=\"1600\" \/>\n\t<meta property=\"og:image:height\" content=\"1201\" \/>\n\t<meta property=\"og:image:type\" content=\"image\/png\" \/>\n<meta name=\"twitter:card\" content=\"summary_large_image\" \/>\n<script type=\"application\/ld+json\" class=\"yoast-schema-graph\">{\"@context\":\"https:\/\/schema.org\",\"@graph\":[{\"@type\":\"WebPage\",\"@id\":\"https:\/\/d3w57dy8lxq74n.cloudfront.net\/es\/producto\/ds-sd\/\",\"url\":\"https:\/\/d3w57dy8lxq74n.cloudfront.net\/es\/producto\/ds-sd\/\",\"name\":\"DS SD - CONTADOR DE CHORRO M\u00daLTIPLE SUPERSECO\",\"isPartOf\":{\"@id\":\"https:\/\/d3w57dy8lxq74n.cloudfront.net\/es\/#website\"},\"datePublished\":\"2022-08-03T12:29:23+00:00\",\"dateModified\":\"2023-04-04T15:50:58+00:00\",\"description\":\"DS SD representa la cl\u00e1sica soluci\u00f3n de contador de chorro m\u00faltiple con transmisi\u00f3n magn\u00e9tica. Combina un buen rendimiento metrol\u00f3gico con una alta protec\",\"breadcrumb\":{\"@id\":\"https:\/\/d3w57dy8lxq74n.cloudfront.net\/es\/producto\/ds-sd\/#breadcrumb\"},\"inLanguage\":\"es-ES\",\"potentialAction\":[{\"@type\":\"ReadAction\",\"target\":[\"https:\/\/d3w57dy8lxq74n.cloudfront.net\/es\/producto\/ds-sd\/\"]}]},{\"@type\":\"BreadcrumbList\",\"@id\":\"https:\/\/d3w57dy8lxq74n.cloudfront.net\/es\/producto\/ds-sd\/#breadcrumb\",\"itemListElement\":[{\"@type\":\"ListItem\",\"position\":1,\"name\":\"Home\",\"item\":\"https:\/\/d3w57dy8lxq74n.cloudfront.net\/es\/\"},{\"@type\":\"ListItem\",\"position\":2,\"name\":\"Productos\",\"item\":\"https:\/\/d3w57dy8lxq74n.cloudfront.net\/es\/producto\/\"},{\"@type\":\"ListItem\",\"position\":3,\"name\":\"Agua\",\"item\":\"https:\/\/d3w57dy8lxq74n.cloudfront.net\/es\/productos\/contadores-agua\/\"},{\"@type\":\"ListItem\",\"position\":4,\"name\":\"MecTo\",\"item\":\"https:\/\/d3w57dy8lxq74n.cloudfront.net\/es\/productos\/mecto-es\/\"},{\"@type\":\"ListItem\",\"position\":5,\"name\":\"DS SD\"}]},{\"@type\":\"WebSite\",\"@id\":\"https:\/\/d3w57dy8lxq74n.cloudfront.net\/es\/#website\",\"url\":\"https:\/\/d3w57dy8lxq74n.cloudfront.net\/es\/\",\"name\":\"Maddalena S.p.A.\",\"description\":\"Metering Expertise\",\"potentialAction\":[{\"@type\":\"SearchAction\",\"target\":{\"@type\":\"EntryPoint\",\"urlTemplate\":\"https:\/\/d3w57dy8lxq74n.cloudfront.net\/es\/?s={search_term_string}\"},\"query-input\":\"required name=search_term_string\"}],\"inLanguage\":\"es-ES\"}]}<\/script>\n<!-- \/ Yoast SEO plugin. -->","yoast_head_json":{"title":"DS SD - CONTADOR DE CHORRO M\u00daLTIPLE SUPERSECO","description":"DS SD representa la cl\u00e1sica soluci\u00f3n de contador de chorro m\u00faltiple con transmisi\u00f3n magn\u00e9tica. Combina un buen rendimiento metrol\u00f3gico con una alta protec","robots":{"index":"noindex","follow":"follow","max-snippet":"max-snippet:-1","max-image-preview":"max-image-preview:large","max-video-preview":"max-video-preview:-1"},"og_locale":"es_ES","og_type":"article","og_title":"DS SD - CONTADOR DE CHORRO M\u00daLTIPLE SUPERSECO","og_description":"DS SD representa la cl\u00e1sica soluci\u00f3n de contador de chorro m\u00faltiple con transmisi\u00f3n magn\u00e9tica. Combina un buen rendimiento metrol\u00f3gico con una alta protec","og_url":"https:\/\/d3w57dy8lxq74n.cloudfront.net\/es\/producto\/ds-sd\/","og_site_name":"Maddalena S.p.A.","article_modified_time":"2023-04-04T15:50:58+00:00","og_image":[{"width":1600,"height":1201,"url":"https:\/\/d3w57dy8lxq74n.cloudfront.net\/wp-content\/uploads\/catalog-image\/mecto-ds-sd-blu-3q.png","type":"image\/png"}],"twitter_card":"summary_large_image","schema":{"@context":"https:\/\/schema.org","@graph":[{"@type":"WebPage","@id":"https:\/\/d3w57dy8lxq74n.cloudfront.net\/es\/producto\/ds-sd\/","url":"https:\/\/d3w57dy8lxq74n.cloudfront.net\/es\/producto\/ds-sd\/","name":"DS SD - CONTADOR DE CHORRO M\u00daLTIPLE SUPERSECO","isPartOf":{"@id":"https:\/\/d3w57dy8lxq74n.cloudfront.net\/es\/#website"},"datePublished":"2022-08-03T12:29:23+00:00","dateModified":"2023-04-04T15:50:58+00:00","description":"DS SD representa la cl\u00e1sica soluci\u00f3n de contador de chorro m\u00faltiple con transmisi\u00f3n magn\u00e9tica. Combina un buen rendimiento metrol\u00f3gico con una alta protec","breadcrumb":{"@id":"https:\/\/d3w57dy8lxq74n.cloudfront.net\/es\/producto\/ds-sd\/#breadcrumb"},"inLanguage":"es-ES","potentialAction":[{"@type":"ReadAction","target":["https:\/\/d3w57dy8lxq74n.cloudfront.net\/es\/producto\/ds-sd\/"]}]},{"@type":"BreadcrumbList","@id":"https:\/\/d3w57dy8lxq74n.cloudfront.net\/es\/producto\/ds-sd\/#breadcrumb","itemListElement":[{"@type":"ListItem","position":1,"name":"Home","item":"https:\/\/d3w57dy8lxq74n.cloudfront.net\/es\/"},{"@type":"ListItem","position":2,"name":"Productos","item":"https:\/\/d3w57dy8lxq74n.cloudfront.net\/es\/producto\/"},{"@type":"ListItem","position":3,"name":"Agua","item":"https:\/\/d3w57dy8lxq74n.cloudfront.net\/es\/productos\/contadores-agua\/"},{"@type":"ListItem","position":4,"name":"MecTo","item":"https:\/\/d3w57dy8lxq74n.cloudfront.net\/es\/productos\/mecto-es\/"},{"@type":"ListItem","position":5,"name":"DS SD"}]},{"@type":"WebSite","@id":"https:\/\/d3w57dy8lxq74n.cloudfront.net\/es\/#website","url":"https:\/\/d3w57dy8lxq74n.cloudfront.net\/es\/","name":"Maddalena S.p.A.","description":"Metering Expertise","potentialAction":[{"@type":"SearchAction","target":{"@type":"EntryPoint","urlTemplate":"https:\/\/d3w57dy8lxq74n.cloudfront.net\/es\/?s={search_term_string}"},"query-input":"required name=search_term_string"}],"inLanguage":"es-ES"}]}},"_links":{"self":[{"href":"https:\/\/d3w57dy8lxq74n.cloudfront.net\/es\/wp-json\/wp\/v2\/product\/18355"}],"collection":[{"href":"https:\/\/d3w57dy8lxq74n.cloudfront.net\/es\/wp-json\/wp\/v2\/product"}],"about":[{"href":"https:\/\/d3w57dy8lxq74n.cloudfront.net\/es\/wp-json\/wp\/v2\/types\/product"}],"wp:featuredmedia":[{"embeddable":true,"href":"https:\/\/d3w57dy8lxq74n.cloudfront.net\/es\/wp-json\/wp\/v2\/media\/711"}],"wp:attachment":[{"href":"https:\/\/d3w57dy8lxq74n.cloudfront.net\/es\/wp-json\/wp\/v2\/media?parent=18355"}],"wp:term":[{"taxonomy":"product_category","embeddable":true,"href":"https:\/\/d3w57dy8lxq74n.cloudfront.net\/es\/wp-json\/wp\/v2\/product_category?post=18355"}],"curies":[{"name":"wp","href":"https:\/\/api.w.org\/{rel}","templated":true}]}}