{"id":18236,"date":"2022-08-03T14:29:05","date_gmt":"2022-08-03T12:29:05","guid":{"rendered":"http:\/\/d3w57dy8lxq74n.cloudfront.net\/?post_type=product&#038;p=18236"},"modified":"2023-04-06T17:02:51","modified_gmt":"2023-04-06T15:02:51","slug":"electo-sj","status":"publish","type":"product","link":"https:\/\/d3w57dy8lxq74n.cloudfront.net\/es\/producto\/electo-sj\/","title":{"rendered":"ELECTO SJ"},"content":{"rendered":"<p>ElecTo SJ es el contador de chorro \u00fanico que ofrece una comunicaci\u00f3n de datos integrada gracias a su innovador reloj electr\u00f3nico radio. Especialmente dise\u00f1ado para aplicaciones residenciales, est\u00e1 disponible tanto para agua fr\u00eda como caliente. La gran pantalla LCD facilita la lectura y proporciona informaci\u00f3n adicional a los usuarios y operadores. Ofrece la posibilidad de lectura de los datos a distancia con sistemas m\u00f3viles y fijos y cumple plenamente los requisitos de la Directiva europea sobre eficiencia energ\u00e9tica.<\/p>\n","protected":false},"excerpt":{"rendered":"<p>CONTADOR ELECTR\u00d3NICO DE CHORRO \u00daNICO<\/p>\n","protected":false},"featured_media":736,"menu_order":1,"template":"","meta":{"_lmt_disableupdate":"","_lmt_disable":""},"product_category":[75],"acf":[],"yoast_head":"<!-- This site is optimized with the Yoast SEO plugin v20.7 - https:\/\/yoast.com\/wordpress\/plugins\/seo\/ -->\n<title>ELECTO SJ - CONTADOR ELECTR\u00d3NICO DE CHORRO \u00daNICO<\/title>\n<meta name=\"description\" content=\"ElecTo SJ es el contador de chorro \u00fanico que ofrece una comunicaci\u00f3n de datos integrada gracias a su innovador reloj electr\u00f3nico radio. Especialmente dise\u00f1a\" \/>\n<meta name=\"robots\" content=\"noindex, follow, max-snippet:-1, max-image-preview:large, max-video-preview:-1\" \/>\n<meta property=\"og:locale\" content=\"es_ES\" \/>\n<meta property=\"og:type\" content=\"article\" \/>\n<meta property=\"og:title\" content=\"ELECTO SJ - CONTADOR ELECTR\u00d3NICO DE CHORRO \u00daNICO\" \/>\n<meta property=\"og:description\" content=\"ElecTo SJ es el contador de chorro \u00fanico que ofrece una comunicaci\u00f3n de datos integrada gracias a su innovador reloj electr\u00f3nico radio. Especialmente dise\u00f1a\" \/>\n<meta property=\"og:url\" content=\"https:\/\/d3w57dy8lxq74n.cloudfront.net\/es\/producto\/electo-sj\/\" \/>\n<meta property=\"og:site_name\" content=\"Maddalena S.p.A.\" \/>\n<meta property=\"article:modified_time\" content=\"2023-04-06T15:02:51+00:00\" \/>\n<meta property=\"og:image\" content=\"https:\/\/d3w57dy8lxq74n.cloudfront.net\/wp-content\/uploads\/catalog-image\/22068-electo-sj-3q.png\" \/>\n\t<meta property=\"og:image:width\" content=\"1600\" \/>\n\t<meta property=\"og:image:height\" content=\"1200\" \/>\n\t<meta property=\"og:image:type\" content=\"image\/png\" \/>\n<meta name=\"twitter:card\" content=\"summary_large_image\" \/>\n<meta name=\"twitter:label1\" content=\"Est. reading time\" \/>\n\t<meta name=\"twitter:data1\" content=\"1 minute\" \/>\n<script type=\"application\/ld+json\" class=\"yoast-schema-graph\">{\"@context\":\"https:\/\/schema.org\",\"@graph\":[{\"@type\":\"WebPage\",\"@id\":\"https:\/\/d3w57dy8lxq74n.cloudfront.net\/es\/producto\/electo-sj\/\",\"url\":\"https:\/\/d3w57dy8lxq74n.cloudfront.net\/es\/producto\/electo-sj\/\",\"name\":\"ELECTO SJ - CONTADOR ELECTR\u00d3NICO DE CHORRO \u00daNICO\",\"isPartOf\":{\"@id\":\"https:\/\/d3w57dy8lxq74n.cloudfront.net\/es\/#website\"},\"datePublished\":\"2022-08-03T12:29:05+00:00\",\"dateModified\":\"2023-04-06T15:02:51+00:00\",\"description\":\"ElecTo SJ es el contador de chorro \u00fanico que ofrece una comunicaci\u00f3n de datos integrada gracias a su innovador reloj electr\u00f3nico radio. Especialmente dise\u00f1a\",\"breadcrumb\":{\"@id\":\"https:\/\/d3w57dy8lxq74n.cloudfront.net\/es\/producto\/electo-sj\/#breadcrumb\"},\"inLanguage\":\"es-ES\",\"potentialAction\":[{\"@type\":\"ReadAction\",\"target\":[\"https:\/\/d3w57dy8lxq74n.cloudfront.net\/es\/producto\/electo-sj\/\"]}]},{\"@type\":\"BreadcrumbList\",\"@id\":\"https:\/\/d3w57dy8lxq74n.cloudfront.net\/es\/producto\/electo-sj\/#breadcrumb\",\"itemListElement\":[{\"@type\":\"ListItem\",\"position\":1,\"name\":\"Home\",\"item\":\"https:\/\/d3w57dy8lxq74n.cloudfront.net\/es\/\"},{\"@type\":\"ListItem\",\"position\":2,\"name\":\"Productos\",\"item\":\"https:\/\/d3w57dy8lxq74n.cloudfront.net\/es\/producto\/\"},{\"@type\":\"ListItem\",\"position\":3,\"name\":\"Agua\",\"item\":\"https:\/\/d3w57dy8lxq74n.cloudfront.net\/es\/productos\/contadores-agua\/\"},{\"@type\":\"ListItem\",\"position\":4,\"name\":\"ElecTo\",\"item\":\"https:\/\/d3w57dy8lxq74n.cloudfront.net\/es\/productos\/electo-es\/\"},{\"@type\":\"ListItem\",\"position\":5,\"name\":\"ELECTO SJ\"}]},{\"@type\":\"WebSite\",\"@id\":\"https:\/\/d3w57dy8lxq74n.cloudfront.net\/es\/#website\",\"url\":\"https:\/\/d3w57dy8lxq74n.cloudfront.net\/es\/\",\"name\":\"Maddalena S.p.A.\",\"description\":\"Metering Expertise\",\"potentialAction\":[{\"@type\":\"SearchAction\",\"target\":{\"@type\":\"EntryPoint\",\"urlTemplate\":\"https:\/\/d3w57dy8lxq74n.cloudfront.net\/es\/?s={search_term_string}\"},\"query-input\":\"required name=search_term_string\"}],\"inLanguage\":\"es-ES\"}]}<\/script>\n<!-- \/ Yoast SEO plugin. -->","yoast_head_json":{"title":"ELECTO SJ - CONTADOR ELECTR\u00d3NICO DE CHORRO \u00daNICO","description":"ElecTo SJ es el contador de chorro \u00fanico que ofrece una comunicaci\u00f3n de datos integrada gracias a su innovador reloj electr\u00f3nico radio. Especialmente dise\u00f1a","robots":{"index":"noindex","follow":"follow","max-snippet":"max-snippet:-1","max-image-preview":"max-image-preview:large","max-video-preview":"max-video-preview:-1"},"og_locale":"es_ES","og_type":"article","og_title":"ELECTO SJ - CONTADOR ELECTR\u00d3NICO DE CHORRO \u00daNICO","og_description":"ElecTo SJ es el contador de chorro \u00fanico que ofrece una comunicaci\u00f3n de datos integrada gracias a su innovador reloj electr\u00f3nico radio. Especialmente dise\u00f1a","og_url":"https:\/\/d3w57dy8lxq74n.cloudfront.net\/es\/producto\/electo-sj\/","og_site_name":"Maddalena S.p.A.","article_modified_time":"2023-04-06T15:02:51+00:00","og_image":[{"width":1600,"height":1200,"url":"https:\/\/d3w57dy8lxq74n.cloudfront.net\/wp-content\/uploads\/catalog-image\/22068-electo-sj-3q.png","type":"image\/png"}],"twitter_card":"summary_large_image","twitter_misc":{"Est. reading time":"1 minute"},"schema":{"@context":"https:\/\/schema.org","@graph":[{"@type":"WebPage","@id":"https:\/\/d3w57dy8lxq74n.cloudfront.net\/es\/producto\/electo-sj\/","url":"https:\/\/d3w57dy8lxq74n.cloudfront.net\/es\/producto\/electo-sj\/","name":"ELECTO SJ - CONTADOR ELECTR\u00d3NICO DE CHORRO \u00daNICO","isPartOf":{"@id":"https:\/\/d3w57dy8lxq74n.cloudfront.net\/es\/#website"},"datePublished":"2022-08-03T12:29:05+00:00","dateModified":"2023-04-06T15:02:51+00:00","description":"ElecTo SJ es el contador de chorro \u00fanico que ofrece una comunicaci\u00f3n de datos integrada gracias a su innovador reloj electr\u00f3nico radio. Especialmente dise\u00f1a","breadcrumb":{"@id":"https:\/\/d3w57dy8lxq74n.cloudfront.net\/es\/producto\/electo-sj\/#breadcrumb"},"inLanguage":"es-ES","potentialAction":[{"@type":"ReadAction","target":["https:\/\/d3w57dy8lxq74n.cloudfront.net\/es\/producto\/electo-sj\/"]}]},{"@type":"BreadcrumbList","@id":"https:\/\/d3w57dy8lxq74n.cloudfront.net\/es\/producto\/electo-sj\/#breadcrumb","itemListElement":[{"@type":"ListItem","position":1,"name":"Home","item":"https:\/\/d3w57dy8lxq74n.cloudfront.net\/es\/"},{"@type":"ListItem","position":2,"name":"Productos","item":"https:\/\/d3w57dy8lxq74n.cloudfront.net\/es\/producto\/"},{"@type":"ListItem","position":3,"name":"Agua","item":"https:\/\/d3w57dy8lxq74n.cloudfront.net\/es\/productos\/contadores-agua\/"},{"@type":"ListItem","position":4,"name":"ElecTo","item":"https:\/\/d3w57dy8lxq74n.cloudfront.net\/es\/productos\/electo-es\/"},{"@type":"ListItem","position":5,"name":"ELECTO SJ"}]},{"@type":"WebSite","@id":"https:\/\/d3w57dy8lxq74n.cloudfront.net\/es\/#website","url":"https:\/\/d3w57dy8lxq74n.cloudfront.net\/es\/","name":"Maddalena S.p.A.","description":"Metering Expertise","potentialAction":[{"@type":"SearchAction","target":{"@type":"EntryPoint","urlTemplate":"https:\/\/d3w57dy8lxq74n.cloudfront.net\/es\/?s={search_term_string}"},"query-input":"required name=search_term_string"}],"inLanguage":"es-ES"}]}},"_links":{"self":[{"href":"https:\/\/d3w57dy8lxq74n.cloudfront.net\/es\/wp-json\/wp\/v2\/product\/18236"}],"collection":[{"href":"https:\/\/d3w57dy8lxq74n.cloudfront.net\/es\/wp-json\/wp\/v2\/product"}],"about":[{"href":"https:\/\/d3w57dy8lxq74n.cloudfront.net\/es\/wp-json\/wp\/v2\/types\/product"}],"wp:featuredmedia":[{"embeddable":true,"href":"https:\/\/d3w57dy8lxq74n.cloudfront.net\/es\/wp-json\/wp\/v2\/media\/736"}],"wp:attachment":[{"href":"https:\/\/d3w57dy8lxq74n.cloudfront.net\/es\/wp-json\/wp\/v2\/media?parent=18236"}],"wp:term":[{"taxonomy":"product_category","embeddable":true,"href":"https:\/\/d3w57dy8lxq74n.cloudfront.net\/es\/wp-json\/wp\/v2\/product_category?post=18236"}],"curies":[{"name":"wp","href":"https:\/\/api.w.org\/{rel}","templated":true}]}}