{"id":20511,"date":"2022-06-28T12:45:28","date_gmt":"2022-06-28T10:45:28","guid":{"rendered":"http:\/\/d3w57dy8lxq74n.cloudfront.net\/sostenibilidad-nuestro-camino\/asg\/"},"modified":"2023-04-14T10:03:22","modified_gmt":"2023-04-14T08:03:22","slug":"esg","status":"publish","type":"page","link":"https:\/\/d3w57dy8lxq74n.cloudfront.net\/es\/sostenibilidad\/esg\/","title":{"rendered":"ESG: las acciones antes que las palabras"},"content":{"rendered":"\n<p><strong>ESG es el acr\u00f3nimo de Medio Ambiente, Social y Gobernanza (en ingl\u00e9s Environmental, Social and Governance) <\/strong>y se refiere a los tres criterios centrales para medir la sostenibilidad de una inversi\u00f3n. Al analizar las acciones implementadas por Maddalena S.p.A. en t\u00e9rminos de sostenibilidad, queremos ir directamente al grano, porque para nosotros los hechos cuentan mucho m\u00e1s que las palabras. Las siguientes actividades tienen en cuenta no s\u00f3lo los factores econ\u00f3micos y financieros, sino precisamente estos criterios:<\/p>\n\n<ul>\n<li><strong>Medioambiental<\/strong> agrupa las actividades que inciden en la gesti\u00f3n del medio ambiente<\/li>\n\n\n\n<li><strong>Social<\/strong> incluye iniciativas con una implicaci\u00f3n social para las partes interesadas de la empresa, internas o externas<\/li>\n\n\n\n<li><strong>Gobernanza<\/strong> afecta los aspectos relacionados con el Gobierno de la empresa y su gesti\u00f3n<\/li>\n<\/ul>\n\n<div class=\"wp-block-buttons is-content-justification-left is-layout-flex wp-container-1\">\n<div class=\"wp-block-button is-style-outline\"><a class=\"wp-block-button__link has-white-color has-vivid-red-background-color has-text-color has-background wp-element-button\" href=\"https:\/\/d3w57dy8lxq74n.cloudfront.net\/wp-content\/uploads\/2022\/06\/Maddalena_ESG_ES_.pdf\" style=\"border-radius:100px\" target=\"_blank\" rel=\"noreferrer noopener\"><strong>DESCARGAR LA INFOGRAF\u00cdA<\/strong><\/a><\/div>\n<\/div>\n","protected":false},"excerpt":{"rendered":"<p>ESG es el acr\u00f3nimo de Medio Ambiente, Social y Gobernanza (en ingl\u00e9s Environmental, Social and Governance) y se refiere a los tres criterios centrales para medir la sostenibilidad de una inversi\u00f3n. Al analizar las acciones implementadas por Maddalena S.p.A. en t\u00e9rminos de sostenibilidad, queremos ir directamente al grano, porque para nosotros los hechos cuentan mucho [&hellip;]<\/p>\n","protected":false},"author":2,"featured_media":0,"parent":20174,"menu_order":61,"comment_status":"closed","ping_status":"closed","template":"","meta":{"_lmt_disableupdate":"no","_lmt_disable":""},"acf":[],"yoast_head":"<!-- This site is optimized with the Yoast SEO plugin v20.7 - https:\/\/yoast.com\/wordpress\/plugins\/seo\/ -->\n<title>ESG: las acciones antes que las palabras - Maddalena S.p.A.<\/title>\n<meta name=\"description\" content=\"Maddalena S.p.A. asume un compromiso concreto con el medio ambiente, lo social y la gobernanza (ESG) para un futuro m\u00e1s sostenible.\" \/>\n<meta name=\"robots\" content=\"noindex, follow, max-snippet:-1, max-image-preview:large, max-video-preview:-1\" \/>\n<meta property=\"og:locale\" content=\"es_ES\" \/>\n<meta property=\"og:type\" content=\"article\" \/>\n<meta property=\"og:title\" content=\"ESG: las acciones antes que las palabras - Maddalena S.p.A.\" \/>\n<meta property=\"og:description\" content=\"Maddalena S.p.A. asume un compromiso concreto con el medio ambiente, lo social y la gobernanza (ESG) para un futuro m\u00e1s sostenible.\" \/>\n<meta property=\"og:url\" content=\"https:\/\/d3w57dy8lxq74n.cloudfront.net\/es\/sostenibilidad\/esg\/\" \/>\n<meta property=\"og:site_name\" content=\"Maddalena S.p.A.\" \/>\n<meta property=\"article:modified_time\" content=\"2023-04-14T08:03:22+00:00\" \/>\n<meta name=\"twitter:card\" content=\"summary_large_image\" \/>\n<meta name=\"twitter:label1\" content=\"Est. reading time\" \/>\n\t<meta name=\"twitter:data1\" content=\"1 minute\" \/>\n<script type=\"application\/ld+json\" class=\"yoast-schema-graph\">{\"@context\":\"https:\/\/schema.org\",\"@graph\":[{\"@type\":\"WebPage\",\"@id\":\"https:\/\/d3w57dy8lxq74n.cloudfront.net\/es\/sostenibilidad\/esg\/\",\"url\":\"https:\/\/d3w57dy8lxq74n.cloudfront.net\/es\/sostenibilidad\/esg\/\",\"name\":\"ESG: las acciones antes que las palabras - Maddalena S.p.A.\",\"isPartOf\":{\"@id\":\"https:\/\/d3w57dy8lxq74n.cloudfront.net\/es\/#website\"},\"datePublished\":\"2022-06-28T10:45:28+00:00\",\"dateModified\":\"2023-04-14T08:03:22+00:00\",\"description\":\"Maddalena S.p.A. asume un compromiso concreto con el medio ambiente, lo social y la gobernanza (ESG) para un futuro m\u00e1s sostenible.\",\"breadcrumb\":{\"@id\":\"https:\/\/d3w57dy8lxq74n.cloudfront.net\/es\/sostenibilidad\/esg\/#breadcrumb\"},\"inLanguage\":\"es-ES\",\"potentialAction\":[{\"@type\":\"ReadAction\",\"target\":[\"https:\/\/d3w57dy8lxq74n.cloudfront.net\/es\/sostenibilidad\/esg\/\"]}]},{\"@type\":\"BreadcrumbList\",\"@id\":\"https:\/\/d3w57dy8lxq74n.cloudfront.net\/es\/sostenibilidad\/esg\/#breadcrumb\",\"itemListElement\":[{\"@type\":\"ListItem\",\"position\":1,\"name\":\"Home\",\"item\":\"https:\/\/d3w57dy8lxq74n.cloudfront.net\/es\/\"},{\"@type\":\"ListItem\",\"position\":2,\"name\":\"Sostenibilidad: nuestro camino\",\"item\":\"https:\/\/d3w57dy8lxq74n.cloudfront.net\/es\/sostenibilidad\/\"},{\"@type\":\"ListItem\",\"position\":3,\"name\":\"ESG: las acciones antes que las palabras\"}]},{\"@type\":\"WebSite\",\"@id\":\"https:\/\/d3w57dy8lxq74n.cloudfront.net\/es\/#website\",\"url\":\"https:\/\/d3w57dy8lxq74n.cloudfront.net\/es\/\",\"name\":\"Maddalena S.p.A.\",\"description\":\"Metering Expertise\",\"potentialAction\":[{\"@type\":\"SearchAction\",\"target\":{\"@type\":\"EntryPoint\",\"urlTemplate\":\"https:\/\/d3w57dy8lxq74n.cloudfront.net\/es\/?s={search_term_string}\"},\"query-input\":\"required name=search_term_string\"}],\"inLanguage\":\"es-ES\"}]}<\/script>\n<!-- \/ Yoast SEO plugin. -->","yoast_head_json":{"title":"ESG: las acciones antes que las palabras - Maddalena S.p.A.","description":"Maddalena S.p.A. asume un compromiso concreto con el medio ambiente, lo social y la gobernanza (ESG) para un futuro m\u00e1s sostenible.","robots":{"index":"noindex","follow":"follow","max-snippet":"max-snippet:-1","max-image-preview":"max-image-preview:large","max-video-preview":"max-video-preview:-1"},"og_locale":"es_ES","og_type":"article","og_title":"ESG: las acciones antes que las palabras - Maddalena S.p.A.","og_description":"Maddalena S.p.A. asume un compromiso concreto con el medio ambiente, lo social y la gobernanza (ESG) para un futuro m\u00e1s sostenible.","og_url":"https:\/\/d3w57dy8lxq74n.cloudfront.net\/es\/sostenibilidad\/esg\/","og_site_name":"Maddalena S.p.A.","article_modified_time":"2023-04-14T08:03:22+00:00","twitter_card":"summary_large_image","twitter_misc":{"Est. reading time":"1 minute"},"schema":{"@context":"https:\/\/schema.org","@graph":[{"@type":"WebPage","@id":"https:\/\/d3w57dy8lxq74n.cloudfront.net\/es\/sostenibilidad\/esg\/","url":"https:\/\/d3w57dy8lxq74n.cloudfront.net\/es\/sostenibilidad\/esg\/","name":"ESG: las acciones antes que las palabras - Maddalena S.p.A.","isPartOf":{"@id":"https:\/\/d3w57dy8lxq74n.cloudfront.net\/es\/#website"},"datePublished":"2022-06-28T10:45:28+00:00","dateModified":"2023-04-14T08:03:22+00:00","description":"Maddalena S.p.A. asume un compromiso concreto con el medio ambiente, lo social y la gobernanza (ESG) para un futuro m\u00e1s sostenible.","breadcrumb":{"@id":"https:\/\/d3w57dy8lxq74n.cloudfront.net\/es\/sostenibilidad\/esg\/#breadcrumb"},"inLanguage":"es-ES","potentialAction":[{"@type":"ReadAction","target":["https:\/\/d3w57dy8lxq74n.cloudfront.net\/es\/sostenibilidad\/esg\/"]}]},{"@type":"BreadcrumbList","@id":"https:\/\/d3w57dy8lxq74n.cloudfront.net\/es\/sostenibilidad\/esg\/#breadcrumb","itemListElement":[{"@type":"ListItem","position":1,"name":"Home","item":"https:\/\/d3w57dy8lxq74n.cloudfront.net\/es\/"},{"@type":"ListItem","position":2,"name":"Sostenibilidad: nuestro camino","item":"https:\/\/d3w57dy8lxq74n.cloudfront.net\/es\/sostenibilidad\/"},{"@type":"ListItem","position":3,"name":"ESG: las acciones antes que las palabras"}]},{"@type":"WebSite","@id":"https:\/\/d3w57dy8lxq74n.cloudfront.net\/es\/#website","url":"https:\/\/d3w57dy8lxq74n.cloudfront.net\/es\/","name":"Maddalena S.p.A.","description":"Metering Expertise","potentialAction":[{"@type":"SearchAction","target":{"@type":"EntryPoint","urlTemplate":"https:\/\/d3w57dy8lxq74n.cloudfront.net\/es\/?s={search_term_string}"},"query-input":"required name=search_term_string"}],"inLanguage":"es-ES"}]}},"_links":{"self":[{"href":"https:\/\/d3w57dy8lxq74n.cloudfront.net\/es\/wp-json\/wp\/v2\/pages\/20511"}],"collection":[{"href":"https:\/\/d3w57dy8lxq74n.cloudfront.net\/es\/wp-json\/wp\/v2\/pages"}],"about":[{"href":"https:\/\/d3w57dy8lxq74n.cloudfront.net\/es\/wp-json\/wp\/v2\/types\/page"}],"author":[{"embeddable":true,"href":"https:\/\/d3w57dy8lxq74n.cloudfront.net\/es\/wp-json\/wp\/v2\/users\/2"}],"replies":[{"embeddable":true,"href":"https:\/\/d3w57dy8lxq74n.cloudfront.net\/es\/wp-json\/wp\/v2\/comments?post=20511"}],"version-history":[{"count":5,"href":"https:\/\/d3w57dy8lxq74n.cloudfront.net\/es\/wp-json\/wp\/v2\/pages\/20511\/revisions"}],"predecessor-version":[{"id":25046,"href":"https:\/\/d3w57dy8lxq74n.cloudfront.net\/es\/wp-json\/wp\/v2\/pages\/20511\/revisions\/25046"}],"up":[{"embeddable":true,"href":"https:\/\/d3w57dy8lxq74n.cloudfront.net\/es\/wp-json\/wp\/v2\/pages\/20174"}],"wp:attachment":[{"href":"https:\/\/d3w57dy8lxq74n.cloudfront.net\/es\/wp-json\/wp\/v2\/media?parent=20511"}],"curies":[{"name":"wp","href":"https:\/\/api.w.org\/{rel}","templated":true}]}}