{"id":20509,"date":"2022-07-22T16:57:13","date_gmt":"2022-07-22T14:57:13","guid":{"rendered":"http:\/\/d3w57dy8lxq74n.cloudfront.net\/sostenibilidad-nuestro-camino\/sa8000\/"},"modified":"2023-04-07T16:56:14","modified_gmt":"2023-04-07T14:56:14","slug":"sa8000","status":"publish","type":"page","link":"https:\/\/d3w57dy8lxq74n.cloudfront.net\/es\/sostenibilidad\/sa8000\/","title":{"rendered":"SA8000"},"content":{"rendered":"\n<p>La certificaci\u00f3n \u00e9tica\u00a0<strong>SA8000<\/strong> \u2013 <strong>Social Accountability<\/strong> \u2013 es la primera norma internacionalmente extendida que certifica la responsabilidad social de una empresa. SA8000\u00a0 es un<strong> modelo de gesti\u00f3n<\/strong> que tiene como objetivo valorar y proteger a las personas en las organizaciones que lo adoptan.<\/p>\n\n<p>Es una <strong>norma voluntaria<\/strong> presente en los principales pa\u00edses productores y define los requisitos que deben cumplirse para garantizar la calidad de las condiciones de trabajo de las personas.<\/p>\n\n<p><strong>La obtenci\u00f3n de esta certificaci\u00f3n<\/strong> es un objetivo que Maddalena S.p.A. se enorgullece de haber alcanzado y atestigua el compromiso de la compa\u00f1\u00eda en el \u00e1mbito de la Responsabilidad Social de la Empresa.<\/p>\n","protected":false},"excerpt":{"rendered":"<p>La certificaci\u00f3n \u00e9tica\u00a0SA8000 \u2013 Social Accountability \u2013 es la primera norma internacionalmente extendida que certifica la responsabilidad social de una empresa. SA8000\u00a0 es un modelo de gesti\u00f3n que tiene como objetivo valorar y proteger a las personas en las organizaciones que lo adoptan. Es una norma voluntaria presente en los principales pa\u00edses productores y define [&hellip;]<\/p>\n","protected":false},"author":3,"featured_media":0,"parent":20174,"menu_order":0,"comment_status":"closed","ping_status":"closed","template":"","meta":{"_lmt_disableupdate":"","_lmt_disable":""},"acf":[],"yoast_head":"<!-- This site is optimized with the Yoast SEO plugin v20.7 - https:\/\/yoast.com\/wordpress\/plugins\/seo\/ -->\n<title>SA8000 - Maddalena S.p.A.<\/title>\n<meta name=\"description\" content=\"La obtenci\u00f3n de la certificaci\u00f3n SA8000 es un logro que atestigua el compromiso de la empresa en el \u00e1mbito de la responsabilidad social.\" \/>\n<meta name=\"robots\" content=\"noindex, follow, max-snippet:-1, max-image-preview:large, max-video-preview:-1\" \/>\n<meta property=\"og:locale\" content=\"es_ES\" \/>\n<meta property=\"og:type\" content=\"article\" \/>\n<meta property=\"og:title\" content=\"SA8000 - Maddalena S.p.A.\" \/>\n<meta property=\"og:description\" content=\"La obtenci\u00f3n de la certificaci\u00f3n SA8000 es un logro que atestigua el compromiso de la empresa en el \u00e1mbito de la responsabilidad social.\" \/>\n<meta property=\"og:url\" content=\"https:\/\/d3w57dy8lxq74n.cloudfront.net\/es\/sostenibilidad\/sa8000\/\" \/>\n<meta property=\"og:site_name\" content=\"Maddalena S.p.A.\" \/>\n<meta property=\"article:modified_time\" content=\"2023-04-07T14:56:14+00:00\" \/>\n<meta name=\"twitter:card\" content=\"summary_large_image\" \/>\n<meta name=\"twitter:label1\" content=\"Est. reading time\" \/>\n\t<meta name=\"twitter:data1\" content=\"1 minute\" \/>\n<script type=\"application\/ld+json\" class=\"yoast-schema-graph\">{\"@context\":\"https:\/\/schema.org\",\"@graph\":[{\"@type\":\"WebPage\",\"@id\":\"https:\/\/d3w57dy8lxq74n.cloudfront.net\/es\/sostenibilidad\/sa8000\/\",\"url\":\"https:\/\/d3w57dy8lxq74n.cloudfront.net\/es\/sostenibilidad\/sa8000\/\",\"name\":\"SA8000 - Maddalena S.p.A.\",\"isPartOf\":{\"@id\":\"https:\/\/d3w57dy8lxq74n.cloudfront.net\/es\/#website\"},\"datePublished\":\"2022-07-22T14:57:13+00:00\",\"dateModified\":\"2023-04-07T14:56:14+00:00\",\"description\":\"La obtenci\u00f3n de la certificaci\u00f3n SA8000 es un logro que atestigua el compromiso de la empresa en el \u00e1mbito de la responsabilidad social.\",\"breadcrumb\":{\"@id\":\"https:\/\/d3w57dy8lxq74n.cloudfront.net\/es\/sostenibilidad\/sa8000\/#breadcrumb\"},\"inLanguage\":\"es-ES\",\"potentialAction\":[{\"@type\":\"ReadAction\",\"target\":[\"https:\/\/d3w57dy8lxq74n.cloudfront.net\/es\/sostenibilidad\/sa8000\/\"]}]},{\"@type\":\"BreadcrumbList\",\"@id\":\"https:\/\/d3w57dy8lxq74n.cloudfront.net\/es\/sostenibilidad\/sa8000\/#breadcrumb\",\"itemListElement\":[{\"@type\":\"ListItem\",\"position\":1,\"name\":\"Home\",\"item\":\"https:\/\/d3w57dy8lxq74n.cloudfront.net\/es\/\"},{\"@type\":\"ListItem\",\"position\":2,\"name\":\"Sostenibilidad: nuestro camino\",\"item\":\"https:\/\/d3w57dy8lxq74n.cloudfront.net\/es\/sostenibilidad\/\"},{\"@type\":\"ListItem\",\"position\":3,\"name\":\"SA8000\"}]},{\"@type\":\"WebSite\",\"@id\":\"https:\/\/d3w57dy8lxq74n.cloudfront.net\/es\/#website\",\"url\":\"https:\/\/d3w57dy8lxq74n.cloudfront.net\/es\/\",\"name\":\"Maddalena S.p.A.\",\"description\":\"Metering Expertise\",\"potentialAction\":[{\"@type\":\"SearchAction\",\"target\":{\"@type\":\"EntryPoint\",\"urlTemplate\":\"https:\/\/d3w57dy8lxq74n.cloudfront.net\/es\/?s={search_term_string}\"},\"query-input\":\"required name=search_term_string\"}],\"inLanguage\":\"es-ES\"}]}<\/script>\n<!-- \/ Yoast SEO plugin. -->","yoast_head_json":{"title":"SA8000 - Maddalena S.p.A.","description":"La obtenci\u00f3n de la certificaci\u00f3n SA8000 es un logro que atestigua el compromiso de la empresa en el \u00e1mbito de la responsabilidad social.","robots":{"index":"noindex","follow":"follow","max-snippet":"max-snippet:-1","max-image-preview":"max-image-preview:large","max-video-preview":"max-video-preview:-1"},"og_locale":"es_ES","og_type":"article","og_title":"SA8000 - Maddalena S.p.A.","og_description":"La obtenci\u00f3n de la certificaci\u00f3n SA8000 es un logro que atestigua el compromiso de la empresa en el \u00e1mbito de la responsabilidad social.","og_url":"https:\/\/d3w57dy8lxq74n.cloudfront.net\/es\/sostenibilidad\/sa8000\/","og_site_name":"Maddalena S.p.A.","article_modified_time":"2023-04-07T14:56:14+00:00","twitter_card":"summary_large_image","twitter_misc":{"Est. reading time":"1 minute"},"schema":{"@context":"https:\/\/schema.org","@graph":[{"@type":"WebPage","@id":"https:\/\/d3w57dy8lxq74n.cloudfront.net\/es\/sostenibilidad\/sa8000\/","url":"https:\/\/d3w57dy8lxq74n.cloudfront.net\/es\/sostenibilidad\/sa8000\/","name":"SA8000 - Maddalena S.p.A.","isPartOf":{"@id":"https:\/\/d3w57dy8lxq74n.cloudfront.net\/es\/#website"},"datePublished":"2022-07-22T14:57:13+00:00","dateModified":"2023-04-07T14:56:14+00:00","description":"La obtenci\u00f3n de la certificaci\u00f3n SA8000 es un logro que atestigua el compromiso de la empresa en el \u00e1mbito de la responsabilidad social.","breadcrumb":{"@id":"https:\/\/d3w57dy8lxq74n.cloudfront.net\/es\/sostenibilidad\/sa8000\/#breadcrumb"},"inLanguage":"es-ES","potentialAction":[{"@type":"ReadAction","target":["https:\/\/d3w57dy8lxq74n.cloudfront.net\/es\/sostenibilidad\/sa8000\/"]}]},{"@type":"BreadcrumbList","@id":"https:\/\/d3w57dy8lxq74n.cloudfront.net\/es\/sostenibilidad\/sa8000\/#breadcrumb","itemListElement":[{"@type":"ListItem","position":1,"name":"Home","item":"https:\/\/d3w57dy8lxq74n.cloudfront.net\/es\/"},{"@type":"ListItem","position":2,"name":"Sostenibilidad: nuestro camino","item":"https:\/\/d3w57dy8lxq74n.cloudfront.net\/es\/sostenibilidad\/"},{"@type":"ListItem","position":3,"name":"SA8000"}]},{"@type":"WebSite","@id":"https:\/\/d3w57dy8lxq74n.cloudfront.net\/es\/#website","url":"https:\/\/d3w57dy8lxq74n.cloudfront.net\/es\/","name":"Maddalena S.p.A.","description":"Metering Expertise","potentialAction":[{"@type":"SearchAction","target":{"@type":"EntryPoint","urlTemplate":"https:\/\/d3w57dy8lxq74n.cloudfront.net\/es\/?s={search_term_string}"},"query-input":"required name=search_term_string"}],"inLanguage":"es-ES"}]}},"_links":{"self":[{"href":"https:\/\/d3w57dy8lxq74n.cloudfront.net\/es\/wp-json\/wp\/v2\/pages\/20509"}],"collection":[{"href":"https:\/\/d3w57dy8lxq74n.cloudfront.net\/es\/wp-json\/wp\/v2\/pages"}],"about":[{"href":"https:\/\/d3w57dy8lxq74n.cloudfront.net\/es\/wp-json\/wp\/v2\/types\/page"}],"author":[{"embeddable":true,"href":"https:\/\/d3w57dy8lxq74n.cloudfront.net\/es\/wp-json\/wp\/v2\/users\/3"}],"replies":[{"embeddable":true,"href":"https:\/\/d3w57dy8lxq74n.cloudfront.net\/es\/wp-json\/wp\/v2\/comments?post=20509"}],"version-history":[{"count":5,"href":"https:\/\/d3w57dy8lxq74n.cloudfront.net\/es\/wp-json\/wp\/v2\/pages\/20509\/revisions"}],"predecessor-version":[{"id":21959,"href":"https:\/\/d3w57dy8lxq74n.cloudfront.net\/es\/wp-json\/wp\/v2\/pages\/20509\/revisions\/21959"}],"up":[{"embeddable":true,"href":"https:\/\/d3w57dy8lxq74n.cloudfront.net\/es\/wp-json\/wp\/v2\/pages\/20174"}],"wp:attachment":[{"href":"https:\/\/d3w57dy8lxq74n.cloudfront.net\/es\/wp-json\/wp\/v2\/media?parent=20509"}],"curies":[{"name":"wp","href":"https:\/\/api.w.org\/{rel}","templated":true}]}}