{"id":20174,"date":"2022-04-21T15:13:54","date_gmt":"2022-04-21T13:13:54","guid":{"rendered":"http:\/\/d3w57dy8lxq74n.cloudfront.net\/sostenibilidad-nuestro-camino\/"},"modified":"2023-04-14T08:52:43","modified_gmt":"2023-04-14T06:52:43","slug":"sostenibilidad","status":"publish","type":"page","link":"https:\/\/d3w57dy8lxq74n.cloudfront.net\/es\/sostenibilidad\/","title":{"rendered":"Sostenibilidad: nuestro camino"},"content":{"rendered":"\n<p>El objetivo principal de Maddalena S.p.A., en lo que respecta a la sostenibilidad, es <strong> medir y reducir <\/strong>el despilfarro del recurso m\u00e1s valioso que posee nuestro planeta: el <strong>agua.<\/strong><\/p>\n\n\n\n<p>Abordar las cuestiones relacionadas con el <strong><a href=\"https:\/\/asvis.it\/who-we-are\/\" target=\"_blank\" rel=\"noreferrer noopener\">Desarrollo Sostenible<\/a><\/strong> hoy en d\u00eda significa pensar de forma amplia adoptando <strong>comportamientos responsables <\/strong>ya no s\u00f3lo desde el punto de vista medioambiental, sino tambi\u00e9n ampliando la visi\u00f3n a los \u00e1mbitos de la sostenibilidad social y la gobernanza de la empresa. S\u00f3lo actuando as\u00ed podemos contribuir a la <strong>creaci\u00f3n de valor sostenible y generar una ventaja<\/strong> para nuestra empresa y todas sus partes interesadas.<\/p>\n\n\n\n<p>La Sostenibilidad forma parte de nuestro <strong>ADN corporativo<\/strong>, orienta las estrategias y decisiones de la empresa.<\/p>\n","protected":false},"excerpt":{"rendered":"<p>El objetivo principal de Maddalena S.p.A., en lo que respecta a la sostenibilidad, es medir y reducir el despilfarro del recurso m\u00e1s valioso que posee nuestro planeta: el agua. Abordar las cuestiones relacionadas con el Desarrollo Sostenible hoy en d\u00eda significa pensar de forma amplia adoptando comportamientos responsables ya no s\u00f3lo desde el punto de [&hellip;]<\/p>\n","protected":false},"author":1,"featured_media":0,"parent":0,"menu_order":43,"comment_status":"closed","ping_status":"closed","template":"","meta":{"_lmt_disableupdate":"","_lmt_disable":""},"acf":[],"yoast_head":"<!-- This site is optimized with the Yoast SEO plugin v20.7 - https:\/\/yoast.com\/wordpress\/plugins\/seo\/ -->\n<title>Sostenibilidad: nuestro camino - Maddalena S.p.A.<\/title>\n<meta name=\"description\" content=\"Maddalena ha conseguido importantes resultados que avalan su compromiso con la Sostenibilidad: Agenda 2030, acciones ASG, SA8000, Reporte de Sostenibilidad.\" \/>\n<meta name=\"robots\" content=\"noindex, follow, max-snippet:-1, max-image-preview:large, max-video-preview:-1\" \/>\n<meta property=\"og:locale\" content=\"es_ES\" \/>\n<meta property=\"og:type\" content=\"article\" \/>\n<meta property=\"og:title\" content=\"Sostenibilidad: nuestro camino - Maddalena S.p.A.\" \/>\n<meta property=\"og:description\" content=\"Maddalena ha conseguido importantes resultados que avalan su compromiso con la Sostenibilidad: Agenda 2030, acciones ASG, SA8000, Reporte de Sostenibilidad.\" \/>\n<meta property=\"og:url\" content=\"https:\/\/d3w57dy8lxq74n.cloudfront.net\/es\/sostenibilidad\/\" \/>\n<meta property=\"og:site_name\" content=\"Maddalena S.p.A.\" \/>\n<meta property=\"article:modified_time\" content=\"2023-04-14T06:52:43+00:00\" \/>\n<meta name=\"twitter:card\" content=\"summary_large_image\" \/>\n<meta name=\"twitter:label1\" content=\"Est. reading time\" \/>\n\t<meta name=\"twitter:data1\" content=\"1 minute\" \/>\n<script type=\"application\/ld+json\" class=\"yoast-schema-graph\">{\"@context\":\"https:\/\/schema.org\",\"@graph\":[{\"@type\":\"WebPage\",\"@id\":\"https:\/\/d3w57dy8lxq74n.cloudfront.net\/es\/sostenibilidad\/\",\"url\":\"https:\/\/d3w57dy8lxq74n.cloudfront.net\/es\/sostenibilidad\/\",\"name\":\"Sostenibilidad: nuestro camino - Maddalena S.p.A.\",\"isPartOf\":{\"@id\":\"https:\/\/d3w57dy8lxq74n.cloudfront.net\/es\/#website\"},\"datePublished\":\"2022-04-21T13:13:54+00:00\",\"dateModified\":\"2023-04-14T06:52:43+00:00\",\"description\":\"Maddalena ha conseguido importantes resultados que avalan su compromiso con la Sostenibilidad: Agenda 2030, acciones ASG, SA8000, Reporte de Sostenibilidad.\",\"breadcrumb\":{\"@id\":\"https:\/\/d3w57dy8lxq74n.cloudfront.net\/es\/sostenibilidad\/#breadcrumb\"},\"inLanguage\":\"es-ES\",\"potentialAction\":[{\"@type\":\"ReadAction\",\"target\":[\"https:\/\/d3w57dy8lxq74n.cloudfront.net\/es\/sostenibilidad\/\"]}]},{\"@type\":\"BreadcrumbList\",\"@id\":\"https:\/\/d3w57dy8lxq74n.cloudfront.net\/es\/sostenibilidad\/#breadcrumb\",\"itemListElement\":[{\"@type\":\"ListItem\",\"position\":1,\"name\":\"Home\",\"item\":\"https:\/\/d3w57dy8lxq74n.cloudfront.net\/es\/\"},{\"@type\":\"ListItem\",\"position\":2,\"name\":\"Sostenibilidad: nuestro camino\"}]},{\"@type\":\"WebSite\",\"@id\":\"https:\/\/d3w57dy8lxq74n.cloudfront.net\/es\/#website\",\"url\":\"https:\/\/d3w57dy8lxq74n.cloudfront.net\/es\/\",\"name\":\"Maddalena S.p.A.\",\"description\":\"Metering Expertise\",\"potentialAction\":[{\"@type\":\"SearchAction\",\"target\":{\"@type\":\"EntryPoint\",\"urlTemplate\":\"https:\/\/d3w57dy8lxq74n.cloudfront.net\/es\/?s={search_term_string}\"},\"query-input\":\"required name=search_term_string\"}],\"inLanguage\":\"es-ES\"}]}<\/script>\n<!-- \/ Yoast SEO plugin. -->","yoast_head_json":{"title":"Sostenibilidad: nuestro camino - Maddalena S.p.A.","description":"Maddalena ha conseguido importantes resultados que avalan su compromiso con la Sostenibilidad: Agenda 2030, acciones ASG, SA8000, Reporte de Sostenibilidad.","robots":{"index":"noindex","follow":"follow","max-snippet":"max-snippet:-1","max-image-preview":"max-image-preview:large","max-video-preview":"max-video-preview:-1"},"og_locale":"es_ES","og_type":"article","og_title":"Sostenibilidad: nuestro camino - Maddalena S.p.A.","og_description":"Maddalena ha conseguido importantes resultados que avalan su compromiso con la Sostenibilidad: Agenda 2030, acciones ASG, SA8000, Reporte de Sostenibilidad.","og_url":"https:\/\/d3w57dy8lxq74n.cloudfront.net\/es\/sostenibilidad\/","og_site_name":"Maddalena S.p.A.","article_modified_time":"2023-04-14T06:52:43+00:00","twitter_card":"summary_large_image","twitter_misc":{"Est. reading time":"1 minute"},"schema":{"@context":"https:\/\/schema.org","@graph":[{"@type":"WebPage","@id":"https:\/\/d3w57dy8lxq74n.cloudfront.net\/es\/sostenibilidad\/","url":"https:\/\/d3w57dy8lxq74n.cloudfront.net\/es\/sostenibilidad\/","name":"Sostenibilidad: nuestro camino - Maddalena S.p.A.","isPartOf":{"@id":"https:\/\/d3w57dy8lxq74n.cloudfront.net\/es\/#website"},"datePublished":"2022-04-21T13:13:54+00:00","dateModified":"2023-04-14T06:52:43+00:00","description":"Maddalena ha conseguido importantes resultados que avalan su compromiso con la Sostenibilidad: Agenda 2030, acciones ASG, SA8000, Reporte de Sostenibilidad.","breadcrumb":{"@id":"https:\/\/d3w57dy8lxq74n.cloudfront.net\/es\/sostenibilidad\/#breadcrumb"},"inLanguage":"es-ES","potentialAction":[{"@type":"ReadAction","target":["https:\/\/d3w57dy8lxq74n.cloudfront.net\/es\/sostenibilidad\/"]}]},{"@type":"BreadcrumbList","@id":"https:\/\/d3w57dy8lxq74n.cloudfront.net\/es\/sostenibilidad\/#breadcrumb","itemListElement":[{"@type":"ListItem","position":1,"name":"Home","item":"https:\/\/d3w57dy8lxq74n.cloudfront.net\/es\/"},{"@type":"ListItem","position":2,"name":"Sostenibilidad: nuestro camino"}]},{"@type":"WebSite","@id":"https:\/\/d3w57dy8lxq74n.cloudfront.net\/es\/#website","url":"https:\/\/d3w57dy8lxq74n.cloudfront.net\/es\/","name":"Maddalena S.p.A.","description":"Metering Expertise","potentialAction":[{"@type":"SearchAction","target":{"@type":"EntryPoint","urlTemplate":"https:\/\/d3w57dy8lxq74n.cloudfront.net\/es\/?s={search_term_string}"},"query-input":"required name=search_term_string"}],"inLanguage":"es-ES"}]}},"_links":{"self":[{"href":"https:\/\/d3w57dy8lxq74n.cloudfront.net\/es\/wp-json\/wp\/v2\/pages\/20174"}],"collection":[{"href":"https:\/\/d3w57dy8lxq74n.cloudfront.net\/es\/wp-json\/wp\/v2\/pages"}],"about":[{"href":"https:\/\/d3w57dy8lxq74n.cloudfront.net\/es\/wp-json\/wp\/v2\/types\/page"}],"author":[{"embeddable":true,"href":"https:\/\/d3w57dy8lxq74n.cloudfront.net\/es\/wp-json\/wp\/v2\/users\/1"}],"replies":[{"embeddable":true,"href":"https:\/\/d3w57dy8lxq74n.cloudfront.net\/es\/wp-json\/wp\/v2\/comments?post=20174"}],"version-history":[{"count":5,"href":"https:\/\/d3w57dy8lxq74n.cloudfront.net\/es\/wp-json\/wp\/v2\/pages\/20174\/revisions"}],"predecessor-version":[{"id":25033,"href":"https:\/\/d3w57dy8lxq74n.cloudfront.net\/es\/wp-json\/wp\/v2\/pages\/20174\/revisions\/25033"}],"wp:attachment":[{"href":"https:\/\/d3w57dy8lxq74n.cloudfront.net\/es\/wp-json\/wp\/v2\/media?parent=20174"}],"curies":[{"name":"wp","href":"https:\/\/api.w.org\/{rel}","templated":true}]}}