{"id":16274,"date":"2022-06-23T11:06:05","date_gmt":"2022-06-23T09:06:05","guid":{"rendered":"http:\/\/d3w57dy8lxq74n.cloudfront.net\/tradicion-inteligente\/"},"modified":"2023-01-23T17:26:12","modified_gmt":"2023-01-23T16:26:12","slug":"tradicion-smart","status":"publish","type":"page","link":"https:\/\/d3w57dy8lxq74n.cloudfront.net\/es\/tradicion-smart\/","title":{"rendered":"Tradici\u00f3n smart"},"content":{"rendered":"\n<p><strong>Smart Tradition es la expresi\u00f3n de nuestro enfoque, en el que confluyen la fiabilidad y la precisi\u00f3n<\/strong>, que nos caracterizan desde 1919, y una visi\u00f3n empresarial innovadora. Maddalena S.p.A. opera con una fuerte orientaci\u00f3n al cliente y se distingue por sus grandes inversiones en <strong>investigaci\u00f3n y desarrollo, digitalizaci\u00f3n y sostenibilidad.<\/strong><\/p>\n","protected":false},"excerpt":{"rendered":"<p>Smart Tradition es la expresi\u00f3n de nuestro enfoque, en el que confluyen la fiabilidad y la precisi\u00f3n, que nos caracterizan desde 1919, y una visi\u00f3n empresarial innovadora. Maddalena S.p.A. opera con una fuerte orientaci\u00f3n al cliente y se distingue por sus grandes inversiones en investigaci\u00f3n y desarrollo, digitalizaci\u00f3n y sostenibilidad.<\/p>\n","protected":false},"author":2,"featured_media":0,"parent":0,"menu_order":20,"comment_status":"closed","ping_status":"closed","template":"","meta":{"_lmt_disableupdate":"","_lmt_disable":""},"acf":[],"yoast_head":"<!-- This site is optimized with the Yoast SEO plugin v20.7 - https:\/\/yoast.com\/wordpress\/plugins\/seo\/ -->\n<title>Tradici\u00f3n smart - Maddalena S.p.A.<\/title>\n<meta name=\"description\" content=\"Desde 1919, Maddalena S.p.A. se distingue por su atenci\u00f3n a la innovaci\u00f3n, la fiabilidad y la precisi\u00f3n. La tradici\u00f3n inteligente es nuestro pensamiento.\" \/>\n<meta name=\"robots\" content=\"noindex, follow, max-snippet:-1, max-image-preview:large, max-video-preview:-1\" \/>\n<meta property=\"og:locale\" content=\"es_ES\" \/>\n<meta property=\"og:type\" content=\"article\" \/>\n<meta property=\"og:title\" content=\"Tradici\u00f3n smart - Maddalena S.p.A.\" \/>\n<meta property=\"og:description\" content=\"Desde 1919, Maddalena S.p.A. se distingue por su atenci\u00f3n a la innovaci\u00f3n, la fiabilidad y la precisi\u00f3n. La tradici\u00f3n inteligente es nuestro pensamiento.\" \/>\n<meta property=\"og:url\" content=\"https:\/\/d3w57dy8lxq74n.cloudfront.net\/es\/tradicion-smart\/\" \/>\n<meta property=\"og:site_name\" content=\"Maddalena S.p.A.\" \/>\n<meta property=\"article:modified_time\" content=\"2023-01-23T16:26:12+00:00\" \/>\n<meta name=\"twitter:card\" content=\"summary_large_image\" \/>\n<meta name=\"twitter:label1\" content=\"Est. reading time\" \/>\n\t<meta name=\"twitter:data1\" content=\"1 minute\" \/>\n<script type=\"application\/ld+json\" class=\"yoast-schema-graph\">{\"@context\":\"https:\/\/schema.org\",\"@graph\":[{\"@type\":\"WebPage\",\"@id\":\"https:\/\/d3w57dy8lxq74n.cloudfront.net\/es\/tradicion-smart\/\",\"url\":\"https:\/\/d3w57dy8lxq74n.cloudfront.net\/es\/tradicion-smart\/\",\"name\":\"Tradici\u00f3n smart - Maddalena S.p.A.\",\"isPartOf\":{\"@id\":\"https:\/\/d3w57dy8lxq74n.cloudfront.net\/es\/#website\"},\"datePublished\":\"2022-06-23T09:06:05+00:00\",\"dateModified\":\"2023-01-23T16:26:12+00:00\",\"description\":\"Desde 1919, Maddalena S.p.A. se distingue por su atenci\u00f3n a la innovaci\u00f3n, la fiabilidad y la precisi\u00f3n. La tradici\u00f3n inteligente es nuestro pensamiento.\",\"breadcrumb\":{\"@id\":\"https:\/\/d3w57dy8lxq74n.cloudfront.net\/es\/tradicion-smart\/#breadcrumb\"},\"inLanguage\":\"es-ES\",\"potentialAction\":[{\"@type\":\"ReadAction\",\"target\":[\"https:\/\/d3w57dy8lxq74n.cloudfront.net\/es\/tradicion-smart\/\"]}]},{\"@type\":\"BreadcrumbList\",\"@id\":\"https:\/\/d3w57dy8lxq74n.cloudfront.net\/es\/tradicion-smart\/#breadcrumb\",\"itemListElement\":[{\"@type\":\"ListItem\",\"position\":1,\"name\":\"Home\",\"item\":\"https:\/\/d3w57dy8lxq74n.cloudfront.net\/es\/\"},{\"@type\":\"ListItem\",\"position\":2,\"name\":\"Tradici\u00f3n smart\"}]},{\"@type\":\"WebSite\",\"@id\":\"https:\/\/d3w57dy8lxq74n.cloudfront.net\/es\/#website\",\"url\":\"https:\/\/d3w57dy8lxq74n.cloudfront.net\/es\/\",\"name\":\"Maddalena S.p.A.\",\"description\":\"Metering Expertise\",\"potentialAction\":[{\"@type\":\"SearchAction\",\"target\":{\"@type\":\"EntryPoint\",\"urlTemplate\":\"https:\/\/d3w57dy8lxq74n.cloudfront.net\/es\/?s={search_term_string}\"},\"query-input\":\"required name=search_term_string\"}],\"inLanguage\":\"es-ES\"}]}<\/script>\n<!-- \/ Yoast SEO plugin. -->","yoast_head_json":{"title":"Tradici\u00f3n smart - Maddalena S.p.A.","description":"Desde 1919, Maddalena S.p.A. se distingue por su atenci\u00f3n a la innovaci\u00f3n, la fiabilidad y la precisi\u00f3n. La tradici\u00f3n inteligente es nuestro pensamiento.","robots":{"index":"noindex","follow":"follow","max-snippet":"max-snippet:-1","max-image-preview":"max-image-preview:large","max-video-preview":"max-video-preview:-1"},"og_locale":"es_ES","og_type":"article","og_title":"Tradici\u00f3n smart - Maddalena S.p.A.","og_description":"Desde 1919, Maddalena S.p.A. se distingue por su atenci\u00f3n a la innovaci\u00f3n, la fiabilidad y la precisi\u00f3n. La tradici\u00f3n inteligente es nuestro pensamiento.","og_url":"https:\/\/d3w57dy8lxq74n.cloudfront.net\/es\/tradicion-smart\/","og_site_name":"Maddalena S.p.A.","article_modified_time":"2023-01-23T16:26:12+00:00","twitter_card":"summary_large_image","twitter_misc":{"Est. reading time":"1 minute"},"schema":{"@context":"https:\/\/schema.org","@graph":[{"@type":"WebPage","@id":"https:\/\/d3w57dy8lxq74n.cloudfront.net\/es\/tradicion-smart\/","url":"https:\/\/d3w57dy8lxq74n.cloudfront.net\/es\/tradicion-smart\/","name":"Tradici\u00f3n smart - Maddalena S.p.A.","isPartOf":{"@id":"https:\/\/d3w57dy8lxq74n.cloudfront.net\/es\/#website"},"datePublished":"2022-06-23T09:06:05+00:00","dateModified":"2023-01-23T16:26:12+00:00","description":"Desde 1919, Maddalena S.p.A. se distingue por su atenci\u00f3n a la innovaci\u00f3n, la fiabilidad y la precisi\u00f3n. La tradici\u00f3n inteligente es nuestro pensamiento.","breadcrumb":{"@id":"https:\/\/d3w57dy8lxq74n.cloudfront.net\/es\/tradicion-smart\/#breadcrumb"},"inLanguage":"es-ES","potentialAction":[{"@type":"ReadAction","target":["https:\/\/d3w57dy8lxq74n.cloudfront.net\/es\/tradicion-smart\/"]}]},{"@type":"BreadcrumbList","@id":"https:\/\/d3w57dy8lxq74n.cloudfront.net\/es\/tradicion-smart\/#breadcrumb","itemListElement":[{"@type":"ListItem","position":1,"name":"Home","item":"https:\/\/d3w57dy8lxq74n.cloudfront.net\/es\/"},{"@type":"ListItem","position":2,"name":"Tradici\u00f3n smart"}]},{"@type":"WebSite","@id":"https:\/\/d3w57dy8lxq74n.cloudfront.net\/es\/#website","url":"https:\/\/d3w57dy8lxq74n.cloudfront.net\/es\/","name":"Maddalena S.p.A.","description":"Metering Expertise","potentialAction":[{"@type":"SearchAction","target":{"@type":"EntryPoint","urlTemplate":"https:\/\/d3w57dy8lxq74n.cloudfront.net\/es\/?s={search_term_string}"},"query-input":"required name=search_term_string"}],"inLanguage":"es-ES"}]}},"_links":{"self":[{"href":"https:\/\/d3w57dy8lxq74n.cloudfront.net\/es\/wp-json\/wp\/v2\/pages\/16274"}],"collection":[{"href":"https:\/\/d3w57dy8lxq74n.cloudfront.net\/es\/wp-json\/wp\/v2\/pages"}],"about":[{"href":"https:\/\/d3w57dy8lxq74n.cloudfront.net\/es\/wp-json\/wp\/v2\/types\/page"}],"author":[{"embeddable":true,"href":"https:\/\/d3w57dy8lxq74n.cloudfront.net\/es\/wp-json\/wp\/v2\/users\/2"}],"replies":[{"embeddable":true,"href":"https:\/\/d3w57dy8lxq74n.cloudfront.net\/es\/wp-json\/wp\/v2\/comments?post=16274"}],"version-history":[{"count":5,"href":"https:\/\/d3w57dy8lxq74n.cloudfront.net\/es\/wp-json\/wp\/v2\/pages\/16274\/revisions"}],"predecessor-version":[{"id":22340,"href":"https:\/\/d3w57dy8lxq74n.cloudfront.net\/es\/wp-json\/wp\/v2\/pages\/16274\/revisions\/22340"}],"wp:attachment":[{"href":"https:\/\/d3w57dy8lxq74n.cloudfront.net\/es\/wp-json\/wp\/v2\/media?parent=16274"}],"curies":[{"name":"wp","href":"https:\/\/api.w.org\/{rel}","templated":true}]}}