{"id":16267,"date":"2022-04-21T15:15:55","date_gmt":"2022-04-21T13:15:55","guid":{"rendered":"http:\/\/d3w57dy8lxq74n.cloudfront.net\/my-maddalena\/"},"modified":"2022-09-27T17:39:54","modified_gmt":"2022-09-27T15:39:54","slug":"my-maddalena","status":"publish","type":"page","link":"https:\/\/d3w57dy8lxq74n.cloudfront.net\/es\/my-maddalena\/","title":{"rendered":"My Maddalena"},"content":{"rendered":"\n<h4 class=\"wp-block-heading\"><strong>\u00c1rea Reservada My Maddalena<\/strong><\/h4>\n\n<p>My Maddalena es una plataforma de herramientas y servicios de apoyo a los clientes para la instalaci\u00f3n, uso y mantenimiento de los productos de Maddalena S.p.A.<\/p>\n\n<p>Reg\u00edstrate para estar siempre al d\u00eda.<\/p>\n","protected":false},"excerpt":{"rendered":"<p>\u00c1rea Reservada My Maddalena My Maddalena es una plataforma de herramientas y servicios de apoyo a los clientes para la instalaci\u00f3n, uso y mantenimiento de los productos de Maddalena S.p.A. Reg\u00edstrate para estar siempre al d\u00eda.<\/p>\n","protected":false},"author":1,"featured_media":0,"parent":0,"menu_order":68,"comment_status":"closed","ping_status":"closed","template":"page-mymaddalena.php","meta":{"_lmt_disableupdate":"","_lmt_disable":""},"acf":[],"yoast_head":"<!-- This site is optimized with the Yoast SEO plugin v20.7 - https:\/\/yoast.com\/wordpress\/plugins\/seo\/ -->\n<title>My Maddalena - Maddalena S.p.A.<\/title>\n<meta name=\"description\" content=\"My Maddalena: plataforma de herramientas y servicios para apoyar a los clientes en la instalaci\u00f3n, uso y mantenimiento de nuestros productos.\" \/>\n<meta name=\"robots\" content=\"noindex, follow, max-snippet:-1, max-image-preview:large, max-video-preview:-1\" \/>\n<meta property=\"og:locale\" content=\"es_ES\" \/>\n<meta property=\"og:type\" content=\"article\" \/>\n<meta property=\"og:title\" content=\"My Maddalena - Maddalena S.p.A.\" \/>\n<meta property=\"og:description\" content=\"My Maddalena: plataforma de herramientas y servicios para apoyar a los clientes en la instalaci\u00f3n, uso y mantenimiento de nuestros productos.\" \/>\n<meta property=\"og:url\" content=\"https:\/\/d3w57dy8lxq74n.cloudfront.net\/es\/my-maddalena\/\" \/>\n<meta property=\"og:site_name\" content=\"Maddalena S.p.A.\" \/>\n<meta property=\"article:modified_time\" content=\"2022-09-27T15:39:54+00:00\" \/>\n<meta name=\"twitter:card\" content=\"summary_large_image\" \/>\n<meta name=\"twitter:label1\" content=\"Est. reading time\" \/>\n\t<meta name=\"twitter:data1\" content=\"1 minute\" \/>\n<script type=\"application\/ld+json\" class=\"yoast-schema-graph\">{\"@context\":\"https:\/\/schema.org\",\"@graph\":[{\"@type\":\"WebPage\",\"@id\":\"https:\/\/d3w57dy8lxq74n.cloudfront.net\/es\/my-maddalena\/\",\"url\":\"https:\/\/d3w57dy8lxq74n.cloudfront.net\/es\/my-maddalena\/\",\"name\":\"My Maddalena - Maddalena S.p.A.\",\"isPartOf\":{\"@id\":\"https:\/\/d3w57dy8lxq74n.cloudfront.net\/es\/#website\"},\"datePublished\":\"2022-04-21T13:15:55+00:00\",\"dateModified\":\"2022-09-27T15:39:54+00:00\",\"description\":\"My Maddalena: plataforma de herramientas y servicios para apoyar a los clientes en la instalaci\u00f3n, uso y mantenimiento de nuestros productos.\",\"breadcrumb\":{\"@id\":\"https:\/\/d3w57dy8lxq74n.cloudfront.net\/es\/my-maddalena\/#breadcrumb\"},\"inLanguage\":\"es-ES\",\"potentialAction\":[{\"@type\":\"ReadAction\",\"target\":[\"https:\/\/d3w57dy8lxq74n.cloudfront.net\/es\/my-maddalena\/\"]}]},{\"@type\":\"BreadcrumbList\",\"@id\":\"https:\/\/d3w57dy8lxq74n.cloudfront.net\/es\/my-maddalena\/#breadcrumb\",\"itemListElement\":[{\"@type\":\"ListItem\",\"position\":1,\"name\":\"Home\",\"item\":\"https:\/\/d3w57dy8lxq74n.cloudfront.net\/es\/\"},{\"@type\":\"ListItem\",\"position\":2,\"name\":\"My Maddalena\"}]},{\"@type\":\"WebSite\",\"@id\":\"https:\/\/d3w57dy8lxq74n.cloudfront.net\/es\/#website\",\"url\":\"https:\/\/d3w57dy8lxq74n.cloudfront.net\/es\/\",\"name\":\"Maddalena S.p.A.\",\"description\":\"Metering Expertise\",\"potentialAction\":[{\"@type\":\"SearchAction\",\"target\":{\"@type\":\"EntryPoint\",\"urlTemplate\":\"https:\/\/d3w57dy8lxq74n.cloudfront.net\/es\/?s={search_term_string}\"},\"query-input\":\"required name=search_term_string\"}],\"inLanguage\":\"es-ES\"}]}<\/script>\n<!-- \/ Yoast SEO plugin. -->","yoast_head_json":{"title":"My Maddalena - Maddalena S.p.A.","description":"My Maddalena: plataforma de herramientas y servicios para apoyar a los clientes en la instalaci\u00f3n, uso y mantenimiento de nuestros productos.","robots":{"index":"noindex","follow":"follow","max-snippet":"max-snippet:-1","max-image-preview":"max-image-preview:large","max-video-preview":"max-video-preview:-1"},"og_locale":"es_ES","og_type":"article","og_title":"My Maddalena - Maddalena S.p.A.","og_description":"My Maddalena: plataforma de herramientas y servicios para apoyar a los clientes en la instalaci\u00f3n, uso y mantenimiento de nuestros productos.","og_url":"https:\/\/d3w57dy8lxq74n.cloudfront.net\/es\/my-maddalena\/","og_site_name":"Maddalena S.p.A.","article_modified_time":"2022-09-27T15:39:54+00:00","twitter_card":"summary_large_image","twitter_misc":{"Est. reading time":"1 minute"},"schema":{"@context":"https:\/\/schema.org","@graph":[{"@type":"WebPage","@id":"https:\/\/d3w57dy8lxq74n.cloudfront.net\/es\/my-maddalena\/","url":"https:\/\/d3w57dy8lxq74n.cloudfront.net\/es\/my-maddalena\/","name":"My Maddalena - Maddalena S.p.A.","isPartOf":{"@id":"https:\/\/d3w57dy8lxq74n.cloudfront.net\/es\/#website"},"datePublished":"2022-04-21T13:15:55+00:00","dateModified":"2022-09-27T15:39:54+00:00","description":"My Maddalena: plataforma de herramientas y servicios para apoyar a los clientes en la instalaci\u00f3n, uso y mantenimiento de nuestros productos.","breadcrumb":{"@id":"https:\/\/d3w57dy8lxq74n.cloudfront.net\/es\/my-maddalena\/#breadcrumb"},"inLanguage":"es-ES","potentialAction":[{"@type":"ReadAction","target":["https:\/\/d3w57dy8lxq74n.cloudfront.net\/es\/my-maddalena\/"]}]},{"@type":"BreadcrumbList","@id":"https:\/\/d3w57dy8lxq74n.cloudfront.net\/es\/my-maddalena\/#breadcrumb","itemListElement":[{"@type":"ListItem","position":1,"name":"Home","item":"https:\/\/d3w57dy8lxq74n.cloudfront.net\/es\/"},{"@type":"ListItem","position":2,"name":"My Maddalena"}]},{"@type":"WebSite","@id":"https:\/\/d3w57dy8lxq74n.cloudfront.net\/es\/#website","url":"https:\/\/d3w57dy8lxq74n.cloudfront.net\/es\/","name":"Maddalena S.p.A.","description":"Metering Expertise","potentialAction":[{"@type":"SearchAction","target":{"@type":"EntryPoint","urlTemplate":"https:\/\/d3w57dy8lxq74n.cloudfront.net\/es\/?s={search_term_string}"},"query-input":"required name=search_term_string"}],"inLanguage":"es-ES"}]}},"_links":{"self":[{"href":"https:\/\/d3w57dy8lxq74n.cloudfront.net\/es\/wp-json\/wp\/v2\/pages\/16267"}],"collection":[{"href":"https:\/\/d3w57dy8lxq74n.cloudfront.net\/es\/wp-json\/wp\/v2\/pages"}],"about":[{"href":"https:\/\/d3w57dy8lxq74n.cloudfront.net\/es\/wp-json\/wp\/v2\/types\/page"}],"author":[{"embeddable":true,"href":"https:\/\/d3w57dy8lxq74n.cloudfront.net\/es\/wp-json\/wp\/v2\/users\/1"}],"replies":[{"embeddable":true,"href":"https:\/\/d3w57dy8lxq74n.cloudfront.net\/es\/wp-json\/wp\/v2\/comments?post=16267"}],"version-history":[{"count":5,"href":"https:\/\/d3w57dy8lxq74n.cloudfront.net\/es\/wp-json\/wp\/v2\/pages\/16267\/revisions"}],"predecessor-version":[{"id":21363,"href":"https:\/\/d3w57dy8lxq74n.cloudfront.net\/es\/wp-json\/wp\/v2\/pages\/16267\/revisions\/21363"}],"wp:attachment":[{"href":"https:\/\/d3w57dy8lxq74n.cloudfront.net\/es\/wp-json\/wp\/v2\/media?parent=16267"}],"curies":[{"name":"wp","href":"https:\/\/api.w.org\/{rel}","templated":true}]}}