{"id":24002,"date":"2022-08-03T14:29:22","date_gmt":"2022-08-03T12:29:22","guid":{"rendered":"https:\/\/d3w57dy8lxq74n.cloudfront.net\/?post_type=product&#038;p=24002"},"modified":"2023-04-06T17:02:02","modified_gmt":"2023-04-06T15:02:02","slug":"wt-2","status":"publish","type":"product","link":"https:\/\/d3w57dy8lxq74n.cloudfront.net\/de\/produkt\/wt-2\/","title":{"rendered":"WT"},"content":{"rendered":"<p>WT ist eine ausgezeichnete L\u00f6sung f\u00fcr die Messung gro\u00dfer Volumen in Bew\u00e4sserungsanlagen. Das tangentiale Fl\u00fcgelrad erm\u00f6glicht eine gute messtechnische Leistung, einen breiten Messbereich und vorz\u00fcgliche Best\u00e4ndigkeit auf lange Zeit auch im Kontakt mit Bew\u00e4sserungswasser. Die Lesbarkeit wird durch ein Z\u00e4hlwerk aus Kupfer-Glas IP68 garantiert. Robust, lange Lebensdauer und geeignet f\u00fcr sehr schwierige Umgebungsverh\u00e4ltnisse, ist es kompatibel mit Trink- und Bew\u00e4sserungswasser. Kann mit modernsten Technologien f\u00fcr die Fern\u00fcbertragung der Daten ausgestattet werden.<\/p>\n","protected":false},"excerpt":{"rendered":"<p>TANGENTIALER FL\u00dcGELRADZ\u00c4HLER<\/p>\n","protected":false},"featured_media":2833,"menu_order":11,"template":"","meta":{"_lmt_disableupdate":"no","_lmt_disable":""},"product_category":[78],"acf":[],"yoast_head":"<!-- This site is optimized with the Yoast SEO plugin v20.7 - https:\/\/yoast.com\/wordpress\/plugins\/seo\/ -->\n<title>WT - TANGENTIALER FL\u00dcGELRADZ\u00c4HLER<\/title>\n<meta name=\"description\" content=\"WT ist eine ausgezeichnete L\u00f6sung f\u00fcr die Messung gro\u00dfer Volumen in Bew\u00e4sserungsanlagen. Das tangentiale Fl\u00fcgelrad erm\u00f6glicht eine gute messt\" \/>\n<meta name=\"robots\" content=\"noindex, follow, max-snippet:-1, max-image-preview:large, max-video-preview:-1\" \/>\n<meta property=\"og:locale\" content=\"de_DE\" \/>\n<meta property=\"og:type\" content=\"article\" \/>\n<meta property=\"og:title\" content=\"WT - TANGENTIALER FL\u00dcGELRADZ\u00c4HLER\" \/>\n<meta property=\"og:description\" content=\"WT ist eine ausgezeichnete L\u00f6sung f\u00fcr die Messung gro\u00dfer Volumen in Bew\u00e4sserungsanlagen. Das tangentiale Fl\u00fcgelrad erm\u00f6glicht eine gute messt\" \/>\n<meta property=\"og:url\" content=\"https:\/\/d3w57dy8lxq74n.cloudfront.net\/de\/produkt\/wt-2\/\" \/>\n<meta property=\"og:site_name\" content=\"Maddalena S.p.A.\" \/>\n<meta property=\"article:modified_time\" content=\"2023-04-06T15:02:02+00:00\" \/>\n<meta property=\"og:image\" content=\"https:\/\/d3w57dy8lxq74n.cloudfront.net\/wp-content\/uploads\/catalog-image\/wt1.png\" \/>\n\t<meta property=\"og:image:width\" content=\"1600\" \/>\n\t<meta property=\"og:image:height\" content=\"1066\" \/>\n\t<meta property=\"og:image:type\" content=\"image\/png\" \/>\n<meta name=\"twitter:card\" content=\"summary_large_image\" \/>\n<script type=\"application\/ld+json\" class=\"yoast-schema-graph\">{\"@context\":\"https:\/\/schema.org\",\"@graph\":[{\"@type\":\"WebPage\",\"@id\":\"https:\/\/d3w57dy8lxq74n.cloudfront.net\/de\/produkt\/wt-2\/\",\"url\":\"https:\/\/d3w57dy8lxq74n.cloudfront.net\/de\/produkt\/wt-2\/\",\"name\":\"WT - TANGENTIALER FL\u00dcGELRADZ\u00c4HLER\",\"isPartOf\":{\"@id\":\"https:\/\/d3w57dy8lxq74n.cloudfront.net\/de\/#website\"},\"datePublished\":\"2022-08-03T12:29:22+00:00\",\"dateModified\":\"2023-04-06T15:02:02+00:00\",\"description\":\"WT ist eine ausgezeichnete L\u00f6sung f\u00fcr die Messung gro\u00dfer Volumen in Bew\u00e4sserungsanlagen. Das tangentiale Fl\u00fcgelrad erm\u00f6glicht eine gute messt\",\"breadcrumb\":{\"@id\":\"https:\/\/d3w57dy8lxq74n.cloudfront.net\/de\/produkt\/wt-2\/#breadcrumb\"},\"inLanguage\":\"de-DE\",\"potentialAction\":[{\"@type\":\"ReadAction\",\"target\":[\"https:\/\/d3w57dy8lxq74n.cloudfront.net\/de\/produkt\/wt-2\/\"]}]},{\"@type\":\"BreadcrumbList\",\"@id\":\"https:\/\/d3w57dy8lxq74n.cloudfront.net\/de\/produkt\/wt-2\/#breadcrumb\",\"itemListElement\":[{\"@type\":\"ListItem\",\"position\":1,\"name\":\"Home\",\"item\":\"https:\/\/d3w57dy8lxq74n.cloudfront.net\/de\/\"},{\"@type\":\"ListItem\",\"position\":2,\"name\":\"Produkte\",\"item\":\"https:\/\/d3w57dy8lxq74n.cloudfront.net\/de\/produkt\/\"},{\"@type\":\"ListItem\",\"position\":3,\"name\":\"Wasser\",\"item\":\"https:\/\/d3w57dy8lxq74n.cloudfront.net\/de\/produkte\/wasserzahler\/\"},{\"@type\":\"ListItem\",\"position\":4,\"name\":\"MecTo\",\"item\":\"https:\/\/d3w57dy8lxq74n.cloudfront.net\/de\/produkte\/mecto-de\/\"},{\"@type\":\"ListItem\",\"position\":5,\"name\":\"WT\"}]},{\"@type\":\"WebSite\",\"@id\":\"https:\/\/d3w57dy8lxq74n.cloudfront.net\/de\/#website\",\"url\":\"https:\/\/d3w57dy8lxq74n.cloudfront.net\/de\/\",\"name\":\"Maddalena S.p.A.\",\"description\":\"Metering Expertise\",\"potentialAction\":[{\"@type\":\"SearchAction\",\"target\":{\"@type\":\"EntryPoint\",\"urlTemplate\":\"https:\/\/d3w57dy8lxq74n.cloudfront.net\/de\/?s={search_term_string}\"},\"query-input\":\"required name=search_term_string\"}],\"inLanguage\":\"de-DE\"}]}<\/script>\n<!-- \/ Yoast SEO plugin. -->","yoast_head_json":{"title":"WT - TANGENTIALER FL\u00dcGELRADZ\u00c4HLER","description":"WT ist eine ausgezeichnete L\u00f6sung f\u00fcr die Messung gro\u00dfer Volumen in Bew\u00e4sserungsanlagen. Das tangentiale Fl\u00fcgelrad erm\u00f6glicht eine gute messt","robots":{"index":"noindex","follow":"follow","max-snippet":"max-snippet:-1","max-image-preview":"max-image-preview:large","max-video-preview":"max-video-preview:-1"},"og_locale":"de_DE","og_type":"article","og_title":"WT - TANGENTIALER FL\u00dcGELRADZ\u00c4HLER","og_description":"WT ist eine ausgezeichnete L\u00f6sung f\u00fcr die Messung gro\u00dfer Volumen in Bew\u00e4sserungsanlagen. Das tangentiale Fl\u00fcgelrad erm\u00f6glicht eine gute messt","og_url":"https:\/\/d3w57dy8lxq74n.cloudfront.net\/de\/produkt\/wt-2\/","og_site_name":"Maddalena S.p.A.","article_modified_time":"2023-04-06T15:02:02+00:00","og_image":[{"width":1600,"height":1066,"url":"https:\/\/d3w57dy8lxq74n.cloudfront.net\/wp-content\/uploads\/catalog-image\/wt1.png","type":"image\/png"}],"twitter_card":"summary_large_image","schema":{"@context":"https:\/\/schema.org","@graph":[{"@type":"WebPage","@id":"https:\/\/d3w57dy8lxq74n.cloudfront.net\/de\/produkt\/wt-2\/","url":"https:\/\/d3w57dy8lxq74n.cloudfront.net\/de\/produkt\/wt-2\/","name":"WT - TANGENTIALER FL\u00dcGELRADZ\u00c4HLER","isPartOf":{"@id":"https:\/\/d3w57dy8lxq74n.cloudfront.net\/de\/#website"},"datePublished":"2022-08-03T12:29:22+00:00","dateModified":"2023-04-06T15:02:02+00:00","description":"WT ist eine ausgezeichnete L\u00f6sung f\u00fcr die Messung gro\u00dfer Volumen in Bew\u00e4sserungsanlagen. Das tangentiale Fl\u00fcgelrad erm\u00f6glicht eine gute messt","breadcrumb":{"@id":"https:\/\/d3w57dy8lxq74n.cloudfront.net\/de\/produkt\/wt-2\/#breadcrumb"},"inLanguage":"de-DE","potentialAction":[{"@type":"ReadAction","target":["https:\/\/d3w57dy8lxq74n.cloudfront.net\/de\/produkt\/wt-2\/"]}]},{"@type":"BreadcrumbList","@id":"https:\/\/d3w57dy8lxq74n.cloudfront.net\/de\/produkt\/wt-2\/#breadcrumb","itemListElement":[{"@type":"ListItem","position":1,"name":"Home","item":"https:\/\/d3w57dy8lxq74n.cloudfront.net\/de\/"},{"@type":"ListItem","position":2,"name":"Produkte","item":"https:\/\/d3w57dy8lxq74n.cloudfront.net\/de\/produkt\/"},{"@type":"ListItem","position":3,"name":"Wasser","item":"https:\/\/d3w57dy8lxq74n.cloudfront.net\/de\/produkte\/wasserzahler\/"},{"@type":"ListItem","position":4,"name":"MecTo","item":"https:\/\/d3w57dy8lxq74n.cloudfront.net\/de\/produkte\/mecto-de\/"},{"@type":"ListItem","position":5,"name":"WT"}]},{"@type":"WebSite","@id":"https:\/\/d3w57dy8lxq74n.cloudfront.net\/de\/#website","url":"https:\/\/d3w57dy8lxq74n.cloudfront.net\/de\/","name":"Maddalena S.p.A.","description":"Metering Expertise","potentialAction":[{"@type":"SearchAction","target":{"@type":"EntryPoint","urlTemplate":"https:\/\/d3w57dy8lxq74n.cloudfront.net\/de\/?s={search_term_string}"},"query-input":"required name=search_term_string"}],"inLanguage":"de-DE"}]}},"_links":{"self":[{"href":"https:\/\/d3w57dy8lxq74n.cloudfront.net\/de\/wp-json\/wp\/v2\/product\/24002"}],"collection":[{"href":"https:\/\/d3w57dy8lxq74n.cloudfront.net\/de\/wp-json\/wp\/v2\/product"}],"about":[{"href":"https:\/\/d3w57dy8lxq74n.cloudfront.net\/de\/wp-json\/wp\/v2\/types\/product"}],"wp:featuredmedia":[{"embeddable":true,"href":"https:\/\/d3w57dy8lxq74n.cloudfront.net\/de\/wp-json\/wp\/v2\/media\/2833"}],"wp:attachment":[{"href":"https:\/\/d3w57dy8lxq74n.cloudfront.net\/de\/wp-json\/wp\/v2\/media?parent=24002"}],"wp:term":[{"taxonomy":"product_category","embeddable":true,"href":"https:\/\/d3w57dy8lxq74n.cloudfront.net\/de\/wp-json\/wp\/v2\/product_category?post=24002"}],"curies":[{"name":"wp","href":"https:\/\/api.w.org\/{rel}","templated":true}]}}