{"id":19482,"date":"2022-08-03T14:29:24","date_gmt":"2022-08-03T12:29:24","guid":{"rendered":"http:\/\/d3w57dy8lxq74n.cloudfront.net\/?post_type=product&#038;p=19482"},"modified":"2023-04-04T18:00:15","modified_gmt":"2023-04-04T16:00:15","slug":"ds-trp","status":"publish","type":"product","link":"https:\/\/d3w57dy8lxq74n.cloudfront.net\/de\/produkt\/ds-trp\/","title":{"rendered":"DS TRP"},"content":{"rendered":"<p>Der DS TRP ist ein mehrstrahliger Z\u00e4hler auf h\u00f6chstem Niveau. Mechanische \u00dcbertragung garantiert messtechnische H\u00f6chstleistung und Unempfindlichkeit gegen externe Magnetfelder. Die Ablesbarkeit auf Dauer ist dank der gesch\u00fctzten Zahlenrollen und des Zifferblatts gew\u00e4hrleistet: Kein Beschlagen des Glases und keine Algenbildung. Robust, langlebig, geeignet f\u00fcr schwierigste Umgebungsbedingungen, kompatibel mit jeder Art von Wasser. Kann mit modernsten Technologien f\u00fcr die Fernauslesung der Daten ausgestattet werden.<\/p>\n","protected":false},"excerpt":{"rendered":"<p>HALBTROCKENL\u00c4UFER MIT GESCH\u00dcTZTEM ROLLENWERK UND ZIFFERBLATT<\/p>\n","protected":false},"featured_media":541,"menu_order":3,"template":"","meta":{"_lmt_disableupdate":"","_lmt_disable":""},"product_category":[78],"acf":[],"yoast_head":"<!-- This site is optimized with the Yoast SEO plugin v20.7 - https:\/\/yoast.com\/wordpress\/plugins\/seo\/ -->\n<title>DS TRP - HALBTROCKENL\u00c4UFER MIT GESCH\u00dcTZTEM ROLLENWERK UND ZIFFERBLATT<\/title>\n<meta name=\"description\" content=\"Der DS TRP ist ein mehrstrahliger Z\u00e4hler auf h\u00f6chstem Niveau. Mechanische \u00dcbertragung garantiert messtechnische H\u00f6chstleistung und Unempfindlic\" \/>\n<meta name=\"robots\" content=\"noindex, follow, max-snippet:-1, max-image-preview:large, max-video-preview:-1\" \/>\n<meta property=\"og:locale\" content=\"de_DE\" \/>\n<meta property=\"og:type\" content=\"article\" \/>\n<meta property=\"og:title\" content=\"DS TRP - HALBTROCKENL\u00c4UFER MIT GESCH\u00dcTZTEM ROLLENWERK UND ZIFFERBLATT\" \/>\n<meta property=\"og:description\" content=\"Der DS TRP ist ein mehrstrahliger Z\u00e4hler auf h\u00f6chstem Niveau. Mechanische \u00dcbertragung garantiert messtechnische H\u00f6chstleistung und Unempfindlic\" \/>\n<meta property=\"og:url\" content=\"https:\/\/d3w57dy8lxq74n.cloudfront.net\/de\/produkt\/ds-trp\/\" \/>\n<meta property=\"og:site_name\" content=\"Maddalena S.p.A.\" \/>\n<meta property=\"article:modified_time\" content=\"2023-04-04T16:00:15+00:00\" \/>\n<meta property=\"og:image\" content=\"https:\/\/d3w57dy8lxq74n.cloudfront.net\/wp-content\/uploads\/catalog-image\/mecto-ds-trp-gold-3q.png\" \/>\n\t<meta property=\"og:image:width\" content=\"1600\" \/>\n\t<meta property=\"og:image:height\" content=\"1201\" \/>\n\t<meta property=\"og:image:type\" content=\"image\/png\" \/>\n<meta name=\"twitter:card\" content=\"summary_large_image\" \/>\n<script type=\"application\/ld+json\" class=\"yoast-schema-graph\">{\"@context\":\"https:\/\/schema.org\",\"@graph\":[{\"@type\":\"WebPage\",\"@id\":\"https:\/\/d3w57dy8lxq74n.cloudfront.net\/de\/produkt\/ds-trp\/\",\"url\":\"https:\/\/d3w57dy8lxq74n.cloudfront.net\/de\/produkt\/ds-trp\/\",\"name\":\"DS TRP - HALBTROCKENL\u00c4UFER MIT GESCH\u00dcTZTEM ROLLENWERK UND ZIFFERBLATT\",\"isPartOf\":{\"@id\":\"https:\/\/d3w57dy8lxq74n.cloudfront.net\/de\/#website\"},\"datePublished\":\"2022-08-03T12:29:24+00:00\",\"dateModified\":\"2023-04-04T16:00:15+00:00\",\"description\":\"Der DS TRP ist ein mehrstrahliger Z\u00e4hler auf h\u00f6chstem Niveau. Mechanische \u00dcbertragung garantiert messtechnische H\u00f6chstleistung und Unempfindlic\",\"breadcrumb\":{\"@id\":\"https:\/\/d3w57dy8lxq74n.cloudfront.net\/de\/produkt\/ds-trp\/#breadcrumb\"},\"inLanguage\":\"de-DE\",\"potentialAction\":[{\"@type\":\"ReadAction\",\"target\":[\"https:\/\/d3w57dy8lxq74n.cloudfront.net\/de\/produkt\/ds-trp\/\"]}]},{\"@type\":\"BreadcrumbList\",\"@id\":\"https:\/\/d3w57dy8lxq74n.cloudfront.net\/de\/produkt\/ds-trp\/#breadcrumb\",\"itemListElement\":[{\"@type\":\"ListItem\",\"position\":1,\"name\":\"Home\",\"item\":\"https:\/\/d3w57dy8lxq74n.cloudfront.net\/de\/\"},{\"@type\":\"ListItem\",\"position\":2,\"name\":\"Produkte\",\"item\":\"https:\/\/d3w57dy8lxq74n.cloudfront.net\/de\/produkt\/\"},{\"@type\":\"ListItem\",\"position\":3,\"name\":\"Wasser\",\"item\":\"https:\/\/d3w57dy8lxq74n.cloudfront.net\/de\/produkte\/wasserzahler\/\"},{\"@type\":\"ListItem\",\"position\":4,\"name\":\"MecTo\",\"item\":\"https:\/\/d3w57dy8lxq74n.cloudfront.net\/de\/produkte\/mecto-de\/\"},{\"@type\":\"ListItem\",\"position\":5,\"name\":\"DS TRP\"}]},{\"@type\":\"WebSite\",\"@id\":\"https:\/\/d3w57dy8lxq74n.cloudfront.net\/de\/#website\",\"url\":\"https:\/\/d3w57dy8lxq74n.cloudfront.net\/de\/\",\"name\":\"Maddalena S.p.A.\",\"description\":\"Metering Expertise\",\"potentialAction\":[{\"@type\":\"SearchAction\",\"target\":{\"@type\":\"EntryPoint\",\"urlTemplate\":\"https:\/\/d3w57dy8lxq74n.cloudfront.net\/de\/?s={search_term_string}\"},\"query-input\":\"required name=search_term_string\"}],\"inLanguage\":\"de-DE\"}]}<\/script>\n<!-- \/ Yoast SEO plugin. -->","yoast_head_json":{"title":"DS TRP - HALBTROCKENL\u00c4UFER MIT GESCH\u00dcTZTEM ROLLENWERK UND ZIFFERBLATT","description":"Der DS TRP ist ein mehrstrahliger Z\u00e4hler auf h\u00f6chstem Niveau. Mechanische \u00dcbertragung garantiert messtechnische H\u00f6chstleistung und Unempfindlic","robots":{"index":"noindex","follow":"follow","max-snippet":"max-snippet:-1","max-image-preview":"max-image-preview:large","max-video-preview":"max-video-preview:-1"},"og_locale":"de_DE","og_type":"article","og_title":"DS TRP - HALBTROCKENL\u00c4UFER MIT GESCH\u00dcTZTEM ROLLENWERK UND ZIFFERBLATT","og_description":"Der DS TRP ist ein mehrstrahliger Z\u00e4hler auf h\u00f6chstem Niveau. Mechanische \u00dcbertragung garantiert messtechnische H\u00f6chstleistung und Unempfindlic","og_url":"https:\/\/d3w57dy8lxq74n.cloudfront.net\/de\/produkt\/ds-trp\/","og_site_name":"Maddalena S.p.A.","article_modified_time":"2023-04-04T16:00:15+00:00","og_image":[{"width":1600,"height":1201,"url":"https:\/\/d3w57dy8lxq74n.cloudfront.net\/wp-content\/uploads\/catalog-image\/mecto-ds-trp-gold-3q.png","type":"image\/png"}],"twitter_card":"summary_large_image","schema":{"@context":"https:\/\/schema.org","@graph":[{"@type":"WebPage","@id":"https:\/\/d3w57dy8lxq74n.cloudfront.net\/de\/produkt\/ds-trp\/","url":"https:\/\/d3w57dy8lxq74n.cloudfront.net\/de\/produkt\/ds-trp\/","name":"DS TRP - HALBTROCKENL\u00c4UFER MIT GESCH\u00dcTZTEM ROLLENWERK UND ZIFFERBLATT","isPartOf":{"@id":"https:\/\/d3w57dy8lxq74n.cloudfront.net\/de\/#website"},"datePublished":"2022-08-03T12:29:24+00:00","dateModified":"2023-04-04T16:00:15+00:00","description":"Der DS TRP ist ein mehrstrahliger Z\u00e4hler auf h\u00f6chstem Niveau. Mechanische \u00dcbertragung garantiert messtechnische H\u00f6chstleistung und Unempfindlic","breadcrumb":{"@id":"https:\/\/d3w57dy8lxq74n.cloudfront.net\/de\/produkt\/ds-trp\/#breadcrumb"},"inLanguage":"de-DE","potentialAction":[{"@type":"ReadAction","target":["https:\/\/d3w57dy8lxq74n.cloudfront.net\/de\/produkt\/ds-trp\/"]}]},{"@type":"BreadcrumbList","@id":"https:\/\/d3w57dy8lxq74n.cloudfront.net\/de\/produkt\/ds-trp\/#breadcrumb","itemListElement":[{"@type":"ListItem","position":1,"name":"Home","item":"https:\/\/d3w57dy8lxq74n.cloudfront.net\/de\/"},{"@type":"ListItem","position":2,"name":"Produkte","item":"https:\/\/d3w57dy8lxq74n.cloudfront.net\/de\/produkt\/"},{"@type":"ListItem","position":3,"name":"Wasser","item":"https:\/\/d3w57dy8lxq74n.cloudfront.net\/de\/produkte\/wasserzahler\/"},{"@type":"ListItem","position":4,"name":"MecTo","item":"https:\/\/d3w57dy8lxq74n.cloudfront.net\/de\/produkte\/mecto-de\/"},{"@type":"ListItem","position":5,"name":"DS TRP"}]},{"@type":"WebSite","@id":"https:\/\/d3w57dy8lxq74n.cloudfront.net\/de\/#website","url":"https:\/\/d3w57dy8lxq74n.cloudfront.net\/de\/","name":"Maddalena S.p.A.","description":"Metering Expertise","potentialAction":[{"@type":"SearchAction","target":{"@type":"EntryPoint","urlTemplate":"https:\/\/d3w57dy8lxq74n.cloudfront.net\/de\/?s={search_term_string}"},"query-input":"required name=search_term_string"}],"inLanguage":"de-DE"}]}},"_links":{"self":[{"href":"https:\/\/d3w57dy8lxq74n.cloudfront.net\/de\/wp-json\/wp\/v2\/product\/19482"}],"collection":[{"href":"https:\/\/d3w57dy8lxq74n.cloudfront.net\/de\/wp-json\/wp\/v2\/product"}],"about":[{"href":"https:\/\/d3w57dy8lxq74n.cloudfront.net\/de\/wp-json\/wp\/v2\/types\/product"}],"wp:featuredmedia":[{"embeddable":true,"href":"https:\/\/d3w57dy8lxq74n.cloudfront.net\/de\/wp-json\/wp\/v2\/media\/541"}],"wp:attachment":[{"href":"https:\/\/d3w57dy8lxq74n.cloudfront.net\/de\/wp-json\/wp\/v2\/media?parent=19482"}],"wp:term":[{"taxonomy":"product_category","embeddable":true,"href":"https:\/\/d3w57dy8lxq74n.cloudfront.net\/de\/wp-json\/wp\/v2\/product_category?post=19482"}],"curies":[{"name":"wp","href":"https:\/\/api.w.org\/{rel}","templated":true}]}}