{"id":19467,"date":"2022-08-03T14:29:18","date_gmt":"2022-08-03T12:29:18","guid":{"rendered":"http:\/\/d3w57dy8lxq74n.cloudfront.net\/?post_type=product&#038;p=19467"},"modified":"2022-09-07T13:00:24","modified_gmt":"2022-09-07T11:00:24","slug":"arrow-wan-2","status":"publish","type":"product","link":"https:\/\/d3w57dy8lxq74n.cloudfront.net\/de\/produkt\/arrow-wan-2\/","title":{"rendered":"ARROW WAN 2"},"content":{"rendered":"<p>Das kompakte Funkmodul wMBus und LoRaWAN\u2122 garantiert einen hohen Grad an Interoperabilit\u00e4t mit diversen mobilen und station\u00e4ren Auslesesystemen auch anderer Hersteller. Arrow WAN 2 eignet sich auch f\u00fcr komplizierte Installationen von Versorgerunternehmen (IP68). Aktivierung und Konfiguration des Funk-Multiprotokolls erfolgen \u00fcber die lokale Schnittstelle NFC und entsprechende App Android.<\/p>\n","protected":false},"excerpt":{"rendered":"<p>Funkmodul wM-Bus und LoRaWAN\u2122<\/p>\n","protected":false},"featured_media":1795,"menu_order":19,"template":"","meta":{"_lmt_disableupdate":"","_lmt_disable":""},"product_category":[102],"acf":[],"yoast_head":"<!-- This site is optimized with the Yoast SEO plugin v20.7 - https:\/\/yoast.com\/wordpress\/plugins\/seo\/ -->\n<title>ARROW WAN 2 - Maddalena S.p.A.<\/title>\n<meta name=\"robots\" content=\"noindex, follow, max-snippet:-1, max-image-preview:large, max-video-preview:-1\" \/>\n<meta property=\"og:locale\" content=\"de_DE\" \/>\n<meta property=\"og:type\" content=\"article\" \/>\n<meta property=\"og:title\" content=\"ARROW WAN 2 - Maddalena S.p.A.\" \/>\n<meta property=\"og:description\" content=\"Funkmodul wM-Bus und LoRaWAN\u2122\" \/>\n<meta property=\"og:url\" content=\"https:\/\/d3w57dy8lxq74n.cloudfront.net\/de\/produkt\/arrow-wan-2\/\" \/>\n<meta property=\"og:site_name\" content=\"Maddalena S.p.A.\" \/>\n<meta property=\"article:modified_time\" content=\"2022-09-07T11:00:24+00:00\" \/>\n<meta property=\"og:image\" content=\"https:\/\/d3w57dy8lxq74n.cloudfront.net\/wp-content\/uploads\/catalog-image\/mdc-arrowwan2-3q.png\" \/>\n\t<meta property=\"og:image:width\" content=\"1600\" \/>\n\t<meta property=\"og:image:height\" content=\"1600\" \/>\n\t<meta property=\"og:image:type\" content=\"image\/png\" \/>\n<meta name=\"twitter:card\" content=\"summary_large_image\" \/>\n<script type=\"application\/ld+json\" class=\"yoast-schema-graph\">{\"@context\":\"https:\/\/schema.org\",\"@graph\":[{\"@type\":\"WebPage\",\"@id\":\"https:\/\/d3w57dy8lxq74n.cloudfront.net\/de\/produkt\/arrow-wan-2\/\",\"url\":\"https:\/\/d3w57dy8lxq74n.cloudfront.net\/de\/produkt\/arrow-wan-2\/\",\"name\":\"ARROW WAN 2 - Maddalena S.p.A.\",\"isPartOf\":{\"@id\":\"https:\/\/d3w57dy8lxq74n.cloudfront.net\/de\/#website\"},\"datePublished\":\"2022-08-03T12:29:18+00:00\",\"dateModified\":\"2022-09-07T11:00:24+00:00\",\"breadcrumb\":{\"@id\":\"https:\/\/d3w57dy8lxq74n.cloudfront.net\/de\/produkt\/arrow-wan-2\/#breadcrumb\"},\"inLanguage\":\"de-DE\",\"potentialAction\":[{\"@type\":\"ReadAction\",\"target\":[\"https:\/\/d3w57dy8lxq74n.cloudfront.net\/de\/produkt\/arrow-wan-2\/\"]}]},{\"@type\":\"BreadcrumbList\",\"@id\":\"https:\/\/d3w57dy8lxq74n.cloudfront.net\/de\/produkt\/arrow-wan-2\/#breadcrumb\",\"itemListElement\":[{\"@type\":\"ListItem\",\"position\":1,\"name\":\"Home\",\"item\":\"https:\/\/d3w57dy8lxq74n.cloudfront.net\/de\/\"},{\"@type\":\"ListItem\",\"position\":2,\"name\":\"Produkte\",\"item\":\"https:\/\/d3w57dy8lxq74n.cloudfront.net\/de\/produkt\/\"},{\"@type\":\"ListItem\",\"position\":3,\"name\":\"Kommunikationsmodule\",\"item\":\"https:\/\/d3w57dy8lxq74n.cloudfront.net\/de\/produkte\/kommunikationsmodule\/\"},{\"@type\":\"ListItem\",\"position\":4,\"name\":\"Funkmodule\",\"item\":\"https:\/\/d3w57dy8lxq74n.cloudfront.net\/de\/produkte\/funkmodule\/\"},{\"@type\":\"ListItem\",\"position\":5,\"name\":\"ARROW WAN 2\"}]},{\"@type\":\"WebSite\",\"@id\":\"https:\/\/d3w57dy8lxq74n.cloudfront.net\/de\/#website\",\"url\":\"https:\/\/d3w57dy8lxq74n.cloudfront.net\/de\/\",\"name\":\"Maddalena S.p.A.\",\"description\":\"Metering Expertise\",\"potentialAction\":[{\"@type\":\"SearchAction\",\"target\":{\"@type\":\"EntryPoint\",\"urlTemplate\":\"https:\/\/d3w57dy8lxq74n.cloudfront.net\/de\/?s={search_term_string}\"},\"query-input\":\"required name=search_term_string\"}],\"inLanguage\":\"de-DE\"}]}<\/script>\n<!-- \/ Yoast SEO plugin. -->","yoast_head_json":{"title":"ARROW WAN 2 - Maddalena S.p.A.","robots":{"index":"noindex","follow":"follow","max-snippet":"max-snippet:-1","max-image-preview":"max-image-preview:large","max-video-preview":"max-video-preview:-1"},"og_locale":"de_DE","og_type":"article","og_title":"ARROW WAN 2 - Maddalena S.p.A.","og_description":"Funkmodul wM-Bus und LoRaWAN\u2122","og_url":"https:\/\/d3w57dy8lxq74n.cloudfront.net\/de\/produkt\/arrow-wan-2\/","og_site_name":"Maddalena S.p.A.","article_modified_time":"2022-09-07T11:00:24+00:00","og_image":[{"width":1600,"height":1600,"url":"https:\/\/d3w57dy8lxq74n.cloudfront.net\/wp-content\/uploads\/catalog-image\/mdc-arrowwan2-3q.png","type":"image\/png"}],"twitter_card":"summary_large_image","schema":{"@context":"https:\/\/schema.org","@graph":[{"@type":"WebPage","@id":"https:\/\/d3w57dy8lxq74n.cloudfront.net\/de\/produkt\/arrow-wan-2\/","url":"https:\/\/d3w57dy8lxq74n.cloudfront.net\/de\/produkt\/arrow-wan-2\/","name":"ARROW WAN 2 - Maddalena S.p.A.","isPartOf":{"@id":"https:\/\/d3w57dy8lxq74n.cloudfront.net\/de\/#website"},"datePublished":"2022-08-03T12:29:18+00:00","dateModified":"2022-09-07T11:00:24+00:00","breadcrumb":{"@id":"https:\/\/d3w57dy8lxq74n.cloudfront.net\/de\/produkt\/arrow-wan-2\/#breadcrumb"},"inLanguage":"de-DE","potentialAction":[{"@type":"ReadAction","target":["https:\/\/d3w57dy8lxq74n.cloudfront.net\/de\/produkt\/arrow-wan-2\/"]}]},{"@type":"BreadcrumbList","@id":"https:\/\/d3w57dy8lxq74n.cloudfront.net\/de\/produkt\/arrow-wan-2\/#breadcrumb","itemListElement":[{"@type":"ListItem","position":1,"name":"Home","item":"https:\/\/d3w57dy8lxq74n.cloudfront.net\/de\/"},{"@type":"ListItem","position":2,"name":"Produkte","item":"https:\/\/d3w57dy8lxq74n.cloudfront.net\/de\/produkt\/"},{"@type":"ListItem","position":3,"name":"Kommunikationsmodule","item":"https:\/\/d3w57dy8lxq74n.cloudfront.net\/de\/produkte\/kommunikationsmodule\/"},{"@type":"ListItem","position":4,"name":"Funkmodule","item":"https:\/\/d3w57dy8lxq74n.cloudfront.net\/de\/produkte\/funkmodule\/"},{"@type":"ListItem","position":5,"name":"ARROW WAN 2"}]},{"@type":"WebSite","@id":"https:\/\/d3w57dy8lxq74n.cloudfront.net\/de\/#website","url":"https:\/\/d3w57dy8lxq74n.cloudfront.net\/de\/","name":"Maddalena S.p.A.","description":"Metering Expertise","potentialAction":[{"@type":"SearchAction","target":{"@type":"EntryPoint","urlTemplate":"https:\/\/d3w57dy8lxq74n.cloudfront.net\/de\/?s={search_term_string}"},"query-input":"required name=search_term_string"}],"inLanguage":"de-DE"}]}},"_links":{"self":[{"href":"https:\/\/d3w57dy8lxq74n.cloudfront.net\/de\/wp-json\/wp\/v2\/product\/19467"}],"collection":[{"href":"https:\/\/d3w57dy8lxq74n.cloudfront.net\/de\/wp-json\/wp\/v2\/product"}],"about":[{"href":"https:\/\/d3w57dy8lxq74n.cloudfront.net\/de\/wp-json\/wp\/v2\/types\/product"}],"wp:featuredmedia":[{"embeddable":true,"href":"https:\/\/d3w57dy8lxq74n.cloudfront.net\/de\/wp-json\/wp\/v2\/media\/1795"}],"wp:attachment":[{"href":"https:\/\/d3w57dy8lxq74n.cloudfront.net\/de\/wp-json\/wp\/v2\/media?parent=19467"}],"wp:term":[{"taxonomy":"product_category","embeddable":true,"href":"https:\/\/d3w57dy8lxq74n.cloudfront.net\/de\/wp-json\/wp\/v2\/product_category?post=19467"}],"curies":[{"name":"wp","href":"https:\/\/api.w.org\/{rel}","templated":true}]}}