{"id":19453,"date":"2022-08-03T14:29:22","date_gmt":"2022-08-03T12:29:22","guid":{"rendered":"http:\/\/d3w57dy8lxq74n.cloudfront.net\/?post_type=product&#038;p=19453"},"modified":"2022-11-22T10:20:41","modified_gmt":"2022-11-22T09:20:41","slug":"radio-lorawan","status":"publish","type":"product","link":"https:\/\/d3w57dy8lxq74n.cloudfront.net\/de\/produkt\/radio-lorawan\/","title":{"rendered":"RADIO LORAWAN\u2122"},"content":{"rendered":"<p>Das kompakte Funkmodul LoRaWAN\u2122 erm\u00f6glicht die Auslesung der Daten mit gro\u00dfer Reichweite im station\u00e4ren Modus. Die Konfiguration des Funkmoduls kann mit dem Konfigurationszubeh\u00f6r (optional) und entsprechender Software ge\u00e4ndert werden. Radio LoRaWAN\u2122 ist auch mit entsprechend vorger\u00fcsteten Z\u00e4hlern anderer Marken kompatibel.<\/p>\n","protected":false},"excerpt":{"rendered":"<p>FUNKMODUL LoRaWAN\u2122 868 MHz<\/p>\n","protected":false},"featured_media":1157,"menu_order":13,"template":"","meta":{"_lmt_disableupdate":"","_lmt_disable":""},"product_category":[102],"acf":[],"yoast_head":"<!-- This site is optimized with the Yoast SEO plugin v20.7 - https:\/\/yoast.com\/wordpress\/plugins\/seo\/ -->\n<title>RADIO LORAWAN\u2122 - Maddalena S.p.A.<\/title>\n<meta name=\"robots\" content=\"noindex, follow, max-snippet:-1, max-image-preview:large, max-video-preview:-1\" \/>\n<meta property=\"og:locale\" content=\"de_DE\" \/>\n<meta property=\"og:type\" content=\"article\" \/>\n<meta property=\"og:title\" content=\"RADIO LORAWAN\u2122 - Maddalena S.p.A.\" \/>\n<meta property=\"og:description\" content=\"FUNKMODUL LoRaWAN\u2122 868 MHz\" \/>\n<meta property=\"og:url\" content=\"https:\/\/d3w57dy8lxq74n.cloudfront.net\/de\/produkt\/radio-lorawan\/\" \/>\n<meta property=\"og:site_name\" content=\"Maddalena S.p.A.\" \/>\n<meta property=\"article:modified_time\" content=\"2022-11-22T09:20:41+00:00\" \/>\n<meta property=\"og:image\" content=\"https:\/\/d3w57dy8lxq74n.cloudfront.net\/wp-content\/uploads\/catalog-image\/mdc-radiolorawan-z.png\" \/>\n\t<meta property=\"og:image:width\" content=\"1600\" \/>\n\t<meta property=\"og:image:height\" content=\"1600\" \/>\n\t<meta property=\"og:image:type\" content=\"image\/png\" \/>\n<meta name=\"twitter:card\" content=\"summary_large_image\" \/>\n<script type=\"application\/ld+json\" class=\"yoast-schema-graph\">{\"@context\":\"https:\/\/schema.org\",\"@graph\":[{\"@type\":\"WebPage\",\"@id\":\"https:\/\/d3w57dy8lxq74n.cloudfront.net\/de\/produkt\/radio-lorawan\/\",\"url\":\"https:\/\/d3w57dy8lxq74n.cloudfront.net\/de\/produkt\/radio-lorawan\/\",\"name\":\"RADIO LORAWAN\u2122 - Maddalena S.p.A.\",\"isPartOf\":{\"@id\":\"https:\/\/d3w57dy8lxq74n.cloudfront.net\/de\/#website\"},\"datePublished\":\"2022-08-03T12:29:22+00:00\",\"dateModified\":\"2022-11-22T09:20:41+00:00\",\"breadcrumb\":{\"@id\":\"https:\/\/d3w57dy8lxq74n.cloudfront.net\/de\/produkt\/radio-lorawan\/#breadcrumb\"},\"inLanguage\":\"de-DE\",\"potentialAction\":[{\"@type\":\"ReadAction\",\"target\":[\"https:\/\/d3w57dy8lxq74n.cloudfront.net\/de\/produkt\/radio-lorawan\/\"]}]},{\"@type\":\"BreadcrumbList\",\"@id\":\"https:\/\/d3w57dy8lxq74n.cloudfront.net\/de\/produkt\/radio-lorawan\/#breadcrumb\",\"itemListElement\":[{\"@type\":\"ListItem\",\"position\":1,\"name\":\"Home\",\"item\":\"https:\/\/d3w57dy8lxq74n.cloudfront.net\/de\/\"},{\"@type\":\"ListItem\",\"position\":2,\"name\":\"Produkte\",\"item\":\"https:\/\/d3w57dy8lxq74n.cloudfront.net\/de\/produkt\/\"},{\"@type\":\"ListItem\",\"position\":3,\"name\":\"Kommunikationsmodule\",\"item\":\"https:\/\/d3w57dy8lxq74n.cloudfront.net\/de\/produkte\/kommunikationsmodule\/\"},{\"@type\":\"ListItem\",\"position\":4,\"name\":\"Funkmodule\",\"item\":\"https:\/\/d3w57dy8lxq74n.cloudfront.net\/de\/produkte\/funkmodule\/\"},{\"@type\":\"ListItem\",\"position\":5,\"name\":\"RADIO LORAWAN\u2122\"}]},{\"@type\":\"WebSite\",\"@id\":\"https:\/\/d3w57dy8lxq74n.cloudfront.net\/de\/#website\",\"url\":\"https:\/\/d3w57dy8lxq74n.cloudfront.net\/de\/\",\"name\":\"Maddalena S.p.A.\",\"description\":\"Metering Expertise\",\"potentialAction\":[{\"@type\":\"SearchAction\",\"target\":{\"@type\":\"EntryPoint\",\"urlTemplate\":\"https:\/\/d3w57dy8lxq74n.cloudfront.net\/de\/?s={search_term_string}\"},\"query-input\":\"required name=search_term_string\"}],\"inLanguage\":\"de-DE\"}]}<\/script>\n<!-- \/ Yoast SEO plugin. -->","yoast_head_json":{"title":"RADIO LORAWAN\u2122 - Maddalena S.p.A.","robots":{"index":"noindex","follow":"follow","max-snippet":"max-snippet:-1","max-image-preview":"max-image-preview:large","max-video-preview":"max-video-preview:-1"},"og_locale":"de_DE","og_type":"article","og_title":"RADIO LORAWAN\u2122 - Maddalena S.p.A.","og_description":"FUNKMODUL LoRaWAN\u2122 868 MHz","og_url":"https:\/\/d3w57dy8lxq74n.cloudfront.net\/de\/produkt\/radio-lorawan\/","og_site_name":"Maddalena S.p.A.","article_modified_time":"2022-11-22T09:20:41+00:00","og_image":[{"width":1600,"height":1600,"url":"https:\/\/d3w57dy8lxq74n.cloudfront.net\/wp-content\/uploads\/catalog-image\/mdc-radiolorawan-z.png","type":"image\/png"}],"twitter_card":"summary_large_image","schema":{"@context":"https:\/\/schema.org","@graph":[{"@type":"WebPage","@id":"https:\/\/d3w57dy8lxq74n.cloudfront.net\/de\/produkt\/radio-lorawan\/","url":"https:\/\/d3w57dy8lxq74n.cloudfront.net\/de\/produkt\/radio-lorawan\/","name":"RADIO LORAWAN\u2122 - Maddalena S.p.A.","isPartOf":{"@id":"https:\/\/d3w57dy8lxq74n.cloudfront.net\/de\/#website"},"datePublished":"2022-08-03T12:29:22+00:00","dateModified":"2022-11-22T09:20:41+00:00","breadcrumb":{"@id":"https:\/\/d3w57dy8lxq74n.cloudfront.net\/de\/produkt\/radio-lorawan\/#breadcrumb"},"inLanguage":"de-DE","potentialAction":[{"@type":"ReadAction","target":["https:\/\/d3w57dy8lxq74n.cloudfront.net\/de\/produkt\/radio-lorawan\/"]}]},{"@type":"BreadcrumbList","@id":"https:\/\/d3w57dy8lxq74n.cloudfront.net\/de\/produkt\/radio-lorawan\/#breadcrumb","itemListElement":[{"@type":"ListItem","position":1,"name":"Home","item":"https:\/\/d3w57dy8lxq74n.cloudfront.net\/de\/"},{"@type":"ListItem","position":2,"name":"Produkte","item":"https:\/\/d3w57dy8lxq74n.cloudfront.net\/de\/produkt\/"},{"@type":"ListItem","position":3,"name":"Kommunikationsmodule","item":"https:\/\/d3w57dy8lxq74n.cloudfront.net\/de\/produkte\/kommunikationsmodule\/"},{"@type":"ListItem","position":4,"name":"Funkmodule","item":"https:\/\/d3w57dy8lxq74n.cloudfront.net\/de\/produkte\/funkmodule\/"},{"@type":"ListItem","position":5,"name":"RADIO LORAWAN\u2122"}]},{"@type":"WebSite","@id":"https:\/\/d3w57dy8lxq74n.cloudfront.net\/de\/#website","url":"https:\/\/d3w57dy8lxq74n.cloudfront.net\/de\/","name":"Maddalena S.p.A.","description":"Metering Expertise","potentialAction":[{"@type":"SearchAction","target":{"@type":"EntryPoint","urlTemplate":"https:\/\/d3w57dy8lxq74n.cloudfront.net\/de\/?s={search_term_string}"},"query-input":"required name=search_term_string"}],"inLanguage":"de-DE"}]}},"_links":{"self":[{"href":"https:\/\/d3w57dy8lxq74n.cloudfront.net\/de\/wp-json\/wp\/v2\/product\/19453"}],"collection":[{"href":"https:\/\/d3w57dy8lxq74n.cloudfront.net\/de\/wp-json\/wp\/v2\/product"}],"about":[{"href":"https:\/\/d3w57dy8lxq74n.cloudfront.net\/de\/wp-json\/wp\/v2\/types\/product"}],"wp:featuredmedia":[{"embeddable":true,"href":"https:\/\/d3w57dy8lxq74n.cloudfront.net\/de\/wp-json\/wp\/v2\/media\/1157"}],"wp:attachment":[{"href":"https:\/\/d3w57dy8lxq74n.cloudfront.net\/de\/wp-json\/wp\/v2\/media?parent=19453"}],"wp:term":[{"taxonomy":"product_category","embeddable":true,"href":"https:\/\/d3w57dy8lxq74n.cloudfront.net\/de\/wp-json\/wp\/v2\/product_category?post=19453"}],"curies":[{"name":"wp","href":"https:\/\/api.w.org\/{rel}","templated":true}]}}