{"id":19422,"date":"2022-08-03T14:29:25","date_gmt":"2022-08-03T12:29:25","guid":{"rendered":"http:\/\/d3w57dy8lxq74n.cloudfront.net\/?post_type=product&#038;p=19422"},"modified":"2023-04-04T17:49:32","modified_gmt":"2023-04-04T15:49:32","slug":"electo-t","status":"publish","type":"product","link":"https:\/\/d3w57dy8lxq74n.cloudfront.net\/de\/produkt\/electo-t\/","title":{"rendered":"ELECTO T"},"content":{"rendered":"<p>ElecTo T ist ein technisch innovatives Messinstrument f\u00fcr Versorgerbetriebe. Garantiert optimale Leistung unter allen Einbaubedingungen und Unempfindlichkeit gegen physisch-chemische Eigenschaften des Wassers. Erm\u00f6glicht die genaue und zuverl\u00e4ssige Messung auch minimaler Durchflussmengen dank hoher Abtastfrequenz und erleichtert die Ermittlung etwaiger Leckagen. Die Alarmfunktionen geben Aufschluss \u00fcber die korrekte Verwendung. Dank seiner sorgf\u00e4ltigen Konstruktion und H\u00f6he ist es extrem kompakt und auch auf engstem Raum einfach zu installieren. ElecTo T garantiert maximale Flexibilit\u00e4t in der Datenkommunikation auf kurze und lange Distanz.<\/p>\n","protected":false},"excerpt":{"rendered":"<p>ULTRASCHALL WASSERZ\u00c4HLER<\/p>\n","protected":false},"featured_media":572,"menu_order":8,"template":"","meta":{"_lmt_disableupdate":"","_lmt_disable":""},"product_category":[74],"acf":[],"yoast_head":"<!-- This site is optimized with the Yoast SEO plugin v20.7 - https:\/\/yoast.com\/wordpress\/plugins\/seo\/ -->\n<title>ELECTO T - ULTRASCHALL WASSERZ\u00c4HLER<\/title>\n<meta name=\"description\" content=\"ElecTo T ist ein technisch innovatives Messinstrument f\u00fcr Versorgerbetriebe. Garantiert optimale Leistung unter allen Einbaubedingungen und Unempf\" \/>\n<meta name=\"robots\" content=\"noindex, follow, max-snippet:-1, max-image-preview:large, max-video-preview:-1\" \/>\n<meta property=\"og:locale\" content=\"de_DE\" \/>\n<meta property=\"og:type\" content=\"article\" \/>\n<meta property=\"og:title\" content=\"ELECTO T - ULTRASCHALL WASSERZ\u00c4HLER\" \/>\n<meta property=\"og:description\" content=\"ElecTo T ist ein technisch innovatives Messinstrument f\u00fcr Versorgerbetriebe. Garantiert optimale Leistung unter allen Einbaubedingungen und Unempf\" \/>\n<meta property=\"og:url\" content=\"https:\/\/d3w57dy8lxq74n.cloudfront.net\/de\/produkt\/electo-t\/\" \/>\n<meta property=\"og:site_name\" content=\"Maddalena S.p.A.\" \/>\n<meta property=\"article:modified_time\" content=\"2023-04-04T15:49:32+00:00\" \/>\n<meta property=\"og:image\" content=\"https:\/\/d3w57dy8lxq74n.cloudfront.net\/wp-content\/uploads\/catalog-image\/electo-t-3q-1.png\" \/>\n\t<meta property=\"og:image:width\" content=\"1200\" \/>\n\t<meta property=\"og:image:height\" content=\"901\" \/>\n\t<meta property=\"og:image:type\" content=\"image\/png\" \/>\n<meta name=\"twitter:card\" content=\"summary_large_image\" \/>\n<script type=\"application\/ld+json\" class=\"yoast-schema-graph\">{\"@context\":\"https:\/\/schema.org\",\"@graph\":[{\"@type\":\"WebPage\",\"@id\":\"https:\/\/d3w57dy8lxq74n.cloudfront.net\/de\/produkt\/electo-t\/\",\"url\":\"https:\/\/d3w57dy8lxq74n.cloudfront.net\/de\/produkt\/electo-t\/\",\"name\":\"ELECTO T - ULTRASCHALL WASSERZ\u00c4HLER\",\"isPartOf\":{\"@id\":\"https:\/\/d3w57dy8lxq74n.cloudfront.net\/de\/#website\"},\"datePublished\":\"2022-08-03T12:29:25+00:00\",\"dateModified\":\"2023-04-04T15:49:32+00:00\",\"description\":\"ElecTo T ist ein technisch innovatives Messinstrument f\u00fcr Versorgerbetriebe. Garantiert optimale Leistung unter allen Einbaubedingungen und Unempf\",\"breadcrumb\":{\"@id\":\"https:\/\/d3w57dy8lxq74n.cloudfront.net\/de\/produkt\/electo-t\/#breadcrumb\"},\"inLanguage\":\"de-DE\",\"potentialAction\":[{\"@type\":\"ReadAction\",\"target\":[\"https:\/\/d3w57dy8lxq74n.cloudfront.net\/de\/produkt\/electo-t\/\"]}]},{\"@type\":\"BreadcrumbList\",\"@id\":\"https:\/\/d3w57dy8lxq74n.cloudfront.net\/de\/produkt\/electo-t\/#breadcrumb\",\"itemListElement\":[{\"@type\":\"ListItem\",\"position\":1,\"name\":\"Home\",\"item\":\"https:\/\/d3w57dy8lxq74n.cloudfront.net\/de\/\"},{\"@type\":\"ListItem\",\"position\":2,\"name\":\"Produkte\",\"item\":\"https:\/\/d3w57dy8lxq74n.cloudfront.net\/de\/produkt\/\"},{\"@type\":\"ListItem\",\"position\":3,\"name\":\"Wasser\",\"item\":\"https:\/\/d3w57dy8lxq74n.cloudfront.net\/de\/produkte\/wasserzahler\/\"},{\"@type\":\"ListItem\",\"position\":4,\"name\":\"ElecTo\",\"item\":\"https:\/\/d3w57dy8lxq74n.cloudfront.net\/de\/produkte\/electo-de\/\"},{\"@type\":\"ListItem\",\"position\":5,\"name\":\"ELECTO T\"}]},{\"@type\":\"WebSite\",\"@id\":\"https:\/\/d3w57dy8lxq74n.cloudfront.net\/de\/#website\",\"url\":\"https:\/\/d3w57dy8lxq74n.cloudfront.net\/de\/\",\"name\":\"Maddalena S.p.A.\",\"description\":\"Metering Expertise\",\"potentialAction\":[{\"@type\":\"SearchAction\",\"target\":{\"@type\":\"EntryPoint\",\"urlTemplate\":\"https:\/\/d3w57dy8lxq74n.cloudfront.net\/de\/?s={search_term_string}\"},\"query-input\":\"required name=search_term_string\"}],\"inLanguage\":\"de-DE\"}]}<\/script>\n<!-- \/ Yoast SEO plugin. -->","yoast_head_json":{"title":"ELECTO T - ULTRASCHALL WASSERZ\u00c4HLER","description":"ElecTo T ist ein technisch innovatives Messinstrument f\u00fcr Versorgerbetriebe. Garantiert optimale Leistung unter allen Einbaubedingungen und Unempf","robots":{"index":"noindex","follow":"follow","max-snippet":"max-snippet:-1","max-image-preview":"max-image-preview:large","max-video-preview":"max-video-preview:-1"},"og_locale":"de_DE","og_type":"article","og_title":"ELECTO T - ULTRASCHALL WASSERZ\u00c4HLER","og_description":"ElecTo T ist ein technisch innovatives Messinstrument f\u00fcr Versorgerbetriebe. Garantiert optimale Leistung unter allen Einbaubedingungen und Unempf","og_url":"https:\/\/d3w57dy8lxq74n.cloudfront.net\/de\/produkt\/electo-t\/","og_site_name":"Maddalena S.p.A.","article_modified_time":"2023-04-04T15:49:32+00:00","og_image":[{"width":1200,"height":901,"url":"https:\/\/d3w57dy8lxq74n.cloudfront.net\/wp-content\/uploads\/catalog-image\/electo-t-3q-1.png","type":"image\/png"}],"twitter_card":"summary_large_image","schema":{"@context":"https:\/\/schema.org","@graph":[{"@type":"WebPage","@id":"https:\/\/d3w57dy8lxq74n.cloudfront.net\/de\/produkt\/electo-t\/","url":"https:\/\/d3w57dy8lxq74n.cloudfront.net\/de\/produkt\/electo-t\/","name":"ELECTO T - ULTRASCHALL WASSERZ\u00c4HLER","isPartOf":{"@id":"https:\/\/d3w57dy8lxq74n.cloudfront.net\/de\/#website"},"datePublished":"2022-08-03T12:29:25+00:00","dateModified":"2023-04-04T15:49:32+00:00","description":"ElecTo T ist ein technisch innovatives Messinstrument f\u00fcr Versorgerbetriebe. Garantiert optimale Leistung unter allen Einbaubedingungen und Unempf","breadcrumb":{"@id":"https:\/\/d3w57dy8lxq74n.cloudfront.net\/de\/produkt\/electo-t\/#breadcrumb"},"inLanguage":"de-DE","potentialAction":[{"@type":"ReadAction","target":["https:\/\/d3w57dy8lxq74n.cloudfront.net\/de\/produkt\/electo-t\/"]}]},{"@type":"BreadcrumbList","@id":"https:\/\/d3w57dy8lxq74n.cloudfront.net\/de\/produkt\/electo-t\/#breadcrumb","itemListElement":[{"@type":"ListItem","position":1,"name":"Home","item":"https:\/\/d3w57dy8lxq74n.cloudfront.net\/de\/"},{"@type":"ListItem","position":2,"name":"Produkte","item":"https:\/\/d3w57dy8lxq74n.cloudfront.net\/de\/produkt\/"},{"@type":"ListItem","position":3,"name":"Wasser","item":"https:\/\/d3w57dy8lxq74n.cloudfront.net\/de\/produkte\/wasserzahler\/"},{"@type":"ListItem","position":4,"name":"ElecTo","item":"https:\/\/d3w57dy8lxq74n.cloudfront.net\/de\/produkte\/electo-de\/"},{"@type":"ListItem","position":5,"name":"ELECTO T"}]},{"@type":"WebSite","@id":"https:\/\/d3w57dy8lxq74n.cloudfront.net\/de\/#website","url":"https:\/\/d3w57dy8lxq74n.cloudfront.net\/de\/","name":"Maddalena S.p.A.","description":"Metering Expertise","potentialAction":[{"@type":"SearchAction","target":{"@type":"EntryPoint","urlTemplate":"https:\/\/d3w57dy8lxq74n.cloudfront.net\/de\/?s={search_term_string}"},"query-input":"required name=search_term_string"}],"inLanguage":"de-DE"}]}},"_links":{"self":[{"href":"https:\/\/d3w57dy8lxq74n.cloudfront.net\/de\/wp-json\/wp\/v2\/product\/19422"}],"collection":[{"href":"https:\/\/d3w57dy8lxq74n.cloudfront.net\/de\/wp-json\/wp\/v2\/product"}],"about":[{"href":"https:\/\/d3w57dy8lxq74n.cloudfront.net\/de\/wp-json\/wp\/v2\/types\/product"}],"wp:featuredmedia":[{"embeddable":true,"href":"https:\/\/d3w57dy8lxq74n.cloudfront.net\/de\/wp-json\/wp\/v2\/media\/572"}],"wp:attachment":[{"href":"https:\/\/d3w57dy8lxq74n.cloudfront.net\/de\/wp-json\/wp\/v2\/media?parent=19422"}],"wp:term":[{"taxonomy":"product_category","embeddable":true,"href":"https:\/\/d3w57dy8lxq74n.cloudfront.net\/de\/wp-json\/wp\/v2\/product_category?post=19422"}],"curies":[{"name":"wp","href":"https:\/\/api.w.org\/{rel}","templated":true}]}}