{"id":19279,"date":"2022-08-03T14:29:05","date_gmt":"2022-08-03T12:29:05","guid":{"rendered":"http:\/\/d3w57dy8lxq74n.cloudfront.net\/?post_type=product&#038;p=19279"},"modified":"2023-04-06T17:02:38","modified_gmt":"2023-04-06T15:02:38","slug":"electo-sj","status":"publish","type":"product","link":"https:\/\/d3w57dy8lxq74n.cloudfront.net\/de\/produkt\/electo-sj\/","title":{"rendered":"ELECTO SJ"},"content":{"rendered":"<p>ElecTo SJ ist ein Einstrahlz\u00e4hler mit integrierter Datenkommunikation dank eines innovativen elektronischen Z\u00e4hlwerks mit Funksystem. Speziell entwickelt f\u00fcr die Anwendung in Haushalten, ist der Z\u00e4hler f\u00fcr Warm- und Kaltwasser erh\u00e4ltlich. Das gro\u00dfe LCD Display vereinfacht das Auslesen und macht zus\u00e4tzliche Informationen f\u00fcr Verbraucher und Betreiber zug\u00e4nglich. Erm\u00f6glicht eine Fernauslesung mit mobilen und fixen Systemen und entspricht voll den Erfordernissen der Europ\u00e4ischen Richtlinie zur Energieeffizienz.<\/p>\n","protected":false},"excerpt":{"rendered":"<p>ELEKTRONISCHER EINSTRAHLZ\u00c4HLER<\/p>\n","protected":false},"featured_media":483,"menu_order":1,"template":"","meta":{"_lmt_disableupdate":"","_lmt_disable":""},"product_category":[74],"acf":[],"yoast_head":"<!-- This site is optimized with the Yoast SEO plugin v20.7 - https:\/\/yoast.com\/wordpress\/plugins\/seo\/ -->\n<title>ELECTO SJ - ELEKTRONISCHER EINSTRAHLZ\u00c4HLER<\/title>\n<meta name=\"description\" content=\"ElecTo SJ ist ein Einstrahlz\u00e4hler mit integrierter Datenkommunikation dank eines innovativen elektronischen Z\u00e4hlwerks mit Funksystem. Speziell en\" \/>\n<meta name=\"robots\" content=\"noindex, follow, max-snippet:-1, max-image-preview:large, max-video-preview:-1\" \/>\n<meta property=\"og:locale\" content=\"de_DE\" \/>\n<meta property=\"og:type\" content=\"article\" \/>\n<meta property=\"og:title\" content=\"ELECTO SJ - ELEKTRONISCHER EINSTRAHLZ\u00c4HLER\" \/>\n<meta property=\"og:description\" content=\"ElecTo SJ ist ein Einstrahlz\u00e4hler mit integrierter Datenkommunikation dank eines innovativen elektronischen Z\u00e4hlwerks mit Funksystem. Speziell en\" \/>\n<meta property=\"og:url\" content=\"https:\/\/d3w57dy8lxq74n.cloudfront.net\/de\/produkt\/electo-sj\/\" \/>\n<meta property=\"og:site_name\" content=\"Maddalena S.p.A.\" \/>\n<meta property=\"article:modified_time\" content=\"2023-04-06T15:02:38+00:00\" \/>\n<meta property=\"og:image\" content=\"https:\/\/d3w57dy8lxq74n.cloudfront.net\/wp-content\/uploads\/catalog-image\/22068-electo-sj-3q.png\" \/>\n\t<meta property=\"og:image:width\" content=\"1600\" \/>\n\t<meta property=\"og:image:height\" content=\"1200\" \/>\n\t<meta property=\"og:image:type\" content=\"image\/png\" \/>\n<meta name=\"twitter:card\" content=\"summary_large_image\" \/>\n<meta name=\"twitter:label1\" content=\"Est. reading time\" \/>\n\t<meta name=\"twitter:data1\" content=\"1 minute\" \/>\n<script type=\"application\/ld+json\" class=\"yoast-schema-graph\">{\"@context\":\"https:\/\/schema.org\",\"@graph\":[{\"@type\":\"WebPage\",\"@id\":\"https:\/\/d3w57dy8lxq74n.cloudfront.net\/de\/produkt\/electo-sj\/\",\"url\":\"https:\/\/d3w57dy8lxq74n.cloudfront.net\/de\/produkt\/electo-sj\/\",\"name\":\"ELECTO SJ - ELEKTRONISCHER EINSTRAHLZ\u00c4HLER\",\"isPartOf\":{\"@id\":\"https:\/\/d3w57dy8lxq74n.cloudfront.net\/de\/#website\"},\"datePublished\":\"2022-08-03T12:29:05+00:00\",\"dateModified\":\"2023-04-06T15:02:38+00:00\",\"description\":\"ElecTo SJ ist ein Einstrahlz\u00e4hler mit integrierter Datenkommunikation dank eines innovativen elektronischen Z\u00e4hlwerks mit Funksystem. Speziell en\",\"breadcrumb\":{\"@id\":\"https:\/\/d3w57dy8lxq74n.cloudfront.net\/de\/produkt\/electo-sj\/#breadcrumb\"},\"inLanguage\":\"de-DE\",\"potentialAction\":[{\"@type\":\"ReadAction\",\"target\":[\"https:\/\/d3w57dy8lxq74n.cloudfront.net\/de\/produkt\/electo-sj\/\"]}]},{\"@type\":\"BreadcrumbList\",\"@id\":\"https:\/\/d3w57dy8lxq74n.cloudfront.net\/de\/produkt\/electo-sj\/#breadcrumb\",\"itemListElement\":[{\"@type\":\"ListItem\",\"position\":1,\"name\":\"Home\",\"item\":\"https:\/\/d3w57dy8lxq74n.cloudfront.net\/de\/\"},{\"@type\":\"ListItem\",\"position\":2,\"name\":\"Produkte\",\"item\":\"https:\/\/d3w57dy8lxq74n.cloudfront.net\/de\/produkt\/\"},{\"@type\":\"ListItem\",\"position\":3,\"name\":\"Wasser\",\"item\":\"https:\/\/d3w57dy8lxq74n.cloudfront.net\/de\/produkte\/wasserzahler\/\"},{\"@type\":\"ListItem\",\"position\":4,\"name\":\"ElecTo\",\"item\":\"https:\/\/d3w57dy8lxq74n.cloudfront.net\/de\/produkte\/electo-de\/\"},{\"@type\":\"ListItem\",\"position\":5,\"name\":\"ELECTO SJ\"}]},{\"@type\":\"WebSite\",\"@id\":\"https:\/\/d3w57dy8lxq74n.cloudfront.net\/de\/#website\",\"url\":\"https:\/\/d3w57dy8lxq74n.cloudfront.net\/de\/\",\"name\":\"Maddalena S.p.A.\",\"description\":\"Metering Expertise\",\"potentialAction\":[{\"@type\":\"SearchAction\",\"target\":{\"@type\":\"EntryPoint\",\"urlTemplate\":\"https:\/\/d3w57dy8lxq74n.cloudfront.net\/de\/?s={search_term_string}\"},\"query-input\":\"required name=search_term_string\"}],\"inLanguage\":\"de-DE\"}]}<\/script>\n<!-- \/ Yoast SEO plugin. -->","yoast_head_json":{"title":"ELECTO SJ - ELEKTRONISCHER EINSTRAHLZ\u00c4HLER","description":"ElecTo SJ ist ein Einstrahlz\u00e4hler mit integrierter Datenkommunikation dank eines innovativen elektronischen Z\u00e4hlwerks mit Funksystem. Speziell en","robots":{"index":"noindex","follow":"follow","max-snippet":"max-snippet:-1","max-image-preview":"max-image-preview:large","max-video-preview":"max-video-preview:-1"},"og_locale":"de_DE","og_type":"article","og_title":"ELECTO SJ - ELEKTRONISCHER EINSTRAHLZ\u00c4HLER","og_description":"ElecTo SJ ist ein Einstrahlz\u00e4hler mit integrierter Datenkommunikation dank eines innovativen elektronischen Z\u00e4hlwerks mit Funksystem. Speziell en","og_url":"https:\/\/d3w57dy8lxq74n.cloudfront.net\/de\/produkt\/electo-sj\/","og_site_name":"Maddalena S.p.A.","article_modified_time":"2023-04-06T15:02:38+00:00","og_image":[{"width":1600,"height":1200,"url":"https:\/\/d3w57dy8lxq74n.cloudfront.net\/wp-content\/uploads\/catalog-image\/22068-electo-sj-3q.png","type":"image\/png"}],"twitter_card":"summary_large_image","twitter_misc":{"Est. reading time":"1 minute"},"schema":{"@context":"https:\/\/schema.org","@graph":[{"@type":"WebPage","@id":"https:\/\/d3w57dy8lxq74n.cloudfront.net\/de\/produkt\/electo-sj\/","url":"https:\/\/d3w57dy8lxq74n.cloudfront.net\/de\/produkt\/electo-sj\/","name":"ELECTO SJ - ELEKTRONISCHER EINSTRAHLZ\u00c4HLER","isPartOf":{"@id":"https:\/\/d3w57dy8lxq74n.cloudfront.net\/de\/#website"},"datePublished":"2022-08-03T12:29:05+00:00","dateModified":"2023-04-06T15:02:38+00:00","description":"ElecTo SJ ist ein Einstrahlz\u00e4hler mit integrierter Datenkommunikation dank eines innovativen elektronischen Z\u00e4hlwerks mit Funksystem. Speziell en","breadcrumb":{"@id":"https:\/\/d3w57dy8lxq74n.cloudfront.net\/de\/produkt\/electo-sj\/#breadcrumb"},"inLanguage":"de-DE","potentialAction":[{"@type":"ReadAction","target":["https:\/\/d3w57dy8lxq74n.cloudfront.net\/de\/produkt\/electo-sj\/"]}]},{"@type":"BreadcrumbList","@id":"https:\/\/d3w57dy8lxq74n.cloudfront.net\/de\/produkt\/electo-sj\/#breadcrumb","itemListElement":[{"@type":"ListItem","position":1,"name":"Home","item":"https:\/\/d3w57dy8lxq74n.cloudfront.net\/de\/"},{"@type":"ListItem","position":2,"name":"Produkte","item":"https:\/\/d3w57dy8lxq74n.cloudfront.net\/de\/produkt\/"},{"@type":"ListItem","position":3,"name":"Wasser","item":"https:\/\/d3w57dy8lxq74n.cloudfront.net\/de\/produkte\/wasserzahler\/"},{"@type":"ListItem","position":4,"name":"ElecTo","item":"https:\/\/d3w57dy8lxq74n.cloudfront.net\/de\/produkte\/electo-de\/"},{"@type":"ListItem","position":5,"name":"ELECTO SJ"}]},{"@type":"WebSite","@id":"https:\/\/d3w57dy8lxq74n.cloudfront.net\/de\/#website","url":"https:\/\/d3w57dy8lxq74n.cloudfront.net\/de\/","name":"Maddalena S.p.A.","description":"Metering Expertise","potentialAction":[{"@type":"SearchAction","target":{"@type":"EntryPoint","urlTemplate":"https:\/\/d3w57dy8lxq74n.cloudfront.net\/de\/?s={search_term_string}"},"query-input":"required name=search_term_string"}],"inLanguage":"de-DE"}]}},"_links":{"self":[{"href":"https:\/\/d3w57dy8lxq74n.cloudfront.net\/de\/wp-json\/wp\/v2\/product\/19279"}],"collection":[{"href":"https:\/\/d3w57dy8lxq74n.cloudfront.net\/de\/wp-json\/wp\/v2\/product"}],"about":[{"href":"https:\/\/d3w57dy8lxq74n.cloudfront.net\/de\/wp-json\/wp\/v2\/types\/product"}],"wp:featuredmedia":[{"embeddable":true,"href":"https:\/\/d3w57dy8lxq74n.cloudfront.net\/de\/wp-json\/wp\/v2\/media\/483"}],"wp:attachment":[{"href":"https:\/\/d3w57dy8lxq74n.cloudfront.net\/de\/wp-json\/wp\/v2\/media?parent=19279"}],"wp:term":[{"taxonomy":"product_category","embeddable":true,"href":"https:\/\/d3w57dy8lxq74n.cloudfront.net\/de\/wp-json\/wp\/v2\/product_category?post=19279"}],"curies":[{"name":"wp","href":"https:\/\/api.w.org\/{rel}","templated":true}]}}