{"id":9701,"date":"2022-06-23T17:10:00","date_gmt":"2022-06-23T15:10:00","guid":{"rendered":"http:\/\/d3w57dy8lxq74n.cloudfront.net\/?page_id=9701"},"modified":"2023-03-03T10:43:00","modified_gmt":"2023-03-03T09:43:00","slug":"produkte","status":"publish","type":"page","link":"https:\/\/d3w57dy8lxq74n.cloudfront.net\/de\/maddalena-gmbh\/produkte\/","title":{"rendered":"Produkte"},"content":{"rendered":"\n<p><strong>Maddalena GmbH produziert und verkauft ein breites Sortiment von Produkten, die an unterschiedliche Marktanforderungen angepasst sind.<\/strong><\/p>\n\n\n\n<p>Seit 2018 bietet das Unternehmen neben den klassischen mehrstrahligen Wasserz\u00e4hlern eine neue Serie von <strong>MecTo (Mechanical Totalizer) und ElecTo (Electronic Totalizer) <\/strong>Produkten an. Das Sortiment umfasst volumetrische Wasserz\u00e4hler mit Drehkolben, einstrahlige Wasserz\u00e4hler sowie Wasserz\u00e4hler mit gro\u00dfem Durchmesser, sowohl mechanisch als auch mit Ultraschall. Alle Wasserz\u00e4hler k\u00f6nnen u. a. mit <strong>M-Bus-, LoRaWAN<\/strong>&#8211; und <strong>NbIot-Daten\u00fcbertragungssystemen<\/strong> ausgestattet werden.<\/p>\n\n\n\n<p><\/p>\n","protected":false},"excerpt":{"rendered":"<p>Maddalena GmbH produziert und verkauft ein breites Sortiment von Produkten, die an unterschiedliche Marktanforderungen angepasst sind. Seit 2018 bietet das Unternehmen neben den klassischen mehrstrahligen Wasserz\u00e4hlern eine neue Serie von MecTo (Mechanical Totalizer) und ElecTo (Electronic Totalizer) Produkten an. Das Sortiment umfasst volumetrische Wasserz\u00e4hler mit Drehkolben, einstrahlige Wasserz\u00e4hler sowie Wasserz\u00e4hler mit gro\u00dfem Durchmesser, sowohl mechanisch [&hellip;]<\/p>\n","protected":false},"author":2,"featured_media":0,"parent":27,"menu_order":2,"comment_status":"closed","ping_status":"closed","template":"page-gmbh.php","meta":{"_lmt_disableupdate":"","_lmt_disable":""},"acf":[],"yoast_head":"<!-- This site is optimized with the Yoast SEO plugin v20.7 - https:\/\/yoast.com\/wordpress\/plugins\/seo\/ -->\n<title>Produkte - Maddalena S.p.A.<\/title>\n<meta name=\"robots\" content=\"noindex, follow, max-snippet:-1, max-image-preview:large, max-video-preview:-1\" \/>\n<meta property=\"og:locale\" content=\"de_DE\" \/>\n<meta property=\"og:type\" content=\"article\" \/>\n<meta property=\"og:title\" content=\"Produkte - Maddalena S.p.A.\" \/>\n<meta property=\"og:description\" content=\"Maddalena GmbH produziert und verkauft ein breites Sortiment von Produkten, die an unterschiedliche Marktanforderungen angepasst sind. Seit 2018 bietet das Unternehmen neben den klassischen mehrstrahligen Wasserz\u00e4hlern eine neue Serie von MecTo (Mechanical Totalizer) und ElecTo (Electronic Totalizer) Produkten an. Das Sortiment umfasst volumetrische Wasserz\u00e4hler mit Drehkolben, einstrahlige Wasserz\u00e4hler sowie Wasserz\u00e4hler mit gro\u00dfem Durchmesser, sowohl mechanisch [&hellip;]\" \/>\n<meta property=\"og:url\" content=\"https:\/\/d3w57dy8lxq74n.cloudfront.net\/de\/maddalena-gmbh\/produkte\/\" \/>\n<meta property=\"og:site_name\" content=\"Maddalena S.p.A.\" \/>\n<meta property=\"article:modified_time\" content=\"2023-03-03T09:43:00+00:00\" \/>\n<meta name=\"twitter:card\" content=\"summary_large_image\" \/>\n<meta name=\"twitter:label1\" content=\"Est. reading time\" \/>\n\t<meta name=\"twitter:data1\" content=\"1 minute\" \/>\n<script type=\"application\/ld+json\" class=\"yoast-schema-graph\">{\"@context\":\"https:\/\/schema.org\",\"@graph\":[{\"@type\":\"WebPage\",\"@id\":\"https:\/\/d3w57dy8lxq74n.cloudfront.net\/de\/maddalena-gmbh\/produkte\/\",\"url\":\"https:\/\/d3w57dy8lxq74n.cloudfront.net\/de\/maddalena-gmbh\/produkte\/\",\"name\":\"Produkte - Maddalena S.p.A.\",\"isPartOf\":{\"@id\":\"https:\/\/d3w57dy8lxq74n.cloudfront.net\/de\/#website\"},\"datePublished\":\"2022-06-23T15:10:00+00:00\",\"dateModified\":\"2023-03-03T09:43:00+00:00\",\"breadcrumb\":{\"@id\":\"https:\/\/d3w57dy8lxq74n.cloudfront.net\/de\/maddalena-gmbh\/produkte\/#breadcrumb\"},\"inLanguage\":\"de-DE\",\"potentialAction\":[{\"@type\":\"ReadAction\",\"target\":[\"https:\/\/d3w57dy8lxq74n.cloudfront.net\/de\/maddalena-gmbh\/produkte\/\"]}]},{\"@type\":\"BreadcrumbList\",\"@id\":\"https:\/\/d3w57dy8lxq74n.cloudfront.net\/de\/maddalena-gmbh\/produkte\/#breadcrumb\",\"itemListElement\":[{\"@type\":\"ListItem\",\"position\":1,\"name\":\"Home\",\"item\":\"https:\/\/d3w57dy8lxq74n.cloudfront.net\/de\/\"},{\"@type\":\"ListItem\",\"position\":2,\"name\":\"Maddalena GmbH\",\"item\":\"https:\/\/d3w57dy8lxq74n.cloudfront.net\/de\/maddalena-gmbh\/\"},{\"@type\":\"ListItem\",\"position\":3,\"name\":\"Produkte\"}]},{\"@type\":\"WebSite\",\"@id\":\"https:\/\/d3w57dy8lxq74n.cloudfront.net\/de\/#website\",\"url\":\"https:\/\/d3w57dy8lxq74n.cloudfront.net\/de\/\",\"name\":\"Maddalena S.p.A.\",\"description\":\"Metering Expertise\",\"potentialAction\":[{\"@type\":\"SearchAction\",\"target\":{\"@type\":\"EntryPoint\",\"urlTemplate\":\"https:\/\/d3w57dy8lxq74n.cloudfront.net\/de\/?s={search_term_string}\"},\"query-input\":\"required name=search_term_string\"}],\"inLanguage\":\"de-DE\"}]}<\/script>\n<!-- \/ Yoast SEO plugin. -->","yoast_head_json":{"title":"Produkte - Maddalena S.p.A.","robots":{"index":"noindex","follow":"follow","max-snippet":"max-snippet:-1","max-image-preview":"max-image-preview:large","max-video-preview":"max-video-preview:-1"},"og_locale":"de_DE","og_type":"article","og_title":"Produkte - Maddalena S.p.A.","og_description":"Maddalena GmbH produziert und verkauft ein breites Sortiment von Produkten, die an unterschiedliche Marktanforderungen angepasst sind. Seit 2018 bietet das Unternehmen neben den klassischen mehrstrahligen Wasserz\u00e4hlern eine neue Serie von MecTo (Mechanical Totalizer) und ElecTo (Electronic Totalizer) Produkten an. Das Sortiment umfasst volumetrische Wasserz\u00e4hler mit Drehkolben, einstrahlige Wasserz\u00e4hler sowie Wasserz\u00e4hler mit gro\u00dfem Durchmesser, sowohl mechanisch [&hellip;]","og_url":"https:\/\/d3w57dy8lxq74n.cloudfront.net\/de\/maddalena-gmbh\/produkte\/","og_site_name":"Maddalena S.p.A.","article_modified_time":"2023-03-03T09:43:00+00:00","twitter_card":"summary_large_image","twitter_misc":{"Est. reading time":"1 minute"},"schema":{"@context":"https:\/\/schema.org","@graph":[{"@type":"WebPage","@id":"https:\/\/d3w57dy8lxq74n.cloudfront.net\/de\/maddalena-gmbh\/produkte\/","url":"https:\/\/d3w57dy8lxq74n.cloudfront.net\/de\/maddalena-gmbh\/produkte\/","name":"Produkte - Maddalena S.p.A.","isPartOf":{"@id":"https:\/\/d3w57dy8lxq74n.cloudfront.net\/de\/#website"},"datePublished":"2022-06-23T15:10:00+00:00","dateModified":"2023-03-03T09:43:00+00:00","breadcrumb":{"@id":"https:\/\/d3w57dy8lxq74n.cloudfront.net\/de\/maddalena-gmbh\/produkte\/#breadcrumb"},"inLanguage":"de-DE","potentialAction":[{"@type":"ReadAction","target":["https:\/\/d3w57dy8lxq74n.cloudfront.net\/de\/maddalena-gmbh\/produkte\/"]}]},{"@type":"BreadcrumbList","@id":"https:\/\/d3w57dy8lxq74n.cloudfront.net\/de\/maddalena-gmbh\/produkte\/#breadcrumb","itemListElement":[{"@type":"ListItem","position":1,"name":"Home","item":"https:\/\/d3w57dy8lxq74n.cloudfront.net\/de\/"},{"@type":"ListItem","position":2,"name":"Maddalena GmbH","item":"https:\/\/d3w57dy8lxq74n.cloudfront.net\/de\/maddalena-gmbh\/"},{"@type":"ListItem","position":3,"name":"Produkte"}]},{"@type":"WebSite","@id":"https:\/\/d3w57dy8lxq74n.cloudfront.net\/de\/#website","url":"https:\/\/d3w57dy8lxq74n.cloudfront.net\/de\/","name":"Maddalena S.p.A.","description":"Metering Expertise","potentialAction":[{"@type":"SearchAction","target":{"@type":"EntryPoint","urlTemplate":"https:\/\/d3w57dy8lxq74n.cloudfront.net\/de\/?s={search_term_string}"},"query-input":"required name=search_term_string"}],"inLanguage":"de-DE"}]}},"_links":{"self":[{"href":"https:\/\/d3w57dy8lxq74n.cloudfront.net\/de\/wp-json\/wp\/v2\/pages\/9701"}],"collection":[{"href":"https:\/\/d3w57dy8lxq74n.cloudfront.net\/de\/wp-json\/wp\/v2\/pages"}],"about":[{"href":"https:\/\/d3w57dy8lxq74n.cloudfront.net\/de\/wp-json\/wp\/v2\/types\/page"}],"author":[{"embeddable":true,"href":"https:\/\/d3w57dy8lxq74n.cloudfront.net\/de\/wp-json\/wp\/v2\/users\/2"}],"replies":[{"embeddable":true,"href":"https:\/\/d3w57dy8lxq74n.cloudfront.net\/de\/wp-json\/wp\/v2\/comments?post=9701"}],"version-history":[{"count":5,"href":"https:\/\/d3w57dy8lxq74n.cloudfront.net\/de\/wp-json\/wp\/v2\/pages\/9701\/revisions"}],"predecessor-version":[{"id":23946,"href":"https:\/\/d3w57dy8lxq74n.cloudfront.net\/de\/wp-json\/wp\/v2\/pages\/9701\/revisions\/23946"}],"up":[{"embeddable":true,"href":"https:\/\/d3w57dy8lxq74n.cloudfront.net\/de\/wp-json\/wp\/v2\/pages\/27"}],"wp:attachment":[{"href":"https:\/\/d3w57dy8lxq74n.cloudfront.net\/de\/wp-json\/wp\/v2\/media?parent=9701"}],"curies":[{"name":"wp","href":"https:\/\/api.w.org\/{rel}","templated":true}]}}