{"id":9671,"date":"2022-06-23T16:56:17","date_gmt":"2022-06-23T14:56:17","guid":{"rendered":"http:\/\/d3w57dy8lxq74n.cloudfront.net\/?page_id=9671"},"modified":"2023-01-17T08:21:26","modified_gmt":"2023-01-17T07:21:26","slug":"uber-uns","status":"publish","type":"page","link":"https:\/\/d3w57dy8lxq74n.cloudfront.net\/de\/maddalena-gmbh\/uber-uns\/","title":{"rendered":"\u00dcber Uns"},"content":{"rendered":"\n<p><strong>Im Jahr 2018 \u00fcbernahm Maddalena S.p.A. ein deutsches Unternehmen mit Sitz in Remscheid, Deutschland: Damit wurde Maddalena GmbH gegr\u00fcndet.<\/strong><\/p>\n\n\n\n<p><br>Die Gr\u00fcndung wurde durch die Notwendigkeit veranlasst, auf dem deutschen Markt vertreten zu sein, einem Markt, der auch unter dem Gesichtspunkt der technologischen Entwicklung st\u00e4ndig w\u00e4chst, sowie durch die Absicht, in engerem Kontakt mit der lokalen Gemeinschaft zu arbeiten, um ihr einen Teil des Wertes zur\u00fcckzugeben, den Maddalena Spa im Laufe der Jahre hier gewonnen hat.<\/p>\n\n\n\n<p>Innovation und Wachstum, Qualit\u00e4t und Erfahrung. Die technisch-kommerzielle Leitung von Maddalena GmbH verf\u00fcgt \u00fcber jahrelange Erfahrung im Bereich Messung und Fernauslesen und ist sicherlich eine der St\u00e4rken von Maddalena Spa.<\/p>\n","protected":false},"excerpt":{"rendered":"<p>Im Jahr 2018 \u00fcbernahm Maddalena S.p.A. ein deutsches Unternehmen mit Sitz in Remscheid, Deutschland: Damit wurde Maddalena GmbH gegr\u00fcndet. Die Gr\u00fcndung wurde durch die Notwendigkeit veranlasst, auf dem deutschen Markt vertreten zu sein, einem Markt, der auch unter dem Gesichtspunkt der technologischen Entwicklung st\u00e4ndig w\u00e4chst, sowie durch die Absicht, in engerem Kontakt mit der lokalen [&hellip;]<\/p>\n","protected":false},"author":2,"featured_media":0,"parent":27,"menu_order":1,"comment_status":"closed","ping_status":"closed","template":"page-gmbh.php","meta":{"_lmt_disableupdate":"","_lmt_disable":""},"acf":[],"yoast_head":"<!-- This site is optimized with the Yoast SEO plugin v20.7 - https:\/\/yoast.com\/wordpress\/plugins\/seo\/ -->\n<title>\u00dcber Uns - Maddalena S.p.A.<\/title>\n<meta name=\"robots\" content=\"noindex, follow, max-snippet:-1, max-image-preview:large, max-video-preview:-1\" \/>\n<meta property=\"og:locale\" content=\"de_DE\" \/>\n<meta property=\"og:type\" content=\"article\" \/>\n<meta property=\"og:title\" content=\"\u00dcber Uns - Maddalena S.p.A.\" \/>\n<meta property=\"og:description\" content=\"Im Jahr 2018 \u00fcbernahm Maddalena S.p.A. ein deutsches Unternehmen mit Sitz in Remscheid, Deutschland: Damit wurde Maddalena GmbH gegr\u00fcndet. Die Gr\u00fcndung wurde durch die Notwendigkeit veranlasst, auf dem deutschen Markt vertreten zu sein, einem Markt, der auch unter dem Gesichtspunkt der technologischen Entwicklung st\u00e4ndig w\u00e4chst, sowie durch die Absicht, in engerem Kontakt mit der lokalen [&hellip;]\" \/>\n<meta property=\"og:url\" content=\"https:\/\/d3w57dy8lxq74n.cloudfront.net\/de\/maddalena-gmbh\/uber-uns\/\" \/>\n<meta property=\"og:site_name\" content=\"Maddalena S.p.A.\" \/>\n<meta property=\"article:modified_time\" content=\"2023-01-17T07:21:26+00:00\" \/>\n<meta name=\"twitter:card\" content=\"summary_large_image\" \/>\n<meta name=\"twitter:label1\" content=\"Est. reading time\" \/>\n\t<meta name=\"twitter:data1\" content=\"1 minute\" \/>\n<script type=\"application\/ld+json\" class=\"yoast-schema-graph\">{\"@context\":\"https:\/\/schema.org\",\"@graph\":[{\"@type\":\"WebPage\",\"@id\":\"https:\/\/d3w57dy8lxq74n.cloudfront.net\/de\/maddalena-gmbh\/uber-uns\/\",\"url\":\"https:\/\/d3w57dy8lxq74n.cloudfront.net\/de\/maddalena-gmbh\/uber-uns\/\",\"name\":\"\u00dcber Uns - Maddalena S.p.A.\",\"isPartOf\":{\"@id\":\"https:\/\/d3w57dy8lxq74n.cloudfront.net\/de\/#website\"},\"datePublished\":\"2022-06-23T14:56:17+00:00\",\"dateModified\":\"2023-01-17T07:21:26+00:00\",\"breadcrumb\":{\"@id\":\"https:\/\/d3w57dy8lxq74n.cloudfront.net\/de\/maddalena-gmbh\/uber-uns\/#breadcrumb\"},\"inLanguage\":\"de-DE\",\"potentialAction\":[{\"@type\":\"ReadAction\",\"target\":[\"https:\/\/d3w57dy8lxq74n.cloudfront.net\/de\/maddalena-gmbh\/uber-uns\/\"]}]},{\"@type\":\"BreadcrumbList\",\"@id\":\"https:\/\/d3w57dy8lxq74n.cloudfront.net\/de\/maddalena-gmbh\/uber-uns\/#breadcrumb\",\"itemListElement\":[{\"@type\":\"ListItem\",\"position\":1,\"name\":\"Home\",\"item\":\"https:\/\/d3w57dy8lxq74n.cloudfront.net\/de\/\"},{\"@type\":\"ListItem\",\"position\":2,\"name\":\"Maddalena GmbH\",\"item\":\"https:\/\/d3w57dy8lxq74n.cloudfront.net\/de\/maddalena-gmbh\/\"},{\"@type\":\"ListItem\",\"position\":3,\"name\":\"\u00dcber Uns\"}]},{\"@type\":\"WebSite\",\"@id\":\"https:\/\/d3w57dy8lxq74n.cloudfront.net\/de\/#website\",\"url\":\"https:\/\/d3w57dy8lxq74n.cloudfront.net\/de\/\",\"name\":\"Maddalena S.p.A.\",\"description\":\"Metering Expertise\",\"potentialAction\":[{\"@type\":\"SearchAction\",\"target\":{\"@type\":\"EntryPoint\",\"urlTemplate\":\"https:\/\/d3w57dy8lxq74n.cloudfront.net\/de\/?s={search_term_string}\"},\"query-input\":\"required name=search_term_string\"}],\"inLanguage\":\"de-DE\"}]}<\/script>\n<!-- \/ Yoast SEO plugin. -->","yoast_head_json":{"title":"\u00dcber Uns - Maddalena S.p.A.","robots":{"index":"noindex","follow":"follow","max-snippet":"max-snippet:-1","max-image-preview":"max-image-preview:large","max-video-preview":"max-video-preview:-1"},"og_locale":"de_DE","og_type":"article","og_title":"\u00dcber Uns - Maddalena S.p.A.","og_description":"Im Jahr 2018 \u00fcbernahm Maddalena S.p.A. ein deutsches Unternehmen mit Sitz in Remscheid, Deutschland: Damit wurde Maddalena GmbH gegr\u00fcndet. Die Gr\u00fcndung wurde durch die Notwendigkeit veranlasst, auf dem deutschen Markt vertreten zu sein, einem Markt, der auch unter dem Gesichtspunkt der technologischen Entwicklung st\u00e4ndig w\u00e4chst, sowie durch die Absicht, in engerem Kontakt mit der lokalen [&hellip;]","og_url":"https:\/\/d3w57dy8lxq74n.cloudfront.net\/de\/maddalena-gmbh\/uber-uns\/","og_site_name":"Maddalena S.p.A.","article_modified_time":"2023-01-17T07:21:26+00:00","twitter_card":"summary_large_image","twitter_misc":{"Est. reading time":"1 minute"},"schema":{"@context":"https:\/\/schema.org","@graph":[{"@type":"WebPage","@id":"https:\/\/d3w57dy8lxq74n.cloudfront.net\/de\/maddalena-gmbh\/uber-uns\/","url":"https:\/\/d3w57dy8lxq74n.cloudfront.net\/de\/maddalena-gmbh\/uber-uns\/","name":"\u00dcber Uns - Maddalena S.p.A.","isPartOf":{"@id":"https:\/\/d3w57dy8lxq74n.cloudfront.net\/de\/#website"},"datePublished":"2022-06-23T14:56:17+00:00","dateModified":"2023-01-17T07:21:26+00:00","breadcrumb":{"@id":"https:\/\/d3w57dy8lxq74n.cloudfront.net\/de\/maddalena-gmbh\/uber-uns\/#breadcrumb"},"inLanguage":"de-DE","potentialAction":[{"@type":"ReadAction","target":["https:\/\/d3w57dy8lxq74n.cloudfront.net\/de\/maddalena-gmbh\/uber-uns\/"]}]},{"@type":"BreadcrumbList","@id":"https:\/\/d3w57dy8lxq74n.cloudfront.net\/de\/maddalena-gmbh\/uber-uns\/#breadcrumb","itemListElement":[{"@type":"ListItem","position":1,"name":"Home","item":"https:\/\/d3w57dy8lxq74n.cloudfront.net\/de\/"},{"@type":"ListItem","position":2,"name":"Maddalena GmbH","item":"https:\/\/d3w57dy8lxq74n.cloudfront.net\/de\/maddalena-gmbh\/"},{"@type":"ListItem","position":3,"name":"\u00dcber Uns"}]},{"@type":"WebSite","@id":"https:\/\/d3w57dy8lxq74n.cloudfront.net\/de\/#website","url":"https:\/\/d3w57dy8lxq74n.cloudfront.net\/de\/","name":"Maddalena S.p.A.","description":"Metering Expertise","potentialAction":[{"@type":"SearchAction","target":{"@type":"EntryPoint","urlTemplate":"https:\/\/d3w57dy8lxq74n.cloudfront.net\/de\/?s={search_term_string}"},"query-input":"required name=search_term_string"}],"inLanguage":"de-DE"}]}},"_links":{"self":[{"href":"https:\/\/d3w57dy8lxq74n.cloudfront.net\/de\/wp-json\/wp\/v2\/pages\/9671"}],"collection":[{"href":"https:\/\/d3w57dy8lxq74n.cloudfront.net\/de\/wp-json\/wp\/v2\/pages"}],"about":[{"href":"https:\/\/d3w57dy8lxq74n.cloudfront.net\/de\/wp-json\/wp\/v2\/types\/page"}],"author":[{"embeddable":true,"href":"https:\/\/d3w57dy8lxq74n.cloudfront.net\/de\/wp-json\/wp\/v2\/users\/2"}],"replies":[{"embeddable":true,"href":"https:\/\/d3w57dy8lxq74n.cloudfront.net\/de\/wp-json\/wp\/v2\/comments?post=9671"}],"version-history":[{"count":5,"href":"https:\/\/d3w57dy8lxq74n.cloudfront.net\/de\/wp-json\/wp\/v2\/pages\/9671\/revisions"}],"predecessor-version":[{"id":22918,"href":"https:\/\/d3w57dy8lxq74n.cloudfront.net\/de\/wp-json\/wp\/v2\/pages\/9671\/revisions\/22918"}],"up":[{"embeddable":true,"href":"https:\/\/d3w57dy8lxq74n.cloudfront.net\/de\/wp-json\/wp\/v2\/pages\/27"}],"wp:attachment":[{"href":"https:\/\/d3w57dy8lxq74n.cloudfront.net\/de\/wp-json\/wp\/v2\/media?parent=9671"}],"curies":[{"name":"wp","href":"https:\/\/api.w.org\/{rel}","templated":true}]}}