{"id":20466,"date":"2022-06-28T12:45:28","date_gmt":"2022-06-28T10:45:28","guid":{"rendered":"http:\/\/d3w57dy8lxq74n.cloudfront.net\/nachhaltigkeit-unser-weg\/esg\/"},"modified":"2023-04-14T10:02:17","modified_gmt":"2023-04-14T08:02:17","slug":"esg","status":"publish","type":"page","link":"https:\/\/d3w57dy8lxq74n.cloudfront.net\/de\/nachhaltigkeit\/esg\/","title":{"rendered":"ESG: Handeln statt Reden"},"content":{"rendered":"\n<p><strong>ESG ist die Abk\u00fcrzung f\u00fcr Environmental, Social und Governance <\/strong>und bezieht sich auf drei zentrale Faktoren in der Messung der Nachhaltigkeit einer Investition. In der Analyse der umgesetzten Ma\u00dfnahmen in Bezug auf Nachhaltigkeit, m\u00f6chten wir in Maddalena S.p.A. sofort zur Sache kommen, denn f\u00fcr uns z\u00e4hlen Handlungen mehr als Worte. Die nachstehend erl\u00e4uterten Aktivit\u00e4ten ber\u00fccksichtigen nicht nur wirtschaftlich-finanzielle Faktoren, sondern gerade die folgenden Kriterien:<\/p>\n\n<ul>\n<li><strong>Environmental<\/strong> fasst die Aktivit\u00e4ten zusammen, die sich auf das Umweltmanagement auswirken<\/li>\n\n\n\n<li><strong>Social<\/strong> umfasst Ma\u00dfnahmen mit sozialer Implikation f\u00fcr Stakeholder, innerhalb und au\u00dferhalb des Unternehmens<\/li>\n\n\n\n<li><strong>Governance<\/strong> betrifft die Aspekte einer verantwortungsvollen F\u00fchrung und Verwaltung des Unternehmens<\/li>\n<\/ul>\n\n<div class=\"wp-block-buttons is-content-justification-left is-layout-flex wp-container-1\">\n<div class=\"wp-block-button is-style-outline\"><a class=\"wp-block-button__link has-white-color has-vivid-red-background-color has-text-color has-background wp-element-button\" href=\"https:\/\/d3w57dy8lxq74n.cloudfront.net\/wp-content\/uploads\/2022\/06\/Maddalena_ESG_DE_.pdf\" style=\"border-radius:100px\" target=\"_blank\" rel=\"noreferrer noopener\"><strong>INFOGRAPHIK HERUNTERLADEN<\/strong><\/a><\/div>\n<\/div>\n","protected":false},"excerpt":{"rendered":"<p>ESG ist die Abk\u00fcrzung f\u00fcr Environmental, Social und Governance und bezieht sich auf drei zentrale Faktoren in der Messung der Nachhaltigkeit einer Investition. In der Analyse der umgesetzten Ma\u00dfnahmen in Bezug auf Nachhaltigkeit, m\u00f6chten wir in Maddalena S.p.A. sofort zur Sache kommen, denn f\u00fcr uns z\u00e4hlen Handlungen mehr als Worte. Die nachstehend erl\u00e4uterten Aktivit\u00e4ten ber\u00fccksichtigen [&hellip;]<\/p>\n","protected":false},"author":2,"featured_media":0,"parent":20201,"menu_order":61,"comment_status":"closed","ping_status":"closed","template":"","meta":{"_lmt_disableupdate":"no","_lmt_disable":""},"acf":[],"yoast_head":"<!-- This site is optimized with the Yoast SEO plugin v20.7 - https:\/\/yoast.com\/wordpress\/plugins\/seo\/ -->\n<title>ESG: Handeln statt Reden - Maddalena S.p.A.<\/title>\n<meta name=\"description\" content=\"Maddalena S.p.A. engagiert sich konkret f\u00fcr Umwelt, Soziales und verantwortungsvolle Unternehmensf\u00fchrung (ESG) f\u00fcr eine nachhaltigere Zukunft.\" \/>\n<meta name=\"robots\" content=\"noindex, follow, max-snippet:-1, max-image-preview:large, max-video-preview:-1\" \/>\n<meta property=\"og:locale\" content=\"de_DE\" \/>\n<meta property=\"og:type\" content=\"article\" \/>\n<meta property=\"og:title\" content=\"ESG: Handeln statt Reden - Maddalena S.p.A.\" \/>\n<meta property=\"og:description\" content=\"Maddalena S.p.A. engagiert sich konkret f\u00fcr Umwelt, Soziales und verantwortungsvolle Unternehmensf\u00fchrung (ESG) f\u00fcr eine nachhaltigere Zukunft.\" \/>\n<meta property=\"og:url\" content=\"https:\/\/d3w57dy8lxq74n.cloudfront.net\/de\/nachhaltigkeit\/esg\/\" \/>\n<meta property=\"og:site_name\" content=\"Maddalena S.p.A.\" \/>\n<meta property=\"article:modified_time\" content=\"2023-04-14T08:02:17+00:00\" \/>\n<meta name=\"twitter:card\" content=\"summary_large_image\" \/>\n<meta name=\"twitter:label1\" content=\"Est. reading time\" \/>\n\t<meta name=\"twitter:data1\" content=\"1 minute\" \/>\n<script type=\"application\/ld+json\" class=\"yoast-schema-graph\">{\"@context\":\"https:\/\/schema.org\",\"@graph\":[{\"@type\":\"WebPage\",\"@id\":\"https:\/\/d3w57dy8lxq74n.cloudfront.net\/de\/nachhaltigkeit\/esg\/\",\"url\":\"https:\/\/d3w57dy8lxq74n.cloudfront.net\/de\/nachhaltigkeit\/esg\/\",\"name\":\"ESG: Handeln statt Reden - Maddalena S.p.A.\",\"isPartOf\":{\"@id\":\"https:\/\/d3w57dy8lxq74n.cloudfront.net\/de\/#website\"},\"datePublished\":\"2022-06-28T10:45:28+00:00\",\"dateModified\":\"2023-04-14T08:02:17+00:00\",\"description\":\"Maddalena S.p.A. engagiert sich konkret f\u00fcr Umwelt, Soziales und verantwortungsvolle Unternehmensf\u00fchrung (ESG) f\u00fcr eine nachhaltigere Zukunft.\",\"breadcrumb\":{\"@id\":\"https:\/\/d3w57dy8lxq74n.cloudfront.net\/de\/nachhaltigkeit\/esg\/#breadcrumb\"},\"inLanguage\":\"de-DE\",\"potentialAction\":[{\"@type\":\"ReadAction\",\"target\":[\"https:\/\/d3w57dy8lxq74n.cloudfront.net\/de\/nachhaltigkeit\/esg\/\"]}]},{\"@type\":\"BreadcrumbList\",\"@id\":\"https:\/\/d3w57dy8lxq74n.cloudfront.net\/de\/nachhaltigkeit\/esg\/#breadcrumb\",\"itemListElement\":[{\"@type\":\"ListItem\",\"position\":1,\"name\":\"Home\",\"item\":\"https:\/\/d3w57dy8lxq74n.cloudfront.net\/de\/\"},{\"@type\":\"ListItem\",\"position\":2,\"name\":\"Nachhaltigkeit: unser Weg\",\"item\":\"https:\/\/d3w57dy8lxq74n.cloudfront.net\/de\/nachhaltigkeit\/\"},{\"@type\":\"ListItem\",\"position\":3,\"name\":\"ESG: Handeln statt Reden\"}]},{\"@type\":\"WebSite\",\"@id\":\"https:\/\/d3w57dy8lxq74n.cloudfront.net\/de\/#website\",\"url\":\"https:\/\/d3w57dy8lxq74n.cloudfront.net\/de\/\",\"name\":\"Maddalena S.p.A.\",\"description\":\"Metering Expertise\",\"potentialAction\":[{\"@type\":\"SearchAction\",\"target\":{\"@type\":\"EntryPoint\",\"urlTemplate\":\"https:\/\/d3w57dy8lxq74n.cloudfront.net\/de\/?s={search_term_string}\"},\"query-input\":\"required name=search_term_string\"}],\"inLanguage\":\"de-DE\"}]}<\/script>\n<!-- \/ Yoast SEO plugin. -->","yoast_head_json":{"title":"ESG: Handeln statt Reden - Maddalena S.p.A.","description":"Maddalena S.p.A. engagiert sich konkret f\u00fcr Umwelt, Soziales und verantwortungsvolle Unternehmensf\u00fchrung (ESG) f\u00fcr eine nachhaltigere Zukunft.","robots":{"index":"noindex","follow":"follow","max-snippet":"max-snippet:-1","max-image-preview":"max-image-preview:large","max-video-preview":"max-video-preview:-1"},"og_locale":"de_DE","og_type":"article","og_title":"ESG: Handeln statt Reden - Maddalena S.p.A.","og_description":"Maddalena S.p.A. engagiert sich konkret f\u00fcr Umwelt, Soziales und verantwortungsvolle Unternehmensf\u00fchrung (ESG) f\u00fcr eine nachhaltigere Zukunft.","og_url":"https:\/\/d3w57dy8lxq74n.cloudfront.net\/de\/nachhaltigkeit\/esg\/","og_site_name":"Maddalena S.p.A.","article_modified_time":"2023-04-14T08:02:17+00:00","twitter_card":"summary_large_image","twitter_misc":{"Est. reading time":"1 minute"},"schema":{"@context":"https:\/\/schema.org","@graph":[{"@type":"WebPage","@id":"https:\/\/d3w57dy8lxq74n.cloudfront.net\/de\/nachhaltigkeit\/esg\/","url":"https:\/\/d3w57dy8lxq74n.cloudfront.net\/de\/nachhaltigkeit\/esg\/","name":"ESG: Handeln statt Reden - Maddalena S.p.A.","isPartOf":{"@id":"https:\/\/d3w57dy8lxq74n.cloudfront.net\/de\/#website"},"datePublished":"2022-06-28T10:45:28+00:00","dateModified":"2023-04-14T08:02:17+00:00","description":"Maddalena S.p.A. engagiert sich konkret f\u00fcr Umwelt, Soziales und verantwortungsvolle Unternehmensf\u00fchrung (ESG) f\u00fcr eine nachhaltigere Zukunft.","breadcrumb":{"@id":"https:\/\/d3w57dy8lxq74n.cloudfront.net\/de\/nachhaltigkeit\/esg\/#breadcrumb"},"inLanguage":"de-DE","potentialAction":[{"@type":"ReadAction","target":["https:\/\/d3w57dy8lxq74n.cloudfront.net\/de\/nachhaltigkeit\/esg\/"]}]},{"@type":"BreadcrumbList","@id":"https:\/\/d3w57dy8lxq74n.cloudfront.net\/de\/nachhaltigkeit\/esg\/#breadcrumb","itemListElement":[{"@type":"ListItem","position":1,"name":"Home","item":"https:\/\/d3w57dy8lxq74n.cloudfront.net\/de\/"},{"@type":"ListItem","position":2,"name":"Nachhaltigkeit: unser Weg","item":"https:\/\/d3w57dy8lxq74n.cloudfront.net\/de\/nachhaltigkeit\/"},{"@type":"ListItem","position":3,"name":"ESG: Handeln statt Reden"}]},{"@type":"WebSite","@id":"https:\/\/d3w57dy8lxq74n.cloudfront.net\/de\/#website","url":"https:\/\/d3w57dy8lxq74n.cloudfront.net\/de\/","name":"Maddalena S.p.A.","description":"Metering Expertise","potentialAction":[{"@type":"SearchAction","target":{"@type":"EntryPoint","urlTemplate":"https:\/\/d3w57dy8lxq74n.cloudfront.net\/de\/?s={search_term_string}"},"query-input":"required name=search_term_string"}],"inLanguage":"de-DE"}]}},"_links":{"self":[{"href":"https:\/\/d3w57dy8lxq74n.cloudfront.net\/de\/wp-json\/wp\/v2\/pages\/20466"}],"collection":[{"href":"https:\/\/d3w57dy8lxq74n.cloudfront.net\/de\/wp-json\/wp\/v2\/pages"}],"about":[{"href":"https:\/\/d3w57dy8lxq74n.cloudfront.net\/de\/wp-json\/wp\/v2\/types\/page"}],"author":[{"embeddable":true,"href":"https:\/\/d3w57dy8lxq74n.cloudfront.net\/de\/wp-json\/wp\/v2\/users\/2"}],"replies":[{"embeddable":true,"href":"https:\/\/d3w57dy8lxq74n.cloudfront.net\/de\/wp-json\/wp\/v2\/comments?post=20466"}],"version-history":[{"count":5,"href":"https:\/\/d3w57dy8lxq74n.cloudfront.net\/de\/wp-json\/wp\/v2\/pages\/20466\/revisions"}],"predecessor-version":[{"id":25044,"href":"https:\/\/d3w57dy8lxq74n.cloudfront.net\/de\/wp-json\/wp\/v2\/pages\/20466\/revisions\/25044"}],"up":[{"embeddable":true,"href":"https:\/\/d3w57dy8lxq74n.cloudfront.net\/de\/wp-json\/wp\/v2\/pages\/20201"}],"wp:attachment":[{"href":"https:\/\/d3w57dy8lxq74n.cloudfront.net\/de\/wp-json\/wp\/v2\/media?parent=20466"}],"curies":[{"name":"wp","href":"https:\/\/api.w.org\/{rel}","templated":true}]}}