{"id":17928,"date":"2022-04-21T15:12:34","date_gmt":"2022-04-21T13:12:34","guid":{"rendered":"http:\/\/d3w57dy8lxq74n.cloudfront.net\/ueber-uns\/"},"modified":"2023-02-03T14:34:51","modified_gmt":"2023-02-03T13:34:51","slug":"ueber-uns","status":"publish","type":"page","link":"https:\/\/d3w57dy8lxq74n.cloudfront.net\/de\/ueber-uns\/","title":{"rendered":"\u00dcber uns"},"content":{"rendered":"\n<p><strong>Maddalena S.p.A. ist ein international erfolgreiches Unternehmen im Bereich von Wasser- und W\u00e4rmez\u00e4hlern.<\/strong> Seit der Gr\u00fcndung 1919 wurden Betriebsstruktur und Angebot an Z\u00e4hlern f\u00fcr Haushalt und Gro\u00dfverbraucher laufend ausgebaut. Produkte Maddalena entsprechen heute den Bed\u00fcrfnissen der wichtigsten Versorgungsunternehmen in aller Welt.<\/p>\n\n<p><span lang=\"DE\">Das Werk in Povoletto (Udine) zeichnet sich durch die h\u00f6chste Produktionskapazit\u00e4t in Europa an einer einzigen Betriebsst\u00e4tte aus, wo \u00fcber 3 Millionen Ger\u00e4te pro Jahr produziert werden k\u00f6nnen.\u00a0<\/span><strong><span lang=\"DE\">Zum Firmensitz in Friaul kommt noch der 2018 er\u00f6ffnete Produktionsstandort <a href=\"https:\/\/d3w57dy8lxq74n.cloudfront.net\/de\/maddalena-gmbh\/\">Maddalena GmbH<\/a> in Deutschland.<\/span><\/strong><\/p>\n\n<p>Maddalena S.p.A. ist seit jeher auf Innovation ausgerichtet und kann <strong>eine komplette Linie von Smart-Z\u00e4hlern mit mechanischem oder elektronischem Z\u00e4hlwerk<\/strong> anbieten. Alle entsprechen den Anforderungen der Europ\u00e4ischen Richtlinie zur Energieeffizienz.<\/p>\n","protected":false},"excerpt":{"rendered":"<p>Maddalena S.p.A. ist ein international erfolgreiches Unternehmen im Bereich von Wasser- und W\u00e4rmez\u00e4hlern. Seit der Gr\u00fcndung 1919 wurden Betriebsstruktur und Angebot an Z\u00e4hlern f\u00fcr Haushalt und Gro\u00dfverbraucher laufend ausgebaut. Produkte Maddalena entsprechen heute den Bed\u00fcrfnissen der wichtigsten Versorgungsunternehmen in aller Welt. Das Werk in Povoletto (Udine) zeichnet sich durch die h\u00f6chste Produktionskapazit\u00e4t in Europa an [&hellip;]<\/p>\n","protected":false},"author":1,"featured_media":0,"parent":0,"menu_order":1,"comment_status":"closed","ping_status":"closed","template":"","meta":{"_lmt_disableupdate":"","_lmt_disable":""},"acf":[],"yoast_head":"<!-- This site is optimized with the Yoast SEO plugin v20.7 - https:\/\/yoast.com\/wordpress\/plugins\/seo\/ -->\n<title>\u00dcber uns - Maddalena S.p.A.<\/title>\n<meta name=\"description\" content=\"Maddalena S.p.A. ist ein international erfolgreiches Unternehmen im Bereich von Wasser- und W\u00e4rmez\u00e4hlern.\" \/>\n<meta name=\"robots\" content=\"noindex, follow, max-snippet:-1, max-image-preview:large, max-video-preview:-1\" \/>\n<meta property=\"og:locale\" content=\"de_DE\" \/>\n<meta property=\"og:type\" content=\"article\" \/>\n<meta property=\"og:title\" content=\"\u00dcber uns - Maddalena S.p.A.\" \/>\n<meta property=\"og:description\" content=\"Maddalena S.p.A. ist ein international erfolgreiches Unternehmen im Bereich von Wasser- und W\u00e4rmez\u00e4hlern.\" \/>\n<meta property=\"og:url\" content=\"https:\/\/d3w57dy8lxq74n.cloudfront.net\/de\/ueber-uns\/\" \/>\n<meta property=\"og:site_name\" content=\"Maddalena S.p.A.\" \/>\n<meta property=\"article:modified_time\" content=\"2023-02-03T13:34:51+00:00\" \/>\n<meta name=\"twitter:card\" content=\"summary_large_image\" \/>\n<meta name=\"twitter:label1\" content=\"Est. reading time\" \/>\n\t<meta name=\"twitter:data1\" content=\"1 minute\" \/>\n<script type=\"application\/ld+json\" class=\"yoast-schema-graph\">{\"@context\":\"https:\/\/schema.org\",\"@graph\":[{\"@type\":\"WebPage\",\"@id\":\"https:\/\/d3w57dy8lxq74n.cloudfront.net\/de\/ueber-uns\/\",\"url\":\"https:\/\/d3w57dy8lxq74n.cloudfront.net\/de\/ueber-uns\/\",\"name\":\"\u00dcber uns - Maddalena S.p.A.\",\"isPartOf\":{\"@id\":\"https:\/\/d3w57dy8lxq74n.cloudfront.net\/de\/#website\"},\"datePublished\":\"2022-04-21T13:12:34+00:00\",\"dateModified\":\"2023-02-03T13:34:51+00:00\",\"description\":\"Maddalena S.p.A. ist ein international erfolgreiches Unternehmen im Bereich von Wasser- und W\u00e4rmez\u00e4hlern.\",\"breadcrumb\":{\"@id\":\"https:\/\/d3w57dy8lxq74n.cloudfront.net\/de\/ueber-uns\/#breadcrumb\"},\"inLanguage\":\"de-DE\",\"potentialAction\":[{\"@type\":\"ReadAction\",\"target\":[\"https:\/\/d3w57dy8lxq74n.cloudfront.net\/de\/ueber-uns\/\"]}]},{\"@type\":\"BreadcrumbList\",\"@id\":\"https:\/\/d3w57dy8lxq74n.cloudfront.net\/de\/ueber-uns\/#breadcrumb\",\"itemListElement\":[{\"@type\":\"ListItem\",\"position\":1,\"name\":\"Home\",\"item\":\"https:\/\/d3w57dy8lxq74n.cloudfront.net\/de\/\"},{\"@type\":\"ListItem\",\"position\":2,\"name\":\"\u00dcber uns\"}]},{\"@type\":\"WebSite\",\"@id\":\"https:\/\/d3w57dy8lxq74n.cloudfront.net\/de\/#website\",\"url\":\"https:\/\/d3w57dy8lxq74n.cloudfront.net\/de\/\",\"name\":\"Maddalena S.p.A.\",\"description\":\"Metering Expertise\",\"potentialAction\":[{\"@type\":\"SearchAction\",\"target\":{\"@type\":\"EntryPoint\",\"urlTemplate\":\"https:\/\/d3w57dy8lxq74n.cloudfront.net\/de\/?s={search_term_string}\"},\"query-input\":\"required name=search_term_string\"}],\"inLanguage\":\"de-DE\"}]}<\/script>\n<!-- \/ Yoast SEO plugin. -->","yoast_head_json":{"title":"\u00dcber uns - Maddalena S.p.A.","description":"Maddalena S.p.A. ist ein international erfolgreiches Unternehmen im Bereich von Wasser- und W\u00e4rmez\u00e4hlern.","robots":{"index":"noindex","follow":"follow","max-snippet":"max-snippet:-1","max-image-preview":"max-image-preview:large","max-video-preview":"max-video-preview:-1"},"og_locale":"de_DE","og_type":"article","og_title":"\u00dcber uns - Maddalena S.p.A.","og_description":"Maddalena S.p.A. ist ein international erfolgreiches Unternehmen im Bereich von Wasser- und W\u00e4rmez\u00e4hlern.","og_url":"https:\/\/d3w57dy8lxq74n.cloudfront.net\/de\/ueber-uns\/","og_site_name":"Maddalena S.p.A.","article_modified_time":"2023-02-03T13:34:51+00:00","twitter_card":"summary_large_image","twitter_misc":{"Est. reading time":"1 minute"},"schema":{"@context":"https:\/\/schema.org","@graph":[{"@type":"WebPage","@id":"https:\/\/d3w57dy8lxq74n.cloudfront.net\/de\/ueber-uns\/","url":"https:\/\/d3w57dy8lxq74n.cloudfront.net\/de\/ueber-uns\/","name":"\u00dcber uns - Maddalena S.p.A.","isPartOf":{"@id":"https:\/\/d3w57dy8lxq74n.cloudfront.net\/de\/#website"},"datePublished":"2022-04-21T13:12:34+00:00","dateModified":"2023-02-03T13:34:51+00:00","description":"Maddalena S.p.A. ist ein international erfolgreiches Unternehmen im Bereich von Wasser- und W\u00e4rmez\u00e4hlern.","breadcrumb":{"@id":"https:\/\/d3w57dy8lxq74n.cloudfront.net\/de\/ueber-uns\/#breadcrumb"},"inLanguage":"de-DE","potentialAction":[{"@type":"ReadAction","target":["https:\/\/d3w57dy8lxq74n.cloudfront.net\/de\/ueber-uns\/"]}]},{"@type":"BreadcrumbList","@id":"https:\/\/d3w57dy8lxq74n.cloudfront.net\/de\/ueber-uns\/#breadcrumb","itemListElement":[{"@type":"ListItem","position":1,"name":"Home","item":"https:\/\/d3w57dy8lxq74n.cloudfront.net\/de\/"},{"@type":"ListItem","position":2,"name":"\u00dcber uns"}]},{"@type":"WebSite","@id":"https:\/\/d3w57dy8lxq74n.cloudfront.net\/de\/#website","url":"https:\/\/d3w57dy8lxq74n.cloudfront.net\/de\/","name":"Maddalena S.p.A.","description":"Metering Expertise","potentialAction":[{"@type":"SearchAction","target":{"@type":"EntryPoint","urlTemplate":"https:\/\/d3w57dy8lxq74n.cloudfront.net\/de\/?s={search_term_string}"},"query-input":"required name=search_term_string"}],"inLanguage":"de-DE"}]}},"_links":{"self":[{"href":"https:\/\/d3w57dy8lxq74n.cloudfront.net\/de\/wp-json\/wp\/v2\/pages\/17928"}],"collection":[{"href":"https:\/\/d3w57dy8lxq74n.cloudfront.net\/de\/wp-json\/wp\/v2\/pages"}],"about":[{"href":"https:\/\/d3w57dy8lxq74n.cloudfront.net\/de\/wp-json\/wp\/v2\/types\/page"}],"author":[{"embeddable":true,"href":"https:\/\/d3w57dy8lxq74n.cloudfront.net\/de\/wp-json\/wp\/v2\/users\/1"}],"replies":[{"embeddable":true,"href":"https:\/\/d3w57dy8lxq74n.cloudfront.net\/de\/wp-json\/wp\/v2\/comments?post=17928"}],"version-history":[{"count":5,"href":"https:\/\/d3w57dy8lxq74n.cloudfront.net\/de\/wp-json\/wp\/v2\/pages\/17928\/revisions"}],"predecessor-version":[{"id":22903,"href":"https:\/\/d3w57dy8lxq74n.cloudfront.net\/de\/wp-json\/wp\/v2\/pages\/17928\/revisions\/22903"}],"wp:attachment":[{"href":"https:\/\/d3w57dy8lxq74n.cloudfront.net\/de\/wp-json\/wp\/v2\/media?parent=17928"}],"curies":[{"name":"wp","href":"https:\/\/api.w.org\/{rel}","templated":true}]}}