{"id":16287,"date":"2022-06-23T11:06:05","date_gmt":"2022-06-23T09:06:05","guid":{"rendered":"http:\/\/d3w57dy8lxq74n.cloudfront.net\/tradition-smart\/"},"modified":"2023-01-23T17:25:47","modified_gmt":"2023-01-23T16:25:47","slug":"tradition-smart","status":"publish","type":"page","link":"https:\/\/d3w57dy8lxq74n.cloudfront.net\/de\/tradition-smart\/","title":{"rendered":"Tradition Smart"},"content":{"rendered":"\n<p><strong>Smart Tradition ist der Ausdruck f\u00fcr unser Konzept, die Verbindung von Zuverl\u00e4ssigkeit und Pr\u00e4zision<\/strong>, die seit 1919 unser Unternehmen auszeichnen, mit einem innovativen Gesch\u00e4ftsmodell. Maddalena S.p.A. ist in hohem Ma\u00dfe kundenorientiert und investiert erhebliche Mittel in <strong>Forschung und Entwicklung, in Digitalisierung und Nachhaltigkeit.<\/strong><\/p>\n","protected":false},"excerpt":{"rendered":"<p>Smart Tradition ist der Ausdruck f\u00fcr unser Konzept, die Verbindung von Zuverl\u00e4ssigkeit und Pr\u00e4zision, die seit 1919 unser Unternehmen auszeichnen, mit einem innovativen Gesch\u00e4ftsmodell. Maddalena S.p.A. ist in hohem Ma\u00dfe kundenorientiert und investiert erhebliche Mittel in Forschung und Entwicklung, in Digitalisierung und Nachhaltigkeit.<\/p>\n","protected":false},"author":2,"featured_media":0,"parent":0,"menu_order":20,"comment_status":"closed","ping_status":"closed","template":"","meta":{"_lmt_disableupdate":"","_lmt_disable":""},"acf":[],"yoast_head":"<!-- This site is optimized with the Yoast SEO plugin v20.7 - https:\/\/yoast.com\/wordpress\/plugins\/seo\/ -->\n<title>Tradition Smart - Maddalena S.p.A.<\/title>\n<meta name=\"description\" content=\"Seit 1919 zeichnet sich Maddalena S.p.A. durch Aufmerksamkeit f\u00fcr Innovation, Zuverl\u00e4ssigkeit und Pr\u00e4zision aus. Smart Tradition ist unser Motto.\" \/>\n<meta name=\"robots\" content=\"noindex, follow, max-snippet:-1, max-image-preview:large, max-video-preview:-1\" \/>\n<meta property=\"og:locale\" content=\"de_DE\" \/>\n<meta property=\"og:type\" content=\"article\" \/>\n<meta property=\"og:title\" content=\"Tradition Smart - Maddalena S.p.A.\" \/>\n<meta property=\"og:description\" content=\"Seit 1919 zeichnet sich Maddalena S.p.A. durch Aufmerksamkeit f\u00fcr Innovation, Zuverl\u00e4ssigkeit und Pr\u00e4zision aus. Smart Tradition ist unser Motto.\" \/>\n<meta property=\"og:url\" content=\"https:\/\/d3w57dy8lxq74n.cloudfront.net\/de\/tradition-smart\/\" \/>\n<meta property=\"og:site_name\" content=\"Maddalena S.p.A.\" \/>\n<meta property=\"article:modified_time\" content=\"2023-01-23T16:25:47+00:00\" \/>\n<meta name=\"twitter:card\" content=\"summary_large_image\" \/>\n<meta name=\"twitter:label1\" content=\"Est. reading time\" \/>\n\t<meta name=\"twitter:data1\" content=\"1 minute\" \/>\n<script type=\"application\/ld+json\" class=\"yoast-schema-graph\">{\"@context\":\"https:\/\/schema.org\",\"@graph\":[{\"@type\":\"WebPage\",\"@id\":\"https:\/\/d3w57dy8lxq74n.cloudfront.net\/de\/tradition-smart\/\",\"url\":\"https:\/\/d3w57dy8lxq74n.cloudfront.net\/de\/tradition-smart\/\",\"name\":\"Tradition Smart - Maddalena S.p.A.\",\"isPartOf\":{\"@id\":\"https:\/\/d3w57dy8lxq74n.cloudfront.net\/de\/#website\"},\"datePublished\":\"2022-06-23T09:06:05+00:00\",\"dateModified\":\"2023-01-23T16:25:47+00:00\",\"description\":\"Seit 1919 zeichnet sich Maddalena S.p.A. durch Aufmerksamkeit f\u00fcr Innovation, Zuverl\u00e4ssigkeit und Pr\u00e4zision aus. Smart Tradition ist unser Motto.\",\"breadcrumb\":{\"@id\":\"https:\/\/d3w57dy8lxq74n.cloudfront.net\/de\/tradition-smart\/#breadcrumb\"},\"inLanguage\":\"de-DE\",\"potentialAction\":[{\"@type\":\"ReadAction\",\"target\":[\"https:\/\/d3w57dy8lxq74n.cloudfront.net\/de\/tradition-smart\/\"]}]},{\"@type\":\"BreadcrumbList\",\"@id\":\"https:\/\/d3w57dy8lxq74n.cloudfront.net\/de\/tradition-smart\/#breadcrumb\",\"itemListElement\":[{\"@type\":\"ListItem\",\"position\":1,\"name\":\"Home\",\"item\":\"https:\/\/d3w57dy8lxq74n.cloudfront.net\/de\/\"},{\"@type\":\"ListItem\",\"position\":2,\"name\":\"Tradition Smart\"}]},{\"@type\":\"WebSite\",\"@id\":\"https:\/\/d3w57dy8lxq74n.cloudfront.net\/de\/#website\",\"url\":\"https:\/\/d3w57dy8lxq74n.cloudfront.net\/de\/\",\"name\":\"Maddalena S.p.A.\",\"description\":\"Metering Expertise\",\"potentialAction\":[{\"@type\":\"SearchAction\",\"target\":{\"@type\":\"EntryPoint\",\"urlTemplate\":\"https:\/\/d3w57dy8lxq74n.cloudfront.net\/de\/?s={search_term_string}\"},\"query-input\":\"required name=search_term_string\"}],\"inLanguage\":\"de-DE\"}]}<\/script>\n<!-- \/ Yoast SEO plugin. -->","yoast_head_json":{"title":"Tradition Smart - Maddalena S.p.A.","description":"Seit 1919 zeichnet sich Maddalena S.p.A. durch Aufmerksamkeit f\u00fcr Innovation, Zuverl\u00e4ssigkeit und Pr\u00e4zision aus. Smart Tradition ist unser Motto.","robots":{"index":"noindex","follow":"follow","max-snippet":"max-snippet:-1","max-image-preview":"max-image-preview:large","max-video-preview":"max-video-preview:-1"},"og_locale":"de_DE","og_type":"article","og_title":"Tradition Smart - Maddalena S.p.A.","og_description":"Seit 1919 zeichnet sich Maddalena S.p.A. durch Aufmerksamkeit f\u00fcr Innovation, Zuverl\u00e4ssigkeit und Pr\u00e4zision aus. Smart Tradition ist unser Motto.","og_url":"https:\/\/d3w57dy8lxq74n.cloudfront.net\/de\/tradition-smart\/","og_site_name":"Maddalena S.p.A.","article_modified_time":"2023-01-23T16:25:47+00:00","twitter_card":"summary_large_image","twitter_misc":{"Est. reading time":"1 minute"},"schema":{"@context":"https:\/\/schema.org","@graph":[{"@type":"WebPage","@id":"https:\/\/d3w57dy8lxq74n.cloudfront.net\/de\/tradition-smart\/","url":"https:\/\/d3w57dy8lxq74n.cloudfront.net\/de\/tradition-smart\/","name":"Tradition Smart - Maddalena S.p.A.","isPartOf":{"@id":"https:\/\/d3w57dy8lxq74n.cloudfront.net\/de\/#website"},"datePublished":"2022-06-23T09:06:05+00:00","dateModified":"2023-01-23T16:25:47+00:00","description":"Seit 1919 zeichnet sich Maddalena S.p.A. durch Aufmerksamkeit f\u00fcr Innovation, Zuverl\u00e4ssigkeit und Pr\u00e4zision aus. Smart Tradition ist unser Motto.","breadcrumb":{"@id":"https:\/\/d3w57dy8lxq74n.cloudfront.net\/de\/tradition-smart\/#breadcrumb"},"inLanguage":"de-DE","potentialAction":[{"@type":"ReadAction","target":["https:\/\/d3w57dy8lxq74n.cloudfront.net\/de\/tradition-smart\/"]}]},{"@type":"BreadcrumbList","@id":"https:\/\/d3w57dy8lxq74n.cloudfront.net\/de\/tradition-smart\/#breadcrumb","itemListElement":[{"@type":"ListItem","position":1,"name":"Home","item":"https:\/\/d3w57dy8lxq74n.cloudfront.net\/de\/"},{"@type":"ListItem","position":2,"name":"Tradition Smart"}]},{"@type":"WebSite","@id":"https:\/\/d3w57dy8lxq74n.cloudfront.net\/de\/#website","url":"https:\/\/d3w57dy8lxq74n.cloudfront.net\/de\/","name":"Maddalena S.p.A.","description":"Metering Expertise","potentialAction":[{"@type":"SearchAction","target":{"@type":"EntryPoint","urlTemplate":"https:\/\/d3w57dy8lxq74n.cloudfront.net\/de\/?s={search_term_string}"},"query-input":"required name=search_term_string"}],"inLanguage":"de-DE"}]}},"_links":{"self":[{"href":"https:\/\/d3w57dy8lxq74n.cloudfront.net\/de\/wp-json\/wp\/v2\/pages\/16287"}],"collection":[{"href":"https:\/\/d3w57dy8lxq74n.cloudfront.net\/de\/wp-json\/wp\/v2\/pages"}],"about":[{"href":"https:\/\/d3w57dy8lxq74n.cloudfront.net\/de\/wp-json\/wp\/v2\/types\/page"}],"author":[{"embeddable":true,"href":"https:\/\/d3w57dy8lxq74n.cloudfront.net\/de\/wp-json\/wp\/v2\/users\/2"}],"replies":[{"embeddable":true,"href":"https:\/\/d3w57dy8lxq74n.cloudfront.net\/de\/wp-json\/wp\/v2\/comments?post=16287"}],"version-history":[{"count":5,"href":"https:\/\/d3w57dy8lxq74n.cloudfront.net\/de\/wp-json\/wp\/v2\/pages\/16287\/revisions"}],"predecessor-version":[{"id":22339,"href":"https:\/\/d3w57dy8lxq74n.cloudfront.net\/de\/wp-json\/wp\/v2\/pages\/16287\/revisions\/22339"}],"wp:attachment":[{"href":"https:\/\/d3w57dy8lxq74n.cloudfront.net\/de\/wp-json\/wp\/v2\/media?parent=16287"}],"curies":[{"name":"wp","href":"https:\/\/api.w.org\/{rel}","templated":true}]}}