{"id":13534,"date":"2022-04-21T15:17:09","date_gmt":"2022-04-21T13:17:09","guid":{"rendered":"http:\/\/d3w57dy8lxq74n.cloudfront.net\/termini-e-condizioni-my-maddalena\/"},"modified":"2022-09-22T11:31:59","modified_gmt":"2022-09-22T09:31:59","slug":"termini-e-condizioni-my-maddalena","status":"publish","type":"page","link":"https:\/\/d3w57dy8lxq74n.cloudfront.net\/de\/termini-e-condizioni-my-maddalena\/","title":{"rendered":"Nutzungsbedingungen My Maddalena"},"content":{"rendered":"\n<p><\/p>\n\n<h2 class=\"has-text-align-center wp-block-heading\"><strong>NUTZUNGSBEDINGUNGEN DER WEBSITE<\/strong><\/h2>\n\n<p><\/p>\n\n<p>Wir begr\u00fc\u00dfen Sie auf der Website <a href=\"http:\/\/d3w57dy8lxq74n.cloudfront.net\">www.maddalena.it<\/a> (\u201eWebsite\u201c) von Maddalena S.p.A. mit Sitz in der Via G.B. Maddalena 2\/4 \u2013 33040 Povoletto (UD), St-Nr. 80008170302, MwSt.-Nr. IT00617140306 und REA-Nr. UD \u2013 128629. Die vorliegenden Bedingungen regeln Ihren Zugang zu und Ihre Nutzung der Website. Die Navigation auf der Website setzt die Kenntnis und die Annahme der vorliegenden Bedingungen sowie bei Zugang zu reservierten Bereichen der entsprechenden Bedingungen voraus.<\/p>\n\n<p>Alle Inhalte der Website (z. B. Bilder, Texte, Musik und T\u00f6ne, Zeichnungen und grafische Darstellungen, Layout) sind Eigentum von Maddalena S.p.A. und durch die geistigen Eigentumsrechte von Maddalena S.p.A. gesch\u00fctzt; ihre \u2013 auch teilweise oder vor\u00fcbergehende \u2013 Vervielf\u00e4ltigung ist in jeder Form und mit jedem Mittel verboten.<\/p>\n\n<p>Alle Kennzeichnungsmerkmale der auf der Website dargestellten oder beschriebenen Produkte sind eingetragen und ausschlie\u00dfliches Eigentum von Maddalena S.p.A.<\/p>\n\n<p>Bilder und Beschreibungen auf der Website dienen lediglich zur Darstellung und sind nicht verbindlich, auch nicht unter Ber\u00fccksichtigung etwaiger \u00c4nderungen, die die Produkte betreffen k\u00f6nnen. Es gelten ausschlie\u00dflich die zum Zeitpunkt des Kaufs angegebenen Darstellungen und Beschreibungen der Produkte.<\/p>\n\n<p>Die vorliegenden Nutzungsbedingungen unterliegen dem italienischen Recht.<\/p>\n\n<p><\/p>\n\n<p><\/p>\n\n<h2 class=\"has-text-align-center wp-block-heading\"><strong>BEDINGUNGEN<\/strong><\/h2>\n\n<p class=\"has-text-align-center\"><em>f\u00fcr die Nutzung der Plattform My Maddalena<\/em><\/p>\n\n<p><\/p>\n\n<p>Maddalena S.p.A. stellt \u00fcber den Zugang zum reservierten Bereich der Plattform My Maddalena eine Reihe von Diensten und Tools bereit, die die Installation, Nutzung und Wartung seiner Produkte erleichtern. Die Anforderung der Zugangsdaten und in jedem Fall der Zugang zum reservierten Bereich setzt die Annahme der vorliegenden Bestimmungen voraus.<\/p>\n\n<p><strong>ZUGANGSDATEN<\/strong><\/p>\n\n<p>1.1\u00a0 \u00a0 \u00a0Die Zugangsdaten werden \u00fcber die Funktion auf der Seite My Maddalena der Website <a href=\"http:\/\/d3w57dy8lxq74n.cloudfront.net\">maddalena.it<\/a> angefordert.<\/p>\n\n<p>1.2\u00a0\u00a0\u00a0\u00a0\u00a0\u00a0 1.2.\tMaddalena S.p.A. beh\u00e4lt sich vor, die Berechtigung zum Zugang zu gew\u00e4hren oder nicht zu gew\u00e4hren und je nach Art des Nutzers nur einen Teil<\/p>\n\n<p>der auf der Plattform bereitgestellten Dienste zu aktivieren. <\/p>\n\n<p>1.3\u00a0\u00a0\u00a0\u00a0\u00a0\u00a0 Die Zugangsdaten sind pers\u00f6nlich und d\u00fcrfen nicht geteilt oder an Dritte weitergegeben werden; wenn der Nutzer ein Unternehmen\/eine Firma ist, m\u00fcssen f\u00fcr jeden Mitarbeiter, der auf die Plattform zugreift, einzelne Zugangsdaten angefordert werden, wobei die Zugangsdaten f\u00fcr den jeweiligen Mitarbeiter pers\u00f6nlich sind. Die Nutzung der Plattform setzt in jedem Fall die Annahme der vorliegenden Bedingungen nicht nur durch das Unternehmen\/die Firma, sondern auch durch die nat\u00fcrliche Person, der die Zugangsdaten zugewiesen sind und die den Zugang materiell durchf\u00fchrt, voraus.<\/p>\n\n<p>1.4\u00a0\u00a0\u00a0\u00a0\u00a0\u00a0 Die Zugangsdaten werden deaktiviert, wenn sie 24 Monate lang nicht genutzt werden.<\/p>\n\n<p>1.5\u00a0\u00a0\u00a0\u00a0\u00a0\u00a0 Die Zugangsdaten k\u00f6nnen vom Nutzer \u00fcber die entsprechende Funktion auf der Plattform deaktiviert werden.<\/p>\n\n<p><strong>ART DER ANGEBOTENEN DIENSTE<\/strong><\/p>\n\n<p>2.1\u00a0\u00a0\u00a0\u00a0\u00a0\u00a0 Die Ressourcen auf der Plattform werden von Maddalena S.p.A. zur Unterst\u00fctzung ihrer Kunden zur Verf\u00fcgung gestellt und f\u00fchren nicht zur \u00dcbernahme von Verpflichtungen durch Maddalena S.p.A. Die jeweiligen Verpflichtungen der Parteien sind die im Produktkaufvertrag mit dem Kunden festgelegten. Die Dienste und der Support, auch \u00fcber den Kundendienst, ersetzen weder die mit den Produkten gelieferte technische Dokumentation, auf die der Kunde in jedem Fall Bezug nehmen muss, noch f\u00fchren sie zur Entstehung von Verpflichtungen f\u00fcr Dienste oder Leistungen, die nicht in den Verkaufsbedingungen genannt sind.<\/p>\n\n<p>2.2\u00a0\u00a0\u00a0\u00a0\u00a0\u00a0 Es entstehen f\u00fcr Maddalena S.p.A. keine Verpflichtungen auch im Falle der Nutzung der Dienste durch andere Personen als die Kunden der Produkte von Maddalena S.p.A. (z. B. Installateure, Bauunternehmer, Anbieter von Wasser- oder Energiedienstleistungen), sofern diese Dritten die Dienste (einschlie\u00dflich Software, auch \u00fcber den App-Store heruntergeladener, sowie technischer Handb\u00fccher und anderer Produktaktivierungs-Tools) im Namen und zum Nutzen der Kunden von Maddalena S.p.A. im Rahmen der Beziehung zwischen Maddalena S.p.A. und ihnen nutzen.<\/p>\n\n<p>2.3\u00a0\u00a0\u00a0\u00a0\u00a0\u00a0 Die Angaben zur Verwendung der Produkte und zu den jeweiligen Grenzwerten und Kapazit\u00e4ten, die bei der Lieferung der jeweiligen Hardware gemacht wurden, bleiben ebenfalls g\u00fcltig und verbindlich. Die durch die Dienste von My Maddalena erhaltenen Informationen und\/oder vorgenommenen Ablesungen sind in jedem Fall im Lichte derselben zu interpretieren.<\/p>\n\n<p>2.4\u00a0\u00a0\u00a0\u00a0\u00a0\u00a0 Maddalena S.p.A. kann jederzeit \u00c4nderungen an den bereitgestellten Diensten (einschlie\u00dflich Software, Handb\u00fccher und anderer Tools) vornehmen. Der Nutzer der Plattform verpflichtet sich, auf Aktualisierungen zu pr\u00fcfen und stets die neueste Version der durch My Maddalena bereitgestellten Dienste zu nutzen.<\/p>\n\n<p><mark class=\"has-inline-color has-vivid-red-color\" style=\"background-color: rgba(0, 0, 0, 0);\"><strong>GEISTIGES EIGENTUM<\/strong><\/mark><\/p>\n\n<p>3.1\u00a0\u00a0\u00a0\u00a0\u00a0\u00a0 Das einsehbare Material wird von Maddalena S.p.A. ausschlie\u00dflich in dem Umfang zur Verf\u00fcgung gestellt, der f\u00fcr die Durchf\u00fchrung der T\u00e4tigkeiten an den Produkten, f\u00fcr die die Dienste aktiviert sind, erforderlich ist.<\/p>\n\n<p>3.2\u00a0\u00a0\u00a0\u00a0\u00a0\u00a0 Dem Nutzer ist es nicht gestattet, das besagte Material zu extrahieren, Kopien davon aufzubewahren oder anderweitig f\u00fcr andere Zwecke als die T\u00e4tigkeiten an den jeweiligen Produkteinheiten, f\u00fcr die der Dienst bereitgestellt wird, zu verwenden.<\/p>\n\n<p>3.3\u00a0\u00a0\u00a0\u00a0\u00a0\u00a0 Die Verbreitung oder Weitergabe des Materials an Dritte ist in jedem Fall verboten.<\/p>\n","protected":false},"excerpt":{"rendered":"<p>NUTZUNGSBEDINGUNGEN DER WEBSITE Wir begr\u00fc\u00dfen Sie auf der Website www.maddalena.it (\u201eWebsite\u201c) von Maddalena S.p.A. mit Sitz in der Via G.B. Maddalena 2\/4 \u2013 33040 Povoletto (UD), St-Nr. 80008170302, MwSt.-Nr. IT00617140306 und REA-Nr. UD \u2013 128629. Die vorliegenden Bedingungen regeln Ihren Zugang zu und Ihre Nutzung der Website. Die Navigation auf der Website setzt die Kenntnis [&hellip;]<\/p>\n","protected":false},"author":1,"featured_media":0,"parent":0,"menu_order":102,"comment_status":"closed","ping_status":"closed","template":"","meta":{"_lmt_disableupdate":"","_lmt_disable":""},"acf":[],"yoast_head":"<!-- This site is optimized with the Yoast SEO plugin v20.7 - https:\/\/yoast.com\/wordpress\/plugins\/seo\/ -->\n<title>Nutzungsbedingungen My Maddalena - Maddalena S.p.A.<\/title>\n<meta name=\"robots\" content=\"noindex, follow, max-snippet:-1, max-image-preview:large, max-video-preview:-1\" \/>\n<meta property=\"og:locale\" content=\"de_DE\" \/>\n<meta property=\"og:type\" content=\"article\" \/>\n<meta property=\"og:title\" content=\"Nutzungsbedingungen My Maddalena - Maddalena S.p.A.\" \/>\n<meta property=\"og:description\" content=\"NUTZUNGSBEDINGUNGEN DER WEBSITE Wir begr\u00fc\u00dfen Sie auf der Website www.maddalena.it (\u201eWebsite\u201c) von Maddalena S.p.A. mit Sitz in der Via G.B. Maddalena 2\/4 \u2013 33040 Povoletto (UD), St-Nr. 80008170302, MwSt.-Nr. IT00617140306 und REA-Nr. UD \u2013 128629. Die vorliegenden Bedingungen regeln Ihren Zugang zu und Ihre Nutzung der Website. Die Navigation auf der Website setzt die Kenntnis [&hellip;]\" \/>\n<meta property=\"og:url\" content=\"https:\/\/d3w57dy8lxq74n.cloudfront.net\/de\/termini-e-condizioni-my-maddalena\/\" \/>\n<meta property=\"og:site_name\" content=\"Maddalena S.p.A.\" \/>\n<meta property=\"article:modified_time\" content=\"2022-09-22T09:31:59+00:00\" \/>\n<meta name=\"twitter:card\" content=\"summary_large_image\" \/>\n<meta name=\"twitter:label1\" content=\"Est. reading time\" \/>\n\t<meta name=\"twitter:data1\" content=\"4 minutes\" \/>\n<script type=\"application\/ld+json\" class=\"yoast-schema-graph\">{\"@context\":\"https:\/\/schema.org\",\"@graph\":[{\"@type\":\"WebPage\",\"@id\":\"https:\/\/d3w57dy8lxq74n.cloudfront.net\/de\/termini-e-condizioni-my-maddalena\/\",\"url\":\"https:\/\/d3w57dy8lxq74n.cloudfront.net\/de\/termini-e-condizioni-my-maddalena\/\",\"name\":\"Nutzungsbedingungen My Maddalena - Maddalena S.p.A.\",\"isPartOf\":{\"@id\":\"https:\/\/d3w57dy8lxq74n.cloudfront.net\/de\/#website\"},\"datePublished\":\"2022-04-21T13:17:09+00:00\",\"dateModified\":\"2022-09-22T09:31:59+00:00\",\"breadcrumb\":{\"@id\":\"https:\/\/d3w57dy8lxq74n.cloudfront.net\/de\/termini-e-condizioni-my-maddalena\/#breadcrumb\"},\"inLanguage\":\"de-DE\",\"potentialAction\":[{\"@type\":\"ReadAction\",\"target\":[\"https:\/\/d3w57dy8lxq74n.cloudfront.net\/de\/termini-e-condizioni-my-maddalena\/\"]}]},{\"@type\":\"BreadcrumbList\",\"@id\":\"https:\/\/d3w57dy8lxq74n.cloudfront.net\/de\/termini-e-condizioni-my-maddalena\/#breadcrumb\",\"itemListElement\":[{\"@type\":\"ListItem\",\"position\":1,\"name\":\"Home\",\"item\":\"https:\/\/d3w57dy8lxq74n.cloudfront.net\/de\/\"},{\"@type\":\"ListItem\",\"position\":2,\"name\":\"Nutzungsbedingungen My Maddalena\"}]},{\"@type\":\"WebSite\",\"@id\":\"https:\/\/d3w57dy8lxq74n.cloudfront.net\/de\/#website\",\"url\":\"https:\/\/d3w57dy8lxq74n.cloudfront.net\/de\/\",\"name\":\"Maddalena S.p.A.\",\"description\":\"Metering Expertise\",\"potentialAction\":[{\"@type\":\"SearchAction\",\"target\":{\"@type\":\"EntryPoint\",\"urlTemplate\":\"https:\/\/d3w57dy8lxq74n.cloudfront.net\/de\/?s={search_term_string}\"},\"query-input\":\"required name=search_term_string\"}],\"inLanguage\":\"de-DE\"}]}<\/script>\n<!-- \/ Yoast SEO plugin. -->","yoast_head_json":{"title":"Nutzungsbedingungen My Maddalena - Maddalena S.p.A.","robots":{"index":"noindex","follow":"follow","max-snippet":"max-snippet:-1","max-image-preview":"max-image-preview:large","max-video-preview":"max-video-preview:-1"},"og_locale":"de_DE","og_type":"article","og_title":"Nutzungsbedingungen My Maddalena - Maddalena S.p.A.","og_description":"NUTZUNGSBEDINGUNGEN DER WEBSITE Wir begr\u00fc\u00dfen Sie auf der Website www.maddalena.it (\u201eWebsite\u201c) von Maddalena S.p.A. mit Sitz in der Via G.B. Maddalena 2\/4 \u2013 33040 Povoletto (UD), St-Nr. 80008170302, MwSt.-Nr. IT00617140306 und REA-Nr. UD \u2013 128629. Die vorliegenden Bedingungen regeln Ihren Zugang zu und Ihre Nutzung der Website. Die Navigation auf der Website setzt die Kenntnis [&hellip;]","og_url":"https:\/\/d3w57dy8lxq74n.cloudfront.net\/de\/termini-e-condizioni-my-maddalena\/","og_site_name":"Maddalena S.p.A.","article_modified_time":"2022-09-22T09:31:59+00:00","twitter_card":"summary_large_image","twitter_misc":{"Est. reading time":"4 minutes"},"schema":{"@context":"https:\/\/schema.org","@graph":[{"@type":"WebPage","@id":"https:\/\/d3w57dy8lxq74n.cloudfront.net\/de\/termini-e-condizioni-my-maddalena\/","url":"https:\/\/d3w57dy8lxq74n.cloudfront.net\/de\/termini-e-condizioni-my-maddalena\/","name":"Nutzungsbedingungen My Maddalena - Maddalena S.p.A.","isPartOf":{"@id":"https:\/\/d3w57dy8lxq74n.cloudfront.net\/de\/#website"},"datePublished":"2022-04-21T13:17:09+00:00","dateModified":"2022-09-22T09:31:59+00:00","breadcrumb":{"@id":"https:\/\/d3w57dy8lxq74n.cloudfront.net\/de\/termini-e-condizioni-my-maddalena\/#breadcrumb"},"inLanguage":"de-DE","potentialAction":[{"@type":"ReadAction","target":["https:\/\/d3w57dy8lxq74n.cloudfront.net\/de\/termini-e-condizioni-my-maddalena\/"]}]},{"@type":"BreadcrumbList","@id":"https:\/\/d3w57dy8lxq74n.cloudfront.net\/de\/termini-e-condizioni-my-maddalena\/#breadcrumb","itemListElement":[{"@type":"ListItem","position":1,"name":"Home","item":"https:\/\/d3w57dy8lxq74n.cloudfront.net\/de\/"},{"@type":"ListItem","position":2,"name":"Nutzungsbedingungen My Maddalena"}]},{"@type":"WebSite","@id":"https:\/\/d3w57dy8lxq74n.cloudfront.net\/de\/#website","url":"https:\/\/d3w57dy8lxq74n.cloudfront.net\/de\/","name":"Maddalena S.p.A.","description":"Metering Expertise","potentialAction":[{"@type":"SearchAction","target":{"@type":"EntryPoint","urlTemplate":"https:\/\/d3w57dy8lxq74n.cloudfront.net\/de\/?s={search_term_string}"},"query-input":"required name=search_term_string"}],"inLanguage":"de-DE"}]}},"_links":{"self":[{"href":"https:\/\/d3w57dy8lxq74n.cloudfront.net\/de\/wp-json\/wp\/v2\/pages\/13534"}],"collection":[{"href":"https:\/\/d3w57dy8lxq74n.cloudfront.net\/de\/wp-json\/wp\/v2\/pages"}],"about":[{"href":"https:\/\/d3w57dy8lxq74n.cloudfront.net\/de\/wp-json\/wp\/v2\/types\/page"}],"author":[{"embeddable":true,"href":"https:\/\/d3w57dy8lxq74n.cloudfront.net\/de\/wp-json\/wp\/v2\/users\/1"}],"replies":[{"embeddable":true,"href":"https:\/\/d3w57dy8lxq74n.cloudfront.net\/de\/wp-json\/wp\/v2\/comments?post=13534"}],"version-history":[{"count":3,"href":"https:\/\/d3w57dy8lxq74n.cloudfront.net\/de\/wp-json\/wp\/v2\/pages\/13534\/revisions"}],"predecessor-version":[{"id":17762,"href":"https:\/\/d3w57dy8lxq74n.cloudfront.net\/de\/wp-json\/wp\/v2\/pages\/13534\/revisions\/17762"}],"wp:attachment":[{"href":"https:\/\/d3w57dy8lxq74n.cloudfront.net\/de\/wp-json\/wp\/v2\/media?parent=13534"}],"curies":[{"name":"wp","href":"https:\/\/api.w.org\/{rel}","templated":true}]}}